{"id":303,"date":"2020-10-19T06:26:57","date_gmt":"2020-10-19T06:26:57","guid":{"rendered":"https:\/\/ibomberdefense.standardof.net\/?page_id=303"},"modified":"2020-10-19T08:06:36","modified_gmt":"2020-10-19T08:06:36","slug":"13-south-east-europe-counterattack","status":"publish","type":"page","link":"https:\/\/ibomberdefense.standardof.net\/vi\/guide\/chien-dich-dong-minh\/13-dong-nam-au-phan-cong\/","title":{"rendered":"13. \u0110\u00f4ng Nam \u00c2u: Ph\u1ea3n c\u00f4ng"},"content":{"rendered":"<div class=\"wp-block-image\"><figure class=\"aligncenter size-large\"><a href=\"https:\/\/ibomberdefense.standardof.net\/vi\/guide\/chien-dich-dong-minh\/13-dong-nam-au-phan-cong\/ibomber-defense-level-13-south-east-europe-counterattack-1\/\"><img decoding=\"async\" width=\"800\" height=\"450\" src=\"https:\/\/ibomberdefense.standardof.net\/wp-content\/uploads\/sites\/5\/2020\/10\/iBomber-Defense-Level-13-South-East-Europe-Counterattack-1-800x450.jpg\" alt=\"&quot;iBomber Defense&quot; - C\u1ea5p \u0111\u1ed9 13 - \u0110\u00f4ng Nam \u00c2u: Ph\u1ea3n c\u00f4ng (1)\" class=\"wp-image-67\" title=\"\" srcset=\"https:\/\/ibomberdefense.standardof.net\/wp-content\/uploads\/sites\/5\/2020\/10\/iBomber-Defense-Level-13-South-East-Europe-Counterattack-1-800x450.jpg 800w, https:\/\/ibomberdefense.standardof.net\/wp-content\/uploads\/sites\/5\/2020\/10\/iBomber-Defense-Level-13-South-East-Europe-Counterattack-1-512x288.jpg 512w, https:\/\/ibomberdefense.standardof.net\/wp-content\/uploads\/sites\/5\/2020\/10\/iBomber-Defense-Level-13-South-East-Europe-Counterattack-1-200x113.jpg 200w, https:\/\/ibomberdefense.standardof.net\/wp-content\/uploads\/sites\/5\/2020\/10\/iBomber-Defense-Level-13-South-East-Europe-Counterattack-1-768x432.jpg 768w, https:\/\/ibomberdefense.standardof.net\/wp-content\/uploads\/sites\/5\/2020\/10\/iBomber-Defense-Level-13-South-East-Europe-Counterattack-1-16x9.jpg 16w, https:\/\/ibomberdefense.standardof.net\/wp-content\/uploads\/sites\/5\/2020\/10\/iBomber-Defense-Level-13-South-East-Europe-Counterattack-1.jpg 1280w\" sizes=\"(max-width: 800px) 100vw, 800px\" \/><\/a><figcaption>C\u00e1c con \u0111\u01b0\u1eddng c\u1ee7a k\u1ebb th\u00f9 \u0111\u1ebfn \u1edf \u0110\u00f4ng Nam \u00c2u ph\u1ea3n c\u00f4ng c\u1ea5p \u0111\u1ed9 \u201ciBomber Defense\u201d. Hai \u0111\u01b0\u1eddng m\u00e0u xanh l\u00e0 m\u00e1y bay trong khi ph\u1ea7n c\u00f2n l\u1ea1i l\u00e0 c\u00e1c \u0111\u01a1n v\u1ecb m\u1eb7t \u0111\u1ea5t.<\/figcaption><\/figure><\/div>\n\n\n\n<p>Nhi\u1ec7m v\u1ee5 ti\u1ec1n th\u01b0\u1edfng ph\u1ea3n c\u00f4ng th\u1ee9 ba v\u00e0 c\u0169ng l\u00e0 nhi\u1ec7m v\u1ee5 cu\u1ed1i c\u00f9ng trong chi\u1ebfn d\u1ecbch \u0110\u1ed3ng minh th\u1ef1c s\u1ef1 nh\u1ea3y ng\u01b0\u1ee3c m\u1ed9t s\u1ed1 b\u1ea3n \u0111\u1ed3 l\u1ea7n \u0111\u1ea7u ti\u00ean l\u00ean c\u1ea5p \u0111\u1ed9 \u0111\u1ea7u ti\u00ean trong n\u1eeda sau c\u1ee7a chi\u1ebfn d\u1ecbch, \u0110\u00f4ng Nam \u00c2u. Nh\u01b0 v\u1edbi c\u00e1c m\u1ee9c ti\u1ec1n th\u01b0\u1edfng tr\u01b0\u1edbc, ch\u00fang t\u00f4i b\u1eaft \u0111\u1ea7u m\u1ee9c ph\u1ea3n c\u00f4ng n\u00e0y v\u1edbi b\u1ea5t k\u1ef3 tr\u1ee5 n\u00e0o c\u00f2n s\u00f3t l\u1ea1i t\u1eeb cu\u1ed1i \u0111\u1ee3t s\u00f3ng ban \u0111\u1ea7u.<\/p>\n\n\n\n<p>C\u1ea5p \u0111\u1ed9 ph\u1ea3n c\u00f4ng n\u00e0y c\u0169ng c\u00f3 nhi\u1ec1u \u0111\u1ee3t h\u01a1n \u0111\u1ec3 b\u1ea1n v\u01b0\u1ee3t qua, \u0111\u1ed1i m\u1eb7t v\u1edbi th\u00eam 30 \u0111\u1ee3t \u0111\u01a1n v\u1ecb m\u1eb7t \u0111\u1ea5t b\u1ecdc th\u00e9p c\u00f9ng v\u1edbi c\u00e1c \u0111\u01a1n v\u1ecb kh\u00f4ng qu\u00e2n xu\u1ea5t hi\u1ec7n \u1edf \u0111\u1ee3t 2. Con \u0111\u01b0\u1eddng m\u1edbi m\u1edf ra trong v\u00f2ng n\u00e0y s\u1ebd l\u00e0 con \u0111\u01b0\u1eddng ph\u1ee7 tuy\u1ebft \u1edf ph\u00eda t\u00e2y nam. M\u1eb7c d\u00f9 b\u1ea1n s\u1ebd kh\u00f4ng nh\u00ecn th\u1ea5y con \u0111\u01b0\u1eddng \u0111\u01b0\u1ee3c m\u1edf ra ban \u0111\u1ea7u, nh\u01b0ng c\u0169ng s\u1ebd c\u00f3 hai tuy\u1ebfn \u0111\u01b0\u1eddng cho m\u00e1y bay \u0111\u1ebfn l\u1ea7n \u0111\u1ea7u ti\u00ean trong c\u1ea5p \u0111\u1ed9 n\u00e0y.<\/p>\n\n\n\n<h3 class=\"wp-block-heading\"><strong>V\u1ecb tr\u00ed th\u00e1p ph\u00e1o<\/strong><\/h3>\n\n\n\n<figure class=\"wp-block-gallery columns-2 is-cropped wp-block-gallery-1 is-layout-flex wp-block-gallery-is-layout-flex\"><ul class=\"blocks-gallery-grid\"><li class=\"blocks-gallery-item\"><figure><a href=\"https:\/\/ibomberdefense.standardof.net\/vi\/guide\/chien-dich-dong-minh\/13-dong-nam-au-phan-cong\/ibomber-defense-level-13-south-east-europe-counterattack-2\/\"><img decoding=\"async\" width=\"800\" height=\"450\" src=\"https:\/\/ibomberdefense.standardof.net\/wp-content\/uploads\/sites\/5\/2020\/10\/iBomber-Defense-Level-13-South-East-Europe-Counterattack-2-800x450.jpg\" alt=\"&quot;iBomber Defense&quot; - C\u1ea5p \u0111\u1ed9 13 - \u0110\u00f4ng Nam \u00c2u: Ph\u1ea3n c\u00f4ng (2)\" data-id=\"68\" data-full-url=\"https:\/\/ibomberdefense.standardof.net\/wp-content\/uploads\/sites\/5\/2020\/10\/iBomber-Defense-Level-13-South-East-Europe-Counterattack-2.jpg\" data-link=\"https:\/\/ibomberdefense.standardof.net\/guide\/allied-campaign\/13-south-east-europe-counterattack\/ibomber-defense-level-13-south-east-europe-counterattack-2\/\" class=\"wp-image-68\" title=\"\" srcset=\"https:\/\/ibomberdefense.standardof.net\/wp-content\/uploads\/sites\/5\/2020\/10\/iBomber-Defense-Level-13-South-East-Europe-Counterattack-2-800x450.jpg 800w, https:\/\/ibomberdefense.standardof.net\/wp-content\/uploads\/sites\/5\/2020\/10\/iBomber-Defense-Level-13-South-East-Europe-Counterattack-2-512x288.jpg 512w, https:\/\/ibomberdefense.standardof.net\/wp-content\/uploads\/sites\/5\/2020\/10\/iBomber-Defense-Level-13-South-East-Europe-Counterattack-2-200x113.jpg 200w, https:\/\/ibomberdefense.standardof.net\/wp-content\/uploads\/sites\/5\/2020\/10\/iBomber-Defense-Level-13-South-East-Europe-Counterattack-2-768x432.jpg 768w, https:\/\/ibomberdefense.standardof.net\/wp-content\/uploads\/sites\/5\/2020\/10\/iBomber-Defense-Level-13-South-East-Europe-Counterattack-2-16x9.jpg 16w, https:\/\/ibomberdefense.standardof.net\/wp-content\/uploads\/sites\/5\/2020\/10\/iBomber-Defense-Level-13-South-East-Europe-Counterattack-2.jpg 1280w\" sizes=\"(max-width: 800px) 100vw, 800px\" \/><\/a><figcaption class=\"blocks-gallery-item__caption\">V\u1ecb tr\u00ed th\u00e1p ph\u00e1o s\u00f3ng 10.<\/figcaption><\/figure><\/li><li class=\"blocks-gallery-item\"><figure><a href=\"https:\/\/ibomberdefense.standardof.net\/vi\/guide\/chien-dich-dong-minh\/13-dong-nam-au-phan-cong\/ibomber-defense-level-13-south-east-europe-counterattack-3\/\"><img decoding=\"async\" width=\"800\" height=\"450\" src=\"https:\/\/ibomberdefense.standardof.net\/wp-content\/uploads\/sites\/5\/2020\/10\/iBomber-Defense-Level-13-South-East-Europe-Counterattack-3-800x450.jpg\" alt=\"&quot;iBomber Defense&quot; - C\u1ea5p \u0111\u1ed9 13 - \u0110\u00f4ng Nam \u00c2u: Ph\u1ea3n c\u00f4ng (3)\" data-id=\"69\" data-full-url=\"https:\/\/ibomberdefense.standardof.net\/wp-content\/uploads\/sites\/5\/2020\/10\/iBomber-Defense-Level-13-South-East-Europe-Counterattack-3.jpg\" data-link=\"https:\/\/ibomberdefense.standardof.net\/guide\/allied-campaign\/13-south-east-europe-counterattack\/ibomber-defense-level-13-south-east-europe-counterattack-3\/\" class=\"wp-image-69\" title=\"\" srcset=\"https:\/\/ibomberdefense.standardof.net\/wp-content\/uploads\/sites\/5\/2020\/10\/iBomber-Defense-Level-13-South-East-Europe-Counterattack-3-800x450.jpg 800w, https:\/\/ibomberdefense.standardof.net\/wp-content\/uploads\/sites\/5\/2020\/10\/iBomber-Defense-Level-13-South-East-Europe-Counterattack-3-512x288.jpg 512w, https:\/\/ibomberdefense.standardof.net\/wp-content\/uploads\/sites\/5\/2020\/10\/iBomber-Defense-Level-13-South-East-Europe-Counterattack-3-200x113.jpg 200w, https:\/\/ibomberdefense.standardof.net\/wp-content\/uploads\/sites\/5\/2020\/10\/iBomber-Defense-Level-13-South-East-Europe-Counterattack-3-768x432.jpg 768w, https:\/\/ibomberdefense.standardof.net\/wp-content\/uploads\/sites\/5\/2020\/10\/iBomber-Defense-Level-13-South-East-Europe-Counterattack-3-16x9.jpg 16w, https:\/\/ibomberdefense.standardof.net\/wp-content\/uploads\/sites\/5\/2020\/10\/iBomber-Defense-Level-13-South-East-Europe-Counterattack-3.jpg 1280w\" sizes=\"(max-width: 800px) 100vw, 800px\" \/><\/a><figcaption class=\"blocks-gallery-item__caption\">V\u1ecb tr\u00ed th\u00e1p ph\u00e1o c\u1ee7a Wave 20.<\/figcaption><\/figure><\/li><\/ul><\/figure>\n\n\n\n<p>Kh\u00e1 nhi\u1ec1u cho \u0111\u1ebfn s\u00f3ng 10, \u0111i\u1ec1u quan tr\u1ecdng l\u00e0 ph\u1ea3i th\u00eam m\u1ed9t s\u1ed1 Ph\u00f2ng kh\u00f4ng b\u1ed5 sung, t\u1ea1o ra ba th\u00e1p ph\u00e1o t\u1ed5ng th\u1ec3 trong khi ti\u1ebfp t\u1ee5c m\u1edf r\u1ed9ng v\u1ecb tr\u00ed th\u00e1p ph\u00e1o t\u1eeb n\u01a1i ch\u00fang t\u00f4i \u0111\u00e3 d\u1eebng l\u1ea1i trong l\u1ea7n ch\u1ea1y ban \u0111\u1ea7u c\u1ee7a nhi\u1ec7m v\u1ee5 n\u00e0y, t\u1eadp trung ch\u1ee7 y\u1ebfu v\u00e0o th\u00e1p ph\u00e1o n\u00e0y. kho\u1ea3ng th\u1eddi gian l\u00e0m vi\u1ec7c t\u1eeb gi\u1eefa b\u1ea3n \u0111\u1ed3 tr\u1edf v\u1ec1 ph\u00eda c\u0103n c\u1ee9. Ch\u1eafc ch\u1eafn c\u1ed1 g\u1eafng c\u00f3 m\u1ed9t th\u00e1p Comms v\u1edbi m\u1ed9t s\u1ed1 th\u00e1p ph\u00e1o g\u1ea7n con \u0111\u01b0\u1eddng m\u1edbi m\u1edf.<\/p>\n\n\n\n<p>Khi \u0111\u1ea1t \u0111\u1ebfn s\u00f3ng 20, \u0111\u00e1ng l\u1ebd t\u1eeb l\u00e2u, b\u1ea1n \u0111\u00e3 ki\u1ebfm \u0111\u01b0\u1ee3c 50$ ti\u1ec1n l\u00e3i sau m\u1ed7i \u0111\u1ee3t ho\u00e0n th\u00e0nh, do \u0111\u00f3, cho ph\u00e9p b\u1ea1n ph\u00e1t tri\u1ec3n c\u00e1c tr\u01b0\u1eddng ph\u00e1o Ph\u00e1o c\u1ee7a m\u00ecnh v\u1ec1 ph\u00eda c\u0103n c\u1ee9 c\u1ee7a b\u1ea1n h\u01a1n n\u1eefa, \u0111\u01b0a h\u1ea7u h\u1ebft n\u1ebfu kh\u00f4ng mu\u1ed1n n\u00f3i l\u00e0 t\u1ea5t c\u1ea3 l\u00ean c\u1ea5p 3 cho \u0111\u1ebfn khi b\u1ea1n kh\u00f4ng th\u1ec3 x\u00e2y kho\u1ea3ng tr\u1ed1ng c\u00f2n l\u1ea1i \u1edf n\u1eeda ph\u00eda t\u00e2y c\u1ee7a b\u1ea3n \u0111\u1ed3.<\/p>\n\n\n\n<p>V\u01b0\u1ee3t qua l\u00e0n s\u00f3ng 20 v\u00e0 ti\u1ebfp t\u1ee5c \u0111\u1ebfn l\u00e0n s\u00f3ng cu\u1ed1i c\u00f9ng 30 s\u1ebd mang l\u1ea1i \u00edt nh\u1ea5t m\u1ed9t ho\u1eb7c hai th\u00e1p ph\u00e1o AA c\u1ea5p cao h\u01a1n, n\u00e2ng t\u1ed5ng s\u1ed1 l\u00ean 5. Ngo\u00e0i ra, n\u1ebfu b\u1ea1n \u0111\u00e3 qu\u1ea3n l\u00fd \u0111\u1ec3 s\u1eed d\u1ee5ng t\u1ea5t c\u1ea3 kh\u00f4ng gian t\u00f2a nh\u00e0 \u1edf n\u1eeda ph\u00eda t\u00e2y c\u1ee7a b\u1ea3n \u0111\u1ed3 n\u00e0y, b\u1ea1n c\u0169ng c\u00f3 th\u1ec3 b\u1eaft \u0111\u1ea7u s\u1eed d\u1ee5ng c\u00e1c kh\u00f4ng gian v\u1eabn c\u00f2n m\u1edf \u1edf ph\u00eda \u0111\u00f4ng cho \u0111\u1ecba ng\u1ee5c thu\u1ea7n t\u00fay c\u1ee7a n\u00f3.<\/p>\n\n\n\n<div class=\"wp-block-image\"><figure class=\"aligncenter size-large\"><a href=\"https:\/\/ibomberdefense.standardof.net\/vi\/guide\/chien-dich-dong-minh\/13-dong-nam-au-phan-cong\/ibomber-defense-level-13-south-east-europe-counterattack-4\/\"><img decoding=\"async\" width=\"800\" height=\"450\" src=\"https:\/\/ibomberdefense.standardof.net\/wp-content\/uploads\/sites\/5\/2020\/10\/iBomber-Defense-Level-13-South-East-Europe-Counterattack-4-800x450.jpg\" alt=\"&quot;iBomber Defense&quot; - C\u1ea5p \u0111\u1ed9 13 - \u0110\u00f4ng Nam \u00c2u: Ph\u1ea3n c\u00f4ng (4)\" class=\"wp-image-70\" title=\"\" srcset=\"https:\/\/ibomberdefense.standardof.net\/wp-content\/uploads\/sites\/5\/2020\/10\/iBomber-Defense-Level-13-South-East-Europe-Counterattack-4-800x450.jpg 800w, https:\/\/ibomberdefense.standardof.net\/wp-content\/uploads\/sites\/5\/2020\/10\/iBomber-Defense-Level-13-South-East-Europe-Counterattack-4-512x288.jpg 512w, https:\/\/ibomberdefense.standardof.net\/wp-content\/uploads\/sites\/5\/2020\/10\/iBomber-Defense-Level-13-South-East-Europe-Counterattack-4-200x113.jpg 200w, https:\/\/ibomberdefense.standardof.net\/wp-content\/uploads\/sites\/5\/2020\/10\/iBomber-Defense-Level-13-South-East-Europe-Counterattack-4-768x432.jpg 768w, https:\/\/ibomberdefense.standardof.net\/wp-content\/uploads\/sites\/5\/2020\/10\/iBomber-Defense-Level-13-South-East-Europe-Counterattack-4-16x9.jpg 16w, https:\/\/ibomberdefense.standardof.net\/wp-content\/uploads\/sites\/5\/2020\/10\/iBomber-Defense-Level-13-South-East-Europe-Counterattack-4.jpg 1280w\" sizes=\"(max-width: 800px) 100vw, 800px\" \/><\/a><figcaption>V\u1ecb tr\u00ed th\u00e1p ph\u00e1o c\u1ee7a Wave 30.<\/figcaption><\/figure><\/div>\n\n\n\n<hr class=\"wp-block-separator\"\/>\n\n\n\n<h4 class=\"has-text-align-center wp-block-heading\">H\u01b0\u1edbng d\u1eabn Video<\/h4>\n\n\n\n<figure class=\"wp-block-embed-youtube wp-block-embed is-type-video is-provider-youtube wp-embed-aspect-16-9 wp-has-aspect-ratio\"><div class=\"wp-block-embed__wrapper\">\n<div class=\"ast-oembed-container\" style=\"height: 100%;\"><iframe title=\"iBomber Defense - \u0110\u00f4ng Nam \u00c2u - Ph\u1ea3n c\u00f4ng - C\u1ef1u chi\u1ebfn binh + Ho\u00e0n h\u1ea3o\" width=\"500\" height=\"281\" src=\"https:\/\/www.youtube.com\/embed\/Lj_IOXaCExs?feature=oembed\" frameborder=\"0\" allow=\"accelerometer; autoplay; clipboard-write; encrypted-media; gyroscope; picture-in-picture; web-share\" referrerpolicy=\"strict-origin-when-cross-origin\" allowfullscreen><\/iframe><\/div>\n<\/div><\/figure>","protected":false},"excerpt":{"rendered":"<p>The third and final counterattack bonus mission in the Allied campaign actually hops some maps backwards for the first time to the first level in the second half of the campaign, South East Europe. As with the previous bonus levels, we start this counterattack level with whatever turrets were left over from the end of [&hellip;]<\/p>","protected":false},"author":1,"featured_media":70,"parent":266,"menu_order":13,"comment_status":"open","ping_status":"closed","template":"","meta":{"_uag_custom_page_level_css":"","site-sidebar-layout":"default","site-content-layout":"default","ast-site-content-layout":"","site-content-style":"default","site-sidebar-style":"default","ast-global-header-display":"","ast-banner-title-visibility":"","ast-main-header-display":"","ast-hfb-above-header-display":"","ast-hfb-below-header-display":"","ast-hfb-mobile-header-display":"","site-post-title":"","ast-breadcrumbs-content":"","ast-featured-img":"","footer-sml-layout":"","theme-transparent-header-meta":"default","adv-header-id-meta":"","stick-header-meta":"","header-above-stick-meta":"","header-main-stick-meta":"","header-below-stick-meta":"","astra-migrate-meta-layouts":"default","ast-page-background-enabled":"default","ast-page-background-meta":{"desktop":{"background-color":"","background-image":"","background-repeat":"repeat","background-position":"center center","background-size":"auto","background-attachment":"scroll","background-type":"","background-media":"","overlay-type":"","overlay-color":"","overlay-gradient":""},"tablet":{"background-color":"","background-image":"","background-repeat":"repeat","background-position":"center center","background-size":"auto","background-attachment":"scroll","background-type":"","background-media":"","overlay-type":"","overlay-color":"","overlay-gradient":""},"mobile":{"background-color":"","background-image":"","background-repeat":"repeat","background-position":"center center","background-size":"auto","background-attachment":"scroll","background-type":"","background-media":"","overlay-type":"","overlay-color":"","overlay-gradient":""}},"ast-content-background-meta":{"desktop":{"background-color":"var(--ast-global-color-5)","background-image":"","background-repeat":"repeat","background-position":"center center","background-size":"auto","background-attachment":"scroll","background-type":"","background-media":"","overlay-type":"","overlay-color":"","overlay-gradient":""},"tablet":{"background-color":"var(--ast-global-color-5)","background-image":"","background-repeat":"repeat","background-position":"center center","background-size":"auto","background-attachment":"scroll","background-type":"","background-media":"","overlay-type":"","overlay-color":"","overlay-gradient":""},"mobile":{"background-color":"var(--ast-global-color-5)","background-image":"","background-repeat":"repeat","background-position":"center center","background-size":"auto","background-attachment":"scroll","background-type":"","background-media":"","overlay-type":"","overlay-color":"","overlay-gradient":""}},"footnotes":""},"uagb_featured_image_src":{"full":["https:\/\/ibomberdefense.standardof.net\/wp-content\/uploads\/sites\/5\/2020\/10\/iBomber-Defense-Level-13-South-East-Europe-Counterattack-4.jpg",1280,720,false],"thumbnail":["https:\/\/ibomberdefense.standardof.net\/wp-content\/uploads\/sites\/5\/2020\/10\/iBomber-Defense-Level-13-South-East-Europe-Counterattack-4-200x113.jpg",200,113,true],"medium":["https:\/\/ibomberdefense.standardof.net\/wp-content\/uploads\/sites\/5\/2020\/10\/iBomber-Defense-Level-13-South-East-Europe-Counterattack-4-512x288.jpg",512,288,true],"medium_large":["https:\/\/ibomberdefense.standardof.net\/wp-content\/uploads\/sites\/5\/2020\/10\/iBomber-Defense-Level-13-South-East-Europe-Counterattack-4-768x432.jpg",768,432,true],"large":["https:\/\/ibomberdefense.standardof.net\/wp-content\/uploads\/sites\/5\/2020\/10\/iBomber-Defense-Level-13-South-East-Europe-Counterattack-4-800x450.jpg",800,450,true],"1536x1536":["https:\/\/ibomberdefense.standardof.net\/wp-content\/uploads\/sites\/5\/2020\/10\/iBomber-Defense-Level-13-South-East-Europe-Counterattack-4.jpg",1280,720,false],"2048x2048":["https:\/\/ibomberdefense.standardof.net\/wp-content\/uploads\/sites\/5\/2020\/10\/iBomber-Defense-Level-13-South-East-Europe-Counterattack-4.jpg",1280,720,false],"trp-custom-language-flag":["https:\/\/ibomberdefense.standardof.net\/wp-content\/uploads\/sites\/5\/2020\/10\/iBomber-Defense-Level-13-South-East-Europe-Counterattack-4-16x9.jpg",16,9,true]},"uagb_author_info":{"display_name":"SOE","author_link":"https:\/\/ibomberdefense.standardof.net\/vi\/author\/k-tastic\/"},"uagb_comment_info":0,"uagb_excerpt":"The third and final counterattack bonus mission in the Allied campaign actually hops some maps backwards for the first time to the first level in the second half of the campaign, South East Europe. As with the previous bonus levels, we start this counterattack level with whatever turrets were left over from the end of&hellip;","_links":{"self":[{"href":"https:\/\/ibomberdefense.standardof.net\/vi\/wp-json\/wp\/v2\/pages\/303"}],"collection":[{"href":"https:\/\/ibomberdefense.standardof.net\/vi\/wp-json\/wp\/v2\/pages"}],"about":[{"href":"https:\/\/ibomberdefense.standardof.net\/vi\/wp-json\/wp\/v2\/types\/page"}],"author":[{"embeddable":true,"href":"https:\/\/ibomberdefense.standardof.net\/vi\/wp-json\/wp\/v2\/users\/1"}],"replies":[{"embeddable":true,"href":"https:\/\/ibomberdefense.standardof.net\/vi\/wp-json\/wp\/v2\/comments?post=303"}],"version-history":[{"count":0,"href":"https:\/\/ibomberdefense.standardof.net\/vi\/wp-json\/wp\/v2\/pages\/303\/revisions"}],"up":[{"embeddable":true,"href":"https:\/\/ibomberdefense.standardof.net\/vi\/wp-json\/wp\/v2\/pages\/266"}],"wp:featuredmedia":[{"embeddable":true,"href":"https:\/\/ibomberdefense.standardof.net\/vi\/wp-json\/wp\/v2\/media\/70"}],"wp:attachment":[{"href":"https:\/\/ibomberdefense.standardof.net\/vi\/wp-json\/wp\/v2\/media?parent=303"}],"curies":[{"name":"wp","href":"https:\/\/api.w.org\/{rel}","templated":true}]}}