{"id":304,"date":"2020-10-19T06:27:16","date_gmt":"2020-10-19T06:27:16","guid":{"rendered":"https:\/\/ibomberdefense.standardof.net\/?page_id=304"},"modified":"2020-10-19T08:06:40","modified_gmt":"2020-10-19T08:06:40","slug":"14-germany-the-final-fight","status":"publish","type":"page","link":"https:\/\/ibomberdefense.standardof.net\/vi\/guide\/chien-dich-dong-minh\/14-duc-tran-chung-ket\/","title":{"rendered":"14. \u0110\u1ee9c: Tr\u1eadn chi\u1ebfn cu\u1ed1i c\u00f9ng"},"content":{"rendered":"<div class=\"wp-block-image\"><figure class=\"aligncenter size-large\"><a href=\"https:\/\/ibomberdefense.standardof.net\/vi\/guide\/chien-dich-dong-minh\/14-duc-tran-chung-ket\/ibomber-defense-level-14-germany-the-final-fight-1\/\"><img decoding=\"async\" width=\"800\" height=\"450\" src=\"https:\/\/ibomberdefense.standardof.net\/wp-content\/uploads\/sites\/5\/2020\/10\/iBomber-Defense-Level-14-Germany-The-Final-Fight-1-800x450.jpg\" alt=\"&quot;iBomber Defense&quot; - C\u1ea5p 14 - \u0110\u1ee9c: Tr\u1eadn chi\u1ebfn cu\u1ed1i c\u00f9ng (1)\" class=\"wp-image-71\" title=\"\" srcset=\"https:\/\/ibomberdefense.standardof.net\/wp-content\/uploads\/sites\/5\/2020\/10\/iBomber-Defense-Level-14-Germany-The-Final-Fight-1-800x450.jpg 800w, https:\/\/ibomberdefense.standardof.net\/wp-content\/uploads\/sites\/5\/2020\/10\/iBomber-Defense-Level-14-Germany-The-Final-Fight-1-512x288.jpg 512w, https:\/\/ibomberdefense.standardof.net\/wp-content\/uploads\/sites\/5\/2020\/10\/iBomber-Defense-Level-14-Germany-The-Final-Fight-1-200x113.jpg 200w, https:\/\/ibomberdefense.standardof.net\/wp-content\/uploads\/sites\/5\/2020\/10\/iBomber-Defense-Level-14-Germany-The-Final-Fight-1-768x432.jpg 768w, https:\/\/ibomberdefense.standardof.net\/wp-content\/uploads\/sites\/5\/2020\/10\/iBomber-Defense-Level-14-Germany-The-Final-Fight-1-16x9.jpg 16w, https:\/\/ibomberdefense.standardof.net\/wp-content\/uploads\/sites\/5\/2020\/10\/iBomber-Defense-Level-14-Germany-The-Final-Fight-1.jpg 1280w\" sizes=\"(max-width: 800px) 100vw, 800px\" \/><\/a><figcaption>C\u00e1c con \u0111\u01b0\u1eddng \u0111\u01b0\u1ee3c th\u1ef1c hi\u1ec7n b\u1edfi c\u00e1c \u0111\u01a1n v\u1ecb \u0111\u1ed1i ph\u01b0\u01a1ng trong c\u1ea5p \u0111\u1ed9 &quot;iBomber Defense&quot; c\u1ee7a \u0110\u1ee9c. \u0110\u01b0\u1eddng m\u00e0u \u0111en d\u00e0nh cho c\u00e1c \u0111\u01a1n v\u1ecb h\u1ea3i qu\u00e2n v\u00e0 m\u00e0u t\u00edm d\u00e0nh cho m\u00e1y bay (m\u0169i t\u00ean), ph\u1ea7n c\u00f2n l\u1ea1i l\u00e0 m\u1eb7t \u0111\u1ea5t (ch\u1ec9 \u0111\u01b0\u1eddng).<\/figcaption><\/figure><\/div>\n\n\n\n<p>C\u1ea5p \u0111\u1ed9 \u0110\u1ee9c l\u00e0 nhi\u1ec7m v\u1ee5 cu\u1ed1i c\u00f9ng m\u00e0 b\u1ea1n ph\u1ea3i v\u01b0\u1ee3t qua trong chi\u1ebfn d\u1ecbch \u0110\u1ed3ng minh, ph\u1ee5c v\u1ee5 b\u1ea1n l\u00e0 th\u00e1ch th\u1ee9c l\u1edbn nh\u1ea5t cho \u0111\u1ebfn nay. \u1ede \u0111\u00e2y b\u1ea1n s\u1ebd \u0111\u1ed1i m\u1eb7t v\u1edbi c\u1ea3 ba lo\u1ea1i \u0111\u01a1n v\u1ecb c\u00f9ng m\u1ed9t l\u00fac, m\u00e1y bay, t\u00e0u h\u1ea3i qu\u00e2n v\u00e0 \u0111\u01a1n v\u1ecb m\u1eb7t \u0111\u1ea5t r\u1ea5t nhi\u1ec1u. \u0110i\u1ec1u n\u00e0y k\u1ebft h\u1ee3p v\u1edbi vi\u1ec7c th\u00e0nh ph\u1ed1 b\u1ecb n\u00e9m bom g\u00e2y kh\u00f3 kh\u0103n cho vi\u1ec7c \u0111\u1eb7t th\u00e1p ph\u00e1o, \u0111i\u1ec1u r\u1ea5t quan tr\u1ecdng l\u00e0 b\u1ea1n \u0111\u1eb7t nh\u1eefng g\u00ec trong nhi\u1ec7m v\u1ee5 n\u00e0y.<\/p>\n\n\n\n<p>C\u00f3 50 l\u00e0n s\u00f3ng \u0111\u01a1n v\u1ecb \u0111\u1ec3 b\u1ea1n chi\u1ebfn \u0111\u1ea5u theo c\u00e1ch c\u1ee7a m\u00ecnh v\u1edbi c\u00e1c \u0111\u01a1n v\u1ecb h\u1ea3i qu\u00e2n xu\u1ea5t hi\u1ec7n l\u1ea7n \u0111\u1ea7u ti\u00ean \u1edf l\u00e0n s\u00f3ng 10 v\u00e0 m\u00e1y bay \u0111\u1ebfn hi\u1ec7n tr\u01b0\u1eddng kh\u00f4ng \u0111i\u1ec3n h\u00ecnh \u1edf l\u00e0n s\u00f3ng 21. Vi\u1ec7c th\u1ef1c hi\u1ec7n th\u1ee7 thu\u1eadt ch\u1ebf ng\u1ef1 thu nh\u1eadp b\u1eb1ng c\u00e1ch s\u1eed d\u1ee5ng 150$ + c\u1ee7a ti\u1ebft ki\u1ec7m ti\u1ec1n m\u1eb7t khi s\u1edf h\u1eefu 3 th\u00e1p Comms c\u1ea5p ba tr\u1edf l\u00ean. C\u0169ng v\u00e0o kho\u1ea3ng gi\u1eefa c\u1ea5p \u0111\u1ed9, m\u1ed9t s\u1ed1 ph\u00e1o binh s\u1ebd xu\u1ea5t ph\u00e1t t\u1eeb ngo\u00e0i m\u00e0n h\u00ecnh \u0111\u1ec3 m\u1edf ra con \u0111\u01b0\u1eddng m\u00e0u h\u1ed3ng \u0111i qua t\u00f2a nh\u00e0 \u0111\u00e3 b\u1ecb ph\u00e1 h\u1ee7y, nh\u01b0ng s\u1ebd kh\u00f4ng ph\u00e1 h\u1ee7y b\u1ea5t k\u1ef3 th\u00e1p ph\u00e1o n\u00e0o c\u1ee7a b\u1ea1n v\u00e0 khu v\u1ef1c n\u00e0y kh\u00f4ng th\u1ec3 x\u00e2y d\u1ef1ng ngay t\u1eeb \u0111\u1ea7u.<\/p>\n\n\n\n<h3 class=\"wp-block-heading\"><strong>V\u1ecb tr\u00ed th\u00e1p ph\u00e1o<\/strong><\/h3>\n\n\n\n<figure class=\"wp-block-gallery columns-2 is-cropped wp-block-gallery-1 is-layout-flex wp-block-gallery-is-layout-flex\"><ul class=\"blocks-gallery-grid\"><li class=\"blocks-gallery-item\"><figure><a href=\"https:\/\/ibomberdefense.standardof.net\/vi\/guide\/chien-dich-dong-minh\/14-duc-tran-chung-ket\/ibomber-defense-level-14-germany-the-final-fight-2\/\"><img decoding=\"async\" width=\"800\" height=\"450\" src=\"https:\/\/ibomberdefense.standardof.net\/wp-content\/uploads\/sites\/5\/2020\/10\/iBomber-Defense-Level-14-Germany-The-Final-Fight-2-800x450.jpg\" alt=\"&quot;iBomber Defense&quot; - C\u1ea5p \u0111\u1ed9 14 - \u0110\u1ee9c: Tr\u1eadn chi\u1ebfn cu\u1ed1i c\u00f9ng (2)\" data-id=\"72\" data-full-url=\"https:\/\/ibomberdefense.standardof.net\/wp-content\/uploads\/sites\/5\/2020\/10\/iBomber-Defense-Level-14-Germany-The-Final-Fight-2.jpg\" data-link=\"https:\/\/ibomberdefense.standardof.net\/guide\/allied-campaign\/14-germany-the-final-fight\/ibomber-defense-level-14-germany-the-final-fight-2\/\" class=\"wp-image-72\" title=\"\" srcset=\"https:\/\/ibomberdefense.standardof.net\/wp-content\/uploads\/sites\/5\/2020\/10\/iBomber-Defense-Level-14-Germany-The-Final-Fight-2-800x450.jpg 800w, https:\/\/ibomberdefense.standardof.net\/wp-content\/uploads\/sites\/5\/2020\/10\/iBomber-Defense-Level-14-Germany-The-Final-Fight-2-512x288.jpg 512w, https:\/\/ibomberdefense.standardof.net\/wp-content\/uploads\/sites\/5\/2020\/10\/iBomber-Defense-Level-14-Germany-The-Final-Fight-2-200x113.jpg 200w, https:\/\/ibomberdefense.standardof.net\/wp-content\/uploads\/sites\/5\/2020\/10\/iBomber-Defense-Level-14-Germany-The-Final-Fight-2-768x432.jpg 768w, https:\/\/ibomberdefense.standardof.net\/wp-content\/uploads\/sites\/5\/2020\/10\/iBomber-Defense-Level-14-Germany-The-Final-Fight-2-16x9.jpg 16w, https:\/\/ibomberdefense.standardof.net\/wp-content\/uploads\/sites\/5\/2020\/10\/iBomber-Defense-Level-14-Germany-The-Final-Fight-2.jpg 1280w\" sizes=\"(max-width: 800px) 100vw, 800px\" \/><\/a><figcaption class=\"blocks-gallery-item__caption\">V\u1ecb tr\u00ed th\u00e1p ph\u00e1o s\u00f3ng 10.<\/figcaption><\/figure><\/li><li class=\"blocks-gallery-item\"><figure><a href=\"https:\/\/ibomberdefense.standardof.net\/vi\/guide\/chien-dich-dong-minh\/14-duc-tran-chung-ket\/ibomber-defense-level-14-germany-the-final-fight-3\/\"><img decoding=\"async\" width=\"800\" height=\"450\" src=\"https:\/\/ibomberdefense.standardof.net\/wp-content\/uploads\/sites\/5\/2020\/10\/iBomber-Defense-Level-14-Germany-The-Final-Fight-3-800x450.jpg\" alt=\"&quot;iBomber Defense&quot; - C\u1ea5p 14 - \u0110\u1ee9c: Tr\u1eadn chi\u1ebfn cu\u1ed1i c\u00f9ng (3)\" data-id=\"73\" data-full-url=\"https:\/\/ibomberdefense.standardof.net\/wp-content\/uploads\/sites\/5\/2020\/10\/iBomber-Defense-Level-14-Germany-The-Final-Fight-3.jpg\" data-link=\"https:\/\/ibomberdefense.standardof.net\/guide\/allied-campaign\/14-germany-the-final-fight\/ibomber-defense-level-14-germany-the-final-fight-3\/\" class=\"wp-image-73\" title=\"\" srcset=\"https:\/\/ibomberdefense.standardof.net\/wp-content\/uploads\/sites\/5\/2020\/10\/iBomber-Defense-Level-14-Germany-The-Final-Fight-3-800x450.jpg 800w, https:\/\/ibomberdefense.standardof.net\/wp-content\/uploads\/sites\/5\/2020\/10\/iBomber-Defense-Level-14-Germany-The-Final-Fight-3-512x288.jpg 512w, https:\/\/ibomberdefense.standardof.net\/wp-content\/uploads\/sites\/5\/2020\/10\/iBomber-Defense-Level-14-Germany-The-Final-Fight-3-200x113.jpg 200w, https:\/\/ibomberdefense.standardof.net\/wp-content\/uploads\/sites\/5\/2020\/10\/iBomber-Defense-Level-14-Germany-The-Final-Fight-3-768x432.jpg 768w, https:\/\/ibomberdefense.standardof.net\/wp-content\/uploads\/sites\/5\/2020\/10\/iBomber-Defense-Level-14-Germany-The-Final-Fight-3-16x9.jpg 16w, https:\/\/ibomberdefense.standardof.net\/wp-content\/uploads\/sites\/5\/2020\/10\/iBomber-Defense-Level-14-Germany-The-Final-Fight-3.jpg 1280w\" sizes=\"(max-width: 800px) 100vw, 800px\" \/><\/a><figcaption class=\"blocks-gallery-item__caption\">V\u1ecb tr\u00ed th\u00e1p ph\u00e1o c\u1ee7a Wave 20.<\/figcaption><\/figure><\/li><\/ul><\/figure>\n\n\n\n<p>M\u1ed9t l\u1ea7n n\u1eefa, vi\u1ec7c ki\u1ec3m tra video b\u00ean d\u01b0\u1edbi ho\u1eb7c c\u00e1c h\u00ecnh \u1ea3nh b\u00ean c\u1ea1nh \u0111\u1ec3 bi\u1ebft th\u00eam chi ti\u1ebft c\u1ee5 th\u1ec3 th\u1ef1c s\u1ef1 h\u1eefu \u00edch, nh\u01b0ng s\u1ef1 kh\u1edfi \u0111\u1ea7u c\u1ee7a nhi\u1ec7m v\u1ee5 n\u00e0y cho \u0111\u1ebfn s\u00f3ng m\u01b0\u1eddi n\u00ean bao g\u1ed3m S\u00fang m\u00e1y \u0111\u01b0\u1ee3c \u0111\u1eb7t m\u1ed9t c\u00e1ch chi\u1ebfn l\u01b0\u1ee3c. M\u1ed9t c\u00e1i n\u00ean \u0111i \u1edf g\u00f3c tr\u00ean c\u00f9ng b\u00ean ph\u1ea3i c\u1ee7a cao nguy\u00ean b\u00ean c\u1ea1nh c\u0103n c\u1ee9 tr\u00ean \u0111\u1ea5t li\u1ec1n c\u1ee7a b\u1ea1n, m\u1ed9t c\u00e1i n\u1eefa trong v\u00f2ng bao c\u00e1t nh\u1ecf \u1edf trung t\u00e2m th\u1ecb tr\u1ea5n, th\u00e1p ph\u00e1o th\u1ee9 ba \u0111i n\u01a1i nh\u1eefng con \u0111\u01b0\u1eddng m\u00e0u xanh l\u00e1 c\u00e2y v\u00e0 m\u00e0u v\u00e0ng g\u1eb7p nhau \u1edf ph\u00eda \u0111\u00f4ng v\u00e0 cu\u1ed1i c\u00f9ng l\u00e0 m\u1ed9t c\u00e1i \u1edf ph\u00eda d\u01b0\u1edbi g\u00f3c ph\u1ea3i c\u1ee7a cao nguy\u00ean n\u00f3i tr\u00ean c\u00e0ng g\u1ea7n c\u1ea5p 10 c\u00e0ng t\u1ed1t \u0111\u1ec3 ng\u0103n ch\u1eb7n th\u1ee7y tri\u1ec1u c\u1ee7a \u0111\u01a1n v\u1ecb h\u1ea3i qu\u00e2n. V\u00e0o cu\u1ed1i nhi\u1ec7m v\u1ee5 n\u00e0y, ch\u00fang t\u00f4i s\u1ebd b\u00e1n th\u00e1p s\u00fang M\u00e1y th\u1ee9 t\u01b0 n\u00e0y khi n\u00f3 tr\u1edf n\u00ean k\u00e9m h\u1eefu d\u1ee5ng.<\/p>\n\n\n\n<p>Waves m\u01b0\u1eddi \u0111\u1ebfn hai m\u01b0\u01a1i n\u00ean l\u00e0 t\u1ea5t c\u1ea3 v\u1ec1 vi\u1ec7c x\u00e2y d\u1ef1ng c\u00e1c kh\u1ea9u ph\u00e1o v\u00e0 m\u1ed9t th\u00e1p ph\u00e1o Comms c\u1ea5p 3 tr\u00ean cao nguy\u00ean m\u00e0 ch\u00fang t\u00f4i \u0111\u00e3 x\u00e2y d\u1ef1ng hai S\u00fang m\u00e1y tr\u01b0\u1edbc \u0111\u00e2y. Kh\u1ed1i l\u01b0\u1ee3ng \u0111\u1ea5t n\u00e0y khi \u0111\u01b0\u1ee3c t\u0103ng c\u01b0\u1eddng \u0111\u1ed9 cao v\u00e0 Comms cho ph\u00e9p c\u00e1c kh\u1ea9u ph\u00e1o \u0111\u1eb7t \u1edf \u0111\u00f3 b\u1eafn tr\u00fang t\u1ea5t c\u1ea3 c\u00e1c \u0111\u01a1n v\u1ecb m\u1eb7t \u0111\u1ea5t v\u00e0 \u0111\u01a1n v\u1ecb h\u1ea3i qu\u00e2n c\u00f3 m\u1eb7t tr\u00ean b\u1ea3n \u0111\u1ed3 n\u00e0y, v\u00ec t\u1ea5t c\u1ea3 c\u00e1c con \u0111\u01b0\u1eddng c\u1ee7a h\u1ecd s\u1ebd k\u1ebft th\u00fac d\u01b0\u1edbi t\u1ea7m b\u1eafn c\u1ee7a ch\u00fang.<\/p>\n\n\n\n<figure class=\"wp-block-gallery columns-2 is-cropped wp-block-gallery-2 is-layout-flex wp-block-gallery-is-layout-flex\"><ul class=\"blocks-gallery-grid\"><li class=\"blocks-gallery-item\"><figure><a href=\"https:\/\/ibomberdefense.standardof.net\/vi\/guide\/chien-dich-dong-minh\/14-duc-tran-chung-ket\/ibomber-defense-level-14-germany-the-final-fight-4\/\"><img decoding=\"async\" width=\"800\" height=\"450\" src=\"https:\/\/ibomberdefense.standardof.net\/wp-content\/uploads\/sites\/5\/2020\/10\/iBomber-Defense-Level-14-Germany-The-Final-Fight-4-800x450.jpg\" alt=\"&quot;iBomber Defense&quot; - C\u1ea5p 14 - \u0110\u1ee9c: Tr\u1eadn chi\u1ebfn cu\u1ed1i c\u00f9ng (4)\" data-id=\"74\" data-full-url=\"https:\/\/ibomberdefense.standardof.net\/wp-content\/uploads\/sites\/5\/2020\/10\/iBomber-Defense-Level-14-Germany-The-Final-Fight-4.jpg\" data-link=\"https:\/\/ibomberdefense.standardof.net\/guide\/allied-campaign\/14-germany-the-final-fight\/ibomber-defense-level-14-germany-the-final-fight-4\/\" class=\"wp-image-74\" title=\"\" srcset=\"https:\/\/ibomberdefense.standardof.net\/wp-content\/uploads\/sites\/5\/2020\/10\/iBomber-Defense-Level-14-Germany-The-Final-Fight-4-800x450.jpg 800w, https:\/\/ibomberdefense.standardof.net\/wp-content\/uploads\/sites\/5\/2020\/10\/iBomber-Defense-Level-14-Germany-The-Final-Fight-4-512x288.jpg 512w, https:\/\/ibomberdefense.standardof.net\/wp-content\/uploads\/sites\/5\/2020\/10\/iBomber-Defense-Level-14-Germany-The-Final-Fight-4-200x113.jpg 200w, https:\/\/ibomberdefense.standardof.net\/wp-content\/uploads\/sites\/5\/2020\/10\/iBomber-Defense-Level-14-Germany-The-Final-Fight-4-768x432.jpg 768w, https:\/\/ibomberdefense.standardof.net\/wp-content\/uploads\/sites\/5\/2020\/10\/iBomber-Defense-Level-14-Germany-The-Final-Fight-4-16x9.jpg 16w, https:\/\/ibomberdefense.standardof.net\/wp-content\/uploads\/sites\/5\/2020\/10\/iBomber-Defense-Level-14-Germany-The-Final-Fight-4.jpg 1280w\" sizes=\"(max-width: 800px) 100vw, 800px\" \/><\/a><figcaption class=\"blocks-gallery-item__caption\">V\u1ecb tr\u00ed th\u00e1p ph\u00e1o c\u1ee7a Wave 30.<\/figcaption><\/figure><\/li><li class=\"blocks-gallery-item\"><figure><a href=\"https:\/\/ibomberdefense.standardof.net\/vi\/guide\/chien-dich-dong-minh\/14-duc-tran-chung-ket\/ibomber-defense-level-14-germany-the-final-fight-5\/\"><img decoding=\"async\" width=\"800\" height=\"450\" src=\"https:\/\/ibomberdefense.standardof.net\/wp-content\/uploads\/sites\/5\/2020\/10\/iBomber-Defense-Level-14-Germany-The-Final-Fight-5-800x450.jpg\" alt=\"&quot;iBomber Defense&quot; - C\u1ea5p 14 - \u0110\u1ee9c: Tr\u1eadn chi\u1ebfn cu\u1ed1i c\u00f9ng (5)\" data-id=\"75\" data-full-url=\"https:\/\/ibomberdefense.standardof.net\/wp-content\/uploads\/sites\/5\/2020\/10\/iBomber-Defense-Level-14-Germany-The-Final-Fight-5.jpg\" data-link=\"https:\/\/ibomberdefense.standardof.net\/guide\/allied-campaign\/14-germany-the-final-fight\/ibomber-defense-level-14-germany-the-final-fight-5\/\" class=\"wp-image-75\" title=\"\" srcset=\"https:\/\/ibomberdefense.standardof.net\/wp-content\/uploads\/sites\/5\/2020\/10\/iBomber-Defense-Level-14-Germany-The-Final-Fight-5-800x450.jpg 800w, https:\/\/ibomberdefense.standardof.net\/wp-content\/uploads\/sites\/5\/2020\/10\/iBomber-Defense-Level-14-Germany-The-Final-Fight-5-512x288.jpg 512w, https:\/\/ibomberdefense.standardof.net\/wp-content\/uploads\/sites\/5\/2020\/10\/iBomber-Defense-Level-14-Germany-The-Final-Fight-5-200x113.jpg 200w, https:\/\/ibomberdefense.standardof.net\/wp-content\/uploads\/sites\/5\/2020\/10\/iBomber-Defense-Level-14-Germany-The-Final-Fight-5-768x432.jpg 768w, https:\/\/ibomberdefense.standardof.net\/wp-content\/uploads\/sites\/5\/2020\/10\/iBomber-Defense-Level-14-Germany-The-Final-Fight-5-16x9.jpg 16w, https:\/\/ibomberdefense.standardof.net\/wp-content\/uploads\/sites\/5\/2020\/10\/iBomber-Defense-Level-14-Germany-The-Final-Fight-5.jpg 1280w\" sizes=\"(max-width: 800px) 100vw, 800px\" \/><\/a><figcaption class=\"blocks-gallery-item__caption\">V\u1ecb tr\u00ed th\u00e1p ph\u00e1o c\u1ee7a Wave 40.<\/figcaption><\/figure><\/li><\/ul><\/figure>\n\n\n\n<p>Tr\u00ean \u0111\u01b0\u1eddng ti\u1ebfn v\u1ec1 ph\u00eda s\u00f3ng 30, \u0111\u00e3 \u0111\u1ebfn l\u00fac ph\u1ea3i bung ra, n\u00e2ng c\u1ea5p c\u00e1c kh\u1ea9u \u0110\u1ea1i b\u00e1c m\u1ed9t ch\u00fat, nh\u01b0ng ch\u1ee7 y\u1ebfu l\u00e0 x\u00e2y d\u1ef1ng c\u00e1c kh\u1ea9u m\u1edbi v\u1edbi vi\u1ec7c t\u0103ng c\u01b0\u1eddng Comms \u1edf t\u00f2a nh\u00e0 b\u1ecb ph\u00e1 h\u1ee7y nhi\u1ec1u nh\u1ea5t b\u00ean tr\u00e1i v\u1edbi m\u1ed9t s\u1ed1 th\u00e1p ph\u00e1o Ch\u1ed1ng Kh\u00ed \u1edf \u0111\u00f3, c\u00e1c bao c\u00e1t ti\u1ebfp theo b\u00ean tr\u00e1i v\u00e0 h\u00f2n \u0111\u1ea3o b\u00ean d\u01b0\u1edbi v\u1ecb tr\u00ed \u0111\u00f3. M\u1ed9t s\u1ed1 th\u00e1p ph\u00e1o \u0111\u01b0\u1ee3c \u0111\u1eb7t trong kho\u1ea3ng kh\u00f4ng gian nh\u1ecf \u1edf b\u00ean ph\u1ea3i c\u0103n c\u1ee9 tr\u00ean b\u1ed9 c\u1ee7a b\u1ea1n c\u00f3 th\u1ec3 h\u1eefu \u00edch cho b\u1ea5t c\u1ee9 th\u1ee9 g\u00ec tr\u01b0\u1ee3t qua, tuy nhi\u00ean, h\u00e3y b\u1ecf qua kho\u1ea3ng tr\u1ed1ng 2 \u00d7 2 \u1edf b\u00ean ph\u1ea3i c\u0103n c\u1ee9 h\u1ea3i qu\u00e2n c\u1ee7a b\u1ea1n. N\u00f3 kh\u00f4ng \u0111\u00e1ng.<\/p>\n\n\n\n<p>30 trong su\u1ed1t ch\u1eb7ng \u0111\u01b0\u1eddng cu\u1ed1i c\u00f9ng c\u1ee7a l\u00e0n s\u00f3ng 50, tr\u01b0\u1edbc ti\u00ean b\u1ea1n n\u00ean s\u1eed d\u1ee5ng 50$ hi\u1ec7n t\u1ea1i c\u1ee7a b\u1ea1n, m\u1ed9t s\u1edf th\u00edch s\u00f3ng m\u00e0 b\u1ea1n \u0111\u00e1ng l\u1ebd \u0111\u00e3 \u0111\u1ea1t \u0111\u1ebfn b\u00e2y gi\u1edd \u0111\u1ec3 n\u00e2ng c\u1ea5p t\u1ea5t c\u1ea3 c\u00e1c th\u00e1p ph\u00e1o c\u1ee7a b\u1ea1n l\u00ean m\u1ee9c cao nh\u1ea5t \u0111\u1ec3 ng\u0103n ch\u1eb7n Kh\u00f4ng kh\u00ed c\u1ee7a b\u1ea1n \u1edf hai th\u00e1p ph\u00e1o c\u1ea5p ba, \u0111\u1ee7 cho s\u1ed1 l\u01b0\u1ee3ng m\u00e1y bay h\u1ea1n ch\u1ebf hi\u1ec7n nay. B\u1ea1n c\u0169ng n\u00ean b\u00e1n m\u1ed9t s\u1ed1 th\u00e1p s\u00fang M\u00e1y c\u1ee7a b\u1ea1n t\u1eeb tr\u01b0\u1edbc \u0111\u1ec3 thay th\u1ebf b\u1eb1ng nhi\u1ec1u \u0110\u1ea1i b\u00e1c h\u01a1n, v\u00ec l\u00e0 c\u1ea5p \u0111\u1ed9 th\u1ef1c \u0111\u1ea7u ti\u00ean m\u00e0 kh\u00f4ng gian b\u1ecb gi\u1edbi h\u1ea1n \u0111\u1ebfn m\u1ee9c \u0111\u00f3 tr\u1edf th\u00e0nh m\u1ed9t \u00fd t\u01b0\u1edfng hay. C\u00e1c th\u00e1p ph\u00e1o ph\u00e1 ho\u1ea1i c\u00f3 th\u1ec3 b\u1ecb b\u1ecf qua kh\u00e1 nhi\u1ec1u trong to\u00e0n b\u1ed9 c\u1ea5p \u0111\u1ed9 v\u00e0 \u0111i\u1ec1u \u0111\u00f3 kh\u00f4ng h\u1eefu \u00edch v\u1edbi kh\u00f4ng gian h\u1ea1n ch\u1ebf.<\/p>\n\n\n\n<div class=\"wp-block-image\"><figure class=\"aligncenter size-large\"><a href=\"https:\/\/ibomberdefense.standardof.net\/vi\/guide\/chien-dich-dong-minh\/14-duc-tran-chung-ket\/ibomber-defense-level-14-germany-the-final-fight-6\/\"><img decoding=\"async\" width=\"800\" height=\"450\" src=\"https:\/\/ibomberdefense.standardof.net\/wp-content\/uploads\/sites\/5\/2020\/10\/iBomber-Defense-Level-14-Germany-The-Final-Fight-6-800x450.jpg\" alt=\"&quot;iBomber Defense&quot; - C\u1ea5p \u0111\u1ed9 14 - \u0110\u1ee9c: Tr\u1eadn chi\u1ebfn cu\u1ed1i c\u00f9ng (6)\" class=\"wp-image-76\" title=\"\" srcset=\"https:\/\/ibomberdefense.standardof.net\/wp-content\/uploads\/sites\/5\/2020\/10\/iBomber-Defense-Level-14-Germany-The-Final-Fight-6-800x450.jpg 800w, https:\/\/ibomberdefense.standardof.net\/wp-content\/uploads\/sites\/5\/2020\/10\/iBomber-Defense-Level-14-Germany-The-Final-Fight-6-512x288.jpg 512w, https:\/\/ibomberdefense.standardof.net\/wp-content\/uploads\/sites\/5\/2020\/10\/iBomber-Defense-Level-14-Germany-The-Final-Fight-6-200x113.jpg 200w, https:\/\/ibomberdefense.standardof.net\/wp-content\/uploads\/sites\/5\/2020\/10\/iBomber-Defense-Level-14-Germany-The-Final-Fight-6-768x432.jpg 768w, https:\/\/ibomberdefense.standardof.net\/wp-content\/uploads\/sites\/5\/2020\/10\/iBomber-Defense-Level-14-Germany-The-Final-Fight-6-16x9.jpg 16w, https:\/\/ibomberdefense.standardof.net\/wp-content\/uploads\/sites\/5\/2020\/10\/iBomber-Defense-Level-14-Germany-The-Final-Fight-6.jpg 1280w\" sizes=\"(max-width: 800px) 100vw, 800px\" \/><\/a><figcaption>V\u1ecb tr\u00ed th\u00e1p ph\u00e1o c\u1ee7a Wave 50.<\/figcaption><\/figure><\/div>\n\n\n\n<hr class=\"wp-block-separator\"\/>\n\n\n\n<h4 class=\"has-text-align-center wp-block-heading\">H\u01b0\u1edbng d\u1eabn Video<\/h4>\n\n\n\n<figure class=\"wp-block-embed-youtube wp-block-embed is-type-video is-provider-youtube wp-embed-aspect-4-3 wp-has-aspect-ratio\"><div class=\"wp-block-embed__wrapper\">\n<div class=\"ast-oembed-container\" style=\"height: 100%;\"><iframe title=\"iBomber Defense - \u0110\u1ee9c - Tr\u1eadn chi\u1ebfn cu\u1ed1i c\u00f9ng - C\u1ef1u chi\u1ebfn binh + Ho\u00e0n h\u1ea3o\" width=\"500\" height=\"281\" src=\"https:\/\/www.youtube.com\/embed\/QIdS_h-p84Q?feature=oembed\" frameborder=\"0\" allow=\"accelerometer; autoplay; clipboard-write; encrypted-media; gyroscope; picture-in-picture; web-share\" referrerpolicy=\"strict-origin-when-cross-origin\" allowfullscreen><\/iframe><\/div>\n<\/div><\/figure>","protected":false},"excerpt":{"rendered":"<p>The Germany level is the final mission for you to overcome in the Allied campaign, serving you the greatest challenge so far. Here you will be facing all three types of units at once, aircraft, naval vessels and ground units galore. This combined with the bombed out city making it difficult to place turrets, it [&hellip;]<\/p>","protected":false},"author":1,"featured_media":76,"parent":266,"menu_order":14,"comment_status":"open","ping_status":"closed","template":"","meta":{"_uag_custom_page_level_css":"","site-sidebar-layout":"default","site-content-layout":"default","ast-site-content-layout":"","site-content-style":"default","site-sidebar-style":"default","ast-global-header-display":"","ast-banner-title-visibility":"","ast-main-header-display":"","ast-hfb-above-header-display":"","ast-hfb-below-header-display":"","ast-hfb-mobile-header-display":"","site-post-title":"","ast-breadcrumbs-content":"","ast-featured-img":"","footer-sml-layout":"","theme-transparent-header-meta":"default","adv-header-id-meta":"","stick-header-meta":"","header-above-stick-meta":"","header-main-stick-meta":"","header-below-stick-meta":"","astra-migrate-meta-layouts":"default","ast-page-background-enabled":"default","ast-page-background-meta":{"desktop":{"background-color":"","background-image":"","background-repeat":"repeat","background-position":"center center","background-size":"auto","background-attachment":"scroll","background-type":"","background-media":"","overlay-type":"","overlay-color":"","overlay-gradient":""},"tablet":{"background-color":"","background-image":"","background-repeat":"repeat","background-position":"center center","background-size":"auto","background-attachment":"scroll","background-type":"","background-media":"","overlay-type":"","overlay-color":"","overlay-gradient":""},"mobile":{"background-color":"","background-image":"","background-repeat":"repeat","background-position":"center center","background-size":"auto","background-attachment":"scroll","background-type":"","background-media":"","overlay-type":"","overlay-color":"","overlay-gradient":""}},"ast-content-background-meta":{"desktop":{"background-color":"var(--ast-global-color-5)","background-image":"","background-repeat":"repeat","background-position":"center center","background-size":"auto","background-attachment":"scroll","background-type":"","background-media":"","overlay-type":"","overlay-color":"","overlay-gradient":""},"tablet":{"background-color":"var(--ast-global-color-5)","background-image":"","background-repeat":"repeat","background-position":"center center","background-size":"auto","background-attachment":"scroll","background-type":"","background-media":"","overlay-type":"","overlay-color":"","overlay-gradient":""},"mobile":{"background-color":"var(--ast-global-color-5)","background-image":"","background-repeat":"repeat","background-position":"center center","background-size":"auto","background-attachment":"scroll","background-type":"","background-media":"","overlay-type":"","overlay-color":"","overlay-gradient":""}},"footnotes":""},"uagb_featured_image_src":{"full":["https:\/\/ibomberdefense.standardof.net\/wp-content\/uploads\/sites\/5\/2020\/10\/iBomber-Defense-Level-14-Germany-The-Final-Fight-6.jpg",1280,720,false],"thumbnail":["https:\/\/ibomberdefense.standardof.net\/wp-content\/uploads\/sites\/5\/2020\/10\/iBomber-Defense-Level-14-Germany-The-Final-Fight-6-200x113.jpg",200,113,true],"medium":["https:\/\/ibomberdefense.standardof.net\/wp-content\/uploads\/sites\/5\/2020\/10\/iBomber-Defense-Level-14-Germany-The-Final-Fight-6-512x288.jpg",512,288,true],"medium_large":["https:\/\/ibomberdefense.standardof.net\/wp-content\/uploads\/sites\/5\/2020\/10\/iBomber-Defense-Level-14-Germany-The-Final-Fight-6-768x432.jpg",768,432,true],"large":["https:\/\/ibomberdefense.standardof.net\/wp-content\/uploads\/sites\/5\/2020\/10\/iBomber-Defense-Level-14-Germany-The-Final-Fight-6-800x450.jpg",800,450,true],"1536x1536":["https:\/\/ibomberdefense.standardof.net\/wp-content\/uploads\/sites\/5\/2020\/10\/iBomber-Defense-Level-14-Germany-The-Final-Fight-6.jpg",1280,720,false],"2048x2048":["https:\/\/ibomberdefense.standardof.net\/wp-content\/uploads\/sites\/5\/2020\/10\/iBomber-Defense-Level-14-Germany-The-Final-Fight-6.jpg",1280,720,false],"trp-custom-language-flag":["https:\/\/ibomberdefense.standardof.net\/wp-content\/uploads\/sites\/5\/2020\/10\/iBomber-Defense-Level-14-Germany-The-Final-Fight-6-16x9.jpg",16,9,true]},"uagb_author_info":{"display_name":"SOE","author_link":"https:\/\/ibomberdefense.standardof.net\/vi\/author\/k-tastic\/"},"uagb_comment_info":0,"uagb_excerpt":"The Germany level is the final mission for you to overcome in the Allied campaign, serving you the greatest challenge so far. Here you will be facing all three types of units at once, aircraft, naval vessels and ground units galore. This combined with the bombed out city making it difficult to place turrets, it&hellip;","_links":{"self":[{"href":"https:\/\/ibomberdefense.standardof.net\/vi\/wp-json\/wp\/v2\/pages\/304"}],"collection":[{"href":"https:\/\/ibomberdefense.standardof.net\/vi\/wp-json\/wp\/v2\/pages"}],"about":[{"href":"https:\/\/ibomberdefense.standardof.net\/vi\/wp-json\/wp\/v2\/types\/page"}],"author":[{"embeddable":true,"href":"https:\/\/ibomberdefense.standardof.net\/vi\/wp-json\/wp\/v2\/users\/1"}],"replies":[{"embeddable":true,"href":"https:\/\/ibomberdefense.standardof.net\/vi\/wp-json\/wp\/v2\/comments?post=304"}],"version-history":[{"count":0,"href":"https:\/\/ibomberdefense.standardof.net\/vi\/wp-json\/wp\/v2\/pages\/304\/revisions"}],"up":[{"embeddable":true,"href":"https:\/\/ibomberdefense.standardof.net\/vi\/wp-json\/wp\/v2\/pages\/266"}],"wp:featuredmedia":[{"embeddable":true,"href":"https:\/\/ibomberdefense.standardof.net\/vi\/wp-json\/wp\/v2\/media\/76"}],"wp:attachment":[{"href":"https:\/\/ibomberdefense.standardof.net\/vi\/wp-json\/wp\/v2\/media?parent=304"}],"curies":[{"name":"wp","href":"https:\/\/api.w.org\/{rel}","templated":true}]}}