{"id":321,"date":"2020-10-19T07:16:19","date_gmt":"2020-10-19T07:16:19","guid":{"rendered":"https:\/\/ibomberdefense.standardof.net\/?page_id=321"},"modified":"2020-10-19T08:05:03","modified_gmt":"2020-10-19T08:05:03","slug":"1-northern-europe-valhalla","status":"publish","type":"page","link":"https:\/\/ibomberdefense.standardof.net\/vi\/guide\/chien-dich-truc\/1-bac-au-valhalla\/","title":{"rendered":"1. B\u1eafc \u00c2u: Valhalla"},"content":{"rendered":"<div class=\"wp-block-image\"><figure class=\"aligncenter size-large\"><a href=\"https:\/\/ibomberdefense.standardof.net\/vi\/guide\/chien-dich-truc\/1-bac-au-valhalla\/ibomber-defense-axis-campaign-01-northern-europe-valhalla-1\/\"><img decoding=\"async\" width=\"800\" height=\"450\" src=\"https:\/\/ibomberdefense.standardof.net\/wp-content\/uploads\/sites\/5\/2020\/10\/iBomber-Defense-Axis-Campaign-01.-Northern-Europe-Valhalla-1-800x450.jpg\" alt=\"&quot;iBomber Defense&quot; - Chi\u1ebfn d\u1ecbch Tr\u1ee5c - 01. B\u1eafc \u00c2u: Valhalla (1)\" class=\"wp-image-77\" title=\"\" srcset=\"https:\/\/ibomberdefense.standardof.net\/wp-content\/uploads\/sites\/5\/2020\/10\/iBomber-Defense-Axis-Campaign-01.-Northern-Europe-Valhalla-1-800x450.jpg 800w, https:\/\/ibomberdefense.standardof.net\/wp-content\/uploads\/sites\/5\/2020\/10\/iBomber-Defense-Axis-Campaign-01.-Northern-Europe-Valhalla-1-512x288.jpg 512w, https:\/\/ibomberdefense.standardof.net\/wp-content\/uploads\/sites\/5\/2020\/10\/iBomber-Defense-Axis-Campaign-01.-Northern-Europe-Valhalla-1-200x113.jpg 200w, https:\/\/ibomberdefense.standardof.net\/wp-content\/uploads\/sites\/5\/2020\/10\/iBomber-Defense-Axis-Campaign-01.-Northern-Europe-Valhalla-1-768x432.jpg 768w, https:\/\/ibomberdefense.standardof.net\/wp-content\/uploads\/sites\/5\/2020\/10\/iBomber-Defense-Axis-Campaign-01.-Northern-Europe-Valhalla-1-16x9.jpg 16w, https:\/\/ibomberdefense.standardof.net\/wp-content\/uploads\/sites\/5\/2020\/10\/iBomber-Defense-Axis-Campaign-01.-Northern-Europe-Valhalla-1.jpg 1280w\" sizes=\"(max-width: 800px) 100vw, 800px\" \/><\/a><figcaption>B\u1ea3n \u0111\u1ed3 c\u00e1c tuy\u1ebfn \u0111\u01b0\u1eddng b\u1ecb k\u1ebb th\u00f9 th\u1ef1c hi\u1ec7n \u1edf c\u1ea5p Tr\u1ee5c B\u1eafc \u00c2u - Valhalla<\/figcaption><\/figure><\/div>\n\n\n\n<p>C\u1ea5p \u0111\u1ed9 \u0111\u1ea7u ti\u00ean trong chi\u1ebfn d\u1ecbch Axis \u0111\u01b0a ch\u00fang ta tr\u1edf l\u1ea1i m\u1ed9t trong nh\u1eefng l\u00e3nh th\u1ed5 \u0111\u00e3 b\u1ecb chinh ph\u1ee5c tr\u01b0\u1edbc \u0111\u00e2y, b\u1eaft \u0111\u1ea7u m\u1ed9t lo\u1ea1t nh\u1eefng kh\u00fac quanh m\u1edbi tr\u00ean c\u00e1c khu v\u1ef1c c\u0169 hi\u1ec7n di\u1ec7n trong ph\u1ea7n n\u00e0y c\u1ee7a tr\u00f2 ch\u01a1i. Kh\u00f4ng ph\u1ea3i t\u1ea5t c\u1ea3 c\u00e1c c\u1ea5p \u0111\u1ed9 \u0111\u1ec1u l\u1eb7p l\u1ea1i v\u00e0 m\u1ed9t s\u1ed1 c\u1ea5p \u0111\u1ed9 \u0111\u00e3 \u0111\u01b0\u1ee3c thay \u0111\u1ed5i \u0111\u00e1ng k\u1ec3 ngo\u00e0i nh\u1eefng \u0111\u1ee3t s\u00f3ng t\u1ea5n c\u00f4ng ho\u1eb7c th\u00e1p ph\u00e1o theo \u00fd c\u1ee7a b\u1ea1n.<\/p>\n\n\n\n<p>L\u1ea7n n\u00e0y \u1edf B\u1eafc \u00c2u, Valhalla b\u1ea1n \u0111ang ph\u1ea3i \u0111\u1ed1i m\u1eb7t v\u1edbi m\u1ed1i \u0111e d\u1ecda nh\u1eb9 h\u01a1n \u0111\u00e1ng k\u1ec3 t\u1eeb 20 l\u00e0n s\u00f3ng t\u00e0u h\u1ea3i qu\u00e2n nh\u1eb9 h\u01a1n m\u00e0 kh\u00f4ng c\u00f3 b\u1ea5t k\u1ef3 s\u1ef1 h\u1ed7 tr\u1ee3 n\u00e0o c\u1ee7a kh\u00f4ng qu\u00e2n. T\u1ea1i th\u1eddi \u0111i\u1ec3m n\u00e0y, b\u1ea1n c\u0169ng b\u1ecb gi\u1edbi h\u1ea1n \u1edf c\u1ea5p 2 S\u00fang m\u00e1y v\u00e0 \u0110\u1ea1i b\u00e1c. \u0110\u1ecbch \u0111i m\u1ed9t con \u0111\u01b0\u1eddng duy nh\u1ea5t t\u1eeb ph\u00eda t\u00e2y l\u00ean qua d\u1ea3i n\u01b0\u1edbc ch\u1ea3y gi\u1eefa \u0111\u1ea3o l\u1edbn v\u00e0 b\u00e1n \u0111\u1ea3o h\u1eefu ng\u1ea1n.<\/p>\n\n\n\n<h3 class=\"wp-block-heading\"><strong>V\u1ecb tr\u00ed th\u00e1p ph\u00e1o<\/strong><\/h3>\n\n\n\n<p>Vi\u1ec7c \u0111\u1eb7t c\u00e1c th\u00e1p ph\u00e1o c\u1ee7a b\u1ea1n \u1edf \u0111\u00e2y kh\u00e1 \u0111\u01a1n gi\u1ea3n khi x\u00e9t \u0111\u1ebfn \u0111\u1ed9 kh\u00f3 th\u1ea5p v\u00e0 s\u1ed1 l\u01b0\u1ee3ng s\u00f3ng gi\u1edbi h\u1ea1n trong c\u1ea5p \u0111\u1ed9 n\u00e0y. C\u00e1c \u0111\u1ee3t 1\u201310 n\u00ean t\u1eadp trung v\u00e0o vi\u1ec7c x\u00e2y d\u1ef1ng 5 th\u00e1p s\u00fang M\u00e1y c\u1ea5p 2 d\u1ecdc theo ph\u00eda \u0111\u00f4ng nam c\u1ee7a h\u00f2n \u0111\u1ea3o trung t\u00e2m \u1edf nh\u1eefng \u0111i\u1ec3m m\u00e0 ch\u00fang c\u00f3 th\u1ec3 bao qu\u00e1t t\u1ed1t nh\u1ea5t tr\u00ean \u0111\u01b0\u1eddng \u0111i c\u1ee7a \u0111\u1ed1i ph\u01b0\u01a1ng.<\/p>\n\n\n\n<p>C\u00e1c Waves 10 \u0111\u1ebfn 20 c\u00f3 th\u1ec3 \u0111\u01b0\u1ee3c t\u1eadp trung v\u00e0o vi\u1ec7c b\u1ed5 sung th\u00eam 3 kh\u1ea9u \u0110\u1ea1i b\u00e1c tr\u1ea3i d\u1ecdc theo c\u00f9ng m\u1ed9t tuy\u1ebfn m\u00e0 c\u00e1c th\u00e1p ph\u00e1o MG \u0111\u01b0\u1ee3c x\u1ebfp ch\u1ed1ng l\u1ea1i \u0111\u1ec3 cung c\u1ea5p th\u00eam h\u1ecfa l\u1ef1c ch\u1ed1ng l\u1ea1i c\u00e1c t\u00e0u h\u1ea3i qu\u00e2n b\u1ecdc th\u00e9p c\u1ee9ng h\u01a1n. B\u1ea1n n\u00ean c\u00f3 \u0111\u1ee7 \u0111\u1ec3 n\u00e2ng c\u1ea5p \u00edt nh\u1ea5t m\u1ed9t l\u00ean c\u1ea5p hai, nh\u01b0ng h\u00e3y \u0111\u1eb7t c\u1ea3 ba tr\u01b0\u1edbc khi l\u00e0m nh\u01b0 v\u1eady v\u00ec t\u1ed1c \u0111\u1ed9 b\u1eafn th\u1ea5p c\u1ee7a ch\u00fang \u0111\u01b0\u1ee3c b\u00f9 \u0111\u1eafp b\u1eb1ng nhi\u1ec1u s\u00fang.<\/p>\n\n\n\n<figure class=\"wp-block-gallery columns-2 is-cropped wp-block-gallery-1 is-layout-flex wp-block-gallery-is-layout-flex\"><ul class=\"blocks-gallery-grid\"><li class=\"blocks-gallery-item\"><figure><a href=\"https:\/\/ibomberdefense.standardof.net\/vi\/guide\/chien-dich-truc\/1-bac-au-valhalla\/ibomber-defense-axis-campaign-01-northern-europe-valhalla-2\/\"><img decoding=\"async\" width=\"800\" height=\"450\" src=\"https:\/\/ibomberdefense.standardof.net\/wp-content\/uploads\/sites\/5\/2020\/10\/iBomber-Defense-Axis-Campaign-01.-Northern-Europe-Valhalla-2-800x450.jpg\" alt=\"&quot;iBomber Defense&quot; - Chi\u1ebfn d\u1ecbch Tr\u1ee5c - 01. B\u1eafc \u00c2u: Valhalla (2)\" data-id=\"78\" data-full-url=\"https:\/\/ibomberdefense.standardof.net\/wp-content\/uploads\/sites\/5\/2020\/10\/iBomber-Defense-Axis-Campaign-01.-Northern-Europe-Valhalla-2.jpg\" data-link=\"https:\/\/ibomberdefense.standardof.net\/guide\/axis-campaign\/1-northern-europe-valhalla\/ibomber-defense-axis-campaign-01-northern-europe-valhalla-2\/\" class=\"wp-image-78\" title=\"\" srcset=\"https:\/\/ibomberdefense.standardof.net\/wp-content\/uploads\/sites\/5\/2020\/10\/iBomber-Defense-Axis-Campaign-01.-Northern-Europe-Valhalla-2-800x450.jpg 800w, https:\/\/ibomberdefense.standardof.net\/wp-content\/uploads\/sites\/5\/2020\/10\/iBomber-Defense-Axis-Campaign-01.-Northern-Europe-Valhalla-2-512x288.jpg 512w, https:\/\/ibomberdefense.standardof.net\/wp-content\/uploads\/sites\/5\/2020\/10\/iBomber-Defense-Axis-Campaign-01.-Northern-Europe-Valhalla-2-200x113.jpg 200w, https:\/\/ibomberdefense.standardof.net\/wp-content\/uploads\/sites\/5\/2020\/10\/iBomber-Defense-Axis-Campaign-01.-Northern-Europe-Valhalla-2-768x432.jpg 768w, https:\/\/ibomberdefense.standardof.net\/wp-content\/uploads\/sites\/5\/2020\/10\/iBomber-Defense-Axis-Campaign-01.-Northern-Europe-Valhalla-2-16x9.jpg 16w, https:\/\/ibomberdefense.standardof.net\/wp-content\/uploads\/sites\/5\/2020\/10\/iBomber-Defense-Axis-Campaign-01.-Northern-Europe-Valhalla-2.jpg 1280w\" sizes=\"(max-width: 800px) 100vw, 800px\" \/><\/a><figcaption class=\"blocks-gallery-item__caption\">V\u1ecb tr\u00ed th\u00e1p ph\u00e1o s\u00f3ng 10.<\/figcaption><\/figure><\/li><li class=\"blocks-gallery-item\"><figure><a href=\"https:\/\/ibomberdefense.standardof.net\/vi\/guide\/chien-dich-truc\/1-bac-au-valhalla\/ibomber-defense-axis-campaign-01-northern-europe-valhalla-3\/\"><img decoding=\"async\" width=\"800\" height=\"450\" src=\"https:\/\/ibomberdefense.standardof.net\/wp-content\/uploads\/sites\/5\/2020\/10\/iBomber-Defense-Axis-Campaign-01.-Northern-Europe-Valhalla-3-800x450.jpg\" alt=\"&quot;iBomber Defense&quot; - Chi\u1ebfn d\u1ecbch Tr\u1ee5c - 01. B\u1eafc \u00c2u: Valhalla (3)\" data-id=\"79\" data-full-url=\"https:\/\/ibomberdefense.standardof.net\/wp-content\/uploads\/sites\/5\/2020\/10\/iBomber-Defense-Axis-Campaign-01.-Northern-Europe-Valhalla-3.jpg\" data-link=\"https:\/\/ibomberdefense.standardof.net\/guide\/axis-campaign\/1-northern-europe-valhalla\/ibomber-defense-axis-campaign-01-northern-europe-valhalla-3\/\" class=\"wp-image-79\" title=\"\" srcset=\"https:\/\/ibomberdefense.standardof.net\/wp-content\/uploads\/sites\/5\/2020\/10\/iBomber-Defense-Axis-Campaign-01.-Northern-Europe-Valhalla-3-800x450.jpg 800w, https:\/\/ibomberdefense.standardof.net\/wp-content\/uploads\/sites\/5\/2020\/10\/iBomber-Defense-Axis-Campaign-01.-Northern-Europe-Valhalla-3-512x288.jpg 512w, https:\/\/ibomberdefense.standardof.net\/wp-content\/uploads\/sites\/5\/2020\/10\/iBomber-Defense-Axis-Campaign-01.-Northern-Europe-Valhalla-3-200x113.jpg 200w, https:\/\/ibomberdefense.standardof.net\/wp-content\/uploads\/sites\/5\/2020\/10\/iBomber-Defense-Axis-Campaign-01.-Northern-Europe-Valhalla-3-768x432.jpg 768w, https:\/\/ibomberdefense.standardof.net\/wp-content\/uploads\/sites\/5\/2020\/10\/iBomber-Defense-Axis-Campaign-01.-Northern-Europe-Valhalla-3-16x9.jpg 16w, https:\/\/ibomberdefense.standardof.net\/wp-content\/uploads\/sites\/5\/2020\/10\/iBomber-Defense-Axis-Campaign-01.-Northern-Europe-Valhalla-3.jpg 1280w\" sizes=\"(max-width: 800px) 100vw, 800px\" \/><\/a><figcaption class=\"blocks-gallery-item__caption\">V\u1ecb tr\u00ed th\u00e1p ph\u00e1o c\u1ee7a Wave 20.<\/figcaption><\/figure><\/li><\/ul><\/figure>\n\n\n\n<h3 class=\"wp-block-heading\"><strong>Chi ti\u00eau \u0111i\u1ec3m chi\u1ebfn th\u1eafng<\/strong><\/h3>\n\n\n\n<p>Sine, ch\u00fang ta b\u1eaft \u0111\u1ea7u l\u1ea1i m\u1ed9t l\u1ea7n n\u1eefa ch\u1ec9 v\u1edbi \u0110\u1ea1i b\u00e1c c\u1ea5p 2 v\u00e0 S\u00fang m\u00e1y, \u0111\u00e3 \u0111\u1ebfn l\u00fac b\u1eaft \u0111\u1ea7u m\u1edf kh\u00f3a t\u1ea5t c\u1ea3 c\u00e1c n\u00e2ng c\u1ea5p c\u00f3 s\u1eb5n m\u1ed9t l\u1ea7n n\u1eefa trong chi\u1ebfn d\u1ecbch Axis. V\u00ec s\u1ed1 ti\u1ec1n c\u00f3 h\u1ea1n m\u00e0 kh\u00f4ng c\u00f3 l\u00e3i su\u1ea5t, h\u00e3y \u0111\u1eb7t m\u1ed9t \u0111i\u1ec3m v\u00e0o kh\u1ea3 n\u0103ng Mua \u0111\u1ec3 nh\u1eadn th\u00eam ti\u1ec1n ban \u0111\u1ea7u v\u00e0 m\u1ed9t \u0111i\u1ec3m kh\u00e1c v\u00e0o S\u00fang m\u00e1y \u0111\u1ec3 m\u1edf kh\u00f3a c\u1ea5p \u0111\u1ed9 3.<\/p>\n\n\n\n<p>Th\u1ee9 h\u1ea1ng hi\u1ec7n t\u1ea1i c\u1ee7a c\u00e1c v\u1eadt ph\u1ea9m \u0111\u00e3 m\u1edf kh\u00f3a l\u00e0:<br>S\u00fang m\u00e1y 3, Ph\u00e1o 2, Ph\u00f2ng kh\u00f4ng 1, Mua 1<\/p>\n\n\n\n<hr class=\"wp-block-separator\"\/>\n\n\n\n<h4 class=\"has-text-align-center wp-block-heading\">H\u01b0\u1edbng d\u1eabn Video<\/h4>\n\n\n\n<figure class=\"wp-block-embed-youtube wp-block-embed is-type-video is-provider-youtube wp-embed-aspect-16-9 wp-has-aspect-ratio\"><div class=\"wp-block-embed__wrapper\">\n<div class=\"ast-oembed-container\" style=\"height: 100%;\"><iframe title=\"iBomber Defense - B\u1eafc \u00c2u - Valhalla - C\u1ef1u chi\u1ebfn binh + Ho\u00e0n h\u1ea3o\" width=\"500\" height=\"281\" src=\"https:\/\/www.youtube.com\/embed\/nha1AToCtFI?feature=oembed\" frameborder=\"0\" allow=\"accelerometer; autoplay; clipboard-write; encrypted-media; gyroscope; picture-in-picture; web-share\" referrerpolicy=\"strict-origin-when-cross-origin\" allowfullscreen><\/iframe><\/div>\n<\/div><\/figure>","protected":false},"excerpt":{"rendered":"<p>The first level in the Axis campaign takes us back to one of the previously conquered territories beginning the series of new twists on old areas that are present in this portion of the game. Not all levels are repeats and some that are have changed significantly beyond just the waves that attack or the [&hellip;]<\/p>","protected":false},"author":1,"featured_media":79,"parent":268,"menu_order":1,"comment_status":"open","ping_status":"closed","template":"","meta":{"_uag_custom_page_level_css":"","site-sidebar-layout":"default","site-content-layout":"default","ast-site-content-layout":"","site-content-style":"default","site-sidebar-style":"default","ast-global-header-display":"","ast-banner-title-visibility":"","ast-main-header-display":"","ast-hfb-above-header-display":"","ast-hfb-below-header-display":"","ast-hfb-mobile-header-display":"","site-post-title":"","ast-breadcrumbs-content":"","ast-featured-img":"","footer-sml-layout":"","theme-transparent-header-meta":"default","adv-header-id-meta":"","stick-header-meta":"","header-above-stick-meta":"","header-main-stick-meta":"","header-below-stick-meta":"","astra-migrate-meta-layouts":"default","ast-page-background-enabled":"default","ast-page-background-meta":{"desktop":{"background-color":"","background-image":"","background-repeat":"repeat","background-position":"center center","background-size":"auto","background-attachment":"scroll","background-type":"","background-media":"","overlay-type":"","overlay-color":"","overlay-gradient":""},"tablet":{"background-color":"","background-image":"","background-repeat":"repeat","background-position":"center center","background-size":"auto","background-attachment":"scroll","background-type":"","background-media":"","overlay-type":"","overlay-color":"","overlay-gradient":""},"mobile":{"background-color":"","background-image":"","background-repeat":"repeat","background-position":"center center","background-size":"auto","background-attachment":"scroll","background-type":"","background-media":"","overlay-type":"","overlay-color":"","overlay-gradient":""}},"ast-content-background-meta":{"desktop":{"background-color":"var(--ast-global-color-5)","background-image":"","background-repeat":"repeat","background-position":"center center","background-size":"auto","background-attachment":"scroll","background-type":"","background-media":"","overlay-type":"","overlay-color":"","overlay-gradient":""},"tablet":{"background-color":"var(--ast-global-color-5)","background-image":"","background-repeat":"repeat","background-position":"center center","background-size":"auto","background-attachment":"scroll","background-type":"","background-media":"","overlay-type":"","overlay-color":"","overlay-gradient":""},"mobile":{"background-color":"var(--ast-global-color-5)","background-image":"","background-repeat":"repeat","background-position":"center center","background-size":"auto","background-attachment":"scroll","background-type":"","background-media":"","overlay-type":"","overlay-color":"","overlay-gradient":""}},"footnotes":""},"uagb_featured_image_src":{"full":["https:\/\/ibomberdefense.standardof.net\/wp-content\/uploads\/sites\/5\/2020\/10\/iBomber-Defense-Axis-Campaign-01.-Northern-Europe-Valhalla-3.jpg",1280,720,false],"thumbnail":["https:\/\/ibomberdefense.standardof.net\/wp-content\/uploads\/sites\/5\/2020\/10\/iBomber-Defense-Axis-Campaign-01.-Northern-Europe-Valhalla-3-200x113.jpg",200,113,true],"medium":["https:\/\/ibomberdefense.standardof.net\/wp-content\/uploads\/sites\/5\/2020\/10\/iBomber-Defense-Axis-Campaign-01.-Northern-Europe-Valhalla-3-512x288.jpg",512,288,true],"medium_large":["https:\/\/ibomberdefense.standardof.net\/wp-content\/uploads\/sites\/5\/2020\/10\/iBomber-Defense-Axis-Campaign-01.-Northern-Europe-Valhalla-3-768x432.jpg",768,432,true],"large":["https:\/\/ibomberdefense.standardof.net\/wp-content\/uploads\/sites\/5\/2020\/10\/iBomber-Defense-Axis-Campaign-01.-Northern-Europe-Valhalla-3-800x450.jpg",800,450,true],"1536x1536":["https:\/\/ibomberdefense.standardof.net\/wp-content\/uploads\/sites\/5\/2020\/10\/iBomber-Defense-Axis-Campaign-01.-Northern-Europe-Valhalla-3.jpg",1280,720,false],"2048x2048":["https:\/\/ibomberdefense.standardof.net\/wp-content\/uploads\/sites\/5\/2020\/10\/iBomber-Defense-Axis-Campaign-01.-Northern-Europe-Valhalla-3.jpg",1280,720,false],"trp-custom-language-flag":["https:\/\/ibomberdefense.standardof.net\/wp-content\/uploads\/sites\/5\/2020\/10\/iBomber-Defense-Axis-Campaign-01.-Northern-Europe-Valhalla-3-16x9.jpg",16,9,true]},"uagb_author_info":{"display_name":"SOE","author_link":"https:\/\/ibomberdefense.standardof.net\/vi\/author\/k-tastic\/"},"uagb_comment_info":0,"uagb_excerpt":"The first level in the Axis campaign takes us back to one of the previously conquered territories beginning the series of new twists on old areas that are present in this portion of the game. Not all levels are repeats and some that are have changed significantly beyond just the waves that attack or the&hellip;","_links":{"self":[{"href":"https:\/\/ibomberdefense.standardof.net\/vi\/wp-json\/wp\/v2\/pages\/321"}],"collection":[{"href":"https:\/\/ibomberdefense.standardof.net\/vi\/wp-json\/wp\/v2\/pages"}],"about":[{"href":"https:\/\/ibomberdefense.standardof.net\/vi\/wp-json\/wp\/v2\/types\/page"}],"author":[{"embeddable":true,"href":"https:\/\/ibomberdefense.standardof.net\/vi\/wp-json\/wp\/v2\/users\/1"}],"replies":[{"embeddable":true,"href":"https:\/\/ibomberdefense.standardof.net\/vi\/wp-json\/wp\/v2\/comments?post=321"}],"version-history":[{"count":0,"href":"https:\/\/ibomberdefense.standardof.net\/vi\/wp-json\/wp\/v2\/pages\/321\/revisions"}],"up":[{"embeddable":true,"href":"https:\/\/ibomberdefense.standardof.net\/vi\/wp-json\/wp\/v2\/pages\/268"}],"wp:featuredmedia":[{"embeddable":true,"href":"https:\/\/ibomberdefense.standardof.net\/vi\/wp-json\/wp\/v2\/media\/79"}],"wp:attachment":[{"href":"https:\/\/ibomberdefense.standardof.net\/vi\/wp-json\/wp\/v2\/media?parent=321"}],"curies":[{"name":"wp","href":"https:\/\/api.w.org\/{rel}","templated":true}]}}