{"id":322,"date":"2020-10-19T07:16:37","date_gmt":"2020-10-19T07:16:37","guid":{"rendered":"https:\/\/ibomberdefense.standardof.net\/?page_id=322"},"modified":"2020-10-19T08:05:07","modified_gmt":"2020-10-19T08:05:07","slug":"2-north-east-europe-lightning-bolt","status":"publish","type":"page","link":"https:\/\/ibomberdefense.standardof.net\/vi\/guide\/chien-dich-truc\/2-dong-bac-chau-au-tia-chop\/","title":{"rendered":"2. \u0110\u00f4ng B\u1eafc \u00c2u: Tia ch\u1edbp"},"content":{"rendered":"<div class=\"wp-block-image\"><figure class=\"aligncenter size-large\"><a href=\"https:\/\/ibomberdefense.standardof.net\/vi\/guide\/chien-dich-truc\/2-dong-bac-chau-au-tia-chop\/ibomber-defense-axis-campaign-02-north-east-europe-lightning-bolt-1\/\"><img decoding=\"async\" width=\"800\" height=\"450\" src=\"https:\/\/ibomberdefense.standardof.net\/wp-content\/uploads\/sites\/5\/2020\/10\/iBomber-Defense-Axis-Campaign-02.-North-East-Europe-Lightning-Bolt-1-800x450.jpg\" alt=\"&quot;iBomber Defense&quot; - Chi\u1ebfn d\u1ecbch Tr\u1ee5c - 02. \u0110\u00f4ng B\u1eafc \u00c2u: Tia ch\u1edbp (1)\" class=\"wp-image-80\" title=\"\" srcset=\"https:\/\/ibomberdefense.standardof.net\/wp-content\/uploads\/sites\/5\/2020\/10\/iBomber-Defense-Axis-Campaign-02.-North-East-Europe-Lightning-Bolt-1-800x450.jpg 800w, https:\/\/ibomberdefense.standardof.net\/wp-content\/uploads\/sites\/5\/2020\/10\/iBomber-Defense-Axis-Campaign-02.-North-East-Europe-Lightning-Bolt-1-512x288.jpg 512w, https:\/\/ibomberdefense.standardof.net\/wp-content\/uploads\/sites\/5\/2020\/10\/iBomber-Defense-Axis-Campaign-02.-North-East-Europe-Lightning-Bolt-1-200x113.jpg 200w, https:\/\/ibomberdefense.standardof.net\/wp-content\/uploads\/sites\/5\/2020\/10\/iBomber-Defense-Axis-Campaign-02.-North-East-Europe-Lightning-Bolt-1-768x432.jpg 768w, https:\/\/ibomberdefense.standardof.net\/wp-content\/uploads\/sites\/5\/2020\/10\/iBomber-Defense-Axis-Campaign-02.-North-East-Europe-Lightning-Bolt-1-16x9.jpg 16w, https:\/\/ibomberdefense.standardof.net\/wp-content\/uploads\/sites\/5\/2020\/10\/iBomber-Defense-Axis-Campaign-02.-North-East-Europe-Lightning-Bolt-1.jpg 1280w\" sizes=\"(max-width: 800px) 100vw, 800px\" \/><\/a><figcaption>B\u1ea3n \u0111\u1ed3 c\u00e1c tuy\u1ebfn \u0111\u01b0\u1eddng \u0111\u01b0\u1ee3c th\u1ef1c hi\u1ec7n trong c\u1ea5p Tr\u1ee5c c\u1ee7a \u201ciBomber Defense\u201d, \u0110\u00f4ng B\u1eafc \u00c2u - Tia ch\u1edbp.<\/figcaption><\/figure><\/div>\n\n\n\n<p>Trong c\u1ea5p \u0111\u1ed9 th\u1ee9 hai c\u1ee7a chi\u1ebfn d\u1ecbch phe Tr\u1ee5c, \u0111\u00e3 \u0111\u1ebfn l\u00fac \u0111\u1ed1i m\u1eb7t v\u1edbi c\u00e1c \u0111\u01a1n v\u1ecb m\u1eb7t \u0111\u1ea5t hi\u1ec7n \u0111ang \u1edf \u0110\u00f4ng B\u1eafc \u00c2u, &quot;Tia ch\u1edbp&quot;. \u1ede c\u1ea5p \u0111\u1ed9 n\u00e0y, b\u1ea1n s\u1ebd c\u00f3 nhi\u1ec7m v\u1ee5 \u0111\u1ed1i m\u1eb7t v\u1edbi 30 l\u00e0n s\u00f3ng b\u1ed9 binh, xe c\u1ed9 v\u00e0 xe t\u0103ng ti\u1ebfp c\u1eadn t\u1eeb c\u00e1c con \u0111\u01b0\u1eddng \u0111\u00f4ng b\u1eafc v\u00e0 t\u00e2y b\u1eafc, t\u1eadp trung g\u1ea7n trung t\u00e2m tr\u00ean c\u00f9ng c\u1ee7a b\u1ea3n \u0111\u1ed3 tr\u01b0\u1edbc khi \u0111i v\u00f2ng quanh c\u0103n c\u1ee9, t\u1ea1o th\u00e0nh h\u00ecnh ch\u1eef J.<\/p>\n\n\n\n<p>V\u1ecb tr\u00ed th\u00e1p ph\u00e1o trong c\u1ea5p \u0111\u1ed9 n\u00e0y c\u1ee7a tr\u00f2 ch\u01a1i s\u1ebd t\u1eadp trung v\u00e0o vi\u1ec7c x\u00e2y d\u1ef1ng v\u0169 kh\u00ed tr\u00ean cao nguy\u00ean \u1edf ph\u1ea7n trung t\u00e2m ph\u00eda nam c\u1ee7a b\u1ea3n \u0111\u1ed3, ngay b\u00ean c\u1ea1nh c\u0103n c\u1ee9. Nh\u1eefng kh\u1ea9u s\u00fang \u0111\u01b0\u1ee3c \u0111\u1eb7t \u1edf \u0111\u00e2y s\u1ebd kh\u00f4ng ch\u1ec9 c\u00f3 hi\u1ec7u qu\u1ea3 t\u1ed1t nh\u1ea5t khi ch\u1ed1ng l\u1ea1i c\u00e1c \u0111\u01a1n v\u1ecb ti\u1ebfp c\u1eadn t\u1eeb m\u1ed9t trong hai l\u1ed1i v\u00e0o m\u00e0 c\u00f2n ch\u1ee9ng minh \u0111\u01b0\u1ee3c v\u1ecb tr\u00ed h\u1eefu \u00edch khi c\u00f3 th\u1eddi gian quay tr\u1edf l\u1ea1i c\u1ea5p \u0111\u1ed9 n\u00e0y trong nhi\u1ec7m v\u1ee5 th\u01b0\u1edfng ph\u1ea3n c\u00f4ng s\u1eafp t\u1edbi.<\/p>\n\n\n\n<h3 class=\"wp-block-heading\"><strong>V\u1ecb tr\u00ed th\u00e1p ph\u00e1o<\/strong><\/h3>\n\n\n\n<figure class=\"wp-block-gallery columns-2 is-cropped wp-block-gallery-1 is-layout-flex wp-block-gallery-is-layout-flex\"><ul class=\"blocks-gallery-grid\"><li class=\"blocks-gallery-item\"><figure><a href=\"https:\/\/ibomberdefense.standardof.net\/vi\/guide\/chien-dich-truc\/2-dong-bac-chau-au-tia-chop\/ibomber-defense-axis-campaign-02-north-east-europe-lightning-bolt-2\/\"><img decoding=\"async\" width=\"800\" height=\"450\" src=\"https:\/\/ibomberdefense.standardof.net\/wp-content\/uploads\/sites\/5\/2020\/10\/iBomber-Defense-Axis-Campaign-02.-North-East-Europe-Lightning-Bolt-2-800x450.jpg\" alt=\"&quot;iBomber Defense&quot; - Chi\u1ebfn d\u1ecbch Tr\u1ee5c - 02. \u0110\u00f4ng B\u1eafc \u00c2u: Tia ch\u1edbp (2)\" data-id=\"81\" data-full-url=\"https:\/\/ibomberdefense.standardof.net\/wp-content\/uploads\/sites\/5\/2020\/10\/iBomber-Defense-Axis-Campaign-02.-North-East-Europe-Lightning-Bolt-2.jpg\" data-link=\"https:\/\/ibomberdefense.standardof.net\/guide\/axis-campaign\/2-north-east-europe-lightning-bolt\/ibomber-defense-axis-campaign-02-north-east-europe-lightning-bolt-2\/\" class=\"wp-image-81\" title=\"\" srcset=\"https:\/\/ibomberdefense.standardof.net\/wp-content\/uploads\/sites\/5\/2020\/10\/iBomber-Defense-Axis-Campaign-02.-North-East-Europe-Lightning-Bolt-2-800x450.jpg 800w, https:\/\/ibomberdefense.standardof.net\/wp-content\/uploads\/sites\/5\/2020\/10\/iBomber-Defense-Axis-Campaign-02.-North-East-Europe-Lightning-Bolt-2-512x288.jpg 512w, https:\/\/ibomberdefense.standardof.net\/wp-content\/uploads\/sites\/5\/2020\/10\/iBomber-Defense-Axis-Campaign-02.-North-East-Europe-Lightning-Bolt-2-200x113.jpg 200w, https:\/\/ibomberdefense.standardof.net\/wp-content\/uploads\/sites\/5\/2020\/10\/iBomber-Defense-Axis-Campaign-02.-North-East-Europe-Lightning-Bolt-2-768x432.jpg 768w, https:\/\/ibomberdefense.standardof.net\/wp-content\/uploads\/sites\/5\/2020\/10\/iBomber-Defense-Axis-Campaign-02.-North-East-Europe-Lightning-Bolt-2-16x9.jpg 16w, https:\/\/ibomberdefense.standardof.net\/wp-content\/uploads\/sites\/5\/2020\/10\/iBomber-Defense-Axis-Campaign-02.-North-East-Europe-Lightning-Bolt-2.jpg 1280w\" sizes=\"(max-width: 800px) 100vw, 800px\" \/><\/a><figcaption class=\"blocks-gallery-item__caption\">V\u1ecb tr\u00ed th\u00e1p ph\u00e1o \u1edf cu\u1ed1i s\u00f3ng 10.<\/figcaption><\/figure><\/li><li class=\"blocks-gallery-item\"><figure><a href=\"https:\/\/ibomberdefense.standardof.net\/vi\/guide\/chien-dich-truc\/2-dong-bac-chau-au-tia-chop\/ibomber-defense-axis-campaign-02-north-east-europe-lightning-bolt-3\/\"><img decoding=\"async\" width=\"800\" height=\"450\" src=\"https:\/\/ibomberdefense.standardof.net\/wp-content\/uploads\/sites\/5\/2020\/10\/iBomber-Defense-Axis-Campaign-02.-North-East-Europe-Lightning-Bolt-3-800x450.jpg\" alt=\"&quot;iBomber Defense&quot; - Chi\u1ebfn d\u1ecbch Tr\u1ee5c - 02. \u0110\u00f4ng B\u1eafc \u00c2u: Tia ch\u1edbp (3)\" data-id=\"82\" data-full-url=\"https:\/\/ibomberdefense.standardof.net\/wp-content\/uploads\/sites\/5\/2020\/10\/iBomber-Defense-Axis-Campaign-02.-North-East-Europe-Lightning-Bolt-3.jpg\" data-link=\"https:\/\/ibomberdefense.standardof.net\/guide\/axis-campaign\/2-north-east-europe-lightning-bolt\/ibomber-defense-axis-campaign-02-north-east-europe-lightning-bolt-3\/\" class=\"wp-image-82\" title=\"\" srcset=\"https:\/\/ibomberdefense.standardof.net\/wp-content\/uploads\/sites\/5\/2020\/10\/iBomber-Defense-Axis-Campaign-02.-North-East-Europe-Lightning-Bolt-3-800x450.jpg 800w, https:\/\/ibomberdefense.standardof.net\/wp-content\/uploads\/sites\/5\/2020\/10\/iBomber-Defense-Axis-Campaign-02.-North-East-Europe-Lightning-Bolt-3-512x288.jpg 512w, https:\/\/ibomberdefense.standardof.net\/wp-content\/uploads\/sites\/5\/2020\/10\/iBomber-Defense-Axis-Campaign-02.-North-East-Europe-Lightning-Bolt-3-200x113.jpg 200w, https:\/\/ibomberdefense.standardof.net\/wp-content\/uploads\/sites\/5\/2020\/10\/iBomber-Defense-Axis-Campaign-02.-North-East-Europe-Lightning-Bolt-3-768x432.jpg 768w, https:\/\/ibomberdefense.standardof.net\/wp-content\/uploads\/sites\/5\/2020\/10\/iBomber-Defense-Axis-Campaign-02.-North-East-Europe-Lightning-Bolt-3-16x9.jpg 16w, https:\/\/ibomberdefense.standardof.net\/wp-content\/uploads\/sites\/5\/2020\/10\/iBomber-Defense-Axis-Campaign-02.-North-East-Europe-Lightning-Bolt-3.jpg 1280w\" sizes=\"(max-width: 800px) 100vw, 800px\" \/><\/a><figcaption class=\"blocks-gallery-item__caption\">V\u1ecb tr\u00ed th\u00e1p ph\u00e1o \u1edf cu\u1ed1i l\u00e0n s\u00f3ng 20.<\/figcaption><\/figure><\/li><\/ul><\/figure>\n\n\n\n<p>B\u1eaft \u0111\u1ea7u t\u1eeb c\u1ea5p \u0111\u1ed9 n\u00e0y v\u00e0 \u0111i l\u00ean qua l\u00e0n s\u00f3ng k\u1ebb th\u00f9 th\u1ee9 m\u01b0\u1eddi, v\u1ecb tr\u00ed th\u00e1p ph\u00e1o c\u1ee7a b\u1ea1n n\u00ean t\u1eadp trung v\u00e0o vi\u1ec7c c\u00f3 \u0111\u01b0\u1ee3c 3 th\u00e1p s\u00fang M\u00e1y c\u1ea5p ba \u0111\u01b0\u1ee3c \u0111\u1eb7t d\u1ecdc theo r\u00eca c\u1ee7a cao nguy\u00ean \u0111\u01b0\u1ee3c \u0111\u1ec1 c\u1eadp \u1edf tr\u00ean. Cu\u1ed1i c\u00f9ng, x\u00e2y d\u1ef1ng ph\u1ea7n th\u1ee9 t\u01b0 \u1edf \u0111i\u1ec3m m\u1edf gi\u1eefa v\u00e1ch \u0111\u00e1 v\u00e0 con \u0111\u01b0\u1eddng (xem h\u00ecnh th\u1ee9 hai b\u00ean ph\u1ea3i) \u0111\u1ec3 x\u1eed l\u00fd c\u00e1c \u0111\u01a1n v\u1ecb nh\u1eb9 h\u01a1n ban \u0111\u1ea7u.<\/p>\n\n\n\n<p>Khi b\u1ea1n ti\u1ebfn \u0111\u1ebfn v\u00f9ng v\u1eaby 20, h\u00e3y \u0111\u1ea3m b\u1ea3o r\u1eb1ng t\u1ea5t c\u1ea3 b\u1ed1n S\u00fang m\u00e1y b\u1ea1n \u0111\u00e3 \u0111\u1eb7t \u0111\u1ec1u \u1edf c\u1ea5p 3 v\u00e0 b\u1eaft \u0111\u1ea7u x\u00e2y d\u1ef1ng m\u1ed9t b\u1ed9 ba th\u00e1p ph\u00e1o trong c\u00e1c kh\u00f4ng gian m\u1edf c\u00f2n l\u1ea1i c\u1ee7a cao nguy\u00ean n\u00e0y. C\u1ed1 g\u1eafng n\u00e2ng c\u1ea5p m\u1ed9t trong nh\u1eefng kh\u1ea9u \u0110\u1ea1i b\u00e1c n\u00e0y l\u00ean c\u1ea5p \u0111\u1ed9 th\u1ee9 hai.<\/p>\n\n\n\n<p>T\u1eeb l\u00e0n s\u00f3ng 20 \u0111\u1ebfn l\u00e0n s\u00f3ng cu\u1ed1i c\u00f9ng, h\u00e3y l\u1ea5y t\u1ea5t c\u1ea3 Ph\u00e1o c\u1ee7a b\u1ea1n l\u00ean c\u1ea5p th\u1ee9 hai v\u00e0 t\u00ecm m\u1ed9t v\u1ecb tr\u00ed kh\u00e1c \u0111\u1ec3 \u0111\u1eb7t S\u00fang m\u00e1y c\u1ea5p 2 v\u00e0 Ph\u00e1o c\u1ea5p 1, \u0111\u00e2y s\u1ebd l\u00e0 nh\u1eefng v\u1eadt ph\u1ea9m cu\u1ed1i c\u00f9ng b\u1ea1n ch\u1ebf t\u1ea1o. M\u1eb7c d\u00f9 b\u1ee9c \u1ea3nh cu\u1ed1i c\u00f9ng cho th\u1ea5y ch\u00fang \u0111\u01b0\u1ee3c \u0111\u1eb7t \u1edf n\u01a1i g\u1eb7p nhau c\u1ee7a hai l\u1ed1i v\u00e0o, nh\u01b0ng vi\u1ec7c \u0111\u1eb7t ch\u00fang v\u1ec1 ph\u00eda nam gi\u1eefa b\u00ecnh nguy\u00ean b\u00ean ph\u1ea3i v\u00e0 con \u0111\u01b0\u1eddng ch\u00ednh s\u1ebd gi\u00fap ch\u00fang hi\u1ec7u qu\u1ea3 h\u01a1n trong cu\u1ed9c ph\u1ea3n c\u00f4ng, m\u1eb7c d\u00f9 kh\u00f4ng c\u1ea7n thi\u1ebft.<\/p>\n\n\n\n<div class=\"wp-block-image\"><figure class=\"aligncenter size-large\"><a href=\"https:\/\/ibomberdefense.standardof.net\/vi\/guide\/chien-dich-truc\/2-dong-bac-chau-au-tia-chop\/ibomber-defense-axis-campaign-02-north-east-europe-lightning-bolt-4\/\"><img decoding=\"async\" width=\"800\" height=\"450\" src=\"https:\/\/ibomberdefense.standardof.net\/wp-content\/uploads\/sites\/5\/2020\/10\/iBomber-Defense-Axis-Campaign-02.-North-East-Europe-Lightning-Bolt-4-800x450.jpg\" alt=\"&quot;iBomber Defense&quot; - Chi\u1ebfn d\u1ecbch Tr\u1ee5c - 02. \u0110\u00f4ng B\u1eafc \u00c2u: Tia ch\u1edbp (4)\" class=\"wp-image-83\" title=\"\" srcset=\"https:\/\/ibomberdefense.standardof.net\/wp-content\/uploads\/sites\/5\/2020\/10\/iBomber-Defense-Axis-Campaign-02.-North-East-Europe-Lightning-Bolt-4-800x450.jpg 800w, https:\/\/ibomberdefense.standardof.net\/wp-content\/uploads\/sites\/5\/2020\/10\/iBomber-Defense-Axis-Campaign-02.-North-East-Europe-Lightning-Bolt-4-512x288.jpg 512w, https:\/\/ibomberdefense.standardof.net\/wp-content\/uploads\/sites\/5\/2020\/10\/iBomber-Defense-Axis-Campaign-02.-North-East-Europe-Lightning-Bolt-4-200x113.jpg 200w, https:\/\/ibomberdefense.standardof.net\/wp-content\/uploads\/sites\/5\/2020\/10\/iBomber-Defense-Axis-Campaign-02.-North-East-Europe-Lightning-Bolt-4-768x432.jpg 768w, https:\/\/ibomberdefense.standardof.net\/wp-content\/uploads\/sites\/5\/2020\/10\/iBomber-Defense-Axis-Campaign-02.-North-East-Europe-Lightning-Bolt-4-16x9.jpg 16w, https:\/\/ibomberdefense.standardof.net\/wp-content\/uploads\/sites\/5\/2020\/10\/iBomber-Defense-Axis-Campaign-02.-North-East-Europe-Lightning-Bolt-4.jpg 1280w\" sizes=\"(max-width: 800px) 100vw, 800px\" \/><\/a><figcaption>V\u1ecb tr\u00ed th\u00e1p ph\u00e1o \u1edf cu\u1ed1i l\u00e0n s\u00f3ng 30.<\/figcaption><\/figure><\/div>\n\n\n\n<h3 class=\"wp-block-heading\"><strong>Chi ti\u00eau \u0111i\u1ec3m chi\u1ebfn th\u1eafng<\/strong><\/h3>\n\n\n\n<p>V\u00ec ch\u00fang ta v\u1eabn c\u00f2n v\u00e0i c\u1ea5p \u0111\u1ed9 \u0111\u1ec3 \u0111\u1ed1i m\u1eb7t v\u1edbi b\u1ea5t k\u1ef3 m\u00e1y bay n\u00e0o ho\u1eb7c t\u00edch l\u0169y s\u1ed1 ti\u1ec1n l\u1edbn c\u1ea7n thi\u1ebft \u0111\u1ec3 s\u1eed d\u1ee5ng X-Weapon hi\u1ec7u qu\u1ea3, n\u01a1i t\u1ed1t nh\u1ea5t \u0111\u1ec3 d\u00e0nh \u0111i\u1ec3m chi\u1ebfn th\u1eafng ngay b\u00e2y gi\u1edd l\u00e0 m\u1edf kh\u00f3a Ph\u00e1o c\u1ea5p ba v\u00e0 c\u1ea5p \u0111\u1ed9 \u0111\u1ea7u ti\u00ean c\u1ee7a v\u0169 kh\u00ed Firestorm. c\u1ef1c k\u1ef3 h\u1eefu \u00edch trong chi\u1ebfn d\u1ecbch n\u00e0y.<\/p>\n\n\n\n<p>C\u1ea5p \u0111\u1ed9 c\u1ee7a c\u00e1c v\u1eadt ph\u1ea9m hi\u1ec7n \u0111\u00e3 m\u1edf kh\u00f3a:<br>MG 3, Ph\u00e1o 3, AA 1, B\u00e3o l\u1eeda 1, Mua 1<\/p>\n\n\n\n<hr class=\"wp-block-separator\"\/>\n\n\n\n<h4 class=\"has-text-align-center wp-block-heading\">H\u01b0\u1edbng d\u1eabn Video<\/h4>\n\n\n\n<figure class=\"wp-block-embed-youtube wp-block-embed is-type-video is-provider-youtube wp-embed-aspect-16-9 wp-has-aspect-ratio\"><div class=\"wp-block-embed__wrapper\">\n<div class=\"ast-oembed-container\" style=\"height: 100%;\"><iframe title=\"iBomber Defense - \u0110\u00f4ng B\u1eafc \u00c2u - Tia ch\u1edbp - C\u1ef1u chi\u1ebfn binh + Ho\u00e0n h\u1ea3o\" width=\"500\" height=\"281\" src=\"https:\/\/www.youtube.com\/embed\/bVfjuBohAys?feature=oembed\" frameborder=\"0\" allow=\"accelerometer; autoplay; clipboard-write; encrypted-media; gyroscope; picture-in-picture; web-share\" referrerpolicy=\"strict-origin-when-cross-origin\" allowfullscreen><\/iframe><\/div>\n<\/div><\/figure>","protected":false},"excerpt":{"rendered":"<p>In the second level of the Axis campaign it is time to face ground units now in North East Europe, &#8220;Lightning Bolt&#8221;. In this level you will be tasked with facing 30 waves of infantry, vehicles and tanks that approach from the northeast and northwest paths, converging near the top center of the map before [&hellip;]<\/p>","protected":false},"author":1,"featured_media":83,"parent":268,"menu_order":2,"comment_status":"open","ping_status":"closed","template":"","meta":{"_uag_custom_page_level_css":"","site-sidebar-layout":"default","site-content-layout":"default","ast-site-content-layout":"","site-content-style":"default","site-sidebar-style":"default","ast-global-header-display":"","ast-banner-title-visibility":"","ast-main-header-display":"","ast-hfb-above-header-display":"","ast-hfb-below-header-display":"","ast-hfb-mobile-header-display":"","site-post-title":"","ast-breadcrumbs-content":"","ast-featured-img":"","footer-sml-layout":"","theme-transparent-header-meta":"default","adv-header-id-meta":"","stick-header-meta":"","header-above-stick-meta":"","header-main-stick-meta":"","header-below-stick-meta":"","astra-migrate-meta-layouts":"default","ast-page-background-enabled":"default","ast-page-background-meta":{"desktop":{"background-color":"","background-image":"","background-repeat":"repeat","background-position":"center center","background-size":"auto","background-attachment":"scroll","background-type":"","background-media":"","overlay-type":"","overlay-color":"","overlay-gradient":""},"tablet":{"background-color":"","background-image":"","background-repeat":"repeat","background-position":"center center","background-size":"auto","background-attachment":"scroll","background-type":"","background-media":"","overlay-type":"","overlay-color":"","overlay-gradient":""},"mobile":{"background-color":"","background-image":"","background-repeat":"repeat","background-position":"center center","background-size":"auto","background-attachment":"scroll","background-type":"","background-media":"","overlay-type":"","overlay-color":"","overlay-gradient":""}},"ast-content-background-meta":{"desktop":{"background-color":"var(--ast-global-color-5)","background-image":"","background-repeat":"repeat","background-position":"center center","background-size":"auto","background-attachment":"scroll","background-type":"","background-media":"","overlay-type":"","overlay-color":"","overlay-gradient":""},"tablet":{"background-color":"var(--ast-global-color-5)","background-image":"","background-repeat":"repeat","background-position":"center center","background-size":"auto","background-attachment":"scroll","background-type":"","background-media":"","overlay-type":"","overlay-color":"","overlay-gradient":""},"mobile":{"background-color":"var(--ast-global-color-5)","background-image":"","background-repeat":"repeat","background-position":"center center","background-size":"auto","background-attachment":"scroll","background-type":"","background-media":"","overlay-type":"","overlay-color":"","overlay-gradient":""}},"footnotes":""},"uagb_featured_image_src":{"full":["https:\/\/ibomberdefense.standardof.net\/wp-content\/uploads\/sites\/5\/2020\/10\/iBomber-Defense-Axis-Campaign-02.-North-East-Europe-Lightning-Bolt-4.jpg",1280,720,false],"thumbnail":["https:\/\/ibomberdefense.standardof.net\/wp-content\/uploads\/sites\/5\/2020\/10\/iBomber-Defense-Axis-Campaign-02.-North-East-Europe-Lightning-Bolt-4-200x113.jpg",200,113,true],"medium":["https:\/\/ibomberdefense.standardof.net\/wp-content\/uploads\/sites\/5\/2020\/10\/iBomber-Defense-Axis-Campaign-02.-North-East-Europe-Lightning-Bolt-4-512x288.jpg",512,288,true],"medium_large":["https:\/\/ibomberdefense.standardof.net\/wp-content\/uploads\/sites\/5\/2020\/10\/iBomber-Defense-Axis-Campaign-02.-North-East-Europe-Lightning-Bolt-4-768x432.jpg",768,432,true],"large":["https:\/\/ibomberdefense.standardof.net\/wp-content\/uploads\/sites\/5\/2020\/10\/iBomber-Defense-Axis-Campaign-02.-North-East-Europe-Lightning-Bolt-4-800x450.jpg",800,450,true],"1536x1536":["https:\/\/ibomberdefense.standardof.net\/wp-content\/uploads\/sites\/5\/2020\/10\/iBomber-Defense-Axis-Campaign-02.-North-East-Europe-Lightning-Bolt-4.jpg",1280,720,false],"2048x2048":["https:\/\/ibomberdefense.standardof.net\/wp-content\/uploads\/sites\/5\/2020\/10\/iBomber-Defense-Axis-Campaign-02.-North-East-Europe-Lightning-Bolt-4.jpg",1280,720,false],"trp-custom-language-flag":["https:\/\/ibomberdefense.standardof.net\/wp-content\/uploads\/sites\/5\/2020\/10\/iBomber-Defense-Axis-Campaign-02.-North-East-Europe-Lightning-Bolt-4-16x9.jpg",16,9,true]},"uagb_author_info":{"display_name":"SOE","author_link":"https:\/\/ibomberdefense.standardof.net\/vi\/author\/k-tastic\/"},"uagb_comment_info":0,"uagb_excerpt":"In the second level of the Axis campaign it is time to face ground units now in North East Europe, &#8220;Lightning Bolt&#8221;. In this level you will be tasked with facing 30 waves of infantry, vehicles and tanks that approach from the northeast and northwest paths, converging near the top center of the map before&hellip;","_links":{"self":[{"href":"https:\/\/ibomberdefense.standardof.net\/vi\/wp-json\/wp\/v2\/pages\/322"}],"collection":[{"href":"https:\/\/ibomberdefense.standardof.net\/vi\/wp-json\/wp\/v2\/pages"}],"about":[{"href":"https:\/\/ibomberdefense.standardof.net\/vi\/wp-json\/wp\/v2\/types\/page"}],"author":[{"embeddable":true,"href":"https:\/\/ibomberdefense.standardof.net\/vi\/wp-json\/wp\/v2\/users\/1"}],"replies":[{"embeddable":true,"href":"https:\/\/ibomberdefense.standardof.net\/vi\/wp-json\/wp\/v2\/comments?post=322"}],"version-history":[{"count":0,"href":"https:\/\/ibomberdefense.standardof.net\/vi\/wp-json\/wp\/v2\/pages\/322\/revisions"}],"up":[{"embeddable":true,"href":"https:\/\/ibomberdefense.standardof.net\/vi\/wp-json\/wp\/v2\/pages\/268"}],"wp:featuredmedia":[{"embeddable":true,"href":"https:\/\/ibomberdefense.standardof.net\/vi\/wp-json\/wp\/v2\/media\/83"}],"wp:attachment":[{"href":"https:\/\/ibomberdefense.standardof.net\/vi\/wp-json\/wp\/v2\/media?parent=322"}],"curies":[{"name":"wp","href":"https:\/\/api.w.org\/{rel}","templated":true}]}}