{"id":323,"date":"2020-10-19T07:16:52","date_gmt":"2020-10-19T07:16:52","guid":{"rendered":"https:\/\/ibomberdefense.standardof.net\/?page_id=323"},"modified":"2020-10-19T08:05:11","modified_gmt":"2020-10-19T08:05:11","slug":"3-western-russia-redbeard","status":"publish","type":"page","link":"https:\/\/ibomberdefense.standardof.net\/vi\/guide\/chien-dich-truc\/3-tay-nga-rau-do\/","title":{"rendered":"3. T\u00e2y Nga: R\u00e2u \u0111\u1ecf"},"content":{"rendered":"<div class=\"wp-block-image\"><figure class=\"aligncenter size-large\"><a href=\"https:\/\/ibomberdefense.standardof.net\/vi\/guide\/chien-dich-truc\/3-tay-nga-rau-do\/ibomber-defense-axis-campaign-03-western-russia-redbeard-1\/\"><img decoding=\"async\" width=\"800\" height=\"450\" src=\"https:\/\/ibomberdefense.standardof.net\/wp-content\/uploads\/sites\/5\/2020\/10\/iBomber-Defense-Axis-Campaign-03.-Western-Russia-Redbeard-1-800x450.jpg\" alt=\"&quot;iBomber Defense&quot; - Chi\u1ebfn d\u1ecbch Tr\u1ee5c - 03. T\u00e2y Nga: Redbeard (1)\" class=\"wp-image-84\" title=\"\" srcset=\"https:\/\/ibomberdefense.standardof.net\/wp-content\/uploads\/sites\/5\/2020\/10\/iBomber-Defense-Axis-Campaign-03.-Western-Russia-Redbeard-1-800x450.jpg 800w, https:\/\/ibomberdefense.standardof.net\/wp-content\/uploads\/sites\/5\/2020\/10\/iBomber-Defense-Axis-Campaign-03.-Western-Russia-Redbeard-1-512x288.jpg 512w, https:\/\/ibomberdefense.standardof.net\/wp-content\/uploads\/sites\/5\/2020\/10\/iBomber-Defense-Axis-Campaign-03.-Western-Russia-Redbeard-1-200x113.jpg 200w, https:\/\/ibomberdefense.standardof.net\/wp-content\/uploads\/sites\/5\/2020\/10\/iBomber-Defense-Axis-Campaign-03.-Western-Russia-Redbeard-1-768x432.jpg 768w, https:\/\/ibomberdefense.standardof.net\/wp-content\/uploads\/sites\/5\/2020\/10\/iBomber-Defense-Axis-Campaign-03.-Western-Russia-Redbeard-1-16x9.jpg 16w, https:\/\/ibomberdefense.standardof.net\/wp-content\/uploads\/sites\/5\/2020\/10\/iBomber-Defense-Axis-Campaign-03.-Western-Russia-Redbeard-1.jpg 1280w\" sizes=\"(max-width: 800px) 100vw, 800px\" \/><\/a><figcaption>C\u00e1c tuy\u1ebfn \u0111\u01b0\u1eddng do k\u1ebb th\u00f9 th\u1ef1c hi\u1ec7n \u1edf c\u1ea5p \u0111\u1ed9 &quot;Redbeard&quot; \u1edf T\u00e2y Nga.<\/figcaption><\/figure><\/div>\n\n\n\n<p>C\u1ea5p \u0111\u1ed9 ba c\u1ee7a chi\u1ebfn d\u1ecbch Axis \u0111\u01b0a b\u1ea1n \u0111\u1ebfn v\u00f9ng tuy\u1ebft, \u0111\u1ecba h\u00ecnh g\u1ed3 gh\u1ec1 \u1edf mi\u1ec1n T\u00e2y n\u01b0\u1edbc Nga \u0111\u1ec3 b\u1ea3o v\u1ec7 c\u0103n c\u1ee9 c\u1ee7a b\u1ea1n tr\u01b0\u1edbc 30 l\u00e0n s\u00f3ng c\u1ee7a c\u00e1c \u0111\u01a1n v\u1ecb m\u1eb7t \u0111\u1ea5t ho\u00e0n to\u00e0n, v\u1eabn kh\u00f4ng c\u00f3 y\u1ec3m tr\u1ee3 tr\u00ean kh\u00f4ng. Hai l\u1ed1i v\u00e0o t\u1ed3n t\u1ea1i tr\u00ean b\u1ea3n \u0111\u1ed3 n\u00e0y, \u0111\u1ebfn t\u1eeb ph\u00eda t\u00e2y b\u1eafc, h\u01b0\u1edbng v\u1ec1 ph\u00eda \u0111\u00f4ng nam t\u1ea1o th\u00e0nh m\u1ed9t h\u00ecnh ch\u1eef Y cong v\u1ec1 ph\u00eda c\u0103n c\u1ee9 c\u1ee7a b\u1ea1n.<\/p>\n\n\n\n<p>Gi\u1ed1ng nh\u01b0 nhi\u1ec7m v\u1ee5 tr\u01b0\u1edbc, v\u1ecb tr\u00ed th\u00e1p ph\u00e1o n\u00ean \u0111\u01b0\u1ee3c t\u1eadp trung d\u1ecdc theo con \u0111\u01b0\u1eddng h\u1ed9i t\u1ee5 \u0111\u1ec3 cho ph\u00e9p t\u1ea5t c\u1ea3 c\u00e1c kh\u1ea9u s\u00fang c\u1ee7a b\u1ea1n b\u1eafn v\u00e0o t\u1ea5t c\u1ea3 c\u00e1c \u0111\u01a1n v\u1ecb b\u1ea1n s\u1ebd \u0111\u1ed1i m\u1eb7t \u0111\u1ec3 tr\u00e1nh l\u00e3ng ph\u00ed hi\u1ec7u qu\u1ea3. C\u00f3 m\u1ed9t s\u1ed1 v\u00f9ng \u0111\u1ea5t cao ph\u00eda nam c\u00f3 th\u1ec3 t\u0103ng t\u1ea7m b\u1eafn c\u1ee7a c\u00e1c kh\u1ea9u \u0110\u1ea1i b\u00e1c c\u1ee7a b\u1ea1n nh\u01b0ng h\u01a1i qu\u00e1 xa so v\u1edbi con \u0111\u01b0\u1eddng d\u00e0nh cho S\u00fang m\u00e1y.<\/p>\n\n\n\n<h3 class=\"wp-block-heading\"><strong>V\u1ecb tr\u00ed th\u00e1p ph\u00e1o<\/strong><\/h3>\n\n\n\n<figure class=\"wp-block-gallery columns-2 is-cropped wp-block-gallery-1 is-layout-flex wp-block-gallery-is-layout-flex\"><ul class=\"blocks-gallery-grid\"><li class=\"blocks-gallery-item\"><figure><a href=\"https:\/\/ibomberdefense.standardof.net\/vi\/guide\/chien-dich-truc\/3-tay-nga-rau-do\/ibomber-defense-axis-campaign-03-western-russia-redbeard-2\/\"><img decoding=\"async\" width=\"800\" height=\"450\" src=\"https:\/\/ibomberdefense.standardof.net\/wp-content\/uploads\/sites\/5\/2020\/10\/iBomber-Defense-Axis-Campaign-03.-Western-Russia-Redbeard-2-800x450.jpg\" alt=\"&quot;iBomber Defense&quot; - Chi\u1ebfn d\u1ecbch Tr\u1ee5c - 03. T\u00e2y Nga: Redbeard (2)\" data-id=\"85\" data-full-url=\"https:\/\/ibomberdefense.standardof.net\/wp-content\/uploads\/sites\/5\/2020\/10\/iBomber-Defense-Axis-Campaign-03.-Western-Russia-Redbeard-2.jpg\" data-link=\"https:\/\/ibomberdefense.standardof.net\/guide\/axis-campaign\/3-western-russia-redbeard\/ibomber-defense-axis-campaign-03-western-russia-redbeard-2\/\" class=\"wp-image-85\" title=\"\" srcset=\"https:\/\/ibomberdefense.standardof.net\/wp-content\/uploads\/sites\/5\/2020\/10\/iBomber-Defense-Axis-Campaign-03.-Western-Russia-Redbeard-2-800x450.jpg 800w, https:\/\/ibomberdefense.standardof.net\/wp-content\/uploads\/sites\/5\/2020\/10\/iBomber-Defense-Axis-Campaign-03.-Western-Russia-Redbeard-2-512x288.jpg 512w, https:\/\/ibomberdefense.standardof.net\/wp-content\/uploads\/sites\/5\/2020\/10\/iBomber-Defense-Axis-Campaign-03.-Western-Russia-Redbeard-2-200x113.jpg 200w, https:\/\/ibomberdefense.standardof.net\/wp-content\/uploads\/sites\/5\/2020\/10\/iBomber-Defense-Axis-Campaign-03.-Western-Russia-Redbeard-2-768x432.jpg 768w, https:\/\/ibomberdefense.standardof.net\/wp-content\/uploads\/sites\/5\/2020\/10\/iBomber-Defense-Axis-Campaign-03.-Western-Russia-Redbeard-2-16x9.jpg 16w, https:\/\/ibomberdefense.standardof.net\/wp-content\/uploads\/sites\/5\/2020\/10\/iBomber-Defense-Axis-Campaign-03.-Western-Russia-Redbeard-2.jpg 1280w\" sizes=\"(max-width: 800px) 100vw, 800px\" \/><\/a><figcaption class=\"blocks-gallery-item__caption\">V\u1ecb tr\u00ed th\u00e1p ph\u00e1o \u1edf cu\u1ed1i s\u00f3ng 10.<\/figcaption><\/figure><\/li><li class=\"blocks-gallery-item\"><figure><a href=\"https:\/\/ibomberdefense.standardof.net\/vi\/guide\/chien-dich-truc\/3-tay-nga-rau-do\/ibomber-defense-axis-campaign-03-western-russia-redbeard-3\/\"><img decoding=\"async\" width=\"800\" height=\"450\" src=\"https:\/\/ibomberdefense.standardof.net\/wp-content\/uploads\/sites\/5\/2020\/10\/iBomber-Defense-Axis-Campaign-03.-Western-Russia-Redbeard-3-800x450.jpg\" alt=\"&quot;iBomber Defense&quot; - Chi\u1ebfn d\u1ecbch Tr\u1ee5c - 03. T\u00e2y Nga: Redbeard (3)\" data-id=\"86\" data-full-url=\"https:\/\/ibomberdefense.standardof.net\/wp-content\/uploads\/sites\/5\/2020\/10\/iBomber-Defense-Axis-Campaign-03.-Western-Russia-Redbeard-3.jpg\" data-link=\"https:\/\/ibomberdefense.standardof.net\/guide\/axis-campaign\/3-western-russia-redbeard\/ibomber-defense-axis-campaign-03-western-russia-redbeard-3\/\" class=\"wp-image-86\" title=\"\" srcset=\"https:\/\/ibomberdefense.standardof.net\/wp-content\/uploads\/sites\/5\/2020\/10\/iBomber-Defense-Axis-Campaign-03.-Western-Russia-Redbeard-3-800x450.jpg 800w, https:\/\/ibomberdefense.standardof.net\/wp-content\/uploads\/sites\/5\/2020\/10\/iBomber-Defense-Axis-Campaign-03.-Western-Russia-Redbeard-3-512x288.jpg 512w, https:\/\/ibomberdefense.standardof.net\/wp-content\/uploads\/sites\/5\/2020\/10\/iBomber-Defense-Axis-Campaign-03.-Western-Russia-Redbeard-3-200x113.jpg 200w, https:\/\/ibomberdefense.standardof.net\/wp-content\/uploads\/sites\/5\/2020\/10\/iBomber-Defense-Axis-Campaign-03.-Western-Russia-Redbeard-3-768x432.jpg 768w, https:\/\/ibomberdefense.standardof.net\/wp-content\/uploads\/sites\/5\/2020\/10\/iBomber-Defense-Axis-Campaign-03.-Western-Russia-Redbeard-3-16x9.jpg 16w, https:\/\/ibomberdefense.standardof.net\/wp-content\/uploads\/sites\/5\/2020\/10\/iBomber-Defense-Axis-Campaign-03.-Western-Russia-Redbeard-3.jpg 1280w\" sizes=\"(max-width: 800px) 100vw, 800px\" \/><\/a><figcaption class=\"blocks-gallery-item__caption\">V\u1ecb tr\u00ed th\u00e1p ph\u00e1o \u1edf cu\u1ed1i l\u00e0n s\u00f3ng 20.<\/figcaption><\/figure><\/li><\/ul><\/figure>\n\n\n\n<p>T\u1eeb \u0111\u1ea7u \u0111i l\u00ean \u0111\u1ebfn s\u00f3ng m\u01b0\u1eddi c\u0169ng gi\u1ed1ng nh\u01b0 c\u00e1c nhi\u1ec7m v\u1ee5 tr\u01b0\u1edbc, t\u1eadp trung v\u00e0o vi\u1ec7c \u0111\u01b0a m\u1ed9t s\u1ed1 S\u00fang m\u00e1y l\u00ean xung quanh con \u0111\u01b0\u1eddng h\u1ed9i t\u1ee5. C\u1ed1 g\u1eafng n\u00e2ng c\u1ea5p \u00edt nh\u1ea5t ba l\u1ea7n v\u00e0o cu\u1ed1i c\u1ea5p 10.<\/p>\n\n\n\n<p>V\u1edbi d\u00f2ng ti\u1ec1n gia t\u0103ng t\u1eeb nh\u1eefng k\u1ebb th\u00f9 b\u1ed5 sung \u0111\u1ebfn t\u1ea5n c\u00f4ng c\u0103n c\u1ee9 c\u1ee7a b\u1ea1n trong c\u00e1c \u0111\u1ee3t 10 \u0111\u1ebfn 20, h\u00e3y x\u00e2y d\u1ef1ng m\u1ed9t Firestorm duy nh\u1ea5t ch\u1ed1ng l\u1ea1i con \u0111\u01b0\u1eddng, m\u1ed9t S\u00fang m\u00e1y \u0111\u01b0\u1ee3c n\u00e2ng c\u1ea5p ho\u00e0n ch\u1ec9nh th\u1ee9 t\u01b0 v\u00e0 m\u1ed9t v\u00e0i kh\u1ea9u \u0110\u1ea1i b\u00e1c d\u1ecdc theo v\u00f9ng \u0111\u1ea5t cao ph\u00eda nam. Firestorm gi\u00fap l\u00e0m ch\u1eadm k\u1ebb th\u00f9 \u0111\u1ec3 c\u00e1c th\u00e1p ph\u00e1o kh\u00e1c c\u1ee7a b\u1ea1n c\u00f3 th\u1ec3 b\u1eafn nhi\u1ec1u ph\u00e1t h\u01a1n trong khi \u0111\u1ed1t ch\u00e1y l\u1edbp gi\u00e1p c\u1ee7a ch\u00fang.<\/p>\n\n\n\n<p>Khi b\u1ea1n \u0111\u1ea1t \u0111\u1ebfn cu\u1ed1i c\u1ea5p \u0111\u1ed9 30, h\u00e3y c\u1ed1 g\u1eafng c\u00f3 5 kh\u1ea9u ph\u00e1o c\u1ea5p 2 \u0111\u1ec3 lo\u1ea1i b\u1ecf \u00e1o gi\u00e1p n\u1eb7ng, kh\u00f4ng c\u00f3 g\u00ec kh\u00e1c ngo\u00e0i nh\u1eefng th\u1ee9 n\u00e0y t\u1ea1i th\u1eddi \u0111i\u1ec3m n\u00e0y trong c\u1ea5p \u0111\u1ed9. Mi\u1ec5n l\u00e0 ch\u00fang c\u0169ng n\u1eb1m d\u1ecdc theo con \u0111\u01b0\u1eddng h\u1ed9i t\u1ee5, ph\u01b0\u01a1ng ph\u00e1p n\u00e0y l\u00e0 \u0111\u1ee7 \u0111\u1ec3 ng\u0103n ch\u1eb7n k\u1ebb th\u00f9.<\/p>\n\n\n\n<div class=\"wp-block-image\"><figure class=\"aligncenter size-large\"><a href=\"https:\/\/ibomberdefense.standardof.net\/vi\/guide\/chien-dich-truc\/3-tay-nga-rau-do\/ibomber-defense-axis-campaign-03-western-russia-redbeard-4\/\"><img decoding=\"async\" width=\"800\" height=\"450\" src=\"https:\/\/ibomberdefense.standardof.net\/wp-content\/uploads\/sites\/5\/2020\/10\/iBomber-Defense-Axis-Campaign-03.-Western-Russia-Redbeard-4-800x450.jpg\" alt=\"&quot;iBomber Defense&quot; - Chi\u1ebfn d\u1ecbch Tr\u1ee5c - 03. T\u00e2y Nga: Redbeard (4)\" class=\"wp-image-87\" title=\"\" srcset=\"https:\/\/ibomberdefense.standardof.net\/wp-content\/uploads\/sites\/5\/2020\/10\/iBomber-Defense-Axis-Campaign-03.-Western-Russia-Redbeard-4-800x450.jpg 800w, https:\/\/ibomberdefense.standardof.net\/wp-content\/uploads\/sites\/5\/2020\/10\/iBomber-Defense-Axis-Campaign-03.-Western-Russia-Redbeard-4-512x288.jpg 512w, https:\/\/ibomberdefense.standardof.net\/wp-content\/uploads\/sites\/5\/2020\/10\/iBomber-Defense-Axis-Campaign-03.-Western-Russia-Redbeard-4-200x113.jpg 200w, https:\/\/ibomberdefense.standardof.net\/wp-content\/uploads\/sites\/5\/2020\/10\/iBomber-Defense-Axis-Campaign-03.-Western-Russia-Redbeard-4-768x432.jpg 768w, https:\/\/ibomberdefense.standardof.net\/wp-content\/uploads\/sites\/5\/2020\/10\/iBomber-Defense-Axis-Campaign-03.-Western-Russia-Redbeard-4-16x9.jpg 16w, https:\/\/ibomberdefense.standardof.net\/wp-content\/uploads\/sites\/5\/2020\/10\/iBomber-Defense-Axis-Campaign-03.-Western-Russia-Redbeard-4.jpg 1280w\" sizes=\"(max-width: 800px) 100vw, 800px\" \/><\/a><figcaption>V\u1ecb tr\u00ed th\u00e1p ph\u00e1o \u1edf cu\u1ed1i l\u00e0n s\u00f3ng 30.<\/figcaption><\/figure><\/div>\n\n\n\n<h3 class=\"wp-block-heading\"><strong>Chi ti\u00eau \u0111i\u1ec3m chi\u1ebfn th\u1eafng<\/strong><\/h3>\n\n\n\n<p>V\u00ec c\u00e1c c\u1ea5p \u0111\u1ed9 m\u00e1y bay s\u1ebd s\u1edbm \u0111\u1ebfn g\u1ea7n, t\u1ea1i th\u1eddi \u0111i\u1ec3m n\u00e0y, t\u00f4i ch\u1ecdn \u0111\u1eb7t m\u1ed9t \u0111i\u1ec3m chi\u1ebfn th\u1eafng duy nh\u1ea5t v\u00e0o Ph\u00f2ng kh\u00f4ng v\u1edbi \u0111i\u1ec3m th\u1ee9 hai l\u00e0 n\u00e2ng c\u1ea5p S\u1eeda ch\u1eefa. B\u1ea1n c\u00f3 th\u1ec3 t\u00f9y \u00fd b\u1ecf qua \u0111i\u1ec3m AA \u0111\u1ec3 l\u00e0m vi\u1ec7c kh\u00e1c, thay v\u00e0o \u0111\u00f3 s\u1eed d\u1ee5ng \u0111i\u1ec3m n\u00e0y theo c\u1ea5p \u0111\u1ed9 ti\u1ebfp theo v\u00ec nhi\u1ec7m v\u1ee5 4 kh\u00f4ng c\u00f3 m\u00e1y bay.<\/p>\n\n\n\n<p>Th\u1ee9 h\u1ea1ng hi\u1ec7n t\u1ea1i c\u1ee7a c\u00e1c v\u1eadt ph\u1ea9m \u0111\u00e3 m\u1edf kh\u00f3a l\u00e0:<br>MG 3, Ph\u00e1o 3, AA 2, B\u00e3o l\u1eeda 1, Mua 1, S\u1eeda ch\u1eefa 1<\/p>\n\n\n\n<hr class=\"wp-block-separator\"\/>\n\n\n\n<h4 class=\"has-text-align-center wp-block-heading\">H\u01b0\u1edbng d\u1eabn Video<\/h4>\n\n\n\n<figure class=\"wp-block-embed-youtube wp-block-embed is-type-video is-provider-youtube wp-embed-aspect-4-3 wp-has-aspect-ratio\"><div class=\"wp-block-embed__wrapper\">\n<div class=\"ast-oembed-container\" style=\"height: 100%;\"><iframe title=\"iBomber Defense - T\u00e2y Nga - R\u00e2u \u0111\u1ecf - C\u1ef1u chi\u1ebfn binh + Ho\u00e0n h\u1ea3o\" width=\"500\" height=\"281\" src=\"https:\/\/www.youtube.com\/embed\/FazG-hJv3yU?feature=oembed\" frameborder=\"0\" allow=\"accelerometer; autoplay; clipboard-write; encrypted-media; gyroscope; picture-in-picture; web-share\" referrerpolicy=\"strict-origin-when-cross-origin\" allowfullscreen><\/iframe><\/div>\n<\/div><\/figure>","protected":false},"excerpt":{"rendered":"<p>Level three of the Axis campaign takes you to the snowy, rugged landscape of Western Russia to defend your base against 30 waves of purely ground units, still free of air support. Two entrances exist on this map, coming from the northwest, heading southeast making a curved Y towards your base. Like the previous mission, [&hellip;]<\/p>","protected":false},"author":1,"featured_media":87,"parent":268,"menu_order":3,"comment_status":"open","ping_status":"closed","template":"","meta":{"_uag_custom_page_level_css":"","site-sidebar-layout":"default","site-content-layout":"default","ast-site-content-layout":"","site-content-style":"default","site-sidebar-style":"default","ast-global-header-display":"","ast-banner-title-visibility":"","ast-main-header-display":"","ast-hfb-above-header-display":"","ast-hfb-below-header-display":"","ast-hfb-mobile-header-display":"","site-post-title":"","ast-breadcrumbs-content":"","ast-featured-img":"","footer-sml-layout":"","theme-transparent-header-meta":"default","adv-header-id-meta":"","stick-header-meta":"","header-above-stick-meta":"","header-main-stick-meta":"","header-below-stick-meta":"","astra-migrate-meta-layouts":"default","ast-page-background-enabled":"default","ast-page-background-meta":{"desktop":{"background-color":"","background-image":"","background-repeat":"repeat","background-position":"center center","background-size":"auto","background-attachment":"scroll","background-type":"","background-media":"","overlay-type":"","overlay-color":"","overlay-gradient":""},"tablet":{"background-color":"","background-image":"","background-repeat":"repeat","background-position":"center center","background-size":"auto","background-attachment":"scroll","background-type":"","background-media":"","overlay-type":"","overlay-color":"","overlay-gradient":""},"mobile":{"background-color":"","background-image":"","background-repeat":"repeat","background-position":"center center","background-size":"auto","background-attachment":"scroll","background-type":"","background-media":"","overlay-type":"","overlay-color":"","overlay-gradient":""}},"ast-content-background-meta":{"desktop":{"background-color":"var(--ast-global-color-5)","background-image":"","background-repeat":"repeat","background-position":"center center","background-size":"auto","background-attachment":"scroll","background-type":"","background-media":"","overlay-type":"","overlay-color":"","overlay-gradient":""},"tablet":{"background-color":"var(--ast-global-color-5)","background-image":"","background-repeat":"repeat","background-position":"center center","background-size":"auto","background-attachment":"scroll","background-type":"","background-media":"","overlay-type":"","overlay-color":"","overlay-gradient":""},"mobile":{"background-color":"var(--ast-global-color-5)","background-image":"","background-repeat":"repeat","background-position":"center center","background-size":"auto","background-attachment":"scroll","background-type":"","background-media":"","overlay-type":"","overlay-color":"","overlay-gradient":""}},"footnotes":""},"uagb_featured_image_src":{"full":["https:\/\/ibomberdefense.standardof.net\/wp-content\/uploads\/sites\/5\/2020\/10\/iBomber-Defense-Axis-Campaign-03.-Western-Russia-Redbeard-4.jpg",1280,720,false],"thumbnail":["https:\/\/ibomberdefense.standardof.net\/wp-content\/uploads\/sites\/5\/2020\/10\/iBomber-Defense-Axis-Campaign-03.-Western-Russia-Redbeard-4-200x113.jpg",200,113,true],"medium":["https:\/\/ibomberdefense.standardof.net\/wp-content\/uploads\/sites\/5\/2020\/10\/iBomber-Defense-Axis-Campaign-03.-Western-Russia-Redbeard-4-512x288.jpg",512,288,true],"medium_large":["https:\/\/ibomberdefense.standardof.net\/wp-content\/uploads\/sites\/5\/2020\/10\/iBomber-Defense-Axis-Campaign-03.-Western-Russia-Redbeard-4-768x432.jpg",768,432,true],"large":["https:\/\/ibomberdefense.standardof.net\/wp-content\/uploads\/sites\/5\/2020\/10\/iBomber-Defense-Axis-Campaign-03.-Western-Russia-Redbeard-4-800x450.jpg",800,450,true],"1536x1536":["https:\/\/ibomberdefense.standardof.net\/wp-content\/uploads\/sites\/5\/2020\/10\/iBomber-Defense-Axis-Campaign-03.-Western-Russia-Redbeard-4.jpg",1280,720,false],"2048x2048":["https:\/\/ibomberdefense.standardof.net\/wp-content\/uploads\/sites\/5\/2020\/10\/iBomber-Defense-Axis-Campaign-03.-Western-Russia-Redbeard-4.jpg",1280,720,false],"trp-custom-language-flag":["https:\/\/ibomberdefense.standardof.net\/wp-content\/uploads\/sites\/5\/2020\/10\/iBomber-Defense-Axis-Campaign-03.-Western-Russia-Redbeard-4-16x9.jpg",16,9,true]},"uagb_author_info":{"display_name":"SOE","author_link":"https:\/\/ibomberdefense.standardof.net\/vi\/author\/k-tastic\/"},"uagb_comment_info":0,"uagb_excerpt":"Level three of the Axis campaign takes you to the snowy, rugged landscape of Western Russia to defend your base against 30 waves of purely ground units, still free of air support. Two entrances exist on this map, coming from the northwest, heading southeast making a curved Y towards your base. Like the previous mission,&hellip;","_links":{"self":[{"href":"https:\/\/ibomberdefense.standardof.net\/vi\/wp-json\/wp\/v2\/pages\/323"}],"collection":[{"href":"https:\/\/ibomberdefense.standardof.net\/vi\/wp-json\/wp\/v2\/pages"}],"about":[{"href":"https:\/\/ibomberdefense.standardof.net\/vi\/wp-json\/wp\/v2\/types\/page"}],"author":[{"embeddable":true,"href":"https:\/\/ibomberdefense.standardof.net\/vi\/wp-json\/wp\/v2\/users\/1"}],"replies":[{"embeddable":true,"href":"https:\/\/ibomberdefense.standardof.net\/vi\/wp-json\/wp\/v2\/comments?post=323"}],"version-history":[{"count":0,"href":"https:\/\/ibomberdefense.standardof.net\/vi\/wp-json\/wp\/v2\/pages\/323\/revisions"}],"up":[{"embeddable":true,"href":"https:\/\/ibomberdefense.standardof.net\/vi\/wp-json\/wp\/v2\/pages\/268"}],"wp:featuredmedia":[{"embeddable":true,"href":"https:\/\/ibomberdefense.standardof.net\/vi\/wp-json\/wp\/v2\/media\/87"}],"wp:attachment":[{"href":"https:\/\/ibomberdefense.standardof.net\/vi\/wp-json\/wp\/v2\/media?parent=323"}],"curies":[{"name":"wp","href":"https:\/\/api.w.org\/{rel}","templated":true}]}}