{"id":324,"date":"2020-10-19T07:17:07","date_gmt":"2020-10-19T07:17:07","guid":{"rendered":"https:\/\/ibomberdefense.standardof.net\/?page_id=324"},"modified":"2020-10-19T08:05:15","modified_gmt":"2020-10-19T08:05:15","slug":"4-north-east-europe-counterattack","status":"publish","type":"page","link":"https:\/\/ibomberdefense.standardof.net\/vi\/guide\/chien-dich-truc\/4-dong-bac-au-phan-cong\/","title":{"rendered":"4. \u0110\u00f4ng B\u1eafc \u00c2u: Ph\u1ea3n c\u00f4ng"},"content":{"rendered":"<div class=\"wp-block-image\"><figure class=\"aligncenter size-large\"><a href=\"https:\/\/ibomberdefense.standardof.net\/vi\/guide\/chien-dich-truc\/4-dong-bac-au-phan-cong\/ibomber-defense-axis-campaign-04-north-east-europe-counterattack-1\/\"><img decoding=\"async\" width=\"800\" height=\"450\" src=\"https:\/\/ibomberdefense.standardof.net\/wp-content\/uploads\/sites\/5\/2020\/10\/iBomber-Defense-Axis-Campaign-04.-North-East-Europe-Counterattack-1-800x450.jpg\" alt=\"&quot;iBomber Defense&quot; - Chi\u1ebfn d\u1ecbch Tr\u1ee5c - 04. \u0110\u00f4ng B\u1eafc \u00c2u: Ph\u1ea3n c\u00f4ng (1)\" class=\"wp-image-88\" title=\"\" srcset=\"https:\/\/ibomberdefense.standardof.net\/wp-content\/uploads\/sites\/5\/2020\/10\/iBomber-Defense-Axis-Campaign-04.-North-East-Europe-Counterattack-1-800x450.jpg 800w, https:\/\/ibomberdefense.standardof.net\/wp-content\/uploads\/sites\/5\/2020\/10\/iBomber-Defense-Axis-Campaign-04.-North-East-Europe-Counterattack-1-512x288.jpg 512w, https:\/\/ibomberdefense.standardof.net\/wp-content\/uploads\/sites\/5\/2020\/10\/iBomber-Defense-Axis-Campaign-04.-North-East-Europe-Counterattack-1-200x113.jpg 200w, https:\/\/ibomberdefense.standardof.net\/wp-content\/uploads\/sites\/5\/2020\/10\/iBomber-Defense-Axis-Campaign-04.-North-East-Europe-Counterattack-1-768x432.jpg 768w, https:\/\/ibomberdefense.standardof.net\/wp-content\/uploads\/sites\/5\/2020\/10\/iBomber-Defense-Axis-Campaign-04.-North-East-Europe-Counterattack-1-16x9.jpg 16w, https:\/\/ibomberdefense.standardof.net\/wp-content\/uploads\/sites\/5\/2020\/10\/iBomber-Defense-Axis-Campaign-04.-North-East-Europe-Counterattack-1.jpg 1280w\" sizes=\"(max-width: 800px) 100vw, 800px\" \/><\/a><figcaption>C\u00e1c tuy\u1ebfn \u0111\u01b0\u1eddng do k\u1ebb th\u00f9 th\u1ef1c hi\u1ec7n \u1edf \u0110\u00f4ng B\u1eafc \u00c2u Nhi\u1ec7m v\u1ee5 ti\u1ec1n th\u01b0\u1edfng ph\u1ea3n c\u00f4ng c\u1ee7a chi\u1ebfn d\u1ecbch phe Tr\u1ee5c.<\/figcaption><\/figure><\/div>\n\n\n\n<p>M\u1ee9c th\u01b0\u1edfng ph\u1ea3n c\u00f4ng \u0111\u1ea7u ti\u00ean c\u1ee7a chi\u1ebfn d\u1ecbch phe Tr\u1ee5c trong <em>iBomber Defense<\/em> \u0111\u01b0a ch\u00fang ta tr\u1edf l\u1ea1i c\u1ea5p \u0111\u1ed9 \u0110\u00f4ng B\u1eafc \u00c2u, gi\u1eef l\u1ea1i v\u1ecb tr\u00ed th\u00e1p ph\u00e1o tr\u01b0\u1edbc \u0111\u00f3 trong khi m\u1edf ra m\u1ed9t con \u0111\u01b0\u1eddng m\u1edbi v\u1ec1 ph\u00eda \u0111\u00f4ng. B\u1ea1n s\u1ebd c\u1ea7n ph\u1ea3i \u0111\u1ed1i m\u1eb7t v\u1edbi 30 \u0111\u1ee3t \u0111\u01a1n v\u1ecb m\u1eb7t \u0111\u1ea5t kh\u00e1c m\u00e0 kh\u00f4ng m\u1ea5t m\u1ea1ng \u0111\u1ec3 gi\u00e0nh \u0111\u01b0\u1ee3c 3 \u0111i\u1ec3m chi\u1ebfn th\u1eafng v\u00e0 x\u1ebfp h\u1ea1ng ho\u00e0n h\u1ea3o trong m\u00e0n ch\u01a1i n\u00e0y.<\/p>\n\n\n\n<p>V\u1ecb tr\u00ed th\u00e1p ph\u00e1o \u1edf c\u1ea5p \u0111\u1ed9 n\u00e0y kh\u00e1 \u0111\u01a1n gi\u1ea3n, t\u1eadp trung v\u00e0o vi\u1ec7c m\u1edf r\u1ed9ng khu v\u1ef1c m\u00e0 c\u00e1c th\u00e1p ph\u00e1o c\u1ee7a b\u1ea1n \u0111\u00e3 \u0111\u01b0\u1ee3c x\u00e2y d\u1ef1ng tr\u01b0\u1edbc \u0111\u00f3. B\u1eaft \u0111\u1ea7u n\u00e2ng c\u1ea5p nh\u1eefng g\u00ec b\u1ea1n c\u00f3 th\u1ec3 sau \u0111\u00f3 k\u00e9o d\u00e0i nh\u00f3m th\u00e1p ph\u00e1o xa h\u01a1n v\u1ec1 ph\u00eda \u0111\u00f4ng \u0111\u1ec3 t\u1ea1o ra hai c\u0103n c\u1ee9 h\u1ecfa l\u1ef1c l\u1edbn \u1edf hai b\u00ean c\u1ee7a con \u0111\u01b0\u1eddng h\u1ed9i t\u1ee5.<\/p>\n\n\n\n<h3 class=\"wp-block-heading\"><strong>V\u1ecb tr\u00ed th\u00e1p ph\u00e1o<\/strong><\/h3>\n\n\n\n<figure class=\"wp-block-gallery columns-2 is-cropped wp-block-gallery-1 is-layout-flex wp-block-gallery-is-layout-flex\"><ul class=\"blocks-gallery-grid\"><li class=\"blocks-gallery-item\"><figure><a href=\"https:\/\/ibomberdefense.standardof.net\/vi\/guide\/chien-dich-truc\/4-dong-bac-au-phan-cong\/ibomber-defense-axis-campaign-04-north-east-europe-counterattack-2\/\"><img decoding=\"async\" width=\"800\" height=\"450\" src=\"https:\/\/ibomberdefense.standardof.net\/wp-content\/uploads\/sites\/5\/2020\/10\/iBomber-Defense-Axis-Campaign-04.-North-East-Europe-Counterattack-2-800x450.jpg\" alt=\"&quot;iBomber Defense&quot; - Chi\u1ebfn d\u1ecbch Tr\u1ee5c - 04. \u0110\u00f4ng B\u1eafc \u00c2u: Ph\u1ea3n c\u00f4ng (2)\" data-id=\"89\" data-full-url=\"https:\/\/ibomberdefense.standardof.net\/wp-content\/uploads\/sites\/5\/2020\/10\/iBomber-Defense-Axis-Campaign-04.-North-East-Europe-Counterattack-2.jpg\" data-link=\"https:\/\/ibomberdefense.standardof.net\/guide\/axis-campaign\/4-north-east-europe-counterattack\/ibomber-defense-axis-campaign-04-north-east-europe-counterattack-2\/\" class=\"wp-image-89\" title=\"\" srcset=\"https:\/\/ibomberdefense.standardof.net\/wp-content\/uploads\/sites\/5\/2020\/10\/iBomber-Defense-Axis-Campaign-04.-North-East-Europe-Counterattack-2-800x450.jpg 800w, https:\/\/ibomberdefense.standardof.net\/wp-content\/uploads\/sites\/5\/2020\/10\/iBomber-Defense-Axis-Campaign-04.-North-East-Europe-Counterattack-2-512x288.jpg 512w, https:\/\/ibomberdefense.standardof.net\/wp-content\/uploads\/sites\/5\/2020\/10\/iBomber-Defense-Axis-Campaign-04.-North-East-Europe-Counterattack-2-200x113.jpg 200w, https:\/\/ibomberdefense.standardof.net\/wp-content\/uploads\/sites\/5\/2020\/10\/iBomber-Defense-Axis-Campaign-04.-North-East-Europe-Counterattack-2-768x432.jpg 768w, https:\/\/ibomberdefense.standardof.net\/wp-content\/uploads\/sites\/5\/2020\/10\/iBomber-Defense-Axis-Campaign-04.-North-East-Europe-Counterattack-2-16x9.jpg 16w, https:\/\/ibomberdefense.standardof.net\/wp-content\/uploads\/sites\/5\/2020\/10\/iBomber-Defense-Axis-Campaign-04.-North-East-Europe-Counterattack-2.jpg 1280w\" sizes=\"(max-width: 800px) 100vw, 800px\" \/><\/a><figcaption class=\"blocks-gallery-item__caption\">V\u1ecb tr\u00ed th\u00e1p ph\u00e1o \u1edf cu\u1ed1i s\u00f3ng 10.<\/figcaption><\/figure><\/li><li class=\"blocks-gallery-item\"><figure><a href=\"https:\/\/ibomberdefense.standardof.net\/vi\/guide\/chien-dich-truc\/4-dong-bac-au-phan-cong\/ibomber-defense-axis-campaign-04-north-east-europe-counterattack-3\/\"><img decoding=\"async\" width=\"800\" height=\"450\" src=\"https:\/\/ibomberdefense.standardof.net\/wp-content\/uploads\/sites\/5\/2020\/10\/iBomber-Defense-Axis-Campaign-04.-North-East-Europe-Counterattack-3-800x450.jpg\" alt=\"&quot;iBomber Defense&quot; - Chi\u1ebfn d\u1ecbch Tr\u1ee5c - 04. \u0110\u00f4ng B\u1eafc \u00c2u: Ph\u1ea3n c\u00f4ng (3)\" data-id=\"90\" data-full-url=\"https:\/\/ibomberdefense.standardof.net\/wp-content\/uploads\/sites\/5\/2020\/10\/iBomber-Defense-Axis-Campaign-04.-North-East-Europe-Counterattack-3.jpg\" data-link=\"https:\/\/ibomberdefense.standardof.net\/guide\/axis-campaign\/4-north-east-europe-counterattack\/ibomber-defense-axis-campaign-04-north-east-europe-counterattack-3\/\" class=\"wp-image-90\" title=\"\" srcset=\"https:\/\/ibomberdefense.standardof.net\/wp-content\/uploads\/sites\/5\/2020\/10\/iBomber-Defense-Axis-Campaign-04.-North-East-Europe-Counterattack-3-800x450.jpg 800w, https:\/\/ibomberdefense.standardof.net\/wp-content\/uploads\/sites\/5\/2020\/10\/iBomber-Defense-Axis-Campaign-04.-North-East-Europe-Counterattack-3-512x288.jpg 512w, https:\/\/ibomberdefense.standardof.net\/wp-content\/uploads\/sites\/5\/2020\/10\/iBomber-Defense-Axis-Campaign-04.-North-East-Europe-Counterattack-3-200x113.jpg 200w, https:\/\/ibomberdefense.standardof.net\/wp-content\/uploads\/sites\/5\/2020\/10\/iBomber-Defense-Axis-Campaign-04.-North-East-Europe-Counterattack-3-768x432.jpg 768w, https:\/\/ibomberdefense.standardof.net\/wp-content\/uploads\/sites\/5\/2020\/10\/iBomber-Defense-Axis-Campaign-04.-North-East-Europe-Counterattack-3-16x9.jpg 16w, https:\/\/ibomberdefense.standardof.net\/wp-content\/uploads\/sites\/5\/2020\/10\/iBomber-Defense-Axis-Campaign-04.-North-East-Europe-Counterattack-3.jpg 1280w\" sizes=\"(max-width: 800px) 100vw, 800px\" \/><\/a><figcaption class=\"blocks-gallery-item__caption\">V\u1ecb tr\u00ed th\u00e1p ph\u00e1o \u1edf cu\u1ed1i l\u00e0n s\u00f3ng 20.<\/figcaption><\/figure><\/li><\/ul><\/figure>\n\n\n\n<p>Tr\u01b0\u1edbc ti\u00ean, h\u00e3y b\u1eaft \u0111\u1ea7u n\u00e2ng c\u1ea5p t\u1ea5t c\u1ea3 c\u00e1c kh\u1ea9u Ph\u00e1o c\u1ee7a b\u1ea1n hi\u1ec7n c\u00f3 th\u1ec3 \u0111\u1ea1t \u0111\u1ebfn c\u1ea5p \u0111\u1ed9 ba, sau \u0111\u00f3 th\u00eam m\u1ed9t th\u00e1p ph\u00e1o Firestorm d\u1ecdc theo kh\u00fac cua c\u1ee7a con \u0111\u01b0\u1eddng trong khi b\u1eaft \u0111\u1ea7u x\u00e2y d\u1ef1ng c\u00e1c kh\u1ea9u Ph\u00e1o b\u1ed5 sung \u0111\u1ec3 ch\u00fang c\u00f3 th\u1ec3 b\u1eafn tr\u00fang con \u0111\u01b0\u1eddng h\u1ed9i t\u1ee5, \u1edf ph\u00eda nam c\u1ee7a l\u1ed1i v\u00e0o m\u1edbi m\u1edf. S\u00fang m\u00e1y c\u00f3 th\u1ec3 gi\u00fap \u00edch, \u0111\u01b0\u1ee3c \u0111\u1eb7t g\u1ea7n Firestorm \u0111\u1ec3 h\u00fat l\u1eeda v\u00ec th\u00e1p s\u00fang MG s\u1eeda ch\u1eefa r\u1ebb h\u01a1n v\u00e0 t\u1ed1t \u0111\u1ec3 gi\u1ea3m s\u00e1t th\u01b0\u01a1ng nh\u01b0 v\u1eady.<\/p>\n\n\n\n<p>Trong su\u1ed1t ba m\u01b0\u01a1i \u0111\u1ee3t, m\u1ee5c ti\u00eau ch\u00ednh c\u1ee7a b\u1ea1n ngo\u00e0i B\u00e3o l\u1eeda v\u00e0 th\u00e1p s\u00fang MG \u0111\u00e3 \u0111\u1ec1 c\u1eadp \u1edf tr\u00ean, ph\u1ea3i l\u00e0 ch\u1ebf t\u1ea1o c\u00e0ng nhi\u1ec1u Ph\u00e1o c\u1ea5p 3 m\u00e0 b\u1ea1n hi\u1ec7n c\u00f3 ti\u1ec1n cho \u0111\u1ebfn cu\u1ed1i c\u1ea5p. \u0110\u1ea3m b\u1ea3o r\u1eb1ng h\u1ecd c\u00f3 th\u1ec3 \u0111\u00e1nh tr\u00fang t\u1ea5t c\u1ea3 c\u00e1c con s\u00f3ng \u0111ang t\u1edbi v\u00e0 c\u1ea5p \u0111\u1ed9 n\u00e0y s\u1ebd l\u00e0 m\u1ed9t cu\u1ed9c d\u1ea1o ch\u01a1i.<\/p>\n\n\n\n<div class=\"wp-block-image\"><figure class=\"aligncenter size-large\"><a href=\"https:\/\/ibomberdefense.standardof.net\/vi\/guide\/chien-dich-truc\/4-dong-bac-au-phan-cong\/ibomber-defense-axis-campaign-04-north-east-europe-counterattack-4\/\"><img decoding=\"async\" width=\"800\" height=\"450\" src=\"https:\/\/ibomberdefense.standardof.net\/wp-content\/uploads\/sites\/5\/2020\/10\/iBomber-Defense-Axis-Campaign-04.-North-East-Europe-Counterattack-4-800x450.jpg\" alt=\"&quot;iBomber Defense&quot; - Chi\u1ebfn d\u1ecbch Tr\u1ee5c - 04. \u0110\u00f4ng B\u1eafc \u00c2u: Ph\u1ea3n c\u00f4ng (4)\" class=\"wp-image-91\" title=\"\" srcset=\"https:\/\/ibomberdefense.standardof.net\/wp-content\/uploads\/sites\/5\/2020\/10\/iBomber-Defense-Axis-Campaign-04.-North-East-Europe-Counterattack-4-800x450.jpg 800w, https:\/\/ibomberdefense.standardof.net\/wp-content\/uploads\/sites\/5\/2020\/10\/iBomber-Defense-Axis-Campaign-04.-North-East-Europe-Counterattack-4-512x288.jpg 512w, https:\/\/ibomberdefense.standardof.net\/wp-content\/uploads\/sites\/5\/2020\/10\/iBomber-Defense-Axis-Campaign-04.-North-East-Europe-Counterattack-4-200x113.jpg 200w, https:\/\/ibomberdefense.standardof.net\/wp-content\/uploads\/sites\/5\/2020\/10\/iBomber-Defense-Axis-Campaign-04.-North-East-Europe-Counterattack-4-768x432.jpg 768w, https:\/\/ibomberdefense.standardof.net\/wp-content\/uploads\/sites\/5\/2020\/10\/iBomber-Defense-Axis-Campaign-04.-North-East-Europe-Counterattack-4-16x9.jpg 16w, https:\/\/ibomberdefense.standardof.net\/wp-content\/uploads\/sites\/5\/2020\/10\/iBomber-Defense-Axis-Campaign-04.-North-East-Europe-Counterattack-4.jpg 1280w\" sizes=\"(max-width: 800px) 100vw, 800px\" \/><\/a><figcaption>V\u1ecb tr\u00ed th\u00e1p ph\u00e1o \u1edf cu\u1ed1i l\u00e0n s\u00f3ng 30.<\/figcaption><\/figure><\/div>\n\n\n\n<h3 class=\"wp-block-heading\"><strong>Chi ti\u00eau \u0111i\u1ec3m chi\u1ebfn th\u1eafng<\/strong><\/h3>\n\n\n\n<p>Khi ch\u00fang ta ti\u1ebfn s\u00e2u h\u01a1n v\u00e0o chi\u1ebfn d\u1ecbch, ng\u00e0y c\u00e0ng nhi\u1ec1u qu\u1ef9 s\u1ebd c\u00f3 s\u1eb5n th\u00f4ng qua vi\u1ec7c ti\u00eau di\u1ec7t nhi\u1ec1u k\u1ebb th\u00f9 h\u01a1n. V\u00ec l\u00fd do n\u00e0y, b\u00e2y gi\u1edd th\u00edch h\u1ee3p \u0111\u1ec3 m\u1edf kh\u00f3a X-Weapon. Hai \u0111i\u1ec3m c\u00f2n l\u1ea1i \u0111\u00e1ng \u0111\u1ec3 \u0111\u1eb7t v\u00e0o Mua v\u00e0 B\u00e3o l\u1eeda.<\/p>\n\n\n\n<p>Th\u1ee9 h\u1ea1ng hi\u1ec7n t\u1ea1i c\u1ee7a c\u00e1c v\u1eadt ph\u1ea9m \u0111\u00e3 m\u1edf kh\u00f3a l\u00e0:<br>S\u00fang m\u00e1y 3, Ph\u00e1o 3, AA 2, Firestorm 2, X-Weapon 1, Mua 2, S\u1eeda ch\u1eefa 1<\/p>\n\n\n\n<hr class=\"wp-block-separator\"\/>\n\n\n\n<h4 class=\"has-text-align-center wp-block-heading\">H\u01b0\u1edbng d\u1eabn Video<\/h4>\n\n\n\n<figure class=\"wp-block-embed-youtube wp-block-embed is-type-video is-provider-youtube wp-embed-aspect-16-9 wp-has-aspect-ratio\"><div class=\"wp-block-embed__wrapper\">\n<div class=\"ast-oembed-container\" style=\"height: 100%;\"><iframe title=\"iBomber Defense - \u0110\u00f4ng B\u1eafc \u00c2u - Ph\u1ea3n c\u00f4ng - C\u1ef1u chi\u1ebfn binh + Ho\u00e0n h\u1ea3o\" width=\"500\" height=\"281\" src=\"https:\/\/www.youtube.com\/embed\/K_tw0_Ff7OI?feature=oembed\" frameborder=\"0\" allow=\"accelerometer; autoplay; clipboard-write; encrypted-media; gyroscope; picture-in-picture; web-share\" referrerpolicy=\"strict-origin-when-cross-origin\" allowfullscreen><\/iframe><\/div>\n<\/div><\/figure>","protected":false},"excerpt":{"rendered":"<p>The first counterattack bonus level of the Axis campaign in iBomber Defense takes us back to the North East Europe level, retaining the previous turret placement while opening up a new path to the east. You will need to face off against another 30 waves of ground units without losing a life to acquire 3 [&hellip;]<\/p>","protected":false},"author":1,"featured_media":91,"parent":268,"menu_order":4,"comment_status":"open","ping_status":"closed","template":"","meta":{"_uag_custom_page_level_css":"","site-sidebar-layout":"default","site-content-layout":"default","ast-site-content-layout":"","site-content-style":"default","site-sidebar-style":"default","ast-global-header-display":"","ast-banner-title-visibility":"","ast-main-header-display":"","ast-hfb-above-header-display":"","ast-hfb-below-header-display":"","ast-hfb-mobile-header-display":"","site-post-title":"","ast-breadcrumbs-content":"","ast-featured-img":"","footer-sml-layout":"","theme-transparent-header-meta":"default","adv-header-id-meta":"","stick-header-meta":"","header-above-stick-meta":"","header-main-stick-meta":"","header-below-stick-meta":"","astra-migrate-meta-layouts":"default","ast-page-background-enabled":"default","ast-page-background-meta":{"desktop":{"background-color":"","background-image":"","background-repeat":"repeat","background-position":"center center","background-size":"auto","background-attachment":"scroll","background-type":"","background-media":"","overlay-type":"","overlay-color":"","overlay-gradient":""},"tablet":{"background-color":"","background-image":"","background-repeat":"repeat","background-position":"center center","background-size":"auto","background-attachment":"scroll","background-type":"","background-media":"","overlay-type":"","overlay-color":"","overlay-gradient":""},"mobile":{"background-color":"","background-image":"","background-repeat":"repeat","background-position":"center center","background-size":"auto","background-attachment":"scroll","background-type":"","background-media":"","overlay-type":"","overlay-color":"","overlay-gradient":""}},"ast-content-background-meta":{"desktop":{"background-color":"var(--ast-global-color-5)","background-image":"","background-repeat":"repeat","background-position":"center center","background-size":"auto","background-attachment":"scroll","background-type":"","background-media":"","overlay-type":"","overlay-color":"","overlay-gradient":""},"tablet":{"background-color":"var(--ast-global-color-5)","background-image":"","background-repeat":"repeat","background-position":"center center","background-size":"auto","background-attachment":"scroll","background-type":"","background-media":"","overlay-type":"","overlay-color":"","overlay-gradient":""},"mobile":{"background-color":"var(--ast-global-color-5)","background-image":"","background-repeat":"repeat","background-position":"center center","background-size":"auto","background-attachment":"scroll","background-type":"","background-media":"","overlay-type":"","overlay-color":"","overlay-gradient":""}},"footnotes":""},"uagb_featured_image_src":{"full":["https:\/\/ibomberdefense.standardof.net\/wp-content\/uploads\/sites\/5\/2020\/10\/iBomber-Defense-Axis-Campaign-04.-North-East-Europe-Counterattack-4.jpg",1280,720,false],"thumbnail":["https:\/\/ibomberdefense.standardof.net\/wp-content\/uploads\/sites\/5\/2020\/10\/iBomber-Defense-Axis-Campaign-04.-North-East-Europe-Counterattack-4-200x113.jpg",200,113,true],"medium":["https:\/\/ibomberdefense.standardof.net\/wp-content\/uploads\/sites\/5\/2020\/10\/iBomber-Defense-Axis-Campaign-04.-North-East-Europe-Counterattack-4-512x288.jpg",512,288,true],"medium_large":["https:\/\/ibomberdefense.standardof.net\/wp-content\/uploads\/sites\/5\/2020\/10\/iBomber-Defense-Axis-Campaign-04.-North-East-Europe-Counterattack-4-768x432.jpg",768,432,true],"large":["https:\/\/ibomberdefense.standardof.net\/wp-content\/uploads\/sites\/5\/2020\/10\/iBomber-Defense-Axis-Campaign-04.-North-East-Europe-Counterattack-4-800x450.jpg",800,450,true],"1536x1536":["https:\/\/ibomberdefense.standardof.net\/wp-content\/uploads\/sites\/5\/2020\/10\/iBomber-Defense-Axis-Campaign-04.-North-East-Europe-Counterattack-4.jpg",1280,720,false],"2048x2048":["https:\/\/ibomberdefense.standardof.net\/wp-content\/uploads\/sites\/5\/2020\/10\/iBomber-Defense-Axis-Campaign-04.-North-East-Europe-Counterattack-4.jpg",1280,720,false],"trp-custom-language-flag":["https:\/\/ibomberdefense.standardof.net\/wp-content\/uploads\/sites\/5\/2020\/10\/iBomber-Defense-Axis-Campaign-04.-North-East-Europe-Counterattack-4-16x9.jpg",16,9,true]},"uagb_author_info":{"display_name":"SOE","author_link":"https:\/\/ibomberdefense.standardof.net\/vi\/author\/k-tastic\/"},"uagb_comment_info":0,"uagb_excerpt":"The first counterattack bonus level of the Axis campaign in iBomber Defense takes us back to the North East Europe level, retaining the previous turret placement while opening up a new path to the east. You will need to face off against another 30 waves of ground units without losing a life to acquire 3&hellip;","_links":{"self":[{"href":"https:\/\/ibomberdefense.standardof.net\/vi\/wp-json\/wp\/v2\/pages\/324"}],"collection":[{"href":"https:\/\/ibomberdefense.standardof.net\/vi\/wp-json\/wp\/v2\/pages"}],"about":[{"href":"https:\/\/ibomberdefense.standardof.net\/vi\/wp-json\/wp\/v2\/types\/page"}],"author":[{"embeddable":true,"href":"https:\/\/ibomberdefense.standardof.net\/vi\/wp-json\/wp\/v2\/users\/1"}],"replies":[{"embeddable":true,"href":"https:\/\/ibomberdefense.standardof.net\/vi\/wp-json\/wp\/v2\/comments?post=324"}],"version-history":[{"count":0,"href":"https:\/\/ibomberdefense.standardof.net\/vi\/wp-json\/wp\/v2\/pages\/324\/revisions"}],"up":[{"embeddable":true,"href":"https:\/\/ibomberdefense.standardof.net\/vi\/wp-json\/wp\/v2\/pages\/268"}],"wp:featuredmedia":[{"embeddable":true,"href":"https:\/\/ibomberdefense.standardof.net\/vi\/wp-json\/wp\/v2\/media\/91"}],"wp:attachment":[{"href":"https:\/\/ibomberdefense.standardof.net\/vi\/wp-json\/wp\/v2\/media?parent=324"}],"curies":[{"name":"wp","href":"https:\/\/api.w.org\/{rel}","templated":true}]}}