{"id":325,"date":"2020-10-19T07:17:25","date_gmt":"2020-10-19T07:17:25","guid":{"rendered":"https:\/\/ibomberdefense.standardof.net\/?page_id=325"},"modified":"2020-10-19T08:05:18","modified_gmt":"2020-10-19T08:05:18","slug":"5-north-east-africa-desert-dusk","status":"publish","type":"page","link":"https:\/\/ibomberdefense.standardof.net\/vi\/guide\/chien-dich-truc\/5-dong-bac-phi-sa-mac-hoang-hon\/","title":{"rendered":"5. \u0110\u00f4ng B\u1eafc Phi: Ho\u00e0ng h\u00f4n sa m\u1ea1c"},"content":{"rendered":"<div class=\"wp-block-image\"><figure class=\"aligncenter size-large\"><a href=\"https:\/\/ibomberdefense.standardof.net\/vi\/guide\/chien-dich-truc\/5-dong-bac-phi-sa-mac-hoang-hon\/ibomber-defense-axis-campaign-05-north-east-africa-desert-dusk-1\/\"><img decoding=\"async\" width=\"800\" height=\"450\" src=\"https:\/\/ibomberdefense.standardof.net\/wp-content\/uploads\/sites\/5\/2020\/10\/iBomber-Defense-Axis-Campaign-05.-North-East-Africa-Desert-Dusk-1-800x450.jpg\" alt=\"&quot;iBomber Defense&quot; - Chi\u1ebfn d\u1ecbch Tr\u1ee5c - 05. \u0110\u00f4ng B\u1eafc Phi: Ho\u00e0ng h\u00f4n sa m\u1ea1c (1)\" class=\"wp-image-92\" title=\"\" srcset=\"https:\/\/ibomberdefense.standardof.net\/wp-content\/uploads\/sites\/5\/2020\/10\/iBomber-Defense-Axis-Campaign-05.-North-East-Africa-Desert-Dusk-1-800x450.jpg 800w, https:\/\/ibomberdefense.standardof.net\/wp-content\/uploads\/sites\/5\/2020\/10\/iBomber-Defense-Axis-Campaign-05.-North-East-Africa-Desert-Dusk-1-512x288.jpg 512w, https:\/\/ibomberdefense.standardof.net\/wp-content\/uploads\/sites\/5\/2020\/10\/iBomber-Defense-Axis-Campaign-05.-North-East-Africa-Desert-Dusk-1-200x113.jpg 200w, https:\/\/ibomberdefense.standardof.net\/wp-content\/uploads\/sites\/5\/2020\/10\/iBomber-Defense-Axis-Campaign-05.-North-East-Africa-Desert-Dusk-1-768x432.jpg 768w, https:\/\/ibomberdefense.standardof.net\/wp-content\/uploads\/sites\/5\/2020\/10\/iBomber-Defense-Axis-Campaign-05.-North-East-Africa-Desert-Dusk-1-16x9.jpg 16w, https:\/\/ibomberdefense.standardof.net\/wp-content\/uploads\/sites\/5\/2020\/10\/iBomber-Defense-Axis-Campaign-05.-North-East-Africa-Desert-Dusk-1.jpg 1280w\" sizes=\"(max-width: 800px) 100vw, 800px\" \/><\/a><figcaption>C\u00e1c tuy\u1ebfn \u0111\u01b0\u1eddng c\u1ee7a k\u1ebb th\u00f9 \u1edf \u0110\u00f4ng B\u1eafc Phi \u1edf c\u1ea5p \u0111\u1ed9 \u201cHo\u00e0ng h\u00f4n sa m\u1ea1c\u201d c\u1ee7a \u201cPh\u00f2ng th\u1ee7 iBomber\u201d. \u0110\u01b0\u1eddng m\u00e0u xanh \u0111\u01b0\u1ee3c th\u1ef1c hi\u1ec7n b\u1eb1ng m\u00e1y bay.<\/figcaption><\/figure><\/div>\n\n\n\n<p>Nhi\u1ec7m v\u1ee5 5 n Chi\u1ebfn d\u1ecbch Tr\u1ee5c l\u00e0 c\u1ea5p \u0111\u1ed9 \u0111\u1ea7u ti\u00ean gi\u1edbi thi\u1ec7u m\u00e1y bay \u0111\u1ecbch, \u0111\u01b0a b\u1ea1n \u0111\u1ebfn sa m\u1ea1c c\u00e1t \u1edf \u0110\u00f4ng B\u1eafc Phi trong &quot;Ho\u00e0ng h\u00f4n sa m\u1ea1c&quot;. B\u1ea1n s\u1ebd c\u1ea7n ph\u1ea3i ch\u1ed1ng l\u1ea1i 30 \u0111\u1ee3t k\u1ebb th\u00f9 b\u1eb1ng m\u00e1y bay xu\u1ea5t hi\u1ec7n l\u1ea7n \u0111\u1ea7u ti\u00ean trong \u0111\u1ee3t 20.<\/p>\n\n\n\n<p>V\u1ecb tr\u00ed th\u00e1p ph\u00e1o \u1edf c\u1ea5p \u0111\u1ed9 n\u00e0y s\u1ebd t\u1eadp trung v\u00e0o vi\u1ec7c t\u1eadn d\u1ee5ng nhi\u1ec1u cao nguy\u00ean \u0111\u1ec3 c\u00f3 \u0111\u01b0\u1ee3c ph\u1ea7n th\u01b0\u1edfng tr\u00ean m\u1eb7t \u0111\u1ea5t cao c\u1ee7a ch\u00fang cung c\u1ea5p cho ph\u1ea1m vi c\u1ee7a t\u1ea5t c\u1ea3 c\u00e1c th\u00e1p ph\u00e1o. Trong to\u00e0n b\u1ed9 c\u1ea5p \u0111\u1ed9, b\u1ea1n n\u00ean tr\u00e1nh ho\u00e0n to\u00e0n vi\u1ec7c \u0111\u1eb7t m\u1ed9t trong c\u00e1c th\u00e1p ph\u00e1o c\u1ee7a m\u00ecnh tr\u00ean m\u1eb7t \u0111\u1ea5t th\u1ea5p khi xem x\u00e9t s\u1ed1 l\u01b0\u1ee3ng v\u1ecb tr\u00ed n\u00e2ng cao c\u00f3 s\u1eb5n.<\/p>\n\n\n\n<h3 class=\"wp-block-heading\"><strong>V\u1ecb tr\u00ed th\u00e1p ph\u00e1o<\/strong><\/h3>\n\n\n\n<figure class=\"wp-block-gallery columns-2 is-cropped wp-block-gallery-1 is-layout-flex wp-block-gallery-is-layout-flex\"><ul class=\"blocks-gallery-grid\"><li class=\"blocks-gallery-item\"><figure><a href=\"https:\/\/ibomberdefense.standardof.net\/vi\/guide\/chien-dich-truc\/5-dong-bac-phi-sa-mac-hoang-hon\/ibomber-defense-axis-campaign-05-north-east-africa-desert-dusk-2\/\"><img decoding=\"async\" width=\"800\" height=\"450\" src=\"https:\/\/ibomberdefense.standardof.net\/wp-content\/uploads\/sites\/5\/2020\/10\/iBomber-Defense-Axis-Campaign-05.-North-East-Africa-Desert-Dusk-2-800x450.jpg\" alt=\"&quot;iBomber Defense&quot; - Chi\u1ebfn d\u1ecbch Tr\u1ee5c - 05. \u0110\u00f4ng B\u1eafc Phi: Ho\u00e0ng h\u00f4n sa m\u1ea1c (2)\" data-id=\"93\" data-full-url=\"https:\/\/ibomberdefense.standardof.net\/wp-content\/uploads\/sites\/5\/2020\/10\/iBomber-Defense-Axis-Campaign-05.-North-East-Africa-Desert-Dusk-2.jpg\" data-link=\"https:\/\/ibomberdefense.standardof.net\/guide\/axis-campaign\/5-north-east-africa-desert-dusk\/ibomber-defense-axis-campaign-05-north-east-africa-desert-dusk-2\/\" class=\"wp-image-93\" title=\"\" srcset=\"https:\/\/ibomberdefense.standardof.net\/wp-content\/uploads\/sites\/5\/2020\/10\/iBomber-Defense-Axis-Campaign-05.-North-East-Africa-Desert-Dusk-2-800x450.jpg 800w, https:\/\/ibomberdefense.standardof.net\/wp-content\/uploads\/sites\/5\/2020\/10\/iBomber-Defense-Axis-Campaign-05.-North-East-Africa-Desert-Dusk-2-512x288.jpg 512w, https:\/\/ibomberdefense.standardof.net\/wp-content\/uploads\/sites\/5\/2020\/10\/iBomber-Defense-Axis-Campaign-05.-North-East-Africa-Desert-Dusk-2-200x113.jpg 200w, https:\/\/ibomberdefense.standardof.net\/wp-content\/uploads\/sites\/5\/2020\/10\/iBomber-Defense-Axis-Campaign-05.-North-East-Africa-Desert-Dusk-2-768x432.jpg 768w, https:\/\/ibomberdefense.standardof.net\/wp-content\/uploads\/sites\/5\/2020\/10\/iBomber-Defense-Axis-Campaign-05.-North-East-Africa-Desert-Dusk-2-16x9.jpg 16w, https:\/\/ibomberdefense.standardof.net\/wp-content\/uploads\/sites\/5\/2020\/10\/iBomber-Defense-Axis-Campaign-05.-North-East-Africa-Desert-Dusk-2.jpg 1280w\" sizes=\"(max-width: 800px) 100vw, 800px\" \/><\/a><figcaption class=\"blocks-gallery-item__caption\">V\u1ecb tr\u00ed th\u00e1p ph\u00e1o s\u00f3ng 10.<\/figcaption><\/figure><\/li><li class=\"blocks-gallery-item\"><figure><a href=\"https:\/\/ibomberdefense.standardof.net\/vi\/guide\/chien-dich-truc\/5-dong-bac-phi-sa-mac-hoang-hon\/ibomber-defense-axis-campaign-05-north-east-africa-desert-dusk-3\/\"><img decoding=\"async\" width=\"800\" height=\"450\" src=\"https:\/\/ibomberdefense.standardof.net\/wp-content\/uploads\/sites\/5\/2020\/10\/iBomber-Defense-Axis-Campaign-05.-North-East-Africa-Desert-Dusk-3-800x450.jpg\" alt=\"&quot;iBomber Defense&quot; - Chi\u1ebfn d\u1ecbch Tr\u1ee5c - 05. \u0110\u00f4ng B\u1eafc Phi: Ho\u00e0ng h\u00f4n sa m\u1ea1c (3)\" data-id=\"94\" data-full-url=\"https:\/\/ibomberdefense.standardof.net\/wp-content\/uploads\/sites\/5\/2020\/10\/iBomber-Defense-Axis-Campaign-05.-North-East-Africa-Desert-Dusk-3.jpg\" data-link=\"https:\/\/ibomberdefense.standardof.net\/guide\/axis-campaign\/5-north-east-africa-desert-dusk\/ibomber-defense-axis-campaign-05-north-east-africa-desert-dusk-3\/\" class=\"wp-image-94\" title=\"\" srcset=\"https:\/\/ibomberdefense.standardof.net\/wp-content\/uploads\/sites\/5\/2020\/10\/iBomber-Defense-Axis-Campaign-05.-North-East-Africa-Desert-Dusk-3-800x450.jpg 800w, https:\/\/ibomberdefense.standardof.net\/wp-content\/uploads\/sites\/5\/2020\/10\/iBomber-Defense-Axis-Campaign-05.-North-East-Africa-Desert-Dusk-3-512x288.jpg 512w, https:\/\/ibomberdefense.standardof.net\/wp-content\/uploads\/sites\/5\/2020\/10\/iBomber-Defense-Axis-Campaign-05.-North-East-Africa-Desert-Dusk-3-200x113.jpg 200w, https:\/\/ibomberdefense.standardof.net\/wp-content\/uploads\/sites\/5\/2020\/10\/iBomber-Defense-Axis-Campaign-05.-North-East-Africa-Desert-Dusk-3-768x432.jpg 768w, https:\/\/ibomberdefense.standardof.net\/wp-content\/uploads\/sites\/5\/2020\/10\/iBomber-Defense-Axis-Campaign-05.-North-East-Africa-Desert-Dusk-3-16x9.jpg 16w, https:\/\/ibomberdefense.standardof.net\/wp-content\/uploads\/sites\/5\/2020\/10\/iBomber-Defense-Axis-Campaign-05.-North-East-Africa-Desert-Dusk-3.jpg 1280w\" sizes=\"(max-width: 800px) 100vw, 800px\" \/><\/a><figcaption class=\"blocks-gallery-item__caption\">V\u1ecb tr\u00ed th\u00e1p ph\u00e1o c\u1ee7a Wave 20.<\/figcaption><\/figure><\/li><\/ul><\/figure>\n\n\n\n<p>L\u00e0n s\u00f3ng m\u1ed9t \u0111\u1ebfn m\u01b0\u1eddi quay tr\u1edf l\u1ea1i th\u1eddi k\u1ef3 c\u0169 \u201ch\u00e3y \u0111\u1eb7t m\u1ed9t s\u1ed1 S\u00fang m\u00e1y\u201d: chi\u1ebfn l\u01b0\u1ee3c \u0111\u1ec3 \u0111\u1ed1i ph\u00f3 v\u1edbi l\u00e0n s\u00f3ng ban \u0111\u1ea7u c\u1ee7a c\u00e1c \u0111\u01a1n v\u1ecb \u00e1nh s\u00e1ng trong khi cung c\u1ea5p m\u1ed9t ph\u01b0\u01a1ng ti\u1ec7n \u0111\u1ec3 gi\u1ea3m s\u00e1t th\u01b0\u01a1ng cho c\u00e1c th\u00e1p ph\u00e1o \u0111\u1eaft ti\u1ec1n h\u01a1n \u0111\u01b0\u1ee3c \u0111\u1eb7t sau \u0111\u00f3. Ba chi\u1ebfc n\u00ean \u0111i theo c\u01a1 s\u1edf nh\u00e0 d\u1ecdc theo c\u00e1c m\u00e9p c\u1ee7a n\u1ec1n \u0111\u1ea5t cao v\u1edbi hai chi\u1ebfc \u0111\u01b0\u1ee3c \u0111\u1eb7t \u1edf c\u00e1c cao nguy\u00ean ph\u00eda t\u00e2y nh\u1ea5t, m\u1ed9t chi\u1ebfc cho m\u1ed7i l\u1ed1i v\u00e0o ch\u00ednh. T\u1ea5t c\u1ea3 ph\u1ea3i \u0111\u1ea1t t\u1ed1i \u0111a \u1edf c\u1ea5p 10.<\/p>\n\n\n\n<p>Tr\u00ean con \u0111\u01b0\u1eddng c\u1ee7a b\u1ea1n \u0111\u1ec3 v\u1eaby v\u00f9ng 20, h\u00e3y t\u1eadp trung v\u00e0o vi\u1ec7c c\u00f3 \u0111\u01b0\u1ee3c hai th\u00e1p ph\u00e1o Inferno, m\u1ed9t \u1edf m\u1ed7i cao nguy\u00ean ph\u00eda \u0111\u00f4ng \u0111\u1ec3 l\u00e0m ch\u1eadm k\u1ebb th\u00f9 trong khi t\u1eadp trung v\u00e0o vi\u1ec7c nh\u1eadn \u0111\u01b0\u1ee3c m\u1ed9t X-Weapon \u0111\u00e3 \u0111\u01b0\u1ee3c t\u0103ng c\u01b0\u1eddng \u0111\u1ea7y \u0111\u1ee7 (3 echelons ho\u1eb7c h\u00ecnh ch\u1eef V v\u00e0ng) l\u00ean v\u00e0 ch\u1ea1y, \u0111\u1eb7t g\u1ea7n c\u00e1c th\u00e1p s\u00fang MG t\u1ed1i \u0111a. M\u1ed9t v\u00e0i kh\u1ea9u ph\u00e1o s\u1ebd \u1ed5n, nh\u01b0ng X-Weapon gi\u1ed1ng nh\u01b0 m\u1ed9t kh\u1ea9u \u0111\u1ea1i b\u00e1c \u0103n t\u1ed1i, v\u00e0 n\u00ean l\u00e0 \u01b0u ti\u00ean h\u00e0ng \u0111\u1ea7u c\u1ee7a b\u1ea1n k\u1ec3 t\u1eeb \u0111\u00e2y tr\u1edf \u0111i. \u0110\u1ea3m b\u1ea3o n\u00e2ng c\u1ea5p s\u00fang AA ngay tr\u01b0\u1edbc c\u1ea5p 20.<\/p>\n\n\n\n<p>M\u1ed9t X-Weapon s\u1ebd l\u00e0 \u0111\u1ee7, v\u1edbi ph\u1ea7n ti\u1ec1n c\u00f2n l\u1ea1i c\u1ee7a b\u1ea1n s\u1ebd n\u00e2ng c\u1ea5p th\u00e1p ph\u00e1o AA l\u00ean c\u1ea5p 2 v\u1edbi c\u1ea5p 1 th\u1ee9 hai d\u1ecdc theo \u0111\u01b0\u1eddng bay c\u1ee7a m\u00e1y bay. Ngo\u00e0i ra, h\u00e3y x\u00e2y d\u1ef1ng c\u00e1c kh\u1ea9u Ph\u00e1o c\u1ea5p ba g\u1ea7n c\u0103n c\u1ee9 \u0111\u1ec3 gi\u00fap ti\u00eau di\u1ec7t c\u00e1c \u0111\u01a1n v\u1ecb thi\u1ebft gi\u00e1p v\u1edbi c\u00e1c tr\u01b0\u1eddng l\u1eeda ch\u1ed3ng l\u00ean nhau. C\u1ea5p 2 Infernos c\u0169ng c\u00f3 th\u1ec3 l\u00e0 m\u1ed9t c\u00e1ch s\u1eed d\u1ee5ng t\u00e0i nguy\u00ean h\u1eefu \u00edch.<\/p>\n\n\n\n<div class=\"wp-block-image\"><figure class=\"aligncenter size-large\"><a href=\"https:\/\/ibomberdefense.standardof.net\/vi\/guide\/chien-dich-truc\/5-dong-bac-phi-sa-mac-hoang-hon\/ibomber-defense-axis-campaign-05-north-east-africa-desert-dusk-4\/\"><img decoding=\"async\" width=\"800\" height=\"450\" src=\"https:\/\/ibomberdefense.standardof.net\/wp-content\/uploads\/sites\/5\/2020\/10\/iBomber-Defense-Axis-Campaign-05.-North-East-Africa-Desert-Dusk-4-800x450.jpg\" alt=\"&quot;iBomber Defense&quot; - Chi\u1ebfn d\u1ecbch Tr\u1ee5c - 05. \u0110\u00f4ng B\u1eafc Phi: Ho\u00e0ng h\u00f4n sa m\u1ea1c (4)\" class=\"wp-image-95\" title=\"\" srcset=\"https:\/\/ibomberdefense.standardof.net\/wp-content\/uploads\/sites\/5\/2020\/10\/iBomber-Defense-Axis-Campaign-05.-North-East-Africa-Desert-Dusk-4-800x450.jpg 800w, https:\/\/ibomberdefense.standardof.net\/wp-content\/uploads\/sites\/5\/2020\/10\/iBomber-Defense-Axis-Campaign-05.-North-East-Africa-Desert-Dusk-4-512x288.jpg 512w, https:\/\/ibomberdefense.standardof.net\/wp-content\/uploads\/sites\/5\/2020\/10\/iBomber-Defense-Axis-Campaign-05.-North-East-Africa-Desert-Dusk-4-200x113.jpg 200w, https:\/\/ibomberdefense.standardof.net\/wp-content\/uploads\/sites\/5\/2020\/10\/iBomber-Defense-Axis-Campaign-05.-North-East-Africa-Desert-Dusk-4-768x432.jpg 768w, https:\/\/ibomberdefense.standardof.net\/wp-content\/uploads\/sites\/5\/2020\/10\/iBomber-Defense-Axis-Campaign-05.-North-East-Africa-Desert-Dusk-4-16x9.jpg 16w, https:\/\/ibomberdefense.standardof.net\/wp-content\/uploads\/sites\/5\/2020\/10\/iBomber-Defense-Axis-Campaign-05.-North-East-Africa-Desert-Dusk-4.jpg 1280w\" sizes=\"(max-width: 800px) 100vw, 800px\" \/><\/a><figcaption>V\u1ecb tr\u00ed th\u00e1p ph\u00e1o c\u1ee7a Wave 30.<\/figcaption><\/figure><\/div>\n\n\n\n<h3 class=\"wp-block-heading\"><strong>Chi ti\u00eau \u0111i\u1ec3m chi\u1ebfn th\u1eafng<\/strong><\/h3>\n\n\n\n<p>L\u1ea5y hai \u0111i\u1ec3m chi\u1ebfn th\u1eafng gi\u00e0nh \u0111\u01b0\u1ee3c khi ho\u00e0n th\u00e0nh c\u1ea5p \u0111\u1ed9 n\u00e0y v\u00e0 \u0111\u1eb7t m\u1ed9t \u0111i\u1ec3m v\u00e0o X-Weapon v\u00e0 \u0111i\u1ec3m c\u00f2n l\u1ea1i v\u00e0o S\u1eeda ch\u1eefa v\u00ec c\u1ea3 hai s\u1ebd c\u00f3 nhu c\u1ea7u cao h\u01a1n trong c\u00e1c c\u1ea5p \u0111\u1ed9 sau.<\/p>\n\n\n\n<p>Th\u1ee9 h\u1ea1ng hi\u1ec7n t\u1ea1i c\u1ee7a c\u00e1c v\u1eadt ph\u1ea9m \u0111\u00e3 m\u1edf kh\u00f3a l\u00e0:<br>S\u00fang m\u00e1y v\u00e0 Ph\u00e1o l\u00e0 c\u1ea5p 3, m\u1ecdi th\u1ee9 kh\u00e1c l\u00e0 c\u1ea5p 2.<\/p>\n\n\n\n<hr class=\"wp-block-separator\"\/>\n\n\n\n<h4 class=\"has-text-align-center wp-block-heading\">H\u01b0\u1edbng d\u1eabn Video<\/h4>\n\n\n\n<figure class=\"wp-block-embed-youtube wp-block-embed is-type-video is-provider-youtube wp-embed-aspect-16-9 wp-has-aspect-ratio\"><div class=\"wp-block-embed__wrapper\">\n<div class=\"ast-oembed-container\" style=\"height: 100%;\"><iframe title=\"iBomber Defense - \u0110\u00f4ng B\u1eafc Phi - Ho\u00e0ng h\u00f4n sa m\u1ea1c - C\u1ef1u chi\u1ebfn binh + Ho\u00e0n h\u1ea3o\" width=\"500\" height=\"281\" src=\"https:\/\/www.youtube.com\/embed\/QR9dh_1PO6k?feature=oembed\" frameborder=\"0\" allow=\"accelerometer; autoplay; clipboard-write; encrypted-media; gyroscope; picture-in-picture; web-share\" referrerpolicy=\"strict-origin-when-cross-origin\" allowfullscreen><\/iframe><\/div>\n<\/div><\/figure>","protected":false},"excerpt":{"rendered":"<p>Mission 5 n the Axis Campaign is the first level to introduce enemy aircraft, taking you to the desert sands of North East Africa in &#8220;Desert Dusk&#8221;. You will need to fend off 30 full waves of enemies with aircraft making their first appearance during wave 20. Turret placement in this level will focus on [&hellip;]<\/p>","protected":false},"author":1,"featured_media":95,"parent":268,"menu_order":5,"comment_status":"open","ping_status":"closed","template":"","meta":{"_uag_custom_page_level_css":"","site-sidebar-layout":"default","site-content-layout":"default","ast-site-content-layout":"","site-content-style":"default","site-sidebar-style":"default","ast-global-header-display":"","ast-banner-title-visibility":"","ast-main-header-display":"","ast-hfb-above-header-display":"","ast-hfb-below-header-display":"","ast-hfb-mobile-header-display":"","site-post-title":"","ast-breadcrumbs-content":"","ast-featured-img":"","footer-sml-layout":"","theme-transparent-header-meta":"default","adv-header-id-meta":"","stick-header-meta":"","header-above-stick-meta":"","header-main-stick-meta":"","header-below-stick-meta":"","astra-migrate-meta-layouts":"default","ast-page-background-enabled":"default","ast-page-background-meta":{"desktop":{"background-color":"","background-image":"","background-repeat":"repeat","background-position":"center center","background-size":"auto","background-attachment":"scroll","background-type":"","background-media":"","overlay-type":"","overlay-color":"","overlay-gradient":""},"tablet":{"background-color":"","background-image":"","background-repeat":"repeat","background-position":"center center","background-size":"auto","background-attachment":"scroll","background-type":"","background-media":"","overlay-type":"","overlay-color":"","overlay-gradient":""},"mobile":{"background-color":"","background-image":"","background-repeat":"repeat","background-position":"center center","background-size":"auto","background-attachment":"scroll","background-type":"","background-media":"","overlay-type":"","overlay-color":"","overlay-gradient":""}},"ast-content-background-meta":{"desktop":{"background-color":"var(--ast-global-color-5)","background-image":"","background-repeat":"repeat","background-position":"center center","background-size":"auto","background-attachment":"scroll","background-type":"","background-media":"","overlay-type":"","overlay-color":"","overlay-gradient":""},"tablet":{"background-color":"var(--ast-global-color-5)","background-image":"","background-repeat":"repeat","background-position":"center center","background-size":"auto","background-attachment":"scroll","background-type":"","background-media":"","overlay-type":"","overlay-color":"","overlay-gradient":""},"mobile":{"background-color":"var(--ast-global-color-5)","background-image":"","background-repeat":"repeat","background-position":"center center","background-size":"auto","background-attachment":"scroll","background-type":"","background-media":"","overlay-type":"","overlay-color":"","overlay-gradient":""}},"footnotes":""},"uagb_featured_image_src":{"full":["https:\/\/ibomberdefense.standardof.net\/wp-content\/uploads\/sites\/5\/2020\/10\/iBomber-Defense-Axis-Campaign-05.-North-East-Africa-Desert-Dusk-4.jpg",1280,720,false],"thumbnail":["https:\/\/ibomberdefense.standardof.net\/wp-content\/uploads\/sites\/5\/2020\/10\/iBomber-Defense-Axis-Campaign-05.-North-East-Africa-Desert-Dusk-4-200x113.jpg",200,113,true],"medium":["https:\/\/ibomberdefense.standardof.net\/wp-content\/uploads\/sites\/5\/2020\/10\/iBomber-Defense-Axis-Campaign-05.-North-East-Africa-Desert-Dusk-4-512x288.jpg",512,288,true],"medium_large":["https:\/\/ibomberdefense.standardof.net\/wp-content\/uploads\/sites\/5\/2020\/10\/iBomber-Defense-Axis-Campaign-05.-North-East-Africa-Desert-Dusk-4-768x432.jpg",768,432,true],"large":["https:\/\/ibomberdefense.standardof.net\/wp-content\/uploads\/sites\/5\/2020\/10\/iBomber-Defense-Axis-Campaign-05.-North-East-Africa-Desert-Dusk-4-800x450.jpg",800,450,true],"1536x1536":["https:\/\/ibomberdefense.standardof.net\/wp-content\/uploads\/sites\/5\/2020\/10\/iBomber-Defense-Axis-Campaign-05.-North-East-Africa-Desert-Dusk-4.jpg",1280,720,false],"2048x2048":["https:\/\/ibomberdefense.standardof.net\/wp-content\/uploads\/sites\/5\/2020\/10\/iBomber-Defense-Axis-Campaign-05.-North-East-Africa-Desert-Dusk-4.jpg",1280,720,false],"trp-custom-language-flag":["https:\/\/ibomberdefense.standardof.net\/wp-content\/uploads\/sites\/5\/2020\/10\/iBomber-Defense-Axis-Campaign-05.-North-East-Africa-Desert-Dusk-4-16x9.jpg",16,9,true]},"uagb_author_info":{"display_name":"SOE","author_link":"https:\/\/ibomberdefense.standardof.net\/vi\/author\/k-tastic\/"},"uagb_comment_info":0,"uagb_excerpt":"Mission 5 n the Axis Campaign is the first level to introduce enemy aircraft, taking you to the desert sands of North East Africa in &#8220;Desert Dusk&#8221;. You will need to fend off 30 full waves of enemies with aircraft making their first appearance during wave 20. Turret placement in this level will focus on&hellip;","_links":{"self":[{"href":"https:\/\/ibomberdefense.standardof.net\/vi\/wp-json\/wp\/v2\/pages\/325"}],"collection":[{"href":"https:\/\/ibomberdefense.standardof.net\/vi\/wp-json\/wp\/v2\/pages"}],"about":[{"href":"https:\/\/ibomberdefense.standardof.net\/vi\/wp-json\/wp\/v2\/types\/page"}],"author":[{"embeddable":true,"href":"https:\/\/ibomberdefense.standardof.net\/vi\/wp-json\/wp\/v2\/users\/1"}],"replies":[{"embeddable":true,"href":"https:\/\/ibomberdefense.standardof.net\/vi\/wp-json\/wp\/v2\/comments?post=325"}],"version-history":[{"count":0,"href":"https:\/\/ibomberdefense.standardof.net\/vi\/wp-json\/wp\/v2\/pages\/325\/revisions"}],"up":[{"embeddable":true,"href":"https:\/\/ibomberdefense.standardof.net\/vi\/wp-json\/wp\/v2\/pages\/268"}],"wp:featuredmedia":[{"embeddable":true,"href":"https:\/\/ibomberdefense.standardof.net\/vi\/wp-json\/wp\/v2\/media\/95"}],"wp:attachment":[{"href":"https:\/\/ibomberdefense.standardof.net\/vi\/wp-json\/wp\/v2\/media?parent=325"}],"curies":[{"name":"wp","href":"https:\/\/api.w.org\/{rel}","templated":true}]}}