{"id":326,"date":"2020-10-19T07:17:42","date_gmt":"2020-10-19T07:17:42","guid":{"rendered":"https:\/\/ibomberdefense.standardof.net\/?page_id=326"},"modified":"2020-10-19T08:05:23","modified_gmt":"2020-10-19T08:05:23","slug":"6-south-east-europe-heat-wave","status":"publish","type":"page","link":"https:\/\/ibomberdefense.standardof.net\/vi\/guide\/chien-dich-truc\/6-dot-nang-nong-dong-nam-chau-au\/","title":{"rendered":"6. \u0110\u00f4ng Nam \u00c2u: S\u00f3ng nhi\u1ec7t"},"content":{"rendered":"<div class=\"wp-block-image\"><figure class=\"aligncenter size-large\"><a href=\"https:\/\/ibomberdefense.standardof.net\/vi\/guide\/chien-dich-truc\/6-dot-nang-nong-dong-nam-chau-au\/ibomber-defense-axis-campaign-06-south-east-europe-heat-wave-1\/\"><img decoding=\"async\" width=\"800\" height=\"450\" src=\"https:\/\/ibomberdefense.standardof.net\/wp-content\/uploads\/sites\/5\/2020\/10\/iBomber-Defense-Axis-Campaign-06.-South-East-Europe-Heat-Wave-1-800x450.jpg\" alt=\"&quot;iBomber Defense&quot; - Chi\u1ebfn d\u1ecbch Tr\u1ee5c - 06. \u0110\u00f4ng Nam \u00c2u: S\u00f3ng nhi\u1ec7t (1)\" class=\"wp-image-96\" title=\"\" srcset=\"https:\/\/ibomberdefense.standardof.net\/wp-content\/uploads\/sites\/5\/2020\/10\/iBomber-Defense-Axis-Campaign-06.-South-East-Europe-Heat-Wave-1-800x450.jpg 800w, https:\/\/ibomberdefense.standardof.net\/wp-content\/uploads\/sites\/5\/2020\/10\/iBomber-Defense-Axis-Campaign-06.-South-East-Europe-Heat-Wave-1-512x288.jpg 512w, https:\/\/ibomberdefense.standardof.net\/wp-content\/uploads\/sites\/5\/2020\/10\/iBomber-Defense-Axis-Campaign-06.-South-East-Europe-Heat-Wave-1-200x113.jpg 200w, https:\/\/ibomberdefense.standardof.net\/wp-content\/uploads\/sites\/5\/2020\/10\/iBomber-Defense-Axis-Campaign-06.-South-East-Europe-Heat-Wave-1-768x432.jpg 768w, https:\/\/ibomberdefense.standardof.net\/wp-content\/uploads\/sites\/5\/2020\/10\/iBomber-Defense-Axis-Campaign-06.-South-East-Europe-Heat-Wave-1-16x9.jpg 16w, https:\/\/ibomberdefense.standardof.net\/wp-content\/uploads\/sites\/5\/2020\/10\/iBomber-Defense-Axis-Campaign-06.-South-East-Europe-Heat-Wave-1.jpg 1280w\" sizes=\"(max-width: 800px) 100vw, 800px\" \/><\/a><figcaption>B\u1ea3n \u0111\u1ed3 c\u00e1c tuy\u1ebfn \u0111\u01b0\u1eddng m\u00e0 k\u1ebb th\u00f9 th\u1ef1c hi\u1ec7n \u1edf \u0110\u00f4ng Nam \u00c2u \u201cL\u00e0n s\u00f3ng nhi\u1ec7t\u201d v\u1edbi m\u00e1y bay \u0111\u01b0\u1ee3c bi\u1ec3u th\u1ecb b\u1eb1ng \u0111\u01b0\u1eddng m\u00e0u xanh lam.<\/figcaption><\/figure><\/div>\n\n\n\n<p>\u1ede \u0110\u00f4ng Nam \u00c2u, \u201cHeat Wave\u201d b\u1ea1n tr\u1edf l\u1ea1i m\u1ed9t s\u1ed1 khu v\u1ef1c quen thu\u1ed9c, tuy nhi\u00ean \u0111\u00e3 thay \u0111\u1ed5i theo c\u00e1ch m\u00e0 n\u00f3 \u0111\u01b0\u1ee3c \u0111\u1eb7t t\u00ean m\u1ed9t c\u00e1ch kh\u00e9o l\u00e9o. H\u1ed3 n\u01b0\u1edbc tr\u01b0\u1edbc \u0111\u00e2y t\u1ed3n t\u1ea1i \u1edf \u0111\u00e2y \u0111\u00e3 ho\u00e0n to\u00e0n kh\u00f4 c\u1ea1n, v\u1eabn khi\u1ebfn b\u1ea1n kh\u00f4ng th\u1ec3 \u0111\u1eb7t th\u00e1p ph\u00e1o trong khu v\u1ef1c n\u00e0y, tuy nhi\u00ean s\u1ebd m\u1edf ra m\u1ed9t \u0111\u1ee3t t\u1ea5n c\u00f4ng m\u1edbi nh\u1eb1m v\u00e0o c\u0103n c\u1ee9 c\u1ee7a b\u1ea1n. C\u00e1c \u0111\u01a1n v\u1ecb m\u1eb7t \u0111\u1ea5t m\u00e0 b\u1ea1n s\u1ebd \u0111\u1ed1i m\u1eb7t trong m\u00e0n n\u00e0y s\u1ebd \u0111\u01b0\u1ee3c b\u1ed5 sung b\u1eb1ng m\u00e1y bay \u1edf l\u00e0n s\u00f3ng 15, v\u1edbi t\u1ed5ng s\u1ed1 30 \u0111\u1ee3t \u0111\u1ec3 chi\u1ebfn \u0111\u1ea5u theo c\u00e1ch c\u1ee7a b\u1ea1n.<\/p>\n\n\n\n<p>V\u1ecb tr\u00ed Th\u00e1p ph\u00e1o n\u00ean t\u1eadp trung v\u00e0o vi\u1ec7c t\u1ea1o ra m\u1ed9t tuy\u1ebfn ph\u00f2ng th\u1ee7 d\u00e0y \u0111\u1eb7c g\u1ea7n \u0111i\u1ec3m h\u1ed9i t\u1ee5 cu\u1ed1i c\u00f9ng tr\u01b0\u1edbc c\u0103n c\u1ee9 nh\u00e0 c\u1ee7a b\u1ea1n, v\u1edbi c\u00e1c th\u00e1p ph\u00e1o tr\u1ea3i d\u00e0i t\u1eeb trung t\u00e2m c\u1ee7a \u0111i\u1ec3m h\u1eb9n n\u00e0y c\u1ea3 v\u1ec1 ph\u00eda b\u1eafc v\u00e0 ph\u00eda \u0111\u00f4ng \u0111\u1ec3 bao qu\u00e1t c\u00e1c \u0111\u01a1n v\u1ecb \u0111ang ti\u1ebfp c\u1eadn. C\u00e1c th\u00e1p ph\u00e1o AA c\u00f3 th\u1ec3 chi\u1ebfm \u0111\u1ea3o kh\u00f4ng gian c\u00f3 th\u1ec3 x\u00e2y d\u1ef1ng trong h\u1ed3 kh\u00f4 c\u1ea1n.<\/p>\n\n\n\n<h3 class=\"wp-block-heading\"><strong>V\u1ecb tr\u00ed th\u00e1p ph\u00e1o<\/strong><\/h3>\n\n\n\n<figure class=\"wp-block-gallery columns-2 is-cropped wp-block-gallery-1 is-layout-flex wp-block-gallery-is-layout-flex\"><ul class=\"blocks-gallery-grid\"><li class=\"blocks-gallery-item\"><figure><a href=\"https:\/\/ibomberdefense.standardof.net\/vi\/guide\/chien-dich-truc\/6-dot-nang-nong-dong-nam-chau-au\/ibomber-defense-axis-campaign-06-south-east-europe-heat-wave-2\/\"><img decoding=\"async\" width=\"800\" height=\"450\" src=\"https:\/\/ibomberdefense.standardof.net\/wp-content\/uploads\/sites\/5\/2020\/10\/iBomber-Defense-Axis-Campaign-06.-South-East-Europe-Heat-Wave-2-800x450.jpg\" alt=\"&quot;iBomber Defense&quot; - Chi\u1ebfn d\u1ecbch Tr\u1ee5c - 06. \u0110\u00f4ng Nam \u00c2u: S\u00f3ng nhi\u1ec7t (2)\" data-id=\"97\" data-full-url=\"https:\/\/ibomberdefense.standardof.net\/wp-content\/uploads\/sites\/5\/2020\/10\/iBomber-Defense-Axis-Campaign-06.-South-East-Europe-Heat-Wave-2.jpg\" data-link=\"https:\/\/ibomberdefense.standardof.net\/guide\/axis-campaign\/6-south-east-europe-heat-wave\/ibomber-defense-axis-campaign-06-south-east-europe-heat-wave-2\/\" class=\"wp-image-97\" title=\"\" srcset=\"https:\/\/ibomberdefense.standardof.net\/wp-content\/uploads\/sites\/5\/2020\/10\/iBomber-Defense-Axis-Campaign-06.-South-East-Europe-Heat-Wave-2-800x450.jpg 800w, https:\/\/ibomberdefense.standardof.net\/wp-content\/uploads\/sites\/5\/2020\/10\/iBomber-Defense-Axis-Campaign-06.-South-East-Europe-Heat-Wave-2-512x288.jpg 512w, https:\/\/ibomberdefense.standardof.net\/wp-content\/uploads\/sites\/5\/2020\/10\/iBomber-Defense-Axis-Campaign-06.-South-East-Europe-Heat-Wave-2-200x113.jpg 200w, https:\/\/ibomberdefense.standardof.net\/wp-content\/uploads\/sites\/5\/2020\/10\/iBomber-Defense-Axis-Campaign-06.-South-East-Europe-Heat-Wave-2-768x432.jpg 768w, https:\/\/ibomberdefense.standardof.net\/wp-content\/uploads\/sites\/5\/2020\/10\/iBomber-Defense-Axis-Campaign-06.-South-East-Europe-Heat-Wave-2-16x9.jpg 16w, https:\/\/ibomberdefense.standardof.net\/wp-content\/uploads\/sites\/5\/2020\/10\/iBomber-Defense-Axis-Campaign-06.-South-East-Europe-Heat-Wave-2.jpg 1280w\" sizes=\"(max-width: 800px) 100vw, 800px\" \/><\/a><figcaption class=\"blocks-gallery-item__caption\">V\u1ecb tr\u00ed th\u00e1p ph\u00e1o s\u00f3ng 10.<\/figcaption><\/figure><\/li><li class=\"blocks-gallery-item\"><figure><a href=\"https:\/\/ibomberdefense.standardof.net\/vi\/guide\/chien-dich-truc\/6-dot-nang-nong-dong-nam-chau-au\/ibomber-defense-axis-campaign-06-south-east-europe-heat-wave-3\/\"><img decoding=\"async\" width=\"800\" height=\"450\" src=\"https:\/\/ibomberdefense.standardof.net\/wp-content\/uploads\/sites\/5\/2020\/10\/iBomber-Defense-Axis-Campaign-06.-South-East-Europe-Heat-Wave-3-800x450.jpg\" alt=\"&quot;iBomber Defense&quot; - Chi\u1ebfn d\u1ecbch Tr\u1ee5c - 06. \u0110\u00f4ng Nam \u00c2u: S\u00f3ng nhi\u1ec7t (3)\" data-id=\"98\" data-full-url=\"https:\/\/ibomberdefense.standardof.net\/wp-content\/uploads\/sites\/5\/2020\/10\/iBomber-Defense-Axis-Campaign-06.-South-East-Europe-Heat-Wave-3.jpg\" data-link=\"https:\/\/ibomberdefense.standardof.net\/guide\/axis-campaign\/6-south-east-europe-heat-wave\/ibomber-defense-axis-campaign-06-south-east-europe-heat-wave-3\/\" class=\"wp-image-98\" title=\"\" srcset=\"https:\/\/ibomberdefense.standardof.net\/wp-content\/uploads\/sites\/5\/2020\/10\/iBomber-Defense-Axis-Campaign-06.-South-East-Europe-Heat-Wave-3-800x450.jpg 800w, https:\/\/ibomberdefense.standardof.net\/wp-content\/uploads\/sites\/5\/2020\/10\/iBomber-Defense-Axis-Campaign-06.-South-East-Europe-Heat-Wave-3-512x288.jpg 512w, https:\/\/ibomberdefense.standardof.net\/wp-content\/uploads\/sites\/5\/2020\/10\/iBomber-Defense-Axis-Campaign-06.-South-East-Europe-Heat-Wave-3-200x113.jpg 200w, https:\/\/ibomberdefense.standardof.net\/wp-content\/uploads\/sites\/5\/2020\/10\/iBomber-Defense-Axis-Campaign-06.-South-East-Europe-Heat-Wave-3-768x432.jpg 768w, https:\/\/ibomberdefense.standardof.net\/wp-content\/uploads\/sites\/5\/2020\/10\/iBomber-Defense-Axis-Campaign-06.-South-East-Europe-Heat-Wave-3-16x9.jpg 16w, https:\/\/ibomberdefense.standardof.net\/wp-content\/uploads\/sites\/5\/2020\/10\/iBomber-Defense-Axis-Campaign-06.-South-East-Europe-Heat-Wave-3.jpg 1280w\" sizes=\"(max-width: 800px) 100vw, 800px\" \/><\/a><figcaption class=\"blocks-gallery-item__caption\">V\u1ecb tr\u00ed th\u00e1p ph\u00e1o c\u1ee7a Wave 20.<\/figcaption><\/figure><\/li><\/ul><\/figure>\n\n\n\n<p>B\u1eaft \u0111\u1ea7u l\u1ea1i th\u1eddi gian \u0111\u1ea7u t\u01b0 ban \u0111\u1ea7u cho c\u00e1c th\u00e1p s\u00fang M\u00e1y, \u0111\u1eb7t ch\u00fang ngay t\u1ea1i \u0111i\u1ec3m m\u00e0 c\u00e1c con \u0111\u01b0\u1eddng g\u1eb7p nhau b\u00ean c\u1ea1nh c\u0103n c\u1ee9 c\u1ee7a b\u1ea1n. C\u1ed1 g\u1eafng \u0111\u1ea1t t\u1ed1i \u0111a 5 v\u00e0o cu\u1ed1i c\u1ea5p 10.<\/p>\n\n\n\n<p>Ti\u1ebfp t\u1ee5c v\u00e0o c\u1ea5p \u0111\u1ed9, h\u00e3y \u0111\u1ea3m b\u1ea3o r\u1eb1ng b\u1ea1n \u0111\u00e3 \u0111\u1eb7t AA c\u1ee7a m\u00ecnh \u1edf cu\u1ed1i l\u00e0n s\u00f3ng 14 \u0111\u1ec3 \u0111\u1ee7 ch\u1ed7 cho nh\u00f3m m\u00e1y bay \u0111\u1ea7u ti\u00ean \u1edf m\u1ee9c 15. Ngo\u00e0i ra, h\u00e3y \u0111\u1ea3m b\u1ea3o b\u1ea1n ti\u1ebft ki\u1ec7m cho m\u1ed9t V\u0169 kh\u00ed X c\u00f3 th\u1ec3 \u0111\u01b0\u1ee3c \u0111\u1eb7t b\u00ean c\u1ea1nh m\u1ed9t s\u1ed1 n\u00e2ng c\u1ea5p th\u00e1p ph\u00e1o \u0111\u1ec3 t\u0103ng c\u01b0\u1eddng h\u1ecfa l\u1ef1c. Gi\u1ed1ng nh\u01b0 nhi\u1ec7m v\u1ee5 tr\u01b0\u1edbc v\u00e0 nh\u1eefng nhi\u1ec7m v\u1ee5 ti\u1ebfp theo, \u0111\u00e2y l\u00e0 nh\u1eefng con \u00e1t ch\u1ee7 b\u00e0i c\u1ee7a b\u1ea1n trong l\u1ed7.<\/p>\n\n\n\n<p>Tr\u1edf \u0111i t\u1eeb l\u00e0n s\u00f3ng 20, h\u00e3y ti\u1ebft ki\u1ec7m \u0111\u1ec3 \u0111\u1eb7t m\u1ed9t th\u00e1p ph\u00e1o Inferno tr\u00ean m\u1ed7i con \u0111\u01b0\u1eddng ch\u00ednh g\u1eb7p nhau tr\u01b0\u1edbc c\u0103n c\u1ee9 c\u1ee7a b\u1ea1n \u0111\u1ec3 qu\u1ea3n l\u00fd d\u00f2ng ch\u1ea3y c\u1ee7a ch\u00fang. \u0110\u1ebfn s\u00f3ng 30, b\u1ea1n s\u1ebd c\u00f3 2 th\u00e1p ph\u00e1o AA c\u1ea5p hai, m\u1ed9t n\u00e2ng c\u1ea5p c\u1ea5p hai cho X-Weapon c\u1ee7a b\u1ea1n v\u00e0 ph\u1ea7n c\u00f2n l\u1ea1i c\u1ee7a s\u1ed1 ti\u1ec1n b\u1ea1n d\u00e0nh cho Ph\u00e1o c\u1ea5p 3.<\/p>\n\n\n\n<div class=\"wp-block-image\"><figure class=\"aligncenter size-large\"><a href=\"https:\/\/ibomberdefense.standardof.net\/vi\/guide\/chien-dich-truc\/6-dot-nang-nong-dong-nam-chau-au\/ibomber-defense-axis-campaign-06-south-east-europe-heat-wave-4\/\"><img decoding=\"async\" width=\"800\" height=\"450\" src=\"https:\/\/ibomberdefense.standardof.net\/wp-content\/uploads\/sites\/5\/2020\/10\/iBomber-Defense-Axis-Campaign-06.-South-East-Europe-Heat-Wave-4-800x450.jpg\" alt=\"&quot;iBomber Defense&quot; - Chi\u1ebfn d\u1ecbch Tr\u1ee5c - 06. \u0110\u00f4ng Nam \u00c2u: S\u00f3ng nhi\u1ec7t (4)\" class=\"wp-image-99\" title=\"\" srcset=\"https:\/\/ibomberdefense.standardof.net\/wp-content\/uploads\/sites\/5\/2020\/10\/iBomber-Defense-Axis-Campaign-06.-South-East-Europe-Heat-Wave-4-800x450.jpg 800w, https:\/\/ibomberdefense.standardof.net\/wp-content\/uploads\/sites\/5\/2020\/10\/iBomber-Defense-Axis-Campaign-06.-South-East-Europe-Heat-Wave-4-512x288.jpg 512w, https:\/\/ibomberdefense.standardof.net\/wp-content\/uploads\/sites\/5\/2020\/10\/iBomber-Defense-Axis-Campaign-06.-South-East-Europe-Heat-Wave-4-200x113.jpg 200w, https:\/\/ibomberdefense.standardof.net\/wp-content\/uploads\/sites\/5\/2020\/10\/iBomber-Defense-Axis-Campaign-06.-South-East-Europe-Heat-Wave-4-768x432.jpg 768w, https:\/\/ibomberdefense.standardof.net\/wp-content\/uploads\/sites\/5\/2020\/10\/iBomber-Defense-Axis-Campaign-06.-South-East-Europe-Heat-Wave-4-16x9.jpg 16w, https:\/\/ibomberdefense.standardof.net\/wp-content\/uploads\/sites\/5\/2020\/10\/iBomber-Defense-Axis-Campaign-06.-South-East-Europe-Heat-Wave-4.jpg 1280w\" sizes=\"(max-width: 800px) 100vw, 800px\" \/><\/a><figcaption>V\u1ecb tr\u00ed th\u00e1p ph\u00e1o \u1edf cu\u1ed1i l\u00e0n s\u00f3ng 30.<\/figcaption><\/figure><\/div>\n\n\n\n<h3 class=\"wp-block-heading\"><strong>Chi ti\u00eau \u0111i\u1ec3m chi\u1ebfn th\u1eafng<\/strong><\/h3>\n\n\n\n<p>B\u00e2y gi\u1edd l\u00e0 th\u1eddi \u0111i\u1ec3m tuy\u1ec7t v\u1eddi \u0111\u1ec3 \u0111\u1eb7t \u0111i\u1ec3m th\u1ee9 ba v\u00e0o n\u00e2ng c\u1ea5p Mua, mang l\u1ea1i cho b\u1ea1n s\u1ed1 ti\u1ec1n ban \u0111\u1ea7u l\u1edbn nh\u1ea5t c\u00f3 th\u1ec3 c\u00f3 th\u1ec3 t\u1ea1o ra t\u1ea5t c\u1ea3 s\u1ef1 kh\u00e1c bi\u1ec7t k\u1ec3 t\u1eeb \u0111\u00e2y tr\u1edf \u0111i. C\u00e1c th\u00e1p ph\u00e1o AA c\u1ea5p ba c\u0169ng c\u00f3 gi\u00e1 tr\u1ecb v\u00ec v\u0169 kh\u00ed c\u1ee7a ch\u00fang s\u1ebd l\u00e0 c\u1ea7n thi\u1ebft v\u00e0 t\u1ed1t nh\u1ea5t l\u00e0 b\u1ea1n kh\u00f4ng n\u00ean t\u1ed1n di\u1ec7n t\u00edch cho m\u1ed9t s\u1ed1 s\u00fang AA c\u1ea5p 2, n\u01a1i m\u1ed9t v\u00e0i kh\u1ea9u c\u1ea5p 3 s\u1ebd ho\u1ea1t \u0111\u1ed9ng t\u1ed1t.<\/p>\n\n\n\n<p>T\u1ea5t c\u1ea3 m\u1ecdi th\u1ee9 b\u00e2y gi\u1edd s\u1ebd \u0111\u01b0\u1ee3c t\u0103ng t\u1ed1i \u0111a ngo\u1ea1i tr\u1eeb Firestorm, X-Weapon v\u00e0 Repair s\u1ebd \u1edf c\u1ea5p \u0111\u1ed9 2.<\/p>\n\n\n\n<hr class=\"wp-block-separator\"\/>\n\n\n\n<h4 class=\"has-text-align-center wp-block-heading\">H\u01b0\u1edbng d\u1eabn Video<\/h4>\n\n\n\n<figure class=\"wp-block-embed-youtube wp-block-embed is-type-video is-provider-youtube wp-embed-aspect-16-9 wp-has-aspect-ratio\"><div class=\"wp-block-embed__wrapper\">\n<div class=\"ast-oembed-container\" style=\"height: 100%;\"><iframe title=\"iBomber Defense - \u0110\u00f4ng Nam \u00c2u - S\u00f3ng nhi\u1ec7t - C\u1ef1u chi\u1ebfn binh + Ho\u00e0n h\u1ea3o\" width=\"500\" height=\"281\" src=\"https:\/\/www.youtube.com\/embed\/3JA-d9zddsg?feature=oembed\" frameborder=\"0\" allow=\"accelerometer; autoplay; clipboard-write; encrypted-media; gyroscope; picture-in-picture; web-share\" referrerpolicy=\"strict-origin-when-cross-origin\" allowfullscreen><\/iframe><\/div>\n<\/div><\/figure>","protected":false},"excerpt":{"rendered":"<p>In South East Europe, &#8220;Heat Wave&#8221; you return to some familiar grounds, however changed in a way in which it is aptly named. The lake which previously existed here has completely dried up, still keeping you from placing turrets in this area, however opening up a new rout of attack against your base. The ground [&hellip;]<\/p>","protected":false},"author":1,"featured_media":99,"parent":268,"menu_order":6,"comment_status":"open","ping_status":"closed","template":"","meta":{"_uag_custom_page_level_css":"","site-sidebar-layout":"default","site-content-layout":"default","ast-site-content-layout":"","site-content-style":"default","site-sidebar-style":"default","ast-global-header-display":"","ast-banner-title-visibility":"","ast-main-header-display":"","ast-hfb-above-header-display":"","ast-hfb-below-header-display":"","ast-hfb-mobile-header-display":"","site-post-title":"","ast-breadcrumbs-content":"","ast-featured-img":"","footer-sml-layout":"","theme-transparent-header-meta":"default","adv-header-id-meta":"","stick-header-meta":"","header-above-stick-meta":"","header-main-stick-meta":"","header-below-stick-meta":"","astra-migrate-meta-layouts":"default","ast-page-background-enabled":"default","ast-page-background-meta":{"desktop":{"background-color":"","background-image":"","background-repeat":"repeat","background-position":"center center","background-size":"auto","background-attachment":"scroll","background-type":"","background-media":"","overlay-type":"","overlay-color":"","overlay-gradient":""},"tablet":{"background-color":"","background-image":"","background-repeat":"repeat","background-position":"center center","background-size":"auto","background-attachment":"scroll","background-type":"","background-media":"","overlay-type":"","overlay-color":"","overlay-gradient":""},"mobile":{"background-color":"","background-image":"","background-repeat":"repeat","background-position":"center center","background-size":"auto","background-attachment":"scroll","background-type":"","background-media":"","overlay-type":"","overlay-color":"","overlay-gradient":""}},"ast-content-background-meta":{"desktop":{"background-color":"var(--ast-global-color-5)","background-image":"","background-repeat":"repeat","background-position":"center center","background-size":"auto","background-attachment":"scroll","background-type":"","background-media":"","overlay-type":"","overlay-color":"","overlay-gradient":""},"tablet":{"background-color":"var(--ast-global-color-5)","background-image":"","background-repeat":"repeat","background-position":"center center","background-size":"auto","background-attachment":"scroll","background-type":"","background-media":"","overlay-type":"","overlay-color":"","overlay-gradient":""},"mobile":{"background-color":"var(--ast-global-color-5)","background-image":"","background-repeat":"repeat","background-position":"center center","background-size":"auto","background-attachment":"scroll","background-type":"","background-media":"","overlay-type":"","overlay-color":"","overlay-gradient":""}},"footnotes":""},"uagb_featured_image_src":{"full":["https:\/\/ibomberdefense.standardof.net\/wp-content\/uploads\/sites\/5\/2020\/10\/iBomber-Defense-Axis-Campaign-06.-South-East-Europe-Heat-Wave-4.jpg",1280,720,false],"thumbnail":["https:\/\/ibomberdefense.standardof.net\/wp-content\/uploads\/sites\/5\/2020\/10\/iBomber-Defense-Axis-Campaign-06.-South-East-Europe-Heat-Wave-4-200x113.jpg",200,113,true],"medium":["https:\/\/ibomberdefense.standardof.net\/wp-content\/uploads\/sites\/5\/2020\/10\/iBomber-Defense-Axis-Campaign-06.-South-East-Europe-Heat-Wave-4-512x288.jpg",512,288,true],"medium_large":["https:\/\/ibomberdefense.standardof.net\/wp-content\/uploads\/sites\/5\/2020\/10\/iBomber-Defense-Axis-Campaign-06.-South-East-Europe-Heat-Wave-4-768x432.jpg",768,432,true],"large":["https:\/\/ibomberdefense.standardof.net\/wp-content\/uploads\/sites\/5\/2020\/10\/iBomber-Defense-Axis-Campaign-06.-South-East-Europe-Heat-Wave-4-800x450.jpg",800,450,true],"1536x1536":["https:\/\/ibomberdefense.standardof.net\/wp-content\/uploads\/sites\/5\/2020\/10\/iBomber-Defense-Axis-Campaign-06.-South-East-Europe-Heat-Wave-4.jpg",1280,720,false],"2048x2048":["https:\/\/ibomberdefense.standardof.net\/wp-content\/uploads\/sites\/5\/2020\/10\/iBomber-Defense-Axis-Campaign-06.-South-East-Europe-Heat-Wave-4.jpg",1280,720,false],"trp-custom-language-flag":["https:\/\/ibomberdefense.standardof.net\/wp-content\/uploads\/sites\/5\/2020\/10\/iBomber-Defense-Axis-Campaign-06.-South-East-Europe-Heat-Wave-4-16x9.jpg",16,9,true]},"uagb_author_info":{"display_name":"SOE","author_link":"https:\/\/ibomberdefense.standardof.net\/vi\/author\/k-tastic\/"},"uagb_comment_info":0,"uagb_excerpt":"In South East Europe, &#8220;Heat Wave&#8221; you return to some familiar grounds, however changed in a way in which it is aptly named. The lake which previously existed here has completely dried up, still keeping you from placing turrets in this area, however opening up a new rout of attack against your base. The ground&hellip;","_links":{"self":[{"href":"https:\/\/ibomberdefense.standardof.net\/vi\/wp-json\/wp\/v2\/pages\/326"}],"collection":[{"href":"https:\/\/ibomberdefense.standardof.net\/vi\/wp-json\/wp\/v2\/pages"}],"about":[{"href":"https:\/\/ibomberdefense.standardof.net\/vi\/wp-json\/wp\/v2\/types\/page"}],"author":[{"embeddable":true,"href":"https:\/\/ibomberdefense.standardof.net\/vi\/wp-json\/wp\/v2\/users\/1"}],"replies":[{"embeddable":true,"href":"https:\/\/ibomberdefense.standardof.net\/vi\/wp-json\/wp\/v2\/comments?post=326"}],"version-history":[{"count":0,"href":"https:\/\/ibomberdefense.standardof.net\/vi\/wp-json\/wp\/v2\/pages\/326\/revisions"}],"up":[{"embeddable":true,"href":"https:\/\/ibomberdefense.standardof.net\/vi\/wp-json\/wp\/v2\/pages\/268"}],"wp:featuredmedia":[{"embeddable":true,"href":"https:\/\/ibomberdefense.standardof.net\/vi\/wp-json\/wp\/v2\/media\/99"}],"wp:attachment":[{"href":"https:\/\/ibomberdefense.standardof.net\/vi\/wp-json\/wp\/v2\/media?parent=326"}],"curies":[{"name":"wp","href":"https:\/\/api.w.org\/{rel}","templated":true}]}}