{"id":327,"date":"2020-10-19T07:17:58","date_gmt":"2020-10-19T07:17:58","guid":{"rendered":"https:\/\/ibomberdefense.standardof.net\/?page_id=327"},"modified":"2020-10-19T08:05:28","modified_gmt":"2020-10-19T08:05:28","slug":"7-eastern-mediterranean-tigershark","status":"publish","type":"page","link":"https:\/\/ibomberdefense.standardof.net\/vi\/guide\/chien-dich-truc\/7-dong-dia-trung-hai-tigerhark\/","title":{"rendered":"7. \u0110\u00f4ng \u0110\u1ecba Trung H\u1ea3i: Tigershark"},"content":{"rendered":"<div class=\"wp-block-image\"><figure class=\"aligncenter size-large\"><a href=\"https:\/\/ibomberdefense.standardof.net\/vi\/guide\/chien-dich-truc\/7-dong-dia-trung-hai-tigerhark\/ibomber-defense-axis-campaign-07-eastern-mediterranean-tigershark-1\/\"><img decoding=\"async\" width=\"800\" height=\"450\" src=\"https:\/\/ibomberdefense.standardof.net\/wp-content\/uploads\/sites\/5\/2020\/10\/iBomber-Defense-Axis-Campaign-07.-Eastern-Mediterranean-Tigershark-1-800x450.jpg\" alt=\"&quot;iBomber Defense&quot; - Chi\u1ebfn d\u1ecbch Tr\u1ee5c - 07. \u0110\u00f4ng \u0110\u1ecba Trung H\u1ea3i: Tigershark (1)\" class=\"wp-image-100\" title=\"\" srcset=\"https:\/\/ibomberdefense.standardof.net\/wp-content\/uploads\/sites\/5\/2020\/10\/iBomber-Defense-Axis-Campaign-07.-Eastern-Mediterranean-Tigershark-1-800x450.jpg 800w, https:\/\/ibomberdefense.standardof.net\/wp-content\/uploads\/sites\/5\/2020\/10\/iBomber-Defense-Axis-Campaign-07.-Eastern-Mediterranean-Tigershark-1-512x288.jpg 512w, https:\/\/ibomberdefense.standardof.net\/wp-content\/uploads\/sites\/5\/2020\/10\/iBomber-Defense-Axis-Campaign-07.-Eastern-Mediterranean-Tigershark-1-200x113.jpg 200w, https:\/\/ibomberdefense.standardof.net\/wp-content\/uploads\/sites\/5\/2020\/10\/iBomber-Defense-Axis-Campaign-07.-Eastern-Mediterranean-Tigershark-1-768x432.jpg 768w, https:\/\/ibomberdefense.standardof.net\/wp-content\/uploads\/sites\/5\/2020\/10\/iBomber-Defense-Axis-Campaign-07.-Eastern-Mediterranean-Tigershark-1-16x9.jpg 16w, https:\/\/ibomberdefense.standardof.net\/wp-content\/uploads\/sites\/5\/2020\/10\/iBomber-Defense-Axis-Campaign-07.-Eastern-Mediterranean-Tigershark-1.jpg 1280w\" sizes=\"(max-width: 800px) 100vw, 800px\" \/><\/a><figcaption>B\u1ea3n \u0111\u1ed3 c\u00e1c tuy\u1ebfn \u0111\u01b0\u1eddng do c\u00e1c \u0111\u01a1n v\u1ecb \u0111\u1ed1i ph\u01b0\u01a1ng th\u1ef1c hi\u1ec7n \u1edf c\u1ea5p \u0111\u1ed9 \u0110\u00f4ng \u0110\u1ecba Trung H\u1ea3i \u201cTigershark\u201d trong tr\u00f2 ch\u01a1i \u0111i\u1ec7n t\u1eed \u201ciBomber Defense\u201d. \u0110\u01b0\u1eddng m\u00e0u xanh lam bi\u1ec3u th\u1ecb m\u00e1y bay.<\/figcaption><\/figure><\/div>\n\n\n\n<p>Nhi\u1ec7m v\u1ee5 s\u1ed1 b\u1ea3y trong chi\u1ebfn d\u1ecbch Axis gi\u1edd \u0111\u00e2y b\u1ea1n ph\u1ea3i \u0111\u1ed1i m\u1eb7t v\u1edbi t\u1ed5ng c\u1ed9ng b\u1ed1n m\u01b0\u01a1i l\u00e0n s\u00f3ng k\u1ebb th\u00f9, t\u1ea5t c\u1ea3 \u0111\u1ec1u \u0111ang ti\u1ebfp c\u1eadn t\u1eeb ba con \u0111\u01b0\u1eddng kh\u00e1c nhau t\u1eeb T\u00e2y Nam. C\u00e1c t\u00e0u h\u1ea3i qu\u00e2n s\u1ebd xu\u1ea5t ph\u00e1t nh\u01b0ng h\u00e3y ch\u1eafc ch\u1eafn r\u1eb1ng b\u1ea1n \u0111\u00e3 chu\u1ea9n b\u1ecb cho l\u00e0n s\u00f3ng 20 khi m\u00e1y bay xu\u1ea5t hi\u1ec7n.<\/p>\n\n\n\n<p>V\u1ecb tr\u00ed th\u00e1p ph\u00e1o n\u00ean t\u1eadp trung v\u00e0o vi\u1ec7c t\u1eadn d\u1ee5ng kh\u00f4ng gian g\u1ea7n nh\u1ea5t v\u1edbi n\u01a1i c\u00e1c con \u0111\u01b0\u1eddng g\u1eb7p nhau v\u1ec1 ph\u00eda \u0111\u00f4ng c\u1ee7a b\u1ea3n \u0111\u1ed3 d\u1ecdc theo h\u00f2n \u0111\u1ea3o nh\u1ecf n\u01a1i c\u00e1c con \u0111\u01b0\u1eddng h\u1ed9i t\u1ee5.<\/p>\n\n\n\n<h3 class=\"wp-block-heading\"><strong>V\u1ecb tr\u00ed th\u00e1p ph\u00e1o<\/strong><\/h3>\n\n\n\n<figure class=\"wp-block-gallery columns-2 is-cropped wp-block-gallery-1 is-layout-flex wp-block-gallery-is-layout-flex\"><ul class=\"blocks-gallery-grid\"><li class=\"blocks-gallery-item\"><figure><a href=\"https:\/\/ibomberdefense.standardof.net\/vi\/guide\/chien-dich-truc\/7-dong-dia-trung-hai-tigerhark\/ibomber-defense-axis-campaign-07-eastern-mediterranean-tigershark-2\/\"><img decoding=\"async\" width=\"800\" height=\"450\" src=\"https:\/\/ibomberdefense.standardof.net\/wp-content\/uploads\/sites\/5\/2020\/10\/iBomber-Defense-Axis-Campaign-07.-Eastern-Mediterranean-Tigershark-2-800x450.jpg\" alt=\"&quot;iBomber Defense&quot; - Chi\u1ebfn d\u1ecbch Tr\u1ee5c - 07. \u0110\u00f4ng \u0110\u1ecba Trung H\u1ea3i: Tigershark (2)\" data-id=\"101\" data-full-url=\"https:\/\/ibomberdefense.standardof.net\/wp-content\/uploads\/sites\/5\/2020\/10\/iBomber-Defense-Axis-Campaign-07.-Eastern-Mediterranean-Tigershark-2.jpg\" data-link=\"https:\/\/ibomberdefense.standardof.net\/guide\/axis-campaign\/7-eastern-mediterranean-tigershark\/ibomber-defense-axis-campaign-07-eastern-mediterranean-tigershark-2\/\" class=\"wp-image-101\" title=\"\" srcset=\"https:\/\/ibomberdefense.standardof.net\/wp-content\/uploads\/sites\/5\/2020\/10\/iBomber-Defense-Axis-Campaign-07.-Eastern-Mediterranean-Tigershark-2-800x450.jpg 800w, https:\/\/ibomberdefense.standardof.net\/wp-content\/uploads\/sites\/5\/2020\/10\/iBomber-Defense-Axis-Campaign-07.-Eastern-Mediterranean-Tigershark-2-512x288.jpg 512w, https:\/\/ibomberdefense.standardof.net\/wp-content\/uploads\/sites\/5\/2020\/10\/iBomber-Defense-Axis-Campaign-07.-Eastern-Mediterranean-Tigershark-2-200x113.jpg 200w, https:\/\/ibomberdefense.standardof.net\/wp-content\/uploads\/sites\/5\/2020\/10\/iBomber-Defense-Axis-Campaign-07.-Eastern-Mediterranean-Tigershark-2-768x432.jpg 768w, https:\/\/ibomberdefense.standardof.net\/wp-content\/uploads\/sites\/5\/2020\/10\/iBomber-Defense-Axis-Campaign-07.-Eastern-Mediterranean-Tigershark-2-16x9.jpg 16w, https:\/\/ibomberdefense.standardof.net\/wp-content\/uploads\/sites\/5\/2020\/10\/iBomber-Defense-Axis-Campaign-07.-Eastern-Mediterranean-Tigershark-2.jpg 1280w\" sizes=\"(max-width: 800px) 100vw, 800px\" \/><\/a><figcaption class=\"blocks-gallery-item__caption\">V\u1ecb tr\u00ed th\u00e1p ph\u00e1o s\u00f3ng 10.<\/figcaption><\/figure><\/li><li class=\"blocks-gallery-item\"><figure><a href=\"https:\/\/ibomberdefense.standardof.net\/vi\/guide\/chien-dich-truc\/7-dong-dia-trung-hai-tigerhark\/ibomber-defense-axis-campaign-07-eastern-mediterranean-tigershark-3\/\"><img decoding=\"async\" width=\"800\" height=\"450\" src=\"https:\/\/ibomberdefense.standardof.net\/wp-content\/uploads\/sites\/5\/2020\/10\/iBomber-Defense-Axis-Campaign-07.-Eastern-Mediterranean-Tigershark-3-800x450.jpg\" alt=\"&quot;iBomber Defense&quot; - Chi\u1ebfn d\u1ecbch Tr\u1ee5c - 07. \u0110\u00f4ng \u0110\u1ecba Trung H\u1ea3i: Tigershark (3)\" data-id=\"102\" data-full-url=\"https:\/\/ibomberdefense.standardof.net\/wp-content\/uploads\/sites\/5\/2020\/10\/iBomber-Defense-Axis-Campaign-07.-Eastern-Mediterranean-Tigershark-3.jpg\" data-link=\"https:\/\/ibomberdefense.standardof.net\/guide\/axis-campaign\/7-eastern-mediterranean-tigershark\/ibomber-defense-axis-campaign-07-eastern-mediterranean-tigershark-3\/\" class=\"wp-image-102\" title=\"\" srcset=\"https:\/\/ibomberdefense.standardof.net\/wp-content\/uploads\/sites\/5\/2020\/10\/iBomber-Defense-Axis-Campaign-07.-Eastern-Mediterranean-Tigershark-3-800x450.jpg 800w, https:\/\/ibomberdefense.standardof.net\/wp-content\/uploads\/sites\/5\/2020\/10\/iBomber-Defense-Axis-Campaign-07.-Eastern-Mediterranean-Tigershark-3-512x288.jpg 512w, https:\/\/ibomberdefense.standardof.net\/wp-content\/uploads\/sites\/5\/2020\/10\/iBomber-Defense-Axis-Campaign-07.-Eastern-Mediterranean-Tigershark-3-200x113.jpg 200w, https:\/\/ibomberdefense.standardof.net\/wp-content\/uploads\/sites\/5\/2020\/10\/iBomber-Defense-Axis-Campaign-07.-Eastern-Mediterranean-Tigershark-3-768x432.jpg 768w, https:\/\/ibomberdefense.standardof.net\/wp-content\/uploads\/sites\/5\/2020\/10\/iBomber-Defense-Axis-Campaign-07.-Eastern-Mediterranean-Tigershark-3-16x9.jpg 16w, https:\/\/ibomberdefense.standardof.net\/wp-content\/uploads\/sites\/5\/2020\/10\/iBomber-Defense-Axis-Campaign-07.-Eastern-Mediterranean-Tigershark-3.jpg 1280w\" sizes=\"(max-width: 800px) 100vw, 800px\" \/><\/a><figcaption class=\"blocks-gallery-item__caption\">V\u1ecb tr\u00ed th\u00e1p ph\u00e1o c\u1ee7a Wave 20.<\/figcaption><\/figure><\/li><\/ul><\/figure>\n\n\n\n<p>C\u00e1c th\u00e1p ph\u00e1o \u0111\u1ea7u ti\u00ean \u0111\u01b0\u1ee3c \u0111\u1eb7t ph\u1ea3i l\u00e0 hai th\u00e1p S\u00fang M\u00e1y tr\u00ean h\u00f2n \u0111\u1ea3o nh\u1ecf \u1edf kh\u00f4ng gian d\u01b0\u1edbi c\u00f9ng b\u00ean ph\u1ea3i v\u00e0 tr\u00ean c\u00f9ng b\u00ean tr\u00e1i. Kh\u00f4ng gian th\u1ee9 ba tr\u00ean c\u00f9ng b\u00ean ph\u1ea3i s\u1ebd b\u1ecb Inferno chi\u1ebfm sau khi c\u1ea3 hai S\u00fang m\u00e1y \u0111\u00f3 v\u00e0 m\u1ed9t ph\u1ea7n ba b\u1edfi t\u1ee5 \u0111i\u1ec3m \u0111\u01b0\u1ee3c n\u00e2ng c\u1ea5p l\u00ean c\u1ea5p t\u1ed1i \u0111a.<\/p>\n\n\n\n<p>S\u00f3ng 20 mang theo m\u00e1y bay \u0111\u1ecbch, do \u0111\u00f3 \u0111\u1eb7t m\u1ed9t th\u00e1p ph\u00e1o AA c\u1ea5p m\u1ed9t n\u00ean \u0111\u01b0\u1ee3c \u01b0u ti\u00ean h\u00e0ng \u0111\u1ea7u \u1edf cu\u1ed1i l\u00e0n s\u00f3ng 19. Tr\u01b0\u1edbc \u0111\u00f3, h\u00e3y x\u00e2y d\u1ef1ng m\u1ed9t s\u1ed1 Ph\u00e1o \u1edf c\u00e1c ph\u00eda b\u1eafc v\u00e0 nam c\u1ee7a khu v\u1ef1c h\u1ed9i t\u1ee5. T\u1eeb c\u1ea5p 20 \u0111\u1ebfn ba m\u01b0\u01a1i, h\u00e3y l\u00e0m vi\u1ec7c \u0111\u1ec3 c\u00f3 \u0111\u01b0\u1ee3c V\u0169 kh\u00ed X c\u1ea5p 2 v\u1edbi m\u1ee9c t\u0103ng t\u1ed1i \u0111a trong khi l\u00e0m vi\u1ec7c v\u1edbi nhi\u1ec1u Ph\u00e1o v\u00e0 AA h\u01a1n n\u1ebfu c\u1ea7n.<\/p>\n\n\n\n<p>Khi b\u1ea1n \u0111\u1ea1t \u0111\u1ebfn d\u1ea3i s\u00f3ng cu\u1ed1i c\u00f9ng h\u01b0\u1edbng t\u1edbi nh\u1eefng th\u1eed th\u00e1ch cu\u1ed1i c\u00f9ng, h\u00e3y ti\u1ebft ki\u1ec7m cho X-Weapon th\u1ee9 hai v\u00e0 \u0111\u1eb7t n\u00f3 \u1edf n\u01a1i n\u00e0o \u0111\u00f3 n\u00f3 c\u00f3 th\u1ec3 nh\u1eadn \u0111\u01b0\u1ee3c s\u1ef1 t\u0103ng c\u01b0\u1eddng \u0111\u00e1ng k\u1ec3 t\u1eeb c\u00e1c th\u00e1p ph\u00e1o g\u1ea7n \u0111\u00f3. S\u1ebd c\u00f3 m\u1ed9t cu\u1ed9c ph\u1ea3n c\u00f4ng \u1edf \u0111\u00e2y trong m\u1ed9t c\u1ea5p \u0111\u1ed9 trong t\u01b0\u01a1ng lai n\u00ean gi\u00e1 tr\u1ecb c\u1ee7a n\u00f3 c\u00e0ng nhi\u1ec1u c\u00e0ng t\u1ed1t, ngay c\u1ea3 khi \u0111\u00e3 \u00e1p \u0111\u1ea3o k\u1ebb th\u00f9. N\u1ebfu b\u1ea1n c\u00f3 th\u1ec3, h\u00e3y c\u1ed1 g\u1eafng b\u00e1n c\u00e1c th\u00e1p ph\u00e1o c\u1ee7a h\u00f2n \u0111\u1ea3o nh\u1ecf ngay tr\u01b0\u1edbc khi ho\u00e0n th\u00e0nh nhi\u1ec7m v\u1ee5 v\u00e0 s\u1eed d\u1ee5ng ch\u00fang \u0111\u1ec3 x\u00e2y d\u1ef1ng th\u1ee9 kh\u00e1c, v\u00ec ch\u00fang s\u1ebd b\u1ecb ph\u00e1 h\u1ee7y trong nh\u1eefng gi\u00e2y ph\u00fat m\u1edf \u0111\u1ea7u c\u1ee7a Cu\u1ed9c ph\u1ea3n c\u00f4ng.<\/p>\n\n\n\n<figure class=\"wp-block-gallery columns-2 is-cropped wp-block-gallery-2 is-layout-flex wp-block-gallery-is-layout-flex\"><ul class=\"blocks-gallery-grid\"><li class=\"blocks-gallery-item\"><figure><a href=\"https:\/\/ibomberdefense.standardof.net\/vi\/guide\/chien-dich-truc\/7-dong-dia-trung-hai-tigerhark\/ibomber-defense-axis-campaign-07-eastern-mediterranean-tigershark-4\/\"><img decoding=\"async\" width=\"800\" height=\"450\" src=\"https:\/\/ibomberdefense.standardof.net\/wp-content\/uploads\/sites\/5\/2020\/10\/iBomber-Defense-Axis-Campaign-07.-Eastern-Mediterranean-Tigershark-4-800x450.jpg\" alt=\"&quot;iBomber Defense&quot; - Chi\u1ebfn d\u1ecbch Tr\u1ee5c - 07. \u0110\u00f4ng \u0110\u1ecba Trung H\u1ea3i: Tigershark (4)\" data-id=\"103\" data-full-url=\"https:\/\/ibomberdefense.standardof.net\/wp-content\/uploads\/sites\/5\/2020\/10\/iBomber-Defense-Axis-Campaign-07.-Eastern-Mediterranean-Tigershark-4.jpg\" data-link=\"https:\/\/ibomberdefense.standardof.net\/guide\/axis-campaign\/7-eastern-mediterranean-tigershark\/ibomber-defense-axis-campaign-07-eastern-mediterranean-tigershark-4\/\" class=\"wp-image-103\" title=\"\" srcset=\"https:\/\/ibomberdefense.standardof.net\/wp-content\/uploads\/sites\/5\/2020\/10\/iBomber-Defense-Axis-Campaign-07.-Eastern-Mediterranean-Tigershark-4-800x450.jpg 800w, https:\/\/ibomberdefense.standardof.net\/wp-content\/uploads\/sites\/5\/2020\/10\/iBomber-Defense-Axis-Campaign-07.-Eastern-Mediterranean-Tigershark-4-512x288.jpg 512w, https:\/\/ibomberdefense.standardof.net\/wp-content\/uploads\/sites\/5\/2020\/10\/iBomber-Defense-Axis-Campaign-07.-Eastern-Mediterranean-Tigershark-4-200x113.jpg 200w, https:\/\/ibomberdefense.standardof.net\/wp-content\/uploads\/sites\/5\/2020\/10\/iBomber-Defense-Axis-Campaign-07.-Eastern-Mediterranean-Tigershark-4-768x432.jpg 768w, https:\/\/ibomberdefense.standardof.net\/wp-content\/uploads\/sites\/5\/2020\/10\/iBomber-Defense-Axis-Campaign-07.-Eastern-Mediterranean-Tigershark-4-16x9.jpg 16w, https:\/\/ibomberdefense.standardof.net\/wp-content\/uploads\/sites\/5\/2020\/10\/iBomber-Defense-Axis-Campaign-07.-Eastern-Mediterranean-Tigershark-4.jpg 1280w\" sizes=\"(max-width: 800px) 100vw, 800px\" \/><\/a><figcaption class=\"blocks-gallery-item__caption\">V\u1ecb tr\u00ed th\u00e1p ph\u00e1o c\u1ee7a Wave 30.<\/figcaption><\/figure><\/li><li class=\"blocks-gallery-item\"><figure><a href=\"https:\/\/ibomberdefense.standardof.net\/vi\/guide\/chien-dich-truc\/7-dong-dia-trung-hai-tigerhark\/ibomber-defense-axis-campaign-07-eastern-mediterranean-tigershark-5\/\"><img decoding=\"async\" width=\"800\" height=\"450\" src=\"https:\/\/ibomberdefense.standardof.net\/wp-content\/uploads\/sites\/5\/2020\/10\/iBomber-Defense-Axis-Campaign-07.-Eastern-Mediterranean-Tigershark-5-800x450.jpg\" alt=\"&quot;iBomber Defense&quot; - Chi\u1ebfn d\u1ecbch Tr\u1ee5c - 07. \u0110\u00f4ng \u0110\u1ecba Trung H\u1ea3i: Tigershark (5)\" data-id=\"104\" data-full-url=\"https:\/\/ibomberdefense.standardof.net\/wp-content\/uploads\/sites\/5\/2020\/10\/iBomber-Defense-Axis-Campaign-07.-Eastern-Mediterranean-Tigershark-5.jpg\" data-link=\"https:\/\/ibomberdefense.standardof.net\/guide\/axis-campaign\/7-eastern-mediterranean-tigershark\/ibomber-defense-axis-campaign-07-eastern-mediterranean-tigershark-5\/\" class=\"wp-image-104\" title=\"\" srcset=\"https:\/\/ibomberdefense.standardof.net\/wp-content\/uploads\/sites\/5\/2020\/10\/iBomber-Defense-Axis-Campaign-07.-Eastern-Mediterranean-Tigershark-5-800x450.jpg 800w, https:\/\/ibomberdefense.standardof.net\/wp-content\/uploads\/sites\/5\/2020\/10\/iBomber-Defense-Axis-Campaign-07.-Eastern-Mediterranean-Tigershark-5-512x288.jpg 512w, https:\/\/ibomberdefense.standardof.net\/wp-content\/uploads\/sites\/5\/2020\/10\/iBomber-Defense-Axis-Campaign-07.-Eastern-Mediterranean-Tigershark-5-200x113.jpg 200w, https:\/\/ibomberdefense.standardof.net\/wp-content\/uploads\/sites\/5\/2020\/10\/iBomber-Defense-Axis-Campaign-07.-Eastern-Mediterranean-Tigershark-5-768x432.jpg 768w, https:\/\/ibomberdefense.standardof.net\/wp-content\/uploads\/sites\/5\/2020\/10\/iBomber-Defense-Axis-Campaign-07.-Eastern-Mediterranean-Tigershark-5-16x9.jpg 16w, https:\/\/ibomberdefense.standardof.net\/wp-content\/uploads\/sites\/5\/2020\/10\/iBomber-Defense-Axis-Campaign-07.-Eastern-Mediterranean-Tigershark-5.jpg 1280w\" sizes=\"(max-width: 800px) 100vw, 800px\" \/><\/a><figcaption class=\"blocks-gallery-item__caption\">V\u1ecb tr\u00ed th\u00e1p ph\u00e1o c\u1ee7a Wave 40.<\/figcaption><\/figure><\/li><\/ul><\/figure>\n\n\n\n<h3 class=\"wp-block-heading\"><strong>Chi ti\u00eau \u0111i\u1ec3m chi\u1ebfn th\u1eafng<\/strong><\/h3>\n\n\n\n<p>H\u1ea7u h\u1ebft m\u1ecdi th\u1ee9 \u0111\u1ec1u \u0111\u01b0\u1ee3c t\u1ed1i \u0111a h\u00f3a v\u00e0o th\u1eddi \u0111i\u1ec3m n\u00e0y v\u1edbi 3 t\u00f9y ch\u1ecdn c\u00f2n l\u1ea1i \u0111\u1ec3 ch\u1ecdn v\u00e0 hai \u0111i\u1ec3m \u0111\u1ec3 chi ti\u00eau. T\u00f4i quy\u1ebft \u0111\u1ecbnh ch\u1ecdn c\u1ea5p \u0111\u1ed9 th\u1ee9 2 c\u1ee7a X-Weapon v\u00e0 Repair, v\u00ec Firestorms c\u1ea5p \u0111\u1ed9 2 v\u1eabn ph\u1ee5c v\u1ee5 m\u1ee5c \u0111\u00edch c\u1ee7a ch\u00fang kh\u00e1 t\u1ed1t. T\u1ea1i th\u1eddi \u0111i\u1ec3m n\u00e0y, Firestorm l\u00e0 th\u1ee9 duy nh\u1ea5t kh\u00f4ng \u1edf c\u1ea5p 3 (2).<\/p>\n\n\n\n<hr class=\"wp-block-separator\"\/>\n\n\n\n<h4 class=\"has-text-align-center wp-block-heading\">H\u01b0\u1edbng d\u1eabn Video<\/h4>\n\n\n\n<figure class=\"wp-block-embed-youtube wp-block-embed is-type-video is-provider-youtube wp-embed-aspect-16-9 wp-has-aspect-ratio\"><div class=\"wp-block-embed__wrapper\">\n<div class=\"ast-oembed-container\" style=\"height: 100%;\"><iframe title=\"iBomber Defense - \u0110\u00f4ng \u0110\u1ecba Trung H\u1ea3i - Tigershark - C\u1ef1u chi\u1ebfn binh + Ho\u00e0n h\u1ea3o\" width=\"500\" height=\"281\" src=\"https:\/\/www.youtube.com\/embed\/Zh013SOZgjQ?feature=oembed\" frameborder=\"0\" allow=\"accelerometer; autoplay; clipboard-write; encrypted-media; gyroscope; picture-in-picture; web-share\" referrerpolicy=\"strict-origin-when-cross-origin\" allowfullscreen><\/iframe><\/div>\n<\/div><\/figure>","protected":false},"excerpt":{"rendered":"<p>Mission number seven in the Axis campaign now has you facing a total of forty waves of enemies, all approaching from three different paths from the Southwest. Naval vessels will start off the level but make sure you are prepared for wave 20 when the aircraft show up. Turret placement should focus on utilizing the [&hellip;]<\/p>","protected":false},"author":1,"featured_media":104,"parent":268,"menu_order":7,"comment_status":"open","ping_status":"closed","template":"","meta":{"_uag_custom_page_level_css":"","site-sidebar-layout":"default","site-content-layout":"default","ast-site-content-layout":"","site-content-style":"default","site-sidebar-style":"default","ast-global-header-display":"","ast-banner-title-visibility":"","ast-main-header-display":"","ast-hfb-above-header-display":"","ast-hfb-below-header-display":"","ast-hfb-mobile-header-display":"","site-post-title":"","ast-breadcrumbs-content":"","ast-featured-img":"","footer-sml-layout":"","theme-transparent-header-meta":"default","adv-header-id-meta":"","stick-header-meta":"","header-above-stick-meta":"","header-main-stick-meta":"","header-below-stick-meta":"","astra-migrate-meta-layouts":"default","ast-page-background-enabled":"default","ast-page-background-meta":{"desktop":{"background-color":"","background-image":"","background-repeat":"repeat","background-position":"center center","background-size":"auto","background-attachment":"scroll","background-type":"","background-media":"","overlay-type":"","overlay-color":"","overlay-gradient":""},"tablet":{"background-color":"","background-image":"","background-repeat":"repeat","background-position":"center center","background-size":"auto","background-attachment":"scroll","background-type":"","background-media":"","overlay-type":"","overlay-color":"","overlay-gradient":""},"mobile":{"background-color":"","background-image":"","background-repeat":"repeat","background-position":"center center","background-size":"auto","background-attachment":"scroll","background-type":"","background-media":"","overlay-type":"","overlay-color":"","overlay-gradient":""}},"ast-content-background-meta":{"desktop":{"background-color":"var(--ast-global-color-5)","background-image":"","background-repeat":"repeat","background-position":"center center","background-size":"auto","background-attachment":"scroll","background-type":"","background-media":"","overlay-type":"","overlay-color":"","overlay-gradient":""},"tablet":{"background-color":"var(--ast-global-color-5)","background-image":"","background-repeat":"repeat","background-position":"center center","background-size":"auto","background-attachment":"scroll","background-type":"","background-media":"","overlay-type":"","overlay-color":"","overlay-gradient":""},"mobile":{"background-color":"var(--ast-global-color-5)","background-image":"","background-repeat":"repeat","background-position":"center center","background-size":"auto","background-attachment":"scroll","background-type":"","background-media":"","overlay-type":"","overlay-color":"","overlay-gradient":""}},"footnotes":""},"uagb_featured_image_src":{"full":["https:\/\/ibomberdefense.standardof.net\/wp-content\/uploads\/sites\/5\/2020\/10\/iBomber-Defense-Axis-Campaign-07.-Eastern-Mediterranean-Tigershark-5.jpg",1280,720,false],"thumbnail":["https:\/\/ibomberdefense.standardof.net\/wp-content\/uploads\/sites\/5\/2020\/10\/iBomber-Defense-Axis-Campaign-07.-Eastern-Mediterranean-Tigershark-5-200x113.jpg",200,113,true],"medium":["https:\/\/ibomberdefense.standardof.net\/wp-content\/uploads\/sites\/5\/2020\/10\/iBomber-Defense-Axis-Campaign-07.-Eastern-Mediterranean-Tigershark-5-512x288.jpg",512,288,true],"medium_large":["https:\/\/ibomberdefense.standardof.net\/wp-content\/uploads\/sites\/5\/2020\/10\/iBomber-Defense-Axis-Campaign-07.-Eastern-Mediterranean-Tigershark-5-768x432.jpg",768,432,true],"large":["https:\/\/ibomberdefense.standardof.net\/wp-content\/uploads\/sites\/5\/2020\/10\/iBomber-Defense-Axis-Campaign-07.-Eastern-Mediterranean-Tigershark-5-800x450.jpg",800,450,true],"1536x1536":["https:\/\/ibomberdefense.standardof.net\/wp-content\/uploads\/sites\/5\/2020\/10\/iBomber-Defense-Axis-Campaign-07.-Eastern-Mediterranean-Tigershark-5.jpg",1280,720,false],"2048x2048":["https:\/\/ibomberdefense.standardof.net\/wp-content\/uploads\/sites\/5\/2020\/10\/iBomber-Defense-Axis-Campaign-07.-Eastern-Mediterranean-Tigershark-5.jpg",1280,720,false],"trp-custom-language-flag":["https:\/\/ibomberdefense.standardof.net\/wp-content\/uploads\/sites\/5\/2020\/10\/iBomber-Defense-Axis-Campaign-07.-Eastern-Mediterranean-Tigershark-5-16x9.jpg",16,9,true]},"uagb_author_info":{"display_name":"SOE","author_link":"https:\/\/ibomberdefense.standardof.net\/vi\/author\/k-tastic\/"},"uagb_comment_info":0,"uagb_excerpt":"Mission number seven in the Axis campaign now has you facing a total of forty waves of enemies, all approaching from three different paths from the Southwest. Naval vessels will start off the level but make sure you are prepared for wave 20 when the aircraft show up. Turret placement should focus on utilizing the&hellip;","_links":{"self":[{"href":"https:\/\/ibomberdefense.standardof.net\/vi\/wp-json\/wp\/v2\/pages\/327"}],"collection":[{"href":"https:\/\/ibomberdefense.standardof.net\/vi\/wp-json\/wp\/v2\/pages"}],"about":[{"href":"https:\/\/ibomberdefense.standardof.net\/vi\/wp-json\/wp\/v2\/types\/page"}],"author":[{"embeddable":true,"href":"https:\/\/ibomberdefense.standardof.net\/vi\/wp-json\/wp\/v2\/users\/1"}],"replies":[{"embeddable":true,"href":"https:\/\/ibomberdefense.standardof.net\/vi\/wp-json\/wp\/v2\/comments?post=327"}],"version-history":[{"count":0,"href":"https:\/\/ibomberdefense.standardof.net\/vi\/wp-json\/wp\/v2\/pages\/327\/revisions"}],"up":[{"embeddable":true,"href":"https:\/\/ibomberdefense.standardof.net\/vi\/wp-json\/wp\/v2\/pages\/268"}],"wp:featuredmedia":[{"embeddable":true,"href":"https:\/\/ibomberdefense.standardof.net\/vi\/wp-json\/wp\/v2\/media\/104"}],"wp:attachment":[{"href":"https:\/\/ibomberdefense.standardof.net\/vi\/wp-json\/wp\/v2\/media?parent=327"}],"curies":[{"name":"wp","href":"https:\/\/api.w.org\/{rel}","templated":true}]}}