{"id":343,"date":"2020-10-19T07:39:22","date_gmt":"2020-10-19T07:39:22","guid":{"rendered":"https:\/\/ibomberdefense.standardof.net\/?page_id=343"},"modified":"2020-10-19T08:04:48","modified_gmt":"2020-10-19T08:04:48","slug":"8-eastern-mediterranean-counterattack","status":"publish","type":"page","link":"https:\/\/ibomberdefense.standardof.net\/vi\/guide\/chien-dich-truc\/8-cuoc-phan-cong-dong-dia-trung-hai-2\/","title":{"rendered":"8. \u0110\u00f4ng \u0110\u1ecba Trung H\u1ea3i: Ph\u1ea3n c\u00f4ng"},"content":{"rendered":"<div class=\"wp-block-image\"><figure class=\"aligncenter size-large\"><a href=\"https:\/\/ibomberdefense.standardof.net\/vi\/guide\/chien-dich-truc\/8-cuoc-phan-cong-dong-dia-trung-hai-2\/ibomber-defense-axis-campaign-08-eastern-mediterranean-counterattack-1\/\"><img decoding=\"async\" width=\"800\" height=\"450\" src=\"https:\/\/ibomberdefense.standardof.net\/wp-content\/uploads\/sites\/5\/2020\/10\/iBomber-Defense-Axis-Campaign-08.-Eastern-Mediterranean-Counterattack-1-800x450.jpg\" alt=\"&quot;iBomber Defense&quot; - Chi\u1ebfn d\u1ecbch Tr\u1ee5c - 08. \u0110\u00f4ng \u0110\u1ecba Trung H\u1ea3i - Ph\u1ea3n c\u00f4ng (1)\" class=\"wp-image-105\" title=\"\" srcset=\"https:\/\/ibomberdefense.standardof.net\/wp-content\/uploads\/sites\/5\/2020\/10\/iBomber-Defense-Axis-Campaign-08.-Eastern-Mediterranean-Counterattack-1-800x450.jpg 800w, https:\/\/ibomberdefense.standardof.net\/wp-content\/uploads\/sites\/5\/2020\/10\/iBomber-Defense-Axis-Campaign-08.-Eastern-Mediterranean-Counterattack-1-512x288.jpg 512w, https:\/\/ibomberdefense.standardof.net\/wp-content\/uploads\/sites\/5\/2020\/10\/iBomber-Defense-Axis-Campaign-08.-Eastern-Mediterranean-Counterattack-1-200x113.jpg 200w, https:\/\/ibomberdefense.standardof.net\/wp-content\/uploads\/sites\/5\/2020\/10\/iBomber-Defense-Axis-Campaign-08.-Eastern-Mediterranean-Counterattack-1-768x432.jpg 768w, https:\/\/ibomberdefense.standardof.net\/wp-content\/uploads\/sites\/5\/2020\/10\/iBomber-Defense-Axis-Campaign-08.-Eastern-Mediterranean-Counterattack-1-16x9.jpg 16w, https:\/\/ibomberdefense.standardof.net\/wp-content\/uploads\/sites\/5\/2020\/10\/iBomber-Defense-Axis-Campaign-08.-Eastern-Mediterranean-Counterattack-1.jpg 1280w\" sizes=\"(max-width: 800px) 100vw, 800px\" \/><\/a><figcaption>C\u00e1c tuy\u1ebfn \u0111\u01b0\u1eddng \u0111\u01b0\u1ee3c th\u1ef1c hi\u1ec7n b\u1edfi c\u00e1c \u0111\u01a1n v\u1ecb \u0111\u1ed1i ph\u01b0\u01a1ng trong Cu\u1ed9c ph\u1ea3n c\u00f4ng c\u1ea5p \u0111\u1ed9 \u0110\u00f4ng \u0110\u1ecba Trung H\u1ea3i trong tr\u00f2 ch\u01a1i iBomber Defense. \u0110\u01b0\u1eddng m\u00e0u xanh lam bi\u1ec3u th\u1ecb m\u00e1y bay.<\/figcaption><\/figure><\/div>\n\n\n\n<p>Nhi\u1ec7m v\u1ee5 ti\u1ec1n th\u01b0\u1edfng ph\u1ea3n c\u00f4ng th\u1ee9 hai trong chi\u1ebfn d\u1ecbch Axis, v\u00e0 nhi\u1ec7m v\u1ee5 t\u00e1m t\u1ed5ng th\u1ec3, \u0111\u01b0a b\u1ea1n tr\u1edf l\u1ea1i b\u1ea3n \u0111\u1ed3 \u0110\u00f4ng \u0110\u1ecba Trung H\u1ea3i \u0111\u1ec3 gi\u00e0nh l\u1ea5y 20 \u0111\u1ee3t t\u00e0u v\u00e0 m\u00e1y bay h\u1ea3i qu\u00e2n kh\u00e1c. M\u00e1y bay s\u1ebd xu\u1ea5t hi\u1ec7n l\u1ea7n \u0111\u1ea7u ti\u00ean \u1edf l\u00e0n s\u00f3ng 4.<\/p>\n\n\n\n<p>Cu\u1ed9c t\u1ea5n c\u00f4ng b\u1ea5t ng\u1edd m\u1edf m\u00e0n s\u1ebd h\u1ea1 g\u1ee5c h\u00f2n \u0111\u1ea3o nh\u1ecf nh\u1ea5t, ph\u00e1 h\u1ee7y b\u1ea5t c\u1ee9 th\u1ee9 g\u00ec tr\u00ean \u0111\u00f3, \u0111\u1ed3ng th\u1eddi m\u1edf ra con \u0111\u01b0\u1eddng th\u1ee9 ba t\u1eeb ph\u00eda b\u1eafc, gi\u1ed1ng nh\u01b0 cu\u1ed9c ph\u1ea3n c\u00f4ng c\u1ee7a \u0110\u1ed3ng minh tr\u00ean b\u1ea3n \u0111\u1ed3 n\u00e0y.<\/p>\n\n\n\n<h3 class=\"wp-block-heading\"><strong>V\u1ecb tr\u00ed th\u00e1p ph\u00e1o:<\/strong><\/h3>\n\n\n\n<figure class=\"wp-block-gallery columns-2 is-cropped wp-block-gallery-1 is-layout-flex wp-block-gallery-is-layout-flex\"><ul class=\"blocks-gallery-grid\"><li class=\"blocks-gallery-item\"><figure><a href=\"https:\/\/ibomberdefense.standardof.net\/vi\/guide\/chien-dich-truc\/8-cuoc-phan-cong-dong-dia-trung-hai-2\/ibomber-defense-axis-campaign-08-eastern-mediterranean-counterattack-2\/\"><img decoding=\"async\" width=\"800\" height=\"450\" src=\"https:\/\/ibomberdefense.standardof.net\/wp-content\/uploads\/sites\/5\/2020\/10\/iBomber-Defense-Axis-Campaign-08.-Eastern-Mediterranean-Counterattack-2-800x450.jpg\" alt=\"&quot;iBomber Defense&quot; - Chi\u1ebfn d\u1ecbch Tr\u1ee5c - 08. \u0110\u00f4ng \u0110\u1ecba Trung H\u1ea3i - Ph\u1ea3n c\u00f4ng (2)\" data-id=\"106\" data-full-url=\"https:\/\/ibomberdefense.standardof.net\/wp-content\/uploads\/sites\/5\/2020\/10\/iBomber-Defense-Axis-Campaign-08.-Eastern-Mediterranean-Counterattack-2.jpg\" data-link=\"https:\/\/ibomberdefense.standardof.net\/guide\/axis-campaign\/8-eastern-mediterranean-counterattack\/ibomber-defense-axis-campaign-08-eastern-mediterranean-counterattack-2\/\" class=\"wp-image-106\" title=\"\" srcset=\"https:\/\/ibomberdefense.standardof.net\/wp-content\/uploads\/sites\/5\/2020\/10\/iBomber-Defense-Axis-Campaign-08.-Eastern-Mediterranean-Counterattack-2-800x450.jpg 800w, https:\/\/ibomberdefense.standardof.net\/wp-content\/uploads\/sites\/5\/2020\/10\/iBomber-Defense-Axis-Campaign-08.-Eastern-Mediterranean-Counterattack-2-512x288.jpg 512w, https:\/\/ibomberdefense.standardof.net\/wp-content\/uploads\/sites\/5\/2020\/10\/iBomber-Defense-Axis-Campaign-08.-Eastern-Mediterranean-Counterattack-2-200x113.jpg 200w, https:\/\/ibomberdefense.standardof.net\/wp-content\/uploads\/sites\/5\/2020\/10\/iBomber-Defense-Axis-Campaign-08.-Eastern-Mediterranean-Counterattack-2-768x432.jpg 768w, https:\/\/ibomberdefense.standardof.net\/wp-content\/uploads\/sites\/5\/2020\/10\/iBomber-Defense-Axis-Campaign-08.-Eastern-Mediterranean-Counterattack-2-16x9.jpg 16w, https:\/\/ibomberdefense.standardof.net\/wp-content\/uploads\/sites\/5\/2020\/10\/iBomber-Defense-Axis-Campaign-08.-Eastern-Mediterranean-Counterattack-2.jpg 1280w\" sizes=\"(max-width: 800px) 100vw, 800px\" \/><\/a><figcaption class=\"blocks-gallery-item__caption\">V\u1ecb tr\u00ed th\u00e1p ph\u00e1o \u1edf cu\u1ed1i s\u00f3ng 10.<\/figcaption><\/figure><\/li><li class=\"blocks-gallery-item\"><figure><a href=\"https:\/\/ibomberdefense.standardof.net\/vi\/guide\/chien-dich-truc\/8-cuoc-phan-cong-dong-dia-trung-hai-2\/ibomber-defense-axis-campaign-08-eastern-mediterranean-counterattack-3\/\"><img decoding=\"async\" width=\"800\" height=\"450\" src=\"https:\/\/ibomberdefense.standardof.net\/wp-content\/uploads\/sites\/5\/2020\/10\/iBomber-Defense-Axis-Campaign-08.-Eastern-Mediterranean-Counterattack-3-800x450.jpg\" alt=\"&quot;iBomber Defense&quot; - Chi\u1ebfn d\u1ecbch Tr\u1ee5c - 08. \u0110\u00f4ng \u0110\u1ecba Trung H\u1ea3i - Ph\u1ea3n c\u00f4ng (3)\" data-id=\"107\" data-full-url=\"https:\/\/ibomberdefense.standardof.net\/wp-content\/uploads\/sites\/5\/2020\/10\/iBomber-Defense-Axis-Campaign-08.-Eastern-Mediterranean-Counterattack-3.jpg\" data-link=\"https:\/\/ibomberdefense.standardof.net\/guide\/axis-campaign\/8-eastern-mediterranean-counterattack\/ibomber-defense-axis-campaign-08-eastern-mediterranean-counterattack-3\/\" class=\"wp-image-107\" title=\"\" srcset=\"https:\/\/ibomberdefense.standardof.net\/wp-content\/uploads\/sites\/5\/2020\/10\/iBomber-Defense-Axis-Campaign-08.-Eastern-Mediterranean-Counterattack-3-800x450.jpg 800w, https:\/\/ibomberdefense.standardof.net\/wp-content\/uploads\/sites\/5\/2020\/10\/iBomber-Defense-Axis-Campaign-08.-Eastern-Mediterranean-Counterattack-3-512x288.jpg 512w, https:\/\/ibomberdefense.standardof.net\/wp-content\/uploads\/sites\/5\/2020\/10\/iBomber-Defense-Axis-Campaign-08.-Eastern-Mediterranean-Counterattack-3-200x113.jpg 200w, https:\/\/ibomberdefense.standardof.net\/wp-content\/uploads\/sites\/5\/2020\/10\/iBomber-Defense-Axis-Campaign-08.-Eastern-Mediterranean-Counterattack-3-768x432.jpg 768w, https:\/\/ibomberdefense.standardof.net\/wp-content\/uploads\/sites\/5\/2020\/10\/iBomber-Defense-Axis-Campaign-08.-Eastern-Mediterranean-Counterattack-3-16x9.jpg 16w, https:\/\/ibomberdefense.standardof.net\/wp-content\/uploads\/sites\/5\/2020\/10\/iBomber-Defense-Axis-Campaign-08.-Eastern-Mediterranean-Counterattack-3.jpg 1280w\" sizes=\"(max-width: 800px) 100vw, 800px\" \/><\/a><figcaption class=\"blocks-gallery-item__caption\">V\u1ecb tr\u00ed th\u00e1p ph\u00e1o \u1edf cu\u1ed1i l\u00e0n s\u00f3ng 20.<\/figcaption><\/figure><\/li><\/ul><\/figure>\n\n\n\n<p>Kinh ph\u00ed trong nhi\u1ec7m v\u1ee5 n\u00e0y n\u00ean \u0111\u01b0\u1ee3c chi \u0111\u1ec3 n\u00e2ng c\u1ea5p b\u1ea5t k\u1ef3 th\u00e1p ph\u00e1o n\u00e0o ch\u01b0a \u0111\u01b0\u1ee3c san l\u1ea5p \u0111\u1ea7y \u0111\u1ee7 tr\u01b0\u1edbc \u0111\u00f3 trong khi m\u1edf r\u1ed9ng tr\u00ean c\u00e1c v\u00f9ng \u0111\u1ea5t ph\u00eda b\u1eafc v\u00e0 ph\u00eda nam m\u00e0 ch\u00fang t\u00f4i \u0111\u00e3 \u0111\u1eb7t c\u00e1c c\u0103n c\u1ee9 h\u1ecfa l\u1ef1c tr\u01b0\u1edbc \u0111\u00e2y. Tr\u00ean \u0111\u01b0\u1eddng t\u1edbi l\u00e0n s\u00f3ng 10, h\u00e3y c\u1ed1 g\u1eafng ki\u1ebfm Inferno c\u1ea5p 2 d\u1ecdc theo m\u1ed7i m\u1ea3nh \u0111\u1ea5t n\u01a1i ch\u00fang c\u00f3 th\u1ec3 t\u1ea5n c\u00f4ng t\u1ea5t c\u1ea3 c\u00e1c con \u0111\u01b0\u1eddng g\u1ea7n \u0111\u00f3.<\/p>\n\n\n\n<p>N\u1ebfu b\u1ea1n b\u1eaft \u0111\u1ea7u s\u1eed d\u1ee5ng h\u1ebft ph\u00f2ng c\u1ee7a m\u00ecnh, b\u1ea1n n\u00ean b\u00e1n S\u00fang m\u00e1y c\u1ee7a m\u00ecnh \u0111\u1ec3 thay th\u1ebf b\u1eb1ng V\u0169 kh\u00ed X \u0111\u1ec3 t\u0103ng l\u01b0\u1ee3ng s\u00e1t th\u01b0\u01a1ng \u0111\u00e1ng k\u1ec3. M\u1ed9t v\u00e0i \u0111\u1ee3t cu\u1ed1i c\u00f9ng s\u1ebd b\u1ecb ti\u00eau di\u1ec7t do s\u1ef1 kh\u00f3 kh\u0103n c\u1ee7a t\u00e0u \u0111\u1ecbch, v\u00e0 cu\u1ed1i c\u00f9ng, ph\u1ea7n l\u1edbn ti\u1ec1n c\u1ee7a b\u1ea1n s\u1ebd \u0111\u01b0\u1ee3c d\u00f9ng \u0111\u1ec3 s\u1eeda ch\u1eefa c\u00e1c th\u00e1p ph\u00e1o kh\u1ecfi h\u1ecfa l\u1ef1c d\u00e0y \u0111\u1eb7c c\u1ee7a ch\u00fang.<\/p>\n\n\n\n<h3 class=\"wp-block-heading\"><strong>Chi ti\u00eau \u0110i\u1ec3m Chi\u1ebfn th\u1eafng:<\/strong><\/h3>\n\n\n\n<p>\u0110\u00e2y l\u00e0 nhi\u1ec7m v\u1ee5 cu\u1ed1i c\u00f9ng m\u00e0 \u0111i\u1ec3m chi\u1ebfn th\u1eafng s\u1ebd \u0111\u01b0\u1ee3c d\u00f9ng \u0111\u1ec3 n\u00e2ng c\u1ea5p, l\u1ea7n mua cu\u1ed1i c\u00f9ng c\u00f3 s\u1eb5n l\u00e0 Inferno c\u1ea5p 3, l\u00e0m cho t\u1ea5t c\u1ea3 c\u00e1c v\u1eadt ph\u1ea9m \u1edf c\u1ea5p 3 v\u00e0 \u0111\u01b0\u1ee3c n\u00e2ng c\u1ea5p ho\u00e0n to\u00e0n t\u1eeb \u0111\u00e2y tr\u1edf \u0111i.<\/p>\n\n\n\n<hr class=\"wp-block-separator\"\/>\n\n\n\n<h4 class=\"has-text-align-center wp-block-heading\">H\u01b0\u1edbng d\u1eabn Video<\/h4>\n\n\n\n<figure class=\"wp-block-embed-youtube wp-block-embed is-type-video is-provider-youtube wp-embed-aspect-16-9 wp-has-aspect-ratio\"><div class=\"wp-block-embed__wrapper\">\n<div class=\"ast-oembed-container\" style=\"height: 100%;\"><iframe title=\"iBomber Defense - \u0110\u00f4ng \u0110\u1ecba Trung H\u1ea3i - Tr\u1ee5c ph\u1ea3n c\u00f4ng - C\u1ef1u chi\u1ebfn binh + Ho\u00e0n h\u1ea3o\" width=\"500\" height=\"281\" src=\"https:\/\/www.youtube.com\/embed\/m0pOPp7pzvE?feature=oembed\" frameborder=\"0\" allow=\"accelerometer; autoplay; clipboard-write; encrypted-media; gyroscope; picture-in-picture; web-share\" referrerpolicy=\"strict-origin-when-cross-origin\" allowfullscreen><\/iframe><\/div>\n<\/div><\/figure>","protected":false},"excerpt":{"rendered":"<p>The second counterattack bonus mission in the Axis campaign, and the eight mission overall, takes you back to the Eastern Mediterranean map to duke it out for another 20 waves of naval ships and aircraft. The aircraft will make their first appearance at wave 4. The opening surprise attack will take out the smallest island, [&hellip;]<\/p>","protected":false},"author":1,"featured_media":107,"parent":268,"menu_order":8,"comment_status":"open","ping_status":"closed","template":"","meta":{"_uag_custom_page_level_css":"","site-sidebar-layout":"default","site-content-layout":"default","ast-site-content-layout":"","site-content-style":"default","site-sidebar-style":"default","ast-global-header-display":"","ast-banner-title-visibility":"","ast-main-header-display":"","ast-hfb-above-header-display":"","ast-hfb-below-header-display":"","ast-hfb-mobile-header-display":"","site-post-title":"","ast-breadcrumbs-content":"","ast-featured-img":"","footer-sml-layout":"","theme-transparent-header-meta":"default","adv-header-id-meta":"","stick-header-meta":"","header-above-stick-meta":"","header-main-stick-meta":"","header-below-stick-meta":"","astra-migrate-meta-layouts":"default","ast-page-background-enabled":"default","ast-page-background-meta":{"desktop":{"background-color":"","background-image":"","background-repeat":"repeat","background-position":"center center","background-size":"auto","background-attachment":"scroll","background-type":"","background-media":"","overlay-type":"","overlay-color":"","overlay-gradient":""},"tablet":{"background-color":"","background-image":"","background-repeat":"repeat","background-position":"center center","background-size":"auto","background-attachment":"scroll","background-type":"","background-media":"","overlay-type":"","overlay-color":"","overlay-gradient":""},"mobile":{"background-color":"","background-image":"","background-repeat":"repeat","background-position":"center center","background-size":"auto","background-attachment":"scroll","background-type":"","background-media":"","overlay-type":"","overlay-color":"","overlay-gradient":""}},"ast-content-background-meta":{"desktop":{"background-color":"var(--ast-global-color-5)","background-image":"","background-repeat":"repeat","background-position":"center center","background-size":"auto","background-attachment":"scroll","background-type":"","background-media":"","overlay-type":"","overlay-color":"","overlay-gradient":""},"tablet":{"background-color":"var(--ast-global-color-5)","background-image":"","background-repeat":"repeat","background-position":"center center","background-size":"auto","background-attachment":"scroll","background-type":"","background-media":"","overlay-type":"","overlay-color":"","overlay-gradient":""},"mobile":{"background-color":"var(--ast-global-color-5)","background-image":"","background-repeat":"repeat","background-position":"center center","background-size":"auto","background-attachment":"scroll","background-type":"","background-media":"","overlay-type":"","overlay-color":"","overlay-gradient":""}},"footnotes":""},"uagb_featured_image_src":{"full":["https:\/\/ibomberdefense.standardof.net\/wp-content\/uploads\/sites\/5\/2020\/10\/iBomber-Defense-Axis-Campaign-08.-Eastern-Mediterranean-Counterattack-3.jpg",1280,720,false],"thumbnail":["https:\/\/ibomberdefense.standardof.net\/wp-content\/uploads\/sites\/5\/2020\/10\/iBomber-Defense-Axis-Campaign-08.-Eastern-Mediterranean-Counterattack-3-200x113.jpg",200,113,true],"medium":["https:\/\/ibomberdefense.standardof.net\/wp-content\/uploads\/sites\/5\/2020\/10\/iBomber-Defense-Axis-Campaign-08.-Eastern-Mediterranean-Counterattack-3-512x288.jpg",512,288,true],"medium_large":["https:\/\/ibomberdefense.standardof.net\/wp-content\/uploads\/sites\/5\/2020\/10\/iBomber-Defense-Axis-Campaign-08.-Eastern-Mediterranean-Counterattack-3-768x432.jpg",768,432,true],"large":["https:\/\/ibomberdefense.standardof.net\/wp-content\/uploads\/sites\/5\/2020\/10\/iBomber-Defense-Axis-Campaign-08.-Eastern-Mediterranean-Counterattack-3-800x450.jpg",800,450,true],"1536x1536":["https:\/\/ibomberdefense.standardof.net\/wp-content\/uploads\/sites\/5\/2020\/10\/iBomber-Defense-Axis-Campaign-08.-Eastern-Mediterranean-Counterattack-3.jpg",1280,720,false],"2048x2048":["https:\/\/ibomberdefense.standardof.net\/wp-content\/uploads\/sites\/5\/2020\/10\/iBomber-Defense-Axis-Campaign-08.-Eastern-Mediterranean-Counterattack-3.jpg",1280,720,false],"trp-custom-language-flag":["https:\/\/ibomberdefense.standardof.net\/wp-content\/uploads\/sites\/5\/2020\/10\/iBomber-Defense-Axis-Campaign-08.-Eastern-Mediterranean-Counterattack-3-16x9.jpg",16,9,true]},"uagb_author_info":{"display_name":"SOE","author_link":"https:\/\/ibomberdefense.standardof.net\/vi\/author\/k-tastic\/"},"uagb_comment_info":0,"uagb_excerpt":"The second counterattack bonus mission in the Axis campaign, and the eight mission overall, takes you back to the Eastern Mediterranean map to duke it out for another 20 waves of naval ships and aircraft. The aircraft will make their first appearance at wave 4. The opening surprise attack will take out the smallest island,&hellip;","_links":{"self":[{"href":"https:\/\/ibomberdefense.standardof.net\/vi\/wp-json\/wp\/v2\/pages\/343"}],"collection":[{"href":"https:\/\/ibomberdefense.standardof.net\/vi\/wp-json\/wp\/v2\/pages"}],"about":[{"href":"https:\/\/ibomberdefense.standardof.net\/vi\/wp-json\/wp\/v2\/types\/page"}],"author":[{"embeddable":true,"href":"https:\/\/ibomberdefense.standardof.net\/vi\/wp-json\/wp\/v2\/users\/1"}],"replies":[{"embeddable":true,"href":"https:\/\/ibomberdefense.standardof.net\/vi\/wp-json\/wp\/v2\/comments?post=343"}],"version-history":[{"count":0,"href":"https:\/\/ibomberdefense.standardof.net\/vi\/wp-json\/wp\/v2\/pages\/343\/revisions"}],"up":[{"embeddable":true,"href":"https:\/\/ibomberdefense.standardof.net\/vi\/wp-json\/wp\/v2\/pages\/268"}],"wp:featuredmedia":[{"embeddable":true,"href":"https:\/\/ibomberdefense.standardof.net\/vi\/wp-json\/wp\/v2\/media\/107"}],"wp:attachment":[{"href":"https:\/\/ibomberdefense.standardof.net\/vi\/wp-json\/wp\/v2\/media?parent=343"}],"curies":[{"name":"wp","href":"https:\/\/api.w.org\/{rel}","templated":true}]}}