{"id":344,"date":"2020-10-19T07:39:41","date_gmt":"2020-10-19T07:39:41","guid":{"rendered":"https:\/\/ibomberdefense.standardof.net\/?page_id=344"},"modified":"2020-10-19T08:04:53","modified_gmt":"2020-10-19T08:04:53","slug":"9-north-west-africa-on-the-beach","status":"publish","type":"page","link":"https:\/\/ibomberdefense.standardof.net\/vi\/guide\/chien-dich-truc\/9-tay-bac-phi-tren-bai-bien\/","title":{"rendered":"9. T\u00e2y B\u1eafc Phi: Tr\u00ean b\u00e3i bi\u1ec3n"},"content":{"rendered":"<div class=\"wp-block-image\"><figure class=\"aligncenter size-large\"><a href=\"https:\/\/ibomberdefense.standardof.net\/vi\/guide\/chien-dich-truc\/9-tay-bac-phi-tren-bai-bien\/ibomber-defense-axis-campaign-09-north-west-africa-on-the-beach-1\/\"><img decoding=\"async\" width=\"800\" height=\"450\" src=\"https:\/\/ibomberdefense.standardof.net\/wp-content\/uploads\/sites\/5\/2020\/10\/iBomber-Defense-Axis-Campaign-09.-North-West-Africa-On-the-Beach-1-800x450.jpg\" alt=\"&quot;iBomber Defense&quot; - Chi\u1ebfn d\u1ecbch Tr\u1ee5c - 09. T\u00e2y B\u1eafc Phi - Tr\u00ean B\u00e3i bi\u1ec3n (1)\" class=\"wp-image-108\" title=\"\" srcset=\"https:\/\/ibomberdefense.standardof.net\/wp-content\/uploads\/sites\/5\/2020\/10\/iBomber-Defense-Axis-Campaign-09.-North-West-Africa-On-the-Beach-1-800x450.jpg 800w, https:\/\/ibomberdefense.standardof.net\/wp-content\/uploads\/sites\/5\/2020\/10\/iBomber-Defense-Axis-Campaign-09.-North-West-Africa-On-the-Beach-1-512x288.jpg 512w, https:\/\/ibomberdefense.standardof.net\/wp-content\/uploads\/sites\/5\/2020\/10\/iBomber-Defense-Axis-Campaign-09.-North-West-Africa-On-the-Beach-1-200x113.jpg 200w, https:\/\/ibomberdefense.standardof.net\/wp-content\/uploads\/sites\/5\/2020\/10\/iBomber-Defense-Axis-Campaign-09.-North-West-Africa-On-the-Beach-1-768x432.jpg 768w, https:\/\/ibomberdefense.standardof.net\/wp-content\/uploads\/sites\/5\/2020\/10\/iBomber-Defense-Axis-Campaign-09.-North-West-Africa-On-the-Beach-1-16x9.jpg 16w, https:\/\/ibomberdefense.standardof.net\/wp-content\/uploads\/sites\/5\/2020\/10\/iBomber-Defense-Axis-Campaign-09.-North-West-Africa-On-the-Beach-1.jpg 1280w\" sizes=\"(max-width: 800px) 100vw, 800px\" \/><\/a><figcaption>\u0110\u01b0\u1eddng bay t\u1edbi c\u1ee7a nh\u1eefng k\u1ebb t\u1ea5n c\u00f4ng \u1edf c\u1ea5p \u0111\u1ed9 T\u00e2y B\u1eafc Phi &quot;Tr\u00ean b\u00e3i bi\u1ec3n&quot; v\u1edbi \u0111\u01b0\u1eddng m\u00e0u xanh lam d\u00e0nh cho m\u00e1y bay.<\/figcaption><\/figure><\/div>\n\n\n\n<p>Nhi\u1ec7m v\u1ee5 th\u1ee9 ch\u00edn trong chi\u1ebfn d\u1ecbch Axis trong tr\u00f2 ch\u01a1i \u0111i\u1ec7n t\u1eed <em>iBomber Defense<\/em>, T\u00e2y B\u1eafc Phi &quot;Tr\u00ean b\u00e3i bi\u1ec3n&quot;, \u0111\u01b0a b\u1ea1n \u0111\u1ebfn m\u1ed9t v\u00f9ng sa m\u1ea1c \u0111\u1ec3 chi\u1ebfn \u0111\u1ea5u ch\u1ed1ng l\u1ea1i 35 \u0111\u1ee3t \u0111\u01a1n v\u1ecb. B\u1ea1n s\u1ebd \u0111\u1ed1i m\u1eb7t v\u1edbi c\u00e1c \u0111\u01a1n v\u1ecb ch\u1ee7 y\u1ebfu tr\u00ean \u0111\u1ea5t li\u1ec1n v\u1edbi m\u00e1y bay xu\u1ea5t hi\u1ec7n \u1edf l\u00e0n s\u00f3ng 20.<\/p>\n\n\n\n<p>K\u1ebb th\u00f9 trong c\u1ea5p \u0111\u1ed9 n\u00e0y s\u1ebd ti\u1ebfp c\u1eadn t\u1eeb ph\u00eda b\u1eafc, \u0111i xu\u1ed1ng theo 6 con \u0111\u01b0\u1eddng tr\u00ean m\u1eb7t \u0111\u1ea5t nhanh ch\u00f3ng h\u1ee3p nh\u1ea5t th\u00e0nh b\u1ed1n con \u0111\u01b0\u1eddng g\u1eb7p nhau ngay tr\u01b0\u1edbc c\u0103n c\u1ee9. V\u1ecb tr\u00ed \u0111\u1eb7t th\u00e1p ph\u00e1o s\u1ebd t\u1eadp trung v\u00e0o vi\u1ec7c thi\u1ebft l\u1eadp 3 nh\u00f3m th\u00e1p ph\u00e1o ch\u00ednh gi\u1eefa c\u00e1c \u0111\u01b0\u1eddng \u0111i n\u00e0y tr\u01b0\u1edbc c\u0103n c\u1ee9 v\u00e0 k\u00e9o d\u00e0i ra ph\u00eda ngo\u00e0i, t\u1eadn d\u1ee5ng l\u1ee3i th\u1ebf c\u1ee7a m\u1eb7t \u0111\u1ea5t cao.<\/p>\n\n\n\n<h3 class=\"wp-block-heading\"><strong>V\u1ecb tr\u00ed th\u00e1p ph\u00e1o:<\/strong><\/h3>\n\n\n\n<figure class=\"wp-block-gallery columns-2 is-cropped wp-block-gallery-1 is-layout-flex wp-block-gallery-is-layout-flex\"><ul class=\"blocks-gallery-grid\"><li class=\"blocks-gallery-item\"><figure><a href=\"https:\/\/ibomberdefense.standardof.net\/vi\/guide\/chien-dich-truc\/9-tay-bac-phi-tren-bai-bien\/ibomber-defense-axis-campaign-09-north-west-africa-on-the-beach-2\/\"><img decoding=\"async\" width=\"800\" height=\"450\" src=\"https:\/\/ibomberdefense.standardof.net\/wp-content\/uploads\/sites\/5\/2020\/10\/iBomber-Defense-Axis-Campaign-09.-North-West-Africa-On-the-Beach-2-800x450.jpg\" alt=\"&quot;iBomber Defense&quot; - Chi\u1ebfn d\u1ecbch Tr\u1ee5c - 09. T\u00e2y B\u1eafc Phi - Tr\u00ean B\u00e3i bi\u1ec3n (2)\" data-id=\"109\" data-full-url=\"https:\/\/ibomberdefense.standardof.net\/wp-content\/uploads\/sites\/5\/2020\/10\/iBomber-Defense-Axis-Campaign-09.-North-West-Africa-On-the-Beach-2.jpg\" data-link=\"https:\/\/ibomberdefense.standardof.net\/guide\/axis-campaign\/9-north-west-africa-on-the-beach\/ibomber-defense-axis-campaign-09-north-west-africa-on-the-beach-2\/\" class=\"wp-image-109\" title=\"\" srcset=\"https:\/\/ibomberdefense.standardof.net\/wp-content\/uploads\/sites\/5\/2020\/10\/iBomber-Defense-Axis-Campaign-09.-North-West-Africa-On-the-Beach-2-800x450.jpg 800w, https:\/\/ibomberdefense.standardof.net\/wp-content\/uploads\/sites\/5\/2020\/10\/iBomber-Defense-Axis-Campaign-09.-North-West-Africa-On-the-Beach-2-512x288.jpg 512w, https:\/\/ibomberdefense.standardof.net\/wp-content\/uploads\/sites\/5\/2020\/10\/iBomber-Defense-Axis-Campaign-09.-North-West-Africa-On-the-Beach-2-200x113.jpg 200w, https:\/\/ibomberdefense.standardof.net\/wp-content\/uploads\/sites\/5\/2020\/10\/iBomber-Defense-Axis-Campaign-09.-North-West-Africa-On-the-Beach-2-768x432.jpg 768w, https:\/\/ibomberdefense.standardof.net\/wp-content\/uploads\/sites\/5\/2020\/10\/iBomber-Defense-Axis-Campaign-09.-North-West-Africa-On-the-Beach-2-16x9.jpg 16w, https:\/\/ibomberdefense.standardof.net\/wp-content\/uploads\/sites\/5\/2020\/10\/iBomber-Defense-Axis-Campaign-09.-North-West-Africa-On-the-Beach-2.jpg 1280w\" sizes=\"(max-width: 800px) 100vw, 800px\" \/><\/a><figcaption class=\"blocks-gallery-item__caption\">V\u1ecb tr\u00ed th\u00e1p ph\u00e1o c\u1ee7a Wave 15.<\/figcaption><\/figure><\/li><li class=\"blocks-gallery-item\"><figure><a href=\"https:\/\/ibomberdefense.standardof.net\/vi\/guide\/chien-dich-truc\/9-tay-bac-phi-tren-bai-bien\/ibomber-defense-axis-campaign-09-north-west-africa-on-the-beach-3\/\"><img decoding=\"async\" width=\"800\" height=\"450\" src=\"https:\/\/ibomberdefense.standardof.net\/wp-content\/uploads\/sites\/5\/2020\/10\/iBomber-Defense-Axis-Campaign-09.-North-West-Africa-On-the-Beach-3-800x450.jpg\" alt=\"&quot;iBomber Defense&quot; - Chi\u1ebfn d\u1ecbch Tr\u1ee5c - 09. T\u00e2y B\u1eafc Phi - Tr\u00ean b\u00e3i bi\u1ec3n (3)\" data-id=\"110\" data-full-url=\"https:\/\/ibomberdefense.standardof.net\/wp-content\/uploads\/sites\/5\/2020\/10\/iBomber-Defense-Axis-Campaign-09.-North-West-Africa-On-the-Beach-3.jpg\" data-link=\"https:\/\/ibomberdefense.standardof.net\/guide\/axis-campaign\/9-north-west-africa-on-the-beach\/ibomber-defense-axis-campaign-09-north-west-africa-on-the-beach-3\/\" class=\"wp-image-110\" title=\"\" srcset=\"https:\/\/ibomberdefense.standardof.net\/wp-content\/uploads\/sites\/5\/2020\/10\/iBomber-Defense-Axis-Campaign-09.-North-West-Africa-On-the-Beach-3-800x450.jpg 800w, https:\/\/ibomberdefense.standardof.net\/wp-content\/uploads\/sites\/5\/2020\/10\/iBomber-Defense-Axis-Campaign-09.-North-West-Africa-On-the-Beach-3-512x288.jpg 512w, https:\/\/ibomberdefense.standardof.net\/wp-content\/uploads\/sites\/5\/2020\/10\/iBomber-Defense-Axis-Campaign-09.-North-West-Africa-On-the-Beach-3-200x113.jpg 200w, https:\/\/ibomberdefense.standardof.net\/wp-content\/uploads\/sites\/5\/2020\/10\/iBomber-Defense-Axis-Campaign-09.-North-West-Africa-On-the-Beach-3-768x432.jpg 768w, https:\/\/ibomberdefense.standardof.net\/wp-content\/uploads\/sites\/5\/2020\/10\/iBomber-Defense-Axis-Campaign-09.-North-West-Africa-On-the-Beach-3-16x9.jpg 16w, https:\/\/ibomberdefense.standardof.net\/wp-content\/uploads\/sites\/5\/2020\/10\/iBomber-Defense-Axis-Campaign-09.-North-West-Africa-On-the-Beach-3.jpg 1280w\" sizes=\"(max-width: 800px) 100vw, 800px\" \/><\/a><figcaption class=\"blocks-gallery-item__caption\">V\u1ecb tr\u00ed th\u00e1p ph\u00e1o c\u1ee7a s\u00f3ng 25.<\/figcaption><\/figure><\/li><\/ul><\/figure>\n\n\n\n<p>Ngo\u00e0i kh\u00e1i ni\u1ec7m \u0111\u1ea7u ti\u00ean v\u1ec1 S\u00fang M\u00e1y ban \u0111\u1ea7u, c\u00e1c \u0111\u1ee3t t\u1eeb 1 \u0111\u1ebfn 15 n\u00ean t\u1eadp trung v\u00e0o vi\u1ec7c b\u1ed1 tr\u00ed 2 th\u00e1p ph\u00e1o Inferno \u0111\u1ec3 ch\u00fang c\u00f3 th\u1ec3 bao qu\u00e1t b\u1ed1n con \u0111\u01b0\u1eddng ch\u00ednh nh\u1eb1m l\u00e0m ch\u1eadm c\u00e1c ph\u01b0\u01a1ng ti\u1ec7n nhanh xu\u1ea5t hi\u1ec7n s\u1edbm v\u00e0o c\u1ea5p \u0111\u1ed9. M\u1ed9t v\u00e0i kh\u1ea9u ph\u00e1o \u0111\u01b0\u1ee3c \u0111\u1eb7t \u1edf v\u1ecb tr\u00ed chi\u1ebfn l\u01b0\u1ee3c c\u0169ng s\u1ebd r\u1ea5t quan tr\u1ecdng.<\/p>\n\n\n\n<p>L\u00ean \u0111\u1ebfn s\u00f3ng 25 c\u1ee7a c\u1ea5p \u0111\u1ed9, h\u00e3y t\u1eadp trung v\u00e0o vi\u1ec7c l\u1ea5y 2 kh\u1ea9u \u0110\u1ea1i b\u00e1c c\u1ea5p hai tr\u00ean c\u1ea3 hai cao nguy\u00ean v\u00e0 \u0111\u00fang m\u1ea3ng kh\u00f4ng gian c\u00f3 th\u1ec3 x\u00e2y d\u1ef1ng \u0111i gi\u1eefa hai con \u0111\u01b0\u1eddng. \u0110\u1ea3m b\u1ea3o c\u00f3 AA t\u0103ng l\u00ean \u1edf l\u00e0n s\u00f3ng 20 v\u00e0 b\u1eaft tay v\u00e0o vi\u1ec7c \u0111\u1eb7t X-Weapon \u1edf gi\u1eefa m\u1ed9t trong c\u00e1c nh\u00f3m th\u00e1p ph\u00e1o c\u1ee7a b\u1ea1n.<\/p>\n\n\n\n<p>\u0110\u1ebfn cu\u1ed1i c\u1ea5p, b\u1ea1n s\u1ebd c\u1ea7n ph\u1ea3i x\u00e2y d\u1ef1ng hai th\u00e1p ph\u00e1o AA, m\u1ed9t \u1edf c\u1ea5p 3 v\u00e0 th\u00e1p th\u1ee9 hai \u1edf c\u1ea5p 1, trong khi l\u00e0m vi\u1ec7c tr\u00ean X-Weapon th\u1ee9 hai c\u1ee7a b\u1ea1n sau khi n\u00e2ng c\u1ea5p \u0111\u1ea7y \u0111\u1ee7 v\u00e0 t\u0103ng c\u01b0\u1eddng \u0111\u1ea7u ti\u00ean. B\u1ea1n c\u00f3 th\u1ec3 c\u1ea7n b\u00e1n m\u1ed9t ho\u1eb7c hai th\u00e1p ph\u00e1o v\u00e0o th\u1eddi \u0111i\u1ec3m n\u00e0y \u0111\u1ec3 nh\u01b0\u1eddng ch\u1ed7 cho th\u1ee9 quan tr\u1ecdng h\u01a1n, nh\u01b0 AA ho\u1eb7c X-Weapon th\u1ee9 hai. C\u00f3 6 kh\u1ea9u \u0110\u1ea1i b\u00e1c \u1edf c\u1ea5p \u0111\u1ed9 3 l\u00e0 kh\u00e1 \u0111\u1ee7, n\u1ebfu x\u00e9t \u0111\u1ebfn s\u1ee9c m\u1ea1nh c\u1ee7a X-Weapons.<\/p>\n\n\n\n<div class=\"wp-block-image\"><figure class=\"aligncenter size-large\"><a href=\"https:\/\/ibomberdefense.standardof.net\/vi\/guide\/chien-dich-truc\/9-tay-bac-phi-tren-bai-bien\/ibomber-defense-axis-campaign-09-north-west-africa-on-the-beach-4\/\"><img decoding=\"async\" width=\"800\" height=\"450\" src=\"https:\/\/ibomberdefense.standardof.net\/wp-content\/uploads\/sites\/5\/2020\/10\/iBomber-Defense-Axis-Campaign-09.-North-West-Africa-On-the-Beach-4-800x450.jpg\" alt=\"&quot;iBomber Defense&quot; - Chi\u1ebfn d\u1ecbch Tr\u1ee5c - 09. T\u00e2y B\u1eafc Phi - Tr\u00ean B\u00e3i bi\u1ec3n (4)\" class=\"wp-image-111\" title=\"\" srcset=\"https:\/\/ibomberdefense.standardof.net\/wp-content\/uploads\/sites\/5\/2020\/10\/iBomber-Defense-Axis-Campaign-09.-North-West-Africa-On-the-Beach-4-800x450.jpg 800w, https:\/\/ibomberdefense.standardof.net\/wp-content\/uploads\/sites\/5\/2020\/10\/iBomber-Defense-Axis-Campaign-09.-North-West-Africa-On-the-Beach-4-512x288.jpg 512w, https:\/\/ibomberdefense.standardof.net\/wp-content\/uploads\/sites\/5\/2020\/10\/iBomber-Defense-Axis-Campaign-09.-North-West-Africa-On-the-Beach-4-200x113.jpg 200w, https:\/\/ibomberdefense.standardof.net\/wp-content\/uploads\/sites\/5\/2020\/10\/iBomber-Defense-Axis-Campaign-09.-North-West-Africa-On-the-Beach-4-768x432.jpg 768w, https:\/\/ibomberdefense.standardof.net\/wp-content\/uploads\/sites\/5\/2020\/10\/iBomber-Defense-Axis-Campaign-09.-North-West-Africa-On-the-Beach-4-16x9.jpg 16w, https:\/\/ibomberdefense.standardof.net\/wp-content\/uploads\/sites\/5\/2020\/10\/iBomber-Defense-Axis-Campaign-09.-North-West-Africa-On-the-Beach-4.jpg 1280w\" sizes=\"(max-width: 800px) 100vw, 800px\" \/><\/a><figcaption>V\u1ecb tr\u00ed th\u00e1p ph\u00e1o c\u1ee7a Wave 35.<\/figcaption><\/figure><\/div>\n\n\n\n<hr class=\"wp-block-separator\"\/>\n\n\n\n<h4 class=\"has-text-align-center wp-block-heading\">H\u01b0\u1edbng d\u1eabn Video<\/h4>\n\n\n\n<figure class=\"wp-block-embed-youtube wp-block-embed is-type-video is-provider-youtube wp-embed-aspect-16-9 wp-has-aspect-ratio\"><div class=\"wp-block-embed__wrapper\">\n<div class=\"ast-oembed-container\" style=\"height: 100%;\"><iframe title=\"iBomber Defense - T\u00e2y B\u1eafc Phi - Tr\u00ean b\u00e3i bi\u1ec3n - C\u1ef1u chi\u1ebfn binh + Ho\u00e0n h\u1ea3o\" width=\"500\" height=\"281\" src=\"https:\/\/www.youtube.com\/embed\/uEiGCIDFvis?feature=oembed\" frameborder=\"0\" allow=\"accelerometer; autoplay; clipboard-write; encrypted-media; gyroscope; picture-in-picture; web-share\" referrerpolicy=\"strict-origin-when-cross-origin\" allowfullscreen><\/iframe><\/div>\n<\/div><\/figure>","protected":false},"excerpt":{"rendered":"<p>The ninth mission in the Axis campaign in the video game iBomber Defense, North West Africa &#8220;On the Beach,&#8221; takes you to a desert locale for a fight against 35 waves of units. You will face primarily land units with aircraft showing up at wave 20. The enemies in this level will approach from the [&hellip;]<\/p>","protected":false},"author":1,"featured_media":111,"parent":268,"menu_order":9,"comment_status":"open","ping_status":"closed","template":"","meta":{"_uag_custom_page_level_css":"","site-sidebar-layout":"default","site-content-layout":"default","ast-site-content-layout":"","site-content-style":"default","site-sidebar-style":"default","ast-global-header-display":"","ast-banner-title-visibility":"","ast-main-header-display":"","ast-hfb-above-header-display":"","ast-hfb-below-header-display":"","ast-hfb-mobile-header-display":"","site-post-title":"","ast-breadcrumbs-content":"","ast-featured-img":"","footer-sml-layout":"","theme-transparent-header-meta":"default","adv-header-id-meta":"","stick-header-meta":"","header-above-stick-meta":"","header-main-stick-meta":"","header-below-stick-meta":"","astra-migrate-meta-layouts":"default","ast-page-background-enabled":"default","ast-page-background-meta":{"desktop":{"background-color":"","background-image":"","background-repeat":"repeat","background-position":"center center","background-size":"auto","background-attachment":"scroll","background-type":"","background-media":"","overlay-type":"","overlay-color":"","overlay-gradient":""},"tablet":{"background-color":"","background-image":"","background-repeat":"repeat","background-position":"center center","background-size":"auto","background-attachment":"scroll","background-type":"","background-media":"","overlay-type":"","overlay-color":"","overlay-gradient":""},"mobile":{"background-color":"","background-image":"","background-repeat":"repeat","background-position":"center center","background-size":"auto","background-attachment":"scroll","background-type":"","background-media":"","overlay-type":"","overlay-color":"","overlay-gradient":""}},"ast-content-background-meta":{"desktop":{"background-color":"var(--ast-global-color-5)","background-image":"","background-repeat":"repeat","background-position":"center center","background-size":"auto","background-attachment":"scroll","background-type":"","background-media":"","overlay-type":"","overlay-color":"","overlay-gradient":""},"tablet":{"background-color":"var(--ast-global-color-5)","background-image":"","background-repeat":"repeat","background-position":"center center","background-size":"auto","background-attachment":"scroll","background-type":"","background-media":"","overlay-type":"","overlay-color":"","overlay-gradient":""},"mobile":{"background-color":"var(--ast-global-color-5)","background-image":"","background-repeat":"repeat","background-position":"center center","background-size":"auto","background-attachment":"scroll","background-type":"","background-media":"","overlay-type":"","overlay-color":"","overlay-gradient":""}},"footnotes":""},"uagb_featured_image_src":{"full":["https:\/\/ibomberdefense.standardof.net\/wp-content\/uploads\/sites\/5\/2020\/10\/iBomber-Defense-Axis-Campaign-09.-North-West-Africa-On-the-Beach-4.jpg",1280,720,false],"thumbnail":["https:\/\/ibomberdefense.standardof.net\/wp-content\/uploads\/sites\/5\/2020\/10\/iBomber-Defense-Axis-Campaign-09.-North-West-Africa-On-the-Beach-4-200x113.jpg",200,113,true],"medium":["https:\/\/ibomberdefense.standardof.net\/wp-content\/uploads\/sites\/5\/2020\/10\/iBomber-Defense-Axis-Campaign-09.-North-West-Africa-On-the-Beach-4-512x288.jpg",512,288,true],"medium_large":["https:\/\/ibomberdefense.standardof.net\/wp-content\/uploads\/sites\/5\/2020\/10\/iBomber-Defense-Axis-Campaign-09.-North-West-Africa-On-the-Beach-4-768x432.jpg",768,432,true],"large":["https:\/\/ibomberdefense.standardof.net\/wp-content\/uploads\/sites\/5\/2020\/10\/iBomber-Defense-Axis-Campaign-09.-North-West-Africa-On-the-Beach-4-800x450.jpg",800,450,true],"1536x1536":["https:\/\/ibomberdefense.standardof.net\/wp-content\/uploads\/sites\/5\/2020\/10\/iBomber-Defense-Axis-Campaign-09.-North-West-Africa-On-the-Beach-4.jpg",1280,720,false],"2048x2048":["https:\/\/ibomberdefense.standardof.net\/wp-content\/uploads\/sites\/5\/2020\/10\/iBomber-Defense-Axis-Campaign-09.-North-West-Africa-On-the-Beach-4.jpg",1280,720,false],"trp-custom-language-flag":["https:\/\/ibomberdefense.standardof.net\/wp-content\/uploads\/sites\/5\/2020\/10\/iBomber-Defense-Axis-Campaign-09.-North-West-Africa-On-the-Beach-4-16x9.jpg",16,9,true]},"uagb_author_info":{"display_name":"SOE","author_link":"https:\/\/ibomberdefense.standardof.net\/vi\/author\/k-tastic\/"},"uagb_comment_info":0,"uagb_excerpt":"The ninth mission in the Axis campaign in the video game iBomber Defense, North West Africa &#8220;On the Beach,&#8221; takes you to a desert locale for a fight against 35 waves of units. You will face primarily land units with aircraft showing up at wave 20. The enemies in this level will approach from the&hellip;","_links":{"self":[{"href":"https:\/\/ibomberdefense.standardof.net\/vi\/wp-json\/wp\/v2\/pages\/344"}],"collection":[{"href":"https:\/\/ibomberdefense.standardof.net\/vi\/wp-json\/wp\/v2\/pages"}],"about":[{"href":"https:\/\/ibomberdefense.standardof.net\/vi\/wp-json\/wp\/v2\/types\/page"}],"author":[{"embeddable":true,"href":"https:\/\/ibomberdefense.standardof.net\/vi\/wp-json\/wp\/v2\/users\/1"}],"replies":[{"embeddable":true,"href":"https:\/\/ibomberdefense.standardof.net\/vi\/wp-json\/wp\/v2\/comments?post=344"}],"version-history":[{"count":0,"href":"https:\/\/ibomberdefense.standardof.net\/vi\/wp-json\/wp\/v2\/pages\/344\/revisions"}],"up":[{"embeddable":true,"href":"https:\/\/ibomberdefense.standardof.net\/vi\/wp-json\/wp\/v2\/pages\/268"}],"wp:featuredmedia":[{"embeddable":true,"href":"https:\/\/ibomberdefense.standardof.net\/vi\/wp-json\/wp\/v2\/media\/111"}],"wp:attachment":[{"href":"https:\/\/ibomberdefense.standardof.net\/vi\/wp-json\/wp\/v2\/media?parent=344"}],"curies":[{"name":"wp","href":"https:\/\/api.w.org\/{rel}","templated":true}]}}