{"id":345,"date":"2020-10-19T07:40:13","date_gmt":"2020-10-19T07:40:13","guid":{"rendered":"https:\/\/ibomberdefense.standardof.net\/?page_id=345"},"modified":"2020-10-19T08:04:24","modified_gmt":"2020-10-19T08:04:24","slug":"10-southern-europe-trident","status":"publish","type":"page","link":"https:\/\/ibomberdefense.standardof.net\/vi\/guide\/chien-dich-truc\/cay-dinh-ba-10-nam-chau-au\/","title":{"rendered":"10. Nam \u00c2u: C\u00e2y \u0111inh ba"},"content":{"rendered":"<div class=\"wp-block-image\"><figure class=\"aligncenter size-large\"><a href=\"https:\/\/ibomberdefense.standardof.net\/vi\/guide\/chien-dich-truc\/cay-dinh-ba-10-nam-chau-au\/ibomber-defense-axis-campaign-10-southern-europe-trident-1\/\"><img decoding=\"async\" width=\"800\" height=\"450\" src=\"https:\/\/ibomberdefense.standardof.net\/wp-content\/uploads\/sites\/5\/2020\/10\/iBomber-Defense-Axis-Campaign-10.-Southern-Europe-Trident-1-800x450.jpg\" alt=\"&quot;iBomber Defense&quot; - Chi\u1ebfn d\u1ecbch Axis - 10. Nam \u00c2u - Trident (1)\" class=\"wp-image-112\" title=\"\" srcset=\"https:\/\/ibomberdefense.standardof.net\/wp-content\/uploads\/sites\/5\/2020\/10\/iBomber-Defense-Axis-Campaign-10.-Southern-Europe-Trident-1-800x450.jpg 800w, https:\/\/ibomberdefense.standardof.net\/wp-content\/uploads\/sites\/5\/2020\/10\/iBomber-Defense-Axis-Campaign-10.-Southern-Europe-Trident-1-512x288.jpg 512w, https:\/\/ibomberdefense.standardof.net\/wp-content\/uploads\/sites\/5\/2020\/10\/iBomber-Defense-Axis-Campaign-10.-Southern-Europe-Trident-1-200x113.jpg 200w, https:\/\/ibomberdefense.standardof.net\/wp-content\/uploads\/sites\/5\/2020\/10\/iBomber-Defense-Axis-Campaign-10.-Southern-Europe-Trident-1-768x432.jpg 768w, https:\/\/ibomberdefense.standardof.net\/wp-content\/uploads\/sites\/5\/2020\/10\/iBomber-Defense-Axis-Campaign-10.-Southern-Europe-Trident-1-16x9.jpg 16w, https:\/\/ibomberdefense.standardof.net\/wp-content\/uploads\/sites\/5\/2020\/10\/iBomber-Defense-Axis-Campaign-10.-Southern-Europe-Trident-1.jpg 1280w\" sizes=\"(max-width: 800px) 100vw, 800px\" \/><\/a><figcaption>L\u1ed9 tr\u00ecnh c\u1ee7a k\u1ebb th\u00f9 \u0111\u1ebfn \u1edf Nam \u00c2u &quot;C\u00e2y \u0111inh ba&quot; v\u1edbi m\u00e1y bay \u0111\u01b0\u1ee3c v\u1ebd m\u00e0u xanh lam.<\/figcaption><\/figure><\/div>\n\n\n\n<p>\u1ede Nam \u00c2u \u201cC\u00e2y \u0111inh ba\u201d, c\u1ea5p \u0111\u1ed9 th\u1ee9 m\u01b0\u1eddi trong chi\u1ebfn d\u1ecbch Tr\u1ee5c, b\u1ea1n m\u1ed9t l\u1ea7n n\u1eefa quay tr\u1edf l\u1ea1i v\u00f9ng \u0111\u1ea5t quen thu\u1ed9c. Kh\u00f4ng gi\u1ed1ng nh\u01b0 l\u1ea7n tr\u01b0\u1edbc b\u1ea1n ch\u01a1i tr\u00ean b\u1ea3n \u0111\u1ed3 n\u00e0y, m\u1ecdi th\u1ee9 \u0111\u1eb7c bi\u1ec7t d\u00e0y \u0111\u1eb7c h\u01a1n tuy\u1ebft. Nh\u01b0ng quan tr\u1ecdng h\u01a1n, con \u0111\u01b0\u1eddng ph\u1ee5 ph\u1ea3n c\u00f4ng c\u1ee7a \u0110\u1ed3ng minh \u0111\u01b0\u1ee3c m\u1edf ra ngay t\u1eeb \u0111\u1ea7u. C\u00f3 40 l\u00e0n s\u00f3ng c\u1ee7a c\u00e1c \u0111\u01a1n v\u1ecb m\u1eb7t \u0111\u1ea5t ph\u1ea3i \u0111\u1ed1i m\u1eb7t trong t\u1ea7ng n\u00e0y, v\u1edbi c\u00e1c m\u00e1y bay \u0111\u1ebfn tr\u00ean l\u00e0n s\u00f3ng 19.<\/p>\n\n\n\n<p>V\u1ecb tr\u00ed th\u00e1p ph\u00e1o n\u00ean t\u1eadp trung v\u00e0o hai c\u0103n c\u1ee9 h\u1ecfa l\u1ef1c ch\u00ednh, m\u1ed9t \u1edf ph\u00eda b\u1eafc v\u00e0 ph\u00eda nam d\u1ecdc theo c\u00e1c con \u0111\u01b0\u1eddng h\u1ed9i t\u1ee5 m\u00e0u \u0111\u1ecf \/ cam v\u00e0 xanh l\u00e1 c\u00e2y \/ v\u00e0ng \u0111\u1ec3 t\u1ed1i \u0111a h\u00f3a hi\u1ec7u qu\u1ea3. M\u1ed9t ho\u1eb7c hai tr\u1ee5 \u0111\u01b0\u1ee3c \u0111\u1eb7t b\u1edfi ph\u1ea7n chia m\u00e0u v\u00e0ng \/ cam c\u00f3 th\u1ec3 \u0111\u00e1ng gi\u00e1, nh\u01b0ng s\u1ebd m\u1ea5t t\u00e1c d\u1ee5ng sau n\u00e0y. Khu v\u1ef1c cao trung t\u00e2m l\u00e0 n\u01a1i ho\u00e0n h\u1ea3o cho m\u1ed9t kh\u1ea9u Ph\u00e1o t\u1ea5n c\u00f4ng vu\u00f4ng g\u00f3c nh\u1ea5t b\u00ean tr\u00e1i, m\u1ed9t X-Weapon b\u00ean c\u1ea1nh \u0111\u00f3 v\u00e0 m\u1ed9t s\u1ed1 Ph\u00f2ng kh\u00f4ng \u0111\u1ec3 ng\u0103n ch\u1eb7n m\u00e1y bay \u0111\u1ecbch.<\/p>\n\n\n\n<h3 class=\"wp-block-heading\"><strong>V\u1ecb tr\u00ed th\u00e1p ph\u00e1o:<\/strong><\/h3>\n\n\n\n<figure class=\"wp-block-gallery columns-2 is-cropped wp-block-gallery-1 is-layout-flex wp-block-gallery-is-layout-flex\"><ul class=\"blocks-gallery-grid\"><li class=\"blocks-gallery-item\"><figure><a href=\"https:\/\/ibomberdefense.standardof.net\/vi\/guide\/chien-dich-truc\/cay-dinh-ba-10-nam-chau-au\/ibomber-defense-axis-campaign-10-southern-europe-trident-2\/\"><img decoding=\"async\" width=\"800\" height=\"450\" src=\"https:\/\/ibomberdefense.standardof.net\/wp-content\/uploads\/sites\/5\/2020\/10\/iBomber-Defense-Axis-Campaign-10.-Southern-Europe-Trident-2-800x450.jpg\" alt=\"&quot;iBomber Defense&quot; - Chi\u1ebfn d\u1ecbch Axis - 10. Nam \u00c2u - Trident (2)\" data-id=\"113\" data-full-url=\"https:\/\/ibomberdefense.standardof.net\/wp-content\/uploads\/sites\/5\/2020\/10\/iBomber-Defense-Axis-Campaign-10.-Southern-Europe-Trident-2.jpg\" data-link=\"https:\/\/ibomberdefense.standardof.net\/guide\/axis-campaign\/10-southern-europe-trident\/ibomber-defense-axis-campaign-10-southern-europe-trident-2\/\" class=\"wp-image-113\" title=\"\" srcset=\"https:\/\/ibomberdefense.standardof.net\/wp-content\/uploads\/sites\/5\/2020\/10\/iBomber-Defense-Axis-Campaign-10.-Southern-Europe-Trident-2-800x450.jpg 800w, https:\/\/ibomberdefense.standardof.net\/wp-content\/uploads\/sites\/5\/2020\/10\/iBomber-Defense-Axis-Campaign-10.-Southern-Europe-Trident-2-512x288.jpg 512w, https:\/\/ibomberdefense.standardof.net\/wp-content\/uploads\/sites\/5\/2020\/10\/iBomber-Defense-Axis-Campaign-10.-Southern-Europe-Trident-2-200x113.jpg 200w, https:\/\/ibomberdefense.standardof.net\/wp-content\/uploads\/sites\/5\/2020\/10\/iBomber-Defense-Axis-Campaign-10.-Southern-Europe-Trident-2-768x432.jpg 768w, https:\/\/ibomberdefense.standardof.net\/wp-content\/uploads\/sites\/5\/2020\/10\/iBomber-Defense-Axis-Campaign-10.-Southern-Europe-Trident-2-16x9.jpg 16w, https:\/\/ibomberdefense.standardof.net\/wp-content\/uploads\/sites\/5\/2020\/10\/iBomber-Defense-Axis-Campaign-10.-Southern-Europe-Trident-2.jpg 1280w\" sizes=\"(max-width: 800px) 100vw, 800px\" \/><\/a><figcaption class=\"blocks-gallery-item__caption\">V\u1ecb tr\u00ed th\u00e1p ph\u00e1o s\u00f3ng 10.<\/figcaption><\/figure><\/li><li class=\"blocks-gallery-item\"><figure><a href=\"https:\/\/ibomberdefense.standardof.net\/vi\/guide\/chien-dich-truc\/cay-dinh-ba-10-nam-chau-au\/ibomber-defense-axis-campaign-10-southern-europe-trident-3\/\"><img decoding=\"async\" width=\"800\" height=\"450\" src=\"https:\/\/ibomberdefense.standardof.net\/wp-content\/uploads\/sites\/5\/2020\/10\/iBomber-Defense-Axis-Campaign-10.-Southern-Europe-Trident-3-800x450.jpg\" alt=\"&quot;iBomber Defense&quot; - Chi\u1ebfn d\u1ecbch Axis - 10. Nam \u00c2u - Trident (3)\" data-id=\"114\" data-full-url=\"https:\/\/ibomberdefense.standardof.net\/wp-content\/uploads\/sites\/5\/2020\/10\/iBomber-Defense-Axis-Campaign-10.-Southern-Europe-Trident-3.jpg\" data-link=\"https:\/\/ibomberdefense.standardof.net\/guide\/axis-campaign\/10-southern-europe-trident\/ibomber-defense-axis-campaign-10-southern-europe-trident-3\/\" class=\"wp-image-114\" title=\"\" srcset=\"https:\/\/ibomberdefense.standardof.net\/wp-content\/uploads\/sites\/5\/2020\/10\/iBomber-Defense-Axis-Campaign-10.-Southern-Europe-Trident-3-800x450.jpg 800w, https:\/\/ibomberdefense.standardof.net\/wp-content\/uploads\/sites\/5\/2020\/10\/iBomber-Defense-Axis-Campaign-10.-Southern-Europe-Trident-3-512x288.jpg 512w, https:\/\/ibomberdefense.standardof.net\/wp-content\/uploads\/sites\/5\/2020\/10\/iBomber-Defense-Axis-Campaign-10.-Southern-Europe-Trident-3-200x113.jpg 200w, https:\/\/ibomberdefense.standardof.net\/wp-content\/uploads\/sites\/5\/2020\/10\/iBomber-Defense-Axis-Campaign-10.-Southern-Europe-Trident-3-768x432.jpg 768w, https:\/\/ibomberdefense.standardof.net\/wp-content\/uploads\/sites\/5\/2020\/10\/iBomber-Defense-Axis-Campaign-10.-Southern-Europe-Trident-3-16x9.jpg 16w, https:\/\/ibomberdefense.standardof.net\/wp-content\/uploads\/sites\/5\/2020\/10\/iBomber-Defense-Axis-Campaign-10.-Southern-Europe-Trident-3.jpg 1280w\" sizes=\"(max-width: 800px) 100vw, 800px\" \/><\/a><figcaption class=\"blocks-gallery-item__caption\">V\u1ecb tr\u00ed th\u00e1p ph\u00e1o c\u1ee7a Wave 20.<\/figcaption><\/figure><\/li><\/ul><\/figure>\n\n\n\n<p>Ch\u1ea1y \u0111\u1ebfn l\u00e0n s\u00f3ng 10 n\u00ean t\u1eadp trung v\u00e0o vi\u1ec7c l\u1ea5y m\u1ed9t s\u1ed1 \u00edt th\u00e1p ph\u00e1o \u0111\u1ea7u ti\u00ean c\u1ee7a b\u1ea1n d\u1ecdc theo c\u00e1c con \u0111\u01b0\u1eddng m\u00e0u \u0111\u1ecf \/ cam v\u00e0 v\u00e0ng \/ xanh l\u00e1 c\u00e2y v\u1edbi m\u1ed9t th\u00e1p \u0111\u01b0\u1ee3c \u0111\u1eb7t \u1edf v\u1ecb tr\u00ed b\u00ean ph\u1ea3i khi bot h\u1ee3p nh\u1ea5t tr\u01b0\u1edbc c\u0103n c\u1ee9. Trong h\u00ecnh b\u00ean ph\u1ea3i c\u00f3 m\u1ed9t th\u00e1p ph\u00e1o n\u1eb1m \u1edf ph\u1ea7n chia m\u00e0u v\u00e0ng \/ cam, tuy nhi\u00ean c\u00e1i n\u00e0y s\u1ebd \u0111\u01b0\u1ee3c b\u00e1n sau.<\/p>\n\n\n\n<p>Ti\u1ebfn \u0111\u1ebfn b\u01b0\u1edbc s\u00f3ng 20, b\u1ea1n n\u00ean t\u1eadp trung v\u00e0o vi\u1ec7c ho\u00e0n th\u00e0nh t\u1ea5t c\u1ea3 c\u00e1c n\u00e2ng c\u1ea5p cho S\u00fang m\u00e1y, sau \u0111\u00f3 d\u00e1n m\u1ed9t th\u00e1p ph\u00e1o Inferno l\u00ean c\u00e1c \u0111i\u1ec3m h\u1ed9i t\u1ee5 c\u1ee7a c\u1ea3 m\u00e0u v\u00e0ng \/ xanh l\u00e1 c\u00e2y v\u00e0 cam \/ \u0111\u1ecf \u0111\u1ec3 h\u1ed7 tr\u1ee3 v\u0169 kh\u00ed kh\u00e1c c\u1ee7a b\u1ea1n. C\u00e1c kh\u1ea9u ph\u00e1o \u0111\u01b0\u1ee3c \u0111\u1eb7t tr\u00ean h\u00ecnh vu\u00f4ng ngo\u00e0i c\u00f9ng b\u00ean tr\u00e1i c\u1ee7a khu \u0111\u1ea5t cao v\u00e0 g\u1ea7n v\u1edbi c\u0103n c\u1ee9 s\u1ebd c\u00f3 kh\u1ea3 n\u0103ng bao qu\u00e1t t\u1ea5t c\u1ea3 c\u00e1c con \u0111\u01b0\u1eddng \u1edf m\u1ed9t m\u1ee9c \u0111\u1ed9 n\u00e0o \u0111\u00f3, v\u00ec v\u1eady h\u00e3y c\u1ed1 g\u1eafng t\u0103ng c\u1ea5p 1 xung quanh c\u00e1c \u0111i\u1ec3m n\u00e0y. S\u1ebd c\u1ea7n m\u1ed9t th\u00e1p ph\u00e1o AA, t\u1ed1t nh\u1ea5t l\u00e0 \u0111\u1eb7t 2 \u00f4 vu\u00f4ng \u1edf b\u00ean ph\u1ea3i c\u1ee7a Ph\u00e1o \u0111\u1ea5t cao tr\u01b0\u1edbc l\u00e0n s\u00f3ng 19. Kho\u1ea3ng tr\u1ed1ng \u1edf gi\u1eefa n\u00e0y s\u1ebd ph\u00f9 h\u1ee3p v\u1edbi X-Weapon sau n\u00e0y.<\/p>\n\n\n\n<p>\u0110\u1ed1i v\u1edbi l\u00e0n s\u00f3ng 30, b\u1ea1n mu\u1ed1n ch\u1ebf t\u1ea1o X-Weapon \u0111\u00f3 tr\u00ean v\u00f9ng \u0111\u1ea5t cao \u1edf v\u1ecb tr\u00ed \u0111\u00e3 \u0111\u1ec1 c\u1eadp tr\u01b0\u1edbc \u0111\u00f3 trong khi h\u01b0\u1edbng t\u1edbi th\u00e1p ph\u00e1o AA th\u1ee9 hai b\u00ean c\u1ea1nh n\u00f3. Ngo\u00e0i ra, t\u1ed1t nh\u1ea5t b\u1ea1n n\u00ean c\u00f3 t\u1ed5ng c\u1ed9ng 7 kh\u1ea9u \u0110\u1ea1i b\u00e1c \u1edf c\u1ea5p th\u1ee9 hai, kh\u1ea9u \u1edf tr\u00ean cao v\u00e0 3 \u1edf m\u1ed7i c\u0103n c\u1ee9 h\u1ecfa l\u1ef1c ph\u00eda b\u1eafc v\u00e0 nam, g\u1ea7n c\u0103n c\u1ee9 ch\u00ednh c\u1ee7a b\u1ea1n.<\/p>\n\n\n\n<p>Giai \u0111o\u1ea1n cu\u1ed1i c\u00f9ng \u0111\u1ebfn l\u00e0n s\u00f3ng 40 s\u1ebd li\u00ean quan \u0111\u1ebfn vi\u1ec7c nh\u1eadn \u0111\u01b0\u1ee3c hai X-Weapons \u0111\u01b0\u1ee3c n\u00e2ng c\u1ea5p v\u00e0 t\u0103ng c\u01b0\u1eddng ho\u00e0n to\u00e0n, v\u1edbi chi\u1ebfc th\u1ee9 hai \u0111\u01b0\u1ee3c \u0111\u1eb7t \u1edf m\u1ed9t v\u1ecb tr\u00ed b\u00ean c\u1ea1nh c\u00e1c kh\u1ea9u \u0110\u1ea1i b\u00e1c \u0111\u00e3 \u0111\u1ec1 c\u1eadp tr\u01b0\u1edbc \u0111\u00f3, g\u1ea7n v\u1edbi c\u0103n c\u1ee9 ch\u00ednh c\u1ee7a b\u1ea1n \u0111\u1ec3 n\u00f3 c\u0169ng c\u00f3 th\u1ec3 b\u1eafn tr\u00fang t\u1ea5t c\u1ea3 c\u00e1c \u0111\u01b0\u1eddng \u0111i t\u1edbi. C\u00e1c tr\u1ee5 Inferno \u0111\u01b0\u1ee3c n\u00e2ng c\u1ea5p ho\u00e0n to\u00e0n s\u1ebd l\u00e0 m\u1ed9t kho\u1ea3n \u0111\u1ea7u t\u01b0 \u0111\u00e1ng gi\u00e1, nh\u01b0ng v\u1eabn ch\u1ec9 l\u00e0 hai tr\u1ee5 \u0111\u01b0\u1ee3c \u0111\u1eb7t t\u1eeb s\u1edbm.<\/p>\n\n\n\n<figure class=\"wp-block-gallery columns-2 is-cropped wp-block-gallery-2 is-layout-flex wp-block-gallery-is-layout-flex\"><ul class=\"blocks-gallery-grid\"><li class=\"blocks-gallery-item\"><figure><a href=\"https:\/\/ibomberdefense.standardof.net\/vi\/guide\/chien-dich-truc\/cay-dinh-ba-10-nam-chau-au\/ibomber-defense-axis-campaign-10-southern-europe-trident-4\/\"><img decoding=\"async\" width=\"800\" height=\"450\" src=\"https:\/\/ibomberdefense.standardof.net\/wp-content\/uploads\/sites\/5\/2020\/10\/iBomber-Defense-Axis-Campaign-10.-Southern-Europe-Trident-4-800x450.jpg\" alt=\"&quot;iBomber Defense&quot; - Chi\u1ebfn d\u1ecbch Axis - 10. Nam \u00c2u - Trident (4)\" data-id=\"115\" data-full-url=\"https:\/\/ibomberdefense.standardof.net\/wp-content\/uploads\/sites\/5\/2020\/10\/iBomber-Defense-Axis-Campaign-10.-Southern-Europe-Trident-4.jpg\" data-link=\"https:\/\/ibomberdefense.standardof.net\/guide\/axis-campaign\/10-southern-europe-trident\/ibomber-defense-axis-campaign-10-southern-europe-trident-4\/\" class=\"wp-image-115\" title=\"\" srcset=\"https:\/\/ibomberdefense.standardof.net\/wp-content\/uploads\/sites\/5\/2020\/10\/iBomber-Defense-Axis-Campaign-10.-Southern-Europe-Trident-4-800x450.jpg 800w, https:\/\/ibomberdefense.standardof.net\/wp-content\/uploads\/sites\/5\/2020\/10\/iBomber-Defense-Axis-Campaign-10.-Southern-Europe-Trident-4-512x288.jpg 512w, https:\/\/ibomberdefense.standardof.net\/wp-content\/uploads\/sites\/5\/2020\/10\/iBomber-Defense-Axis-Campaign-10.-Southern-Europe-Trident-4-200x113.jpg 200w, https:\/\/ibomberdefense.standardof.net\/wp-content\/uploads\/sites\/5\/2020\/10\/iBomber-Defense-Axis-Campaign-10.-Southern-Europe-Trident-4-768x432.jpg 768w, https:\/\/ibomberdefense.standardof.net\/wp-content\/uploads\/sites\/5\/2020\/10\/iBomber-Defense-Axis-Campaign-10.-Southern-Europe-Trident-4-16x9.jpg 16w, https:\/\/ibomberdefense.standardof.net\/wp-content\/uploads\/sites\/5\/2020\/10\/iBomber-Defense-Axis-Campaign-10.-Southern-Europe-Trident-4.jpg 1280w\" sizes=\"(max-width: 800px) 100vw, 800px\" \/><\/a><figcaption class=\"blocks-gallery-item__caption\">V\u1ecb tr\u00ed th\u00e1p ph\u00e1o c\u1ee7a Wave 30.<\/figcaption><\/figure><\/li><li class=\"blocks-gallery-item\"><figure><a href=\"https:\/\/ibomberdefense.standardof.net\/vi\/guide\/chien-dich-truc\/cay-dinh-ba-10-nam-chau-au\/ibomber-defense-axis-campaign-10-southern-europe-trident-5\/\"><img decoding=\"async\" width=\"800\" height=\"450\" src=\"https:\/\/ibomberdefense.standardof.net\/wp-content\/uploads\/sites\/5\/2020\/10\/iBomber-Defense-Axis-Campaign-10.-Southern-Europe-Trident-5-800x450.jpg\" alt=\"&quot;iBomber Defense&quot; - Chi\u1ebfn d\u1ecbch Axis - 10. Nam \u00c2u - Trident (5)\" data-id=\"116\" data-full-url=\"https:\/\/ibomberdefense.standardof.net\/wp-content\/uploads\/sites\/5\/2020\/10\/iBomber-Defense-Axis-Campaign-10.-Southern-Europe-Trident-5.jpg\" data-link=\"https:\/\/ibomberdefense.standardof.net\/guide\/axis-campaign\/10-southern-europe-trident\/ibomber-defense-axis-campaign-10-southern-europe-trident-5\/\" class=\"wp-image-116\" title=\"\" srcset=\"https:\/\/ibomberdefense.standardof.net\/wp-content\/uploads\/sites\/5\/2020\/10\/iBomber-Defense-Axis-Campaign-10.-Southern-Europe-Trident-5-800x450.jpg 800w, https:\/\/ibomberdefense.standardof.net\/wp-content\/uploads\/sites\/5\/2020\/10\/iBomber-Defense-Axis-Campaign-10.-Southern-Europe-Trident-5-512x288.jpg 512w, https:\/\/ibomberdefense.standardof.net\/wp-content\/uploads\/sites\/5\/2020\/10\/iBomber-Defense-Axis-Campaign-10.-Southern-Europe-Trident-5-200x113.jpg 200w, https:\/\/ibomberdefense.standardof.net\/wp-content\/uploads\/sites\/5\/2020\/10\/iBomber-Defense-Axis-Campaign-10.-Southern-Europe-Trident-5-768x432.jpg 768w, https:\/\/ibomberdefense.standardof.net\/wp-content\/uploads\/sites\/5\/2020\/10\/iBomber-Defense-Axis-Campaign-10.-Southern-Europe-Trident-5-16x9.jpg 16w, https:\/\/ibomberdefense.standardof.net\/wp-content\/uploads\/sites\/5\/2020\/10\/iBomber-Defense-Axis-Campaign-10.-Southern-Europe-Trident-5.jpg 1280w\" sizes=\"(max-width: 800px) 100vw, 800px\" \/><\/a><figcaption class=\"blocks-gallery-item__caption\">V\u1ecb tr\u00ed th\u00e1p ph\u00e1o c\u1ee7a Wave 40.<\/figcaption><\/figure><\/li><\/ul><\/figure>\n\n\n\n<hr class=\"wp-block-separator\"\/>\n\n\n\n<h4 class=\"has-text-align-center wp-block-heading\">H\u01b0\u1edbng d\u1eabn Video<\/h4>\n\n\n\n<figure class=\"wp-block-embed-youtube wp-block-embed is-type-video is-provider-youtube wp-embed-aspect-16-9 wp-has-aspect-ratio\"><div class=\"wp-block-embed__wrapper\">\n<div class=\"ast-oembed-container\" style=\"height: 100%;\"><iframe title=\"iBomber Defense - Nam \u00c2u - Trident - Veteran + Perfect\" width=\"500\" height=\"281\" src=\"https:\/\/www.youtube.com\/embed\/Cfi7BQTlWOM?feature=oembed\" frameborder=\"0\" allow=\"accelerometer; autoplay; clipboard-write; encrypted-media; gyroscope; picture-in-picture; web-share\" referrerpolicy=\"strict-origin-when-cross-origin\" allowfullscreen><\/iframe><\/div>\n<\/div><\/figure>","protected":false},"excerpt":{"rendered":"<p>In Southern Europe &#8220;Trident,\u201d the tenth level in the Axis campaign, you return once again to some familiar ground. Unlike the previous time you played on this map, things have gotten particularly more snowed over. But more importantly, the Allied counterattack extra path is open from the get go. There are 40 waves of ground [&hellip;]<\/p>","protected":false},"author":1,"featured_media":116,"parent":268,"menu_order":10,"comment_status":"open","ping_status":"closed","template":"","meta":{"_uag_custom_page_level_css":"","site-sidebar-layout":"default","site-content-layout":"default","ast-site-content-layout":"","site-content-style":"default","site-sidebar-style":"default","ast-global-header-display":"","ast-banner-title-visibility":"","ast-main-header-display":"","ast-hfb-above-header-display":"","ast-hfb-below-header-display":"","ast-hfb-mobile-header-display":"","site-post-title":"","ast-breadcrumbs-content":"","ast-featured-img":"","footer-sml-layout":"","theme-transparent-header-meta":"default","adv-header-id-meta":"","stick-header-meta":"","header-above-stick-meta":"","header-main-stick-meta":"","header-below-stick-meta":"","astra-migrate-meta-layouts":"default","ast-page-background-enabled":"default","ast-page-background-meta":{"desktop":{"background-color":"","background-image":"","background-repeat":"repeat","background-position":"center center","background-size":"auto","background-attachment":"scroll","background-type":"","background-media":"","overlay-type":"","overlay-color":"","overlay-gradient":""},"tablet":{"background-color":"","background-image":"","background-repeat":"repeat","background-position":"center center","background-size":"auto","background-attachment":"scroll","background-type":"","background-media":"","overlay-type":"","overlay-color":"","overlay-gradient":""},"mobile":{"background-color":"","background-image":"","background-repeat":"repeat","background-position":"center center","background-size":"auto","background-attachment":"scroll","background-type":"","background-media":"","overlay-type":"","overlay-color":"","overlay-gradient":""}},"ast-content-background-meta":{"desktop":{"background-color":"var(--ast-global-color-5)","background-image":"","background-repeat":"repeat","background-position":"center center","background-size":"auto","background-attachment":"scroll","background-type":"","background-media":"","overlay-type":"","overlay-color":"","overlay-gradient":""},"tablet":{"background-color":"var(--ast-global-color-5)","background-image":"","background-repeat":"repeat","background-position":"center center","background-size":"auto","background-attachment":"scroll","background-type":"","background-media":"","overlay-type":"","overlay-color":"","overlay-gradient":""},"mobile":{"background-color":"var(--ast-global-color-5)","background-image":"","background-repeat":"repeat","background-position":"center center","background-size":"auto","background-attachment":"scroll","background-type":"","background-media":"","overlay-type":"","overlay-color":"","overlay-gradient":""}},"footnotes":""},"uagb_featured_image_src":{"full":["https:\/\/ibomberdefense.standardof.net\/wp-content\/uploads\/sites\/5\/2020\/10\/iBomber-Defense-Axis-Campaign-10.-Southern-Europe-Trident-5.jpg",1280,720,false],"thumbnail":["https:\/\/ibomberdefense.standardof.net\/wp-content\/uploads\/sites\/5\/2020\/10\/iBomber-Defense-Axis-Campaign-10.-Southern-Europe-Trident-5-200x113.jpg",200,113,true],"medium":["https:\/\/ibomberdefense.standardof.net\/wp-content\/uploads\/sites\/5\/2020\/10\/iBomber-Defense-Axis-Campaign-10.-Southern-Europe-Trident-5-512x288.jpg",512,288,true],"medium_large":["https:\/\/ibomberdefense.standardof.net\/wp-content\/uploads\/sites\/5\/2020\/10\/iBomber-Defense-Axis-Campaign-10.-Southern-Europe-Trident-5-768x432.jpg",768,432,true],"large":["https:\/\/ibomberdefense.standardof.net\/wp-content\/uploads\/sites\/5\/2020\/10\/iBomber-Defense-Axis-Campaign-10.-Southern-Europe-Trident-5-800x450.jpg",800,450,true],"1536x1536":["https:\/\/ibomberdefense.standardof.net\/wp-content\/uploads\/sites\/5\/2020\/10\/iBomber-Defense-Axis-Campaign-10.-Southern-Europe-Trident-5.jpg",1280,720,false],"2048x2048":["https:\/\/ibomberdefense.standardof.net\/wp-content\/uploads\/sites\/5\/2020\/10\/iBomber-Defense-Axis-Campaign-10.-Southern-Europe-Trident-5.jpg",1280,720,false],"trp-custom-language-flag":["https:\/\/ibomberdefense.standardof.net\/wp-content\/uploads\/sites\/5\/2020\/10\/iBomber-Defense-Axis-Campaign-10.-Southern-Europe-Trident-5-16x9.jpg",16,9,true]},"uagb_author_info":{"display_name":"SOE","author_link":"https:\/\/ibomberdefense.standardof.net\/vi\/author\/k-tastic\/"},"uagb_comment_info":0,"uagb_excerpt":"In Southern Europe &#8220;Trident,\u201d the tenth level in the Axis campaign, you return once again to some familiar ground. Unlike the previous time you played on this map, things have gotten particularly more snowed over. But more importantly, the Allied counterattack extra path is open from the get go. There are 40 waves of ground&hellip;","_links":{"self":[{"href":"https:\/\/ibomberdefense.standardof.net\/vi\/wp-json\/wp\/v2\/pages\/345"}],"collection":[{"href":"https:\/\/ibomberdefense.standardof.net\/vi\/wp-json\/wp\/v2\/pages"}],"about":[{"href":"https:\/\/ibomberdefense.standardof.net\/vi\/wp-json\/wp\/v2\/types\/page"}],"author":[{"embeddable":true,"href":"https:\/\/ibomberdefense.standardof.net\/vi\/wp-json\/wp\/v2\/users\/1"}],"replies":[{"embeddable":true,"href":"https:\/\/ibomberdefense.standardof.net\/vi\/wp-json\/wp\/v2\/comments?post=345"}],"version-history":[{"count":0,"href":"https:\/\/ibomberdefense.standardof.net\/vi\/wp-json\/wp\/v2\/pages\/345\/revisions"}],"up":[{"embeddable":true,"href":"https:\/\/ibomberdefense.standardof.net\/vi\/wp-json\/wp\/v2\/pages\/268"}],"wp:featuredmedia":[{"embeddable":true,"href":"https:\/\/ibomberdefense.standardof.net\/vi\/wp-json\/wp\/v2\/media\/116"}],"wp:attachment":[{"href":"https:\/\/ibomberdefense.standardof.net\/vi\/wp-json\/wp\/v2\/media?parent=345"}],"curies":[{"name":"wp","href":"https:\/\/api.w.org\/{rel}","templated":true}]}}