{"id":346,"date":"2020-10-19T07:40:37","date_gmt":"2020-10-19T07:40:37","guid":{"rendered":"https:\/\/ibomberdefense.standardof.net\/?page_id=346"},"modified":"2020-10-19T08:04:29","modified_gmt":"2020-10-19T08:04:29","slug":"11-western-europe-cross-of-iron","status":"publish","type":"page","link":"https:\/\/ibomberdefense.standardof.net\/vi\/guide\/chien-dich-truc\/11-tay-au-giao-thoa-sat\/","title":{"rendered":"11. T\u00e2y \u00c2u: Th\u1eadp t\u1ef1 s\u1eaft"},"content":{"rendered":"<div class=\"wp-block-image\"><figure class=\"aligncenter size-large\"><a href=\"https:\/\/ibomberdefense.standardof.net\/vi\/guide\/chien-dich-truc\/11-tay-au-giao-thoa-sat\/ibomber-defense-axis-campaign-11-western-europe-cross-of-iron-1\/\"><img decoding=\"async\" width=\"800\" height=\"450\" src=\"https:\/\/ibomberdefense.standardof.net\/wp-content\/uploads\/sites\/5\/2020\/10\/iBomber-Defense-Axis-Campaign-11.-Western-Europe-Cross-of-Iron-1-800x450.jpg\" alt=\"&quot;iBomber Defense&quot; - Chi\u1ebfn d\u1ecbch Tr\u1ee5c - 11. T\u00e2y \u00c2u - Ch\u1eef Th\u1eadp S\u1eaft (1)\" class=\"wp-image-117\" title=\"\" srcset=\"https:\/\/ibomberdefense.standardof.net\/wp-content\/uploads\/sites\/5\/2020\/10\/iBomber-Defense-Axis-Campaign-11.-Western-Europe-Cross-of-Iron-1-800x450.jpg 800w, https:\/\/ibomberdefense.standardof.net\/wp-content\/uploads\/sites\/5\/2020\/10\/iBomber-Defense-Axis-Campaign-11.-Western-Europe-Cross-of-Iron-1-512x288.jpg 512w, https:\/\/ibomberdefense.standardof.net\/wp-content\/uploads\/sites\/5\/2020\/10\/iBomber-Defense-Axis-Campaign-11.-Western-Europe-Cross-of-Iron-1-200x113.jpg 200w, https:\/\/ibomberdefense.standardof.net\/wp-content\/uploads\/sites\/5\/2020\/10\/iBomber-Defense-Axis-Campaign-11.-Western-Europe-Cross-of-Iron-1-768x432.jpg 768w, https:\/\/ibomberdefense.standardof.net\/wp-content\/uploads\/sites\/5\/2020\/10\/iBomber-Defense-Axis-Campaign-11.-Western-Europe-Cross-of-Iron-1-16x9.jpg 16w, https:\/\/ibomberdefense.standardof.net\/wp-content\/uploads\/sites\/5\/2020\/10\/iBomber-Defense-Axis-Campaign-11.-Western-Europe-Cross-of-Iron-1.jpg 1280w\" sizes=\"(max-width: 800px) 100vw, 800px\" \/><\/a><figcaption>C\u00e1c tuy\u1ebfn \u0111\u01b0\u1eddng \u0111\u01b0\u1ee3c th\u1ef1c hi\u1ec7n b\u1edfi c\u00e1c \u0111\u01a1n v\u1ecb \u0111\u1ed1i ph\u01b0\u01a1ng trong iBomber Defense, c\u1ea5p chi\u1ebfn d\u1ecbch Tr\u1ee5c T\u00e2y \u00c2u &quot;Ch\u1eef Th\u1eadp S\u1eaft&quot;. Con \u0111\u01b0\u1eddng m\u00e0u xanh d\u00e0nh cho m\u00e1y bay.<\/figcaption><\/figure><\/div>\n\n\n\n<p>C\u1ea5p m\u01b0\u1eddi m\u1ed9t c\u1ee7a chi\u1ebfn d\u1ecbch Tr\u1ee5c trong <em>iBomber Defense<\/em> di\u1ec5n ra \u1edf T\u00e2y \u00c2u, \u0111\u1ed1i m\u1eb7t v\u1edbi ba \u0111\u01b0\u1eddng \u0111\u1ebfn ch\u00ednh c\u1ee7a c\u00e1c \u0111\u01a1n v\u1ecb m\u1eb7t \u0111\u1ea5t cho 45 s\u00f3ng. C\u00e1c \u0111\u01a1n v\u1ecb \u0111\u1ebfn t\u1eeb \u0111\u01b0\u1eddng m\u00e0u \u0111\u1ecf th\u1ef1c s\u1ef1 c\u00f3 th\u1ec3 \u0111i theo m\u1ed9t trong 3 \u0111\u01b0\u1eddng ph\u1ee5 khi \u0111\u1ebfn ph\u1ea7n t\u00e1ch nh\u01b0 \u0111\u01b0\u1ee3c m\u00f4 t\u1ea3 \u1edf b\u00ean ph\u1ea3i tr\u01b0\u1edbc khi h\u1ee3p nh\u1ea5t l\u1ea1i ngay tr\u01b0\u1edbc c\u01a1 s\u1edf. M\u00e1y bay s\u1ebd \u0111\u1ebfn \u0111\u1ec3 tham gia cu\u1ed9c chi\u1ebfn \u1edf \u0111\u1ea7u l\u00e0n s\u00f3ng 24.<\/p>\n\n\n\n<p>V\u1ecb tr\u00ed th\u00e1p ph\u00e1o l\u00fac \u0111\u1ea7u s\u1ebd t\u1eadp trung v\u00e0o vi\u1ec7c l\u1ea5p \u0111\u1ea7y c\u00e1c kho\u1ea3ng tr\u1ed1ng t\u1ed3n t\u1ea1i \u1edf gi\u1eefa v\u00f2ng tr\u00f2n \u0111\u01b0\u1ee3c t\u1ea1o ra b\u1edfi s\u1ef1 t\u00e1ch v\u00e0 h\u1ee3p nh\u1ea5t sau \u0111\u00f3 c\u1ee7a \u0111\u01b0\u1eddng m\u00e0u \u0111\u1ecf, c\u00f9ng v\u1edbi s\u1ef1 k\u1ebft h\u1ee3p sau \u0111\u00f3 c\u1ee7a m\u00e0u cam v\u00e0 m\u00e0u v\u00e0ng. T\u1eeb \u0111\u00f3 n\u00f3 s\u1ebd \u0111\u01b0\u1ee3c lan r\u1ed9ng ra \u0111\u1ec3 chi\u1ebfm 3 cao nguy\u00ean \u1edf ph\u00eda t\u00e2y m\u1ed9t khi ph\u1ea7n \u0111\u1ea7u ti\u00ean n\u00e0y \u0111\u01b0\u1ee3c thi\u1ebft l\u1eadp \u0111\u1ee7.<\/p>\n\n\n\n<h3 class=\"wp-block-heading\"><strong>V\u1ecb tr\u00ed th\u00e1p ph\u00e1o:<\/strong><\/h3>\n\n\n\n<figure class=\"wp-block-gallery columns-2 is-cropped wp-block-gallery-1 is-layout-flex wp-block-gallery-is-layout-flex\"><ul class=\"blocks-gallery-grid\"><li class=\"blocks-gallery-item\"><figure><a href=\"https:\/\/ibomberdefense.standardof.net\/vi\/guide\/chien-dich-truc\/11-tay-au-giao-thoa-sat\/ibomber-defense-axis-campaign-11-western-europe-cross-of-iron-2\/\"><img decoding=\"async\" width=\"800\" height=\"450\" src=\"https:\/\/ibomberdefense.standardof.net\/wp-content\/uploads\/sites\/5\/2020\/10\/iBomber-Defense-Axis-Campaign-11.-Western-Europe-Cross-of-Iron-2-800x450.jpg\" alt=\"&quot;iBomber Defense&quot; - Chi\u1ebfn d\u1ecbch Tr\u1ee5c - 11. T\u00e2y \u00c2u - Ch\u1eef Th\u1eadp S\u1eaft (2)\" data-id=\"118\" data-full-url=\"https:\/\/ibomberdefense.standardof.net\/wp-content\/uploads\/sites\/5\/2020\/10\/iBomber-Defense-Axis-Campaign-11.-Western-Europe-Cross-of-Iron-2.jpg\" data-link=\"https:\/\/ibomberdefense.standardof.net\/guide\/axis-campaign\/11-western-europe-cross-of-iron\/ibomber-defense-axis-campaign-11-western-europe-cross-of-iron-2\/\" class=\"wp-image-118\" title=\"\" srcset=\"https:\/\/ibomberdefense.standardof.net\/wp-content\/uploads\/sites\/5\/2020\/10\/iBomber-Defense-Axis-Campaign-11.-Western-Europe-Cross-of-Iron-2-800x450.jpg 800w, https:\/\/ibomberdefense.standardof.net\/wp-content\/uploads\/sites\/5\/2020\/10\/iBomber-Defense-Axis-Campaign-11.-Western-Europe-Cross-of-Iron-2-512x288.jpg 512w, https:\/\/ibomberdefense.standardof.net\/wp-content\/uploads\/sites\/5\/2020\/10\/iBomber-Defense-Axis-Campaign-11.-Western-Europe-Cross-of-Iron-2-200x113.jpg 200w, https:\/\/ibomberdefense.standardof.net\/wp-content\/uploads\/sites\/5\/2020\/10\/iBomber-Defense-Axis-Campaign-11.-Western-Europe-Cross-of-Iron-2-768x432.jpg 768w, https:\/\/ibomberdefense.standardof.net\/wp-content\/uploads\/sites\/5\/2020\/10\/iBomber-Defense-Axis-Campaign-11.-Western-Europe-Cross-of-Iron-2-16x9.jpg 16w, https:\/\/ibomberdefense.standardof.net\/wp-content\/uploads\/sites\/5\/2020\/10\/iBomber-Defense-Axis-Campaign-11.-Western-Europe-Cross-of-Iron-2.jpg 1280w\" sizes=\"(max-width: 800px) 100vw, 800px\" \/><\/a><figcaption class=\"blocks-gallery-item__caption\">V\u1ecb tr\u00ed th\u00e1p ph\u00e1o s\u00f3ng 10.<\/figcaption><\/figure><\/li><li class=\"blocks-gallery-item\"><figure><a href=\"https:\/\/ibomberdefense.standardof.net\/vi\/guide\/chien-dich-truc\/11-tay-au-giao-thoa-sat\/ibomber-defense-axis-campaign-11-western-europe-cross-of-iron-3\/\"><img decoding=\"async\" width=\"800\" height=\"450\" src=\"https:\/\/ibomberdefense.standardof.net\/wp-content\/uploads\/sites\/5\/2020\/10\/iBomber-Defense-Axis-Campaign-11.-Western-Europe-Cross-of-Iron-3-800x450.jpg\" alt=\"&quot;iBomber Defense&quot; - Chi\u1ebfn d\u1ecbch Tr\u1ee5c - 11. T\u00e2y \u00c2u - Ch\u1eef Th\u1eadp S\u1eaft (3)\" data-id=\"119\" data-full-url=\"https:\/\/ibomberdefense.standardof.net\/wp-content\/uploads\/sites\/5\/2020\/10\/iBomber-Defense-Axis-Campaign-11.-Western-Europe-Cross-of-Iron-3.jpg\" data-link=\"https:\/\/ibomberdefense.standardof.net\/guide\/axis-campaign\/11-western-europe-cross-of-iron\/ibomber-defense-axis-campaign-11-western-europe-cross-of-iron-3\/\" class=\"wp-image-119\" title=\"\" srcset=\"https:\/\/ibomberdefense.standardof.net\/wp-content\/uploads\/sites\/5\/2020\/10\/iBomber-Defense-Axis-Campaign-11.-Western-Europe-Cross-of-Iron-3-800x450.jpg 800w, https:\/\/ibomberdefense.standardof.net\/wp-content\/uploads\/sites\/5\/2020\/10\/iBomber-Defense-Axis-Campaign-11.-Western-Europe-Cross-of-Iron-3-512x288.jpg 512w, https:\/\/ibomberdefense.standardof.net\/wp-content\/uploads\/sites\/5\/2020\/10\/iBomber-Defense-Axis-Campaign-11.-Western-Europe-Cross-of-Iron-3-200x113.jpg 200w, https:\/\/ibomberdefense.standardof.net\/wp-content\/uploads\/sites\/5\/2020\/10\/iBomber-Defense-Axis-Campaign-11.-Western-Europe-Cross-of-Iron-3-768x432.jpg 768w, https:\/\/ibomberdefense.standardof.net\/wp-content\/uploads\/sites\/5\/2020\/10\/iBomber-Defense-Axis-Campaign-11.-Western-Europe-Cross-of-Iron-3-16x9.jpg 16w, https:\/\/ibomberdefense.standardof.net\/wp-content\/uploads\/sites\/5\/2020\/10\/iBomber-Defense-Axis-Campaign-11.-Western-Europe-Cross-of-Iron-3.jpg 1280w\" sizes=\"(max-width: 800px) 100vw, 800px\" \/><\/a><figcaption class=\"blocks-gallery-item__caption\">V\u1ecb tr\u00ed th\u00e1p ph\u00e1o c\u1ee7a Wave 20.<\/figcaption><\/figure><\/li><\/ul><\/figure>\n\n\n\n<p>C\u00e1c v\u1ecb tr\u00ed ban \u0111\u1ea7u c\u1ee7a b\u1ea1n n\u00ean t\u1eadp trung v\u00e0o vi\u1ec7c trang b\u1ecb 6 S\u00fang M\u00e1y \u0111\u01b0\u1ee3c n\u00e2ng c\u1ea5p \u0111\u1ea7y \u0111\u1ee7 v\u00e0 ch\u1ea1y \u1edf c\u00e1c v\u1ecb tr\u00ed m\u00e0 ch\u00fang c\u00f3 th\u1ec3 bao qu\u00e1t t\u1ed1t nh\u1ea5t nhi\u1ec1u \u0111\u01b0\u1eddng \u0111i \u0111\u1ebfn. Khi ch\u00fang \u0111\u00e3 h\u1ea1 xu\u1ed1ng, h\u00e3y \u0111\u1eb7t m\u1ed9t th\u00e1p ph\u00e1o Inferno b\u00ean c\u1ea1nh n\u01a1i h\u1ee3p nh\u1ea5t c\u00e1c con \u0111\u01b0\u1eddng m\u00e0u v\u00e0ng v\u00e0 m\u00e0u \u0111\u1ecf v\u00e0 c\u00e1c con \u0111\u01b0\u1eddng m\u00e0u cam v\u00e0 m\u00e0u \u0111\u1ecf, t\u1ed1t nh\u1ea5t l\u00e0 \u1edf r\u00eca b\u00ean trong c\u1ee7a nh\u1eefng con \u0111\u01b0\u1eddng n\u00e0y \u0111\u1ec3 ch\u00fang c\u00f3 th\u1ec3 ch\u1eb7n con \u0111\u01b0\u1eddng m\u00e0u \u0111\u1ecf \u0111i qua gi\u1eefa. Cu\u1ed1i c\u00f9ng, b\u1ea1n s\u1ebd c\u00f3 th\u1ec3 ti\u1ebft ki\u1ec7m cho m\u1ed9t X-Weapon duy nh\u1ea5t v\u1edbi v\u00f4 s\u1ed1 \u0111\u01a1n v\u1ecb y\u1ebfu \u0111\u1ebfn trong c\u00e1c \u0111\u1ee3t n\u00e0y, \u0111\u1eb7t n\u00f3 \u1edf v\u1ecb tr\u00ed m\u00e0 s\u1ee9c m\u1ea1nh c\u1ee7a n\u00f3 \u0111\u01b0\u1ee3c t\u0103ng c\u01b0\u1eddng nh\u1edd c\u00e1c th\u00e1p ph\u00e1o \u0111\u00e3 \u0111\u01b0\u1ee3c x\u00e2y d\u1ef1ng c\u1ee7a b\u1ea1n.<\/p>\n\n\n\n<p>T\u1eeb c\u00e1c \u0111\u1ee3t 15 \u0111\u1ebfn 25, b\u1ea1n n\u00ean t\u1eadp trung v\u00e0o vi\u1ec7c l\u1ea5y X-Weapon th\u1ee9 hai, sau \u0111\u00f3 n\u00e2ng c\u1ea5p c\u1ea3 hai l\u00ean c\u1ea5p 2 trong khi n\u00e2ng c\u1ea5p c\u00e1c th\u00e1p ph\u00e1o Inferno. \u0110\u1eb7t m\u1ed9t v\u00e0i kh\u1ea9u Ph\u00e1o l\u00e0 bi\u1ec7n ph\u00e1p t\u1ed1t trong th\u1eddi gian n\u00e0y \u1edf nh\u1eefng v\u1ecb tr\u00ed m\u00e0 ch\u00fang c\u00f3 th\u1ec3 t\u0103ng X-Weapons. Cu\u1ed1i c\u00f9ng, h\u00e3y ch\u1eafc ch\u1eafn r\u1eb1ng b\u1ea1n c\u00f3 Ph\u00f2ng kh\u00f4ng c\u1ee7a m\u00ecnh \u1edf tr\u00ean s\u00f3ng 24, m\u1ed9t v\u1ecb tr\u00ed t\u1ed1t cho \u0111\u00e2y l\u00e0 ng\u1ecdn \u0111\u1ed3i ph\u00eda nam.<\/p>\n\n\n\n<p>Ti\u1ebfp t\u1ee5c tr\u1edf \u0111i \u0111\u1ebfn l\u00e0n s\u00f3ng 35, h\u00e3y b\u1eaft \u0111\u1ea7u n\u00e2ng c\u1ea5p X-Weapons c\u1ee7a b\u1ea1n l\u00ean c\u1ea5p \u0111\u1ed9 cu\u1ed1i c\u00f9ng \u0111\u1ec3 b\u1eaft \u0111\u1ea7u g\u00e2y ra s\u00e1t th\u01b0\u01a1ng AOE th\u1ef1c s\u1ef1 l\u1edbn l\u00e0m \u0111\u1ea3o l\u1ed9n t\u00ecnh th\u1ebf trong c\u00e1c nhi\u1ec7m v\u1ee5 Axis. Khi ch\u00fang \u0111\u01b0\u1ee3c x\u00e2y d\u1ef1ng v\u1edbi c\u00e1c n\u00e2ng c\u1ea5p v\u00e0 th\u00e1p ph\u00e1o \u0111\u1ec3 t\u0103ng s\u1ee9c m\u1ea1nh, t\u1ed1t nh\u1ea5t l\u00e0 Ph\u00e1o, h\u00e3y b\u1eaft \u0111\u1ea7u l\u00e0m vi\u1ec7c tr\u00ean X-Weapon m\u1edbi. Nh\u01b0 b\u1ea1n c\u00f3 th\u1ec3 th\u1ea5y trong h\u00ecnh b\u00ean ph\u1ea3i, b\u1ed1n kh\u1ea9u Ph\u00e1o \u0111\u01b0\u1ee3c n\u00e2ng c\u1ea5p \u0111\u1ea7y \u0111\u1ee7 c\u00f3 th\u1ec3 th\u1ef1c hi\u1ec7n \u0111\u01b0\u1ee3c b\u1eb1ng s\u00f3ng 35 v\u1edbi c\u00f4ng vi\u1ec7c b\u1eaft \u0111\u1ea7u t\u1eeb ng\u00e0y th\u1ee9 n\u0103m. H\u00e3y b\u1eaft \u0111\u1ea7u b\u00e1n m\u1ed9t s\u1ed1 S\u00fang m\u00e1y c\u1ee7a b\u1ea1n \u0111\u1ec3 \u0111\u1eb7t th\u00eam v\u0169 kh\u00ed c\u00f3 gi\u00e1 tr\u1ecb.<\/p>\n\n\n\n<p>B\u1ea1n c\u00f3 th\u1ec3 ti\u1ebfp t\u1ee5c chi\u1ebfn l\u01b0\u1ee3c n\u00e0y \u0111\u1ebfn nh\u1eefng con s\u00f3ng cu\u1ed1i c\u00f9ng, cu\u1ed1i c\u00f9ng x\u00e2y d\u1ef1ng c\u0103n c\u1ee9 X-Weapon tr\u00ean c\u1ea3 3 ng\u1ecdn \u0111\u1ed3i. Ng\u1ecdn \u0111\u1ed3i ph\u00eda t\u00e2y l\u00e0 v\u1ecb tr\u00ed th\u00edch h\u1ee3p cho m\u1ed9t th\u00e1p ph\u00e1o AA th\u1ee9 3 v\u00e0 cu\u1ed1i c\u00f9ng \u0111\u1ec3 c\u00f3 bi\u1ec7n ph\u00e1p t\u1ed1t.<\/p>\n\n\n\n<figure class=\"wp-block-gallery columns-2 is-cropped wp-block-gallery-2 is-layout-flex wp-block-gallery-is-layout-flex\"><ul class=\"blocks-gallery-grid\"><li class=\"blocks-gallery-item\"><figure><a href=\"https:\/\/ibomberdefense.standardof.net\/vi\/guide\/chien-dich-truc\/11-tay-au-giao-thoa-sat\/ibomber-defense-axis-campaign-11-western-europe-cross-of-iron-4\/\"><img decoding=\"async\" width=\"800\" height=\"450\" src=\"https:\/\/ibomberdefense.standardof.net\/wp-content\/uploads\/sites\/5\/2020\/10\/iBomber-Defense-Axis-Campaign-11.-Western-Europe-Cross-of-Iron-4-800x450.jpg\" alt=\"&quot;iBomber Defense&quot; - Chi\u1ebfn d\u1ecbch Tr\u1ee5c - 11. T\u00e2y \u00c2u - Ch\u1eef Th\u1eadp S\u1eaft (4)\" data-id=\"120\" data-full-url=\"https:\/\/ibomberdefense.standardof.net\/wp-content\/uploads\/sites\/5\/2020\/10\/iBomber-Defense-Axis-Campaign-11.-Western-Europe-Cross-of-Iron-4.jpg\" data-link=\"https:\/\/ibomberdefense.standardof.net\/guide\/axis-campaign\/11-western-europe-cross-of-iron\/ibomber-defense-axis-campaign-11-western-europe-cross-of-iron-4\/\" class=\"wp-image-120\" title=\"\" srcset=\"https:\/\/ibomberdefense.standardof.net\/wp-content\/uploads\/sites\/5\/2020\/10\/iBomber-Defense-Axis-Campaign-11.-Western-Europe-Cross-of-Iron-4-800x450.jpg 800w, https:\/\/ibomberdefense.standardof.net\/wp-content\/uploads\/sites\/5\/2020\/10\/iBomber-Defense-Axis-Campaign-11.-Western-Europe-Cross-of-Iron-4-512x288.jpg 512w, https:\/\/ibomberdefense.standardof.net\/wp-content\/uploads\/sites\/5\/2020\/10\/iBomber-Defense-Axis-Campaign-11.-Western-Europe-Cross-of-Iron-4-200x113.jpg 200w, https:\/\/ibomberdefense.standardof.net\/wp-content\/uploads\/sites\/5\/2020\/10\/iBomber-Defense-Axis-Campaign-11.-Western-Europe-Cross-of-Iron-4-768x432.jpg 768w, https:\/\/ibomberdefense.standardof.net\/wp-content\/uploads\/sites\/5\/2020\/10\/iBomber-Defense-Axis-Campaign-11.-Western-Europe-Cross-of-Iron-4-16x9.jpg 16w, https:\/\/ibomberdefense.standardof.net\/wp-content\/uploads\/sites\/5\/2020\/10\/iBomber-Defense-Axis-Campaign-11.-Western-Europe-Cross-of-Iron-4.jpg 1280w\" sizes=\"(max-width: 800px) 100vw, 800px\" \/><\/a><figcaption class=\"blocks-gallery-item__caption\">V\u1ecb tr\u00ed th\u00e1p ph\u00e1o c\u1ee7a Wave 30.<\/figcaption><\/figure><\/li><li class=\"blocks-gallery-item\"><figure><a href=\"https:\/\/ibomberdefense.standardof.net\/vi\/guide\/chien-dich-truc\/11-tay-au-giao-thoa-sat\/ibomber-defense-axis-campaign-11-western-europe-cross-of-iron-5\/\"><img decoding=\"async\" width=\"800\" height=\"450\" src=\"https:\/\/ibomberdefense.standardof.net\/wp-content\/uploads\/sites\/5\/2020\/10\/iBomber-Defense-Axis-Campaign-11.-Western-Europe-Cross-of-Iron-5-800x450.jpg\" alt=\"&quot;iBomber Defense&quot; - Chi\u1ebfn d\u1ecbch Tr\u1ee5c - 11. T\u00e2y \u00c2u - Ch\u1eef Th\u1eadp S\u1eaft (5)\" data-id=\"121\" data-full-url=\"https:\/\/ibomberdefense.standardof.net\/wp-content\/uploads\/sites\/5\/2020\/10\/iBomber-Defense-Axis-Campaign-11.-Western-Europe-Cross-of-Iron-5.jpg\" data-link=\"https:\/\/ibomberdefense.standardof.net\/guide\/axis-campaign\/11-western-europe-cross-of-iron\/ibomber-defense-axis-campaign-11-western-europe-cross-of-iron-5\/\" class=\"wp-image-121\" title=\"\" srcset=\"https:\/\/ibomberdefense.standardof.net\/wp-content\/uploads\/sites\/5\/2020\/10\/iBomber-Defense-Axis-Campaign-11.-Western-Europe-Cross-of-Iron-5-800x450.jpg 800w, https:\/\/ibomberdefense.standardof.net\/wp-content\/uploads\/sites\/5\/2020\/10\/iBomber-Defense-Axis-Campaign-11.-Western-Europe-Cross-of-Iron-5-512x288.jpg 512w, https:\/\/ibomberdefense.standardof.net\/wp-content\/uploads\/sites\/5\/2020\/10\/iBomber-Defense-Axis-Campaign-11.-Western-Europe-Cross-of-Iron-5-200x113.jpg 200w, https:\/\/ibomberdefense.standardof.net\/wp-content\/uploads\/sites\/5\/2020\/10\/iBomber-Defense-Axis-Campaign-11.-Western-Europe-Cross-of-Iron-5-768x432.jpg 768w, https:\/\/ibomberdefense.standardof.net\/wp-content\/uploads\/sites\/5\/2020\/10\/iBomber-Defense-Axis-Campaign-11.-Western-Europe-Cross-of-Iron-5-16x9.jpg 16w, https:\/\/ibomberdefense.standardof.net\/wp-content\/uploads\/sites\/5\/2020\/10\/iBomber-Defense-Axis-Campaign-11.-Western-Europe-Cross-of-Iron-5.jpg 1280w\" sizes=\"(max-width: 800px) 100vw, 800px\" \/><\/a><figcaption class=\"blocks-gallery-item__caption\">V\u1ecb tr\u00ed th\u00e1p ph\u00e1o c\u1ee7a Wave 40.<\/figcaption><\/figure><\/li><\/ul><\/figure>\n\n\n\n<hr class=\"wp-block-separator\"\/>\n\n\n\n<h4 class=\"has-text-align-center wp-block-heading\">H\u01b0\u1edbng d\u1eabn Video<\/h4>\n\n\n\n<figure class=\"wp-block-embed-youtube wp-block-embed is-type-video is-provider-youtube wp-embed-aspect-4-3 wp-has-aspect-ratio wp-embed-aspect-16-9\"><div class=\"wp-block-embed__wrapper\">\n<div class=\"ast-oembed-container\" style=\"height: 100%;\"><iframe title=\"iBomber Defense - T\u00e2y \u00c2u - Cross of Iron - Veteran + Perfect\" width=\"500\" height=\"281\" src=\"https:\/\/www.youtube.com\/embed\/HpVdfQL9ZdY?feature=oembed\" frameborder=\"0\" allow=\"accelerometer; autoplay; clipboard-write; encrypted-media; gyroscope; picture-in-picture; web-share\" referrerpolicy=\"strict-origin-when-cross-origin\" allowfullscreen><\/iframe><\/div>\n<\/div><\/figure>","protected":false},"excerpt":{"rendered":"<p>Level eleven of the Axis campaign in iBomber Defense takes place in Western Europe, facing off against three main incoming paths of ground units for 45 waves. Units coming from the red path can actually take one of 3 sub-paths upon reaching the split as depicted to the right before merging again just before the [&hellip;]<\/p>","protected":false},"author":1,"featured_media":121,"parent":268,"menu_order":11,"comment_status":"open","ping_status":"closed","template":"","meta":{"_uag_custom_page_level_css":"","site-sidebar-layout":"default","site-content-layout":"default","ast-site-content-layout":"","site-content-style":"default","site-sidebar-style":"default","ast-global-header-display":"","ast-banner-title-visibility":"","ast-main-header-display":"","ast-hfb-above-header-display":"","ast-hfb-below-header-display":"","ast-hfb-mobile-header-display":"","site-post-title":"","ast-breadcrumbs-content":"","ast-featured-img":"","footer-sml-layout":"","theme-transparent-header-meta":"default","adv-header-id-meta":"","stick-header-meta":"","header-above-stick-meta":"","header-main-stick-meta":"","header-below-stick-meta":"","astra-migrate-meta-layouts":"default","ast-page-background-enabled":"default","ast-page-background-meta":{"desktop":{"background-color":"","background-image":"","background-repeat":"repeat","background-position":"center center","background-size":"auto","background-attachment":"scroll","background-type":"","background-media":"","overlay-type":"","overlay-color":"","overlay-gradient":""},"tablet":{"background-color":"","background-image":"","background-repeat":"repeat","background-position":"center center","background-size":"auto","background-attachment":"scroll","background-type":"","background-media":"","overlay-type":"","overlay-color":"","overlay-gradient":""},"mobile":{"background-color":"","background-image":"","background-repeat":"repeat","background-position":"center center","background-size":"auto","background-attachment":"scroll","background-type":"","background-media":"","overlay-type":"","overlay-color":"","overlay-gradient":""}},"ast-content-background-meta":{"desktop":{"background-color":"var(--ast-global-color-5)","background-image":"","background-repeat":"repeat","background-position":"center center","background-size":"auto","background-attachment":"scroll","background-type":"","background-media":"","overlay-type":"","overlay-color":"","overlay-gradient":""},"tablet":{"background-color":"var(--ast-global-color-5)","background-image":"","background-repeat":"repeat","background-position":"center center","background-size":"auto","background-attachment":"scroll","background-type":"","background-media":"","overlay-type":"","overlay-color":"","overlay-gradient":""},"mobile":{"background-color":"var(--ast-global-color-5)","background-image":"","background-repeat":"repeat","background-position":"center center","background-size":"auto","background-attachment":"scroll","background-type":"","background-media":"","overlay-type":"","overlay-color":"","overlay-gradient":""}},"footnotes":""},"uagb_featured_image_src":{"full":["https:\/\/ibomberdefense.standardof.net\/wp-content\/uploads\/sites\/5\/2020\/10\/iBomber-Defense-Axis-Campaign-11.-Western-Europe-Cross-of-Iron-5.jpg",1280,720,false],"thumbnail":["https:\/\/ibomberdefense.standardof.net\/wp-content\/uploads\/sites\/5\/2020\/10\/iBomber-Defense-Axis-Campaign-11.-Western-Europe-Cross-of-Iron-5-200x113.jpg",200,113,true],"medium":["https:\/\/ibomberdefense.standardof.net\/wp-content\/uploads\/sites\/5\/2020\/10\/iBomber-Defense-Axis-Campaign-11.-Western-Europe-Cross-of-Iron-5-512x288.jpg",512,288,true],"medium_large":["https:\/\/ibomberdefense.standardof.net\/wp-content\/uploads\/sites\/5\/2020\/10\/iBomber-Defense-Axis-Campaign-11.-Western-Europe-Cross-of-Iron-5-768x432.jpg",768,432,true],"large":["https:\/\/ibomberdefense.standardof.net\/wp-content\/uploads\/sites\/5\/2020\/10\/iBomber-Defense-Axis-Campaign-11.-Western-Europe-Cross-of-Iron-5-800x450.jpg",800,450,true],"1536x1536":["https:\/\/ibomberdefense.standardof.net\/wp-content\/uploads\/sites\/5\/2020\/10\/iBomber-Defense-Axis-Campaign-11.-Western-Europe-Cross-of-Iron-5.jpg",1280,720,false],"2048x2048":["https:\/\/ibomberdefense.standardof.net\/wp-content\/uploads\/sites\/5\/2020\/10\/iBomber-Defense-Axis-Campaign-11.-Western-Europe-Cross-of-Iron-5.jpg",1280,720,false],"trp-custom-language-flag":["https:\/\/ibomberdefense.standardof.net\/wp-content\/uploads\/sites\/5\/2020\/10\/iBomber-Defense-Axis-Campaign-11.-Western-Europe-Cross-of-Iron-5-16x9.jpg",16,9,true]},"uagb_author_info":{"display_name":"SOE","author_link":"https:\/\/ibomberdefense.standardof.net\/vi\/author\/k-tastic\/"},"uagb_comment_info":0,"uagb_excerpt":"Level eleven of the Axis campaign in iBomber Defense takes place in Western Europe, facing off against three main incoming paths of ground units for 45 waves. Units coming from the red path can actually take one of 3 sub-paths upon reaching the split as depicted to the right before merging again just before the&hellip;","_links":{"self":[{"href":"https:\/\/ibomberdefense.standardof.net\/vi\/wp-json\/wp\/v2\/pages\/346"}],"collection":[{"href":"https:\/\/ibomberdefense.standardof.net\/vi\/wp-json\/wp\/v2\/pages"}],"about":[{"href":"https:\/\/ibomberdefense.standardof.net\/vi\/wp-json\/wp\/v2\/types\/page"}],"author":[{"embeddable":true,"href":"https:\/\/ibomberdefense.standardof.net\/vi\/wp-json\/wp\/v2\/users\/1"}],"replies":[{"embeddable":true,"href":"https:\/\/ibomberdefense.standardof.net\/vi\/wp-json\/wp\/v2\/comments?post=346"}],"version-history":[{"count":0,"href":"https:\/\/ibomberdefense.standardof.net\/vi\/wp-json\/wp\/v2\/pages\/346\/revisions"}],"up":[{"embeddable":true,"href":"https:\/\/ibomberdefense.standardof.net\/vi\/wp-json\/wp\/v2\/pages\/268"}],"wp:featuredmedia":[{"embeddable":true,"href":"https:\/\/ibomberdefense.standardof.net\/vi\/wp-json\/wp\/v2\/media\/121"}],"wp:attachment":[{"href":"https:\/\/ibomberdefense.standardof.net\/vi\/wp-json\/wp\/v2\/media?parent=346"}],"curies":[{"name":"wp","href":"https:\/\/api.w.org\/{rel}","templated":true}]}}