{"id":347,"date":"2020-10-19T07:40:58","date_gmt":"2020-10-19T07:40:58","guid":{"rendered":"https:\/\/ibomberdefense.standardof.net\/?page_id=347"},"modified":"2020-10-19T08:04:34","modified_gmt":"2020-10-19T08:04:34","slug":"12-western-mediterranean-spiderweb","status":"publish","type":"page","link":"https:\/\/ibomberdefense.standardof.net\/vi\/guide\/chien-dich-truc\/12-tay-dia-trung-hai-mang-nhen\/","title":{"rendered":"12. T\u00e2y \u0110\u1ecba Trung H\u1ea3i: M\u1ea1ng nh\u1ec7n"},"content":{"rendered":"<div class=\"wp-block-image\"><figure class=\"aligncenter size-large\"><a href=\"https:\/\/ibomberdefense.standardof.net\/vi\/guide\/chien-dich-truc\/12-tay-dia-trung-hai-mang-nhen\/ibomber-defense-axis-campaign-12-western-mediterranean-spiderweb-1\/\"><img decoding=\"async\" width=\"800\" height=\"450\" src=\"https:\/\/ibomberdefense.standardof.net\/wp-content\/uploads\/sites\/5\/2020\/10\/iBomber-Defense-Axis-Campaign-12.-Western-Mediterranean-Spiderweb-1-800x450.jpg\" alt=\"&quot;iBomber Defense&quot; - Chi\u1ebfn d\u1ecbch Tr\u1ee5c - 12. T\u00e2y \u0110\u1ecba Trung H\u1ea3i - M\u1ea1ng nh\u1ec7n (1)\" class=\"wp-image-122\" title=\"\" srcset=\"https:\/\/ibomberdefense.standardof.net\/wp-content\/uploads\/sites\/5\/2020\/10\/iBomber-Defense-Axis-Campaign-12.-Western-Mediterranean-Spiderweb-1-800x450.jpg 800w, https:\/\/ibomberdefense.standardof.net\/wp-content\/uploads\/sites\/5\/2020\/10\/iBomber-Defense-Axis-Campaign-12.-Western-Mediterranean-Spiderweb-1-512x288.jpg 512w, https:\/\/ibomberdefense.standardof.net\/wp-content\/uploads\/sites\/5\/2020\/10\/iBomber-Defense-Axis-Campaign-12.-Western-Mediterranean-Spiderweb-1-200x113.jpg 200w, https:\/\/ibomberdefense.standardof.net\/wp-content\/uploads\/sites\/5\/2020\/10\/iBomber-Defense-Axis-Campaign-12.-Western-Mediterranean-Spiderweb-1-768x432.jpg 768w, https:\/\/ibomberdefense.standardof.net\/wp-content\/uploads\/sites\/5\/2020\/10\/iBomber-Defense-Axis-Campaign-12.-Western-Mediterranean-Spiderweb-1-16x9.jpg 16w, https:\/\/ibomberdefense.standardof.net\/wp-content\/uploads\/sites\/5\/2020\/10\/iBomber-Defense-Axis-Campaign-12.-Western-Mediterranean-Spiderweb-1.jpg 1280w\" sizes=\"(max-width: 800px) 100vw, 800px\" \/><\/a><figcaption>B\u1ea3n \u0111\u1ed3 c\u00e1c tuy\u1ebfn \u0111\u01b0\u1eddng b\u1ecb k\u1ebb th\u00f9 th\u1ef1c hi\u1ec7n \u1edf T\u00e2y \u0110\u1ecba Trung H\u1ea3i &quot;M\u1ea1ng nh\u1ec7n&quot; v\u1edbi m\u00e1y bay \u0111\u01b0\u1ee3c v\u1ebd m\u00e0u xanh lam.<\/figcaption><\/figure><\/div>\n\n\n\n<p>B\u00e2y gi\u1edd l\u00e0 l\u00fac \u0111i \u0111\u1ebfn T\u00e2y \u0110\u1ecba Trung H\u1ea3i trong nhi\u1ec7m v\u1ee5 &quot;M\u1ea1ng nh\u1ec7n&quot; trong chi\u1ebfn d\u1ecbch Tr\u1ee5c c\u1ee7a <em>iBomber Defense<\/em>, \u0111\u1ed1i m\u1eb7t v\u1edbi 50 l\u00e0n s\u00f3ng c\u1ee7a c\u00e1c \u0111\u01a1n v\u1ecb h\u1ea3i qu\u00e2n \u0111ang u\u1ed1n l\u01b0\u1ee3n qua m\u1ed9t lo\u1ea1t c\u00e1c h\u00f2n \u0111\u1ea3o. C\u00e1c \u0111\u01a1n v\u1ecb n\u00e0y \u0111i xu\u1ed1ng d\u1ecdc theo b\u1ed1n con \u0111\u01b0\u1eddng ch\u00ednh, \u0111i t\u1eeb t\u00e2y sang \u0111\u00f4ng v\u00e0 v\u00f2ng qua v\u1ecb tr\u00ed th\u00e1p ph\u00e1o ba h\u00f2n \u0111\u1ea3o trung t\u00e2m s\u1ebd t\u1eadp trung v\u00e0o trong c\u1ea5p \u0111\u1ed9 n\u00e0y.<\/p>\n\n\n\n<p>\u0110\u1eb7t v\u0169 kh\u00ed c\u1ee7a b\u1ea1n trong c\u1ea5p \u0111\u1ed9 n\u00e0y n\u00ean t\u1eadp trung v\u00e0o vi\u1ec7c bao ph\u1ee7 c\u00e1c khu v\u1ef1c h\u1ed9i t\u1ee5 ch\u00ednh kh\u1ecfi g\u1eady trong khi x\u00e2y d\u1ef1ng to\u00e0n b\u1ed9 t\u1eeb nh\u1eefng \u0111i\u1ec3m n\u00e0y. Vi\u1ec7c chu\u1ea9n b\u1ecb s\u1ebd c\u1ea7n \u0111\u01b0\u1ee3c th\u1ef1c hi\u1ec7n tr\u01b0\u1edbc l\u00e0n s\u00f3ng 19 khi m\u00e1y bay l\u1ea7n \u0111\u1ea7u ti\u00ean \u0111\u1ebfn hi\u1ec7n tr\u01b0\u1eddng.<\/p>\n\n\n\n<h3 class=\"wp-block-heading\"><strong>V\u1ecb tr\u00ed th\u00e1p ph\u00e1o:<\/strong><\/h3>\n\n\n\n<figure class=\"wp-block-gallery columns-2 is-cropped wp-block-gallery-1 is-layout-flex wp-block-gallery-is-layout-flex\"><ul class=\"blocks-gallery-grid\"><li class=\"blocks-gallery-item\"><figure><a href=\"https:\/\/ibomberdefense.standardof.net\/vi\/guide\/chien-dich-truc\/12-tay-dia-trung-hai-mang-nhen\/ibomber-defense-axis-campaign-12-western-mediterranean-spiderweb-2\/\"><img decoding=\"async\" width=\"800\" height=\"450\" src=\"https:\/\/ibomberdefense.standardof.net\/wp-content\/uploads\/sites\/5\/2020\/10\/iBomber-Defense-Axis-Campaign-12.-Western-Mediterranean-Spiderweb-2-800x450.jpg\" alt=\"&quot;iBomber Defense&quot; - Chi\u1ebfn d\u1ecbch Tr\u1ee5c - 12. T\u00e2y \u0110\u1ecba Trung H\u1ea3i - M\u1ea1ng nh\u1ec7n (2)\" data-id=\"123\" data-full-url=\"https:\/\/ibomberdefense.standardof.net\/wp-content\/uploads\/sites\/5\/2020\/10\/iBomber-Defense-Axis-Campaign-12.-Western-Mediterranean-Spiderweb-2.jpg\" data-link=\"https:\/\/ibomberdefense.standardof.net\/guide\/axis-campaign\/12-western-mediterranean-spiderweb\/ibomber-defense-axis-campaign-12-western-mediterranean-spiderweb-2\/\" class=\"wp-image-123\" title=\"\" srcset=\"https:\/\/ibomberdefense.standardof.net\/wp-content\/uploads\/sites\/5\/2020\/10\/iBomber-Defense-Axis-Campaign-12.-Western-Mediterranean-Spiderweb-2-800x450.jpg 800w, https:\/\/ibomberdefense.standardof.net\/wp-content\/uploads\/sites\/5\/2020\/10\/iBomber-Defense-Axis-Campaign-12.-Western-Mediterranean-Spiderweb-2-512x288.jpg 512w, https:\/\/ibomberdefense.standardof.net\/wp-content\/uploads\/sites\/5\/2020\/10\/iBomber-Defense-Axis-Campaign-12.-Western-Mediterranean-Spiderweb-2-200x113.jpg 200w, https:\/\/ibomberdefense.standardof.net\/wp-content\/uploads\/sites\/5\/2020\/10\/iBomber-Defense-Axis-Campaign-12.-Western-Mediterranean-Spiderweb-2-768x432.jpg 768w, https:\/\/ibomberdefense.standardof.net\/wp-content\/uploads\/sites\/5\/2020\/10\/iBomber-Defense-Axis-Campaign-12.-Western-Mediterranean-Spiderweb-2-16x9.jpg 16w, https:\/\/ibomberdefense.standardof.net\/wp-content\/uploads\/sites\/5\/2020\/10\/iBomber-Defense-Axis-Campaign-12.-Western-Mediterranean-Spiderweb-2.jpg 1280w\" sizes=\"(max-width: 800px) 100vw, 800px\" \/><\/a><figcaption class=\"blocks-gallery-item__caption\">V\u1ecb tr\u00ed th\u00e1p ph\u00e1o s\u00f3ng 10.<\/figcaption><\/figure><\/li><li class=\"blocks-gallery-item\"><figure><a href=\"https:\/\/ibomberdefense.standardof.net\/vi\/guide\/chien-dich-truc\/12-tay-dia-trung-hai-mang-nhen\/ibomber-defense-axis-campaign-12-western-mediterranean-spiderweb-3\/\"><img decoding=\"async\" width=\"800\" height=\"450\" src=\"https:\/\/ibomberdefense.standardof.net\/wp-content\/uploads\/sites\/5\/2020\/10\/iBomber-Defense-Axis-Campaign-12.-Western-Mediterranean-Spiderweb-3-800x450.jpg\" alt=\"&quot;iBomber Defense&quot; - Chi\u1ebfn d\u1ecbch Tr\u1ee5c - 12. T\u00e2y \u0110\u1ecba Trung H\u1ea3i - M\u1ea1ng nh\u1ec7n (3)\" data-id=\"124\" data-full-url=\"https:\/\/ibomberdefense.standardof.net\/wp-content\/uploads\/sites\/5\/2020\/10\/iBomber-Defense-Axis-Campaign-12.-Western-Mediterranean-Spiderweb-3.jpg\" data-link=\"https:\/\/ibomberdefense.standardof.net\/guide\/axis-campaign\/12-western-mediterranean-spiderweb\/ibomber-defense-axis-campaign-12-western-mediterranean-spiderweb-3\/\" class=\"wp-image-124\" title=\"\" srcset=\"https:\/\/ibomberdefense.standardof.net\/wp-content\/uploads\/sites\/5\/2020\/10\/iBomber-Defense-Axis-Campaign-12.-Western-Mediterranean-Spiderweb-3-800x450.jpg 800w, https:\/\/ibomberdefense.standardof.net\/wp-content\/uploads\/sites\/5\/2020\/10\/iBomber-Defense-Axis-Campaign-12.-Western-Mediterranean-Spiderweb-3-512x288.jpg 512w, https:\/\/ibomberdefense.standardof.net\/wp-content\/uploads\/sites\/5\/2020\/10\/iBomber-Defense-Axis-Campaign-12.-Western-Mediterranean-Spiderweb-3-200x113.jpg 200w, https:\/\/ibomberdefense.standardof.net\/wp-content\/uploads\/sites\/5\/2020\/10\/iBomber-Defense-Axis-Campaign-12.-Western-Mediterranean-Spiderweb-3-768x432.jpg 768w, https:\/\/ibomberdefense.standardof.net\/wp-content\/uploads\/sites\/5\/2020\/10\/iBomber-Defense-Axis-Campaign-12.-Western-Mediterranean-Spiderweb-3-16x9.jpg 16w, https:\/\/ibomberdefense.standardof.net\/wp-content\/uploads\/sites\/5\/2020\/10\/iBomber-Defense-Axis-Campaign-12.-Western-Mediterranean-Spiderweb-3.jpg 1280w\" sizes=\"(max-width: 800px) 100vw, 800px\" \/><\/a><figcaption class=\"blocks-gallery-item__caption\">V\u1ecb tr\u00ed th\u00e1p ph\u00e1o c\u1ee7a Wave 20.<\/figcaption><\/figure><\/li><\/ul><\/figure>\n\n\n\n<p>V\u00ec c\u00e1c nhi\u1ec7m v\u1ee5 h\u1ea3i qu\u00e2n th\u01b0\u1eddng c\u00f3 qu\u1ef9 kh\u00f4n ngoan h\u1ea1n ch\u1ebf h\u01a1n, n\u00ean vi\u1ec7c b\u1ed1 tr\u00ed c\u00e1c th\u00e1p ph\u00e1o, \u0111\u1eb7c bi\u1ec7t l\u00e0 s\u1edbm l\u00ean \u0111\u1ebfn s\u00f3ng 10, s\u1ebd c\u1ea7n ph\u1ea3i kh\u00e1 ch\u00ednh x\u00e1c. S\u00fang M\u00e1y C\u1ea5p 3 n\u00ean \u0111\u01b0\u1ee3c \u0111\u1eb7t tr\u00ean h\u00f2n \u0111\u1ea3o nh\u1ecf ph\u00eda t\u00e2y n\u01a1i c\u00e1c \u0111\u01b0\u1eddng \u0111i m\u00e0u \u0111\u1ecf, xanh l\u00e1 c\u00e2y v\u00e0 cam \u0111\u1ea7u ti\u00ean t\u00e1ch ra xung quanh, kh\u00fac cua n\u01a1i c\u00e1c \u0111\u01b0\u1eddng \u0111i m\u00e0u cam v\u00e0 xanh l\u00e1 c\u00e2y ch\u1ed3ng l\u00ean nhau m\u00e0u v\u00e0ng, n\u01a1i c\u00e1c \u0111\u01b0\u1eddng \u0111i m\u00e0u cam v\u00e0 \u0111\u1ecf ch\u1ed3ng l\u00ean nhau xung quanh kh\u00fac cua cu\u1ed1i c\u00f9ng. M\u1ed9t th\u00e1p ph\u00e1o th\u1ee9 hai d\u1ecdc theo con \u0111\u01b0\u1eddng h\u1ee3p nh\u1ea5t m\u00e0u v\u00e0ng v\u00e0 xanh l\u1ee5c.<\/p>\n\n\n\n<p>\u0110\u1ed1i v\u1edbi l\u00e0n s\u00f3ng 20, b\u1ea1n c\u00f3 th\u1ec3 b\u1eaft \u0111\u1ea7u \u0111\u1eb7t nh\u1eefng kh\u1ea9u s\u00fang l\u1edbn h\u01a1n nh\u01b0 m\u1ed9t v\u00e0i kh\u1ea9u \u0110\u1ea1i b\u00e1c v\u00e0 t\u1ed1t nh\u1ea5t l\u00e0 m\u1ed9t X-Weapon s\u1edbm tr\u00ean \u0111\u1ea3o trung t\u00e2m v\u00e0 b\u00ean ph\u1ea3i. \u0110\u1eb7t X-Weapon \u1edf gi\u1eefa b\u1ea3n \u0111\u1ed3 s\u1ebd gi\u00fap n\u00f3 ph\u1ee7 s\u00f3ng tr\u00ean t\u1ea5t c\u1ea3 c\u00e1c con \u0111\u01b0\u1eddng trong khi b\u1ea1n l\u00e0m vi\u1ec7c \u0111\u1ec3 t\u0103ng c\u01b0\u1eddng n\u00f3. T\u1eadp trung nhi\u1ec1u h\u01a1n v\u00e0o vi\u1ec7c h\u1ea1 h\u1ecfa l\u1ef1c h\u1ea1ng n\u1eb7ng \u0111\u01b0\u1ee3c h\u1ed7 tr\u1ee3 b\u1eb1ng m\u1ed9t th\u00e1p ph\u00e1o Inferno \u1edf kh\u00fac cua ph\u00eda nam n\u01a1i c\u00e1c con \u0111\u01b0\u1eddng m\u00e0u cam, v\u00e0ng v\u00e0 xanh l\u00e1 c\u00e2y giao nhau, v\u00ec con \u0111\u01b0\u1eddng \u0111\u1ecf ph\u00eda b\u1eafc \u0111\u01b0\u1ee3c di chuy\u1ec3n nh\u1eb9, \u0111\u1eb7c bi\u1ec7t l\u00e0 t\u1eeb r\u1ea5t s\u1edbm. H\u00e3y nh\u1edb h\u1ea1 AA c\u1ea5p m\u1ed9t trong th\u1eddi gian s\u00f3ng 19.<\/p>\n\n\n\n<p>H\u00f2n \u0111\u1ea3o nh\u1ecf \u1edf b\u00ean ph\u1ea3i l\u00e0 \u0111\u1ecba \u0111i\u1ec3m ho\u00e0n h\u1ea3o ti\u1ebfp theo cho X-Weapon tr\u00ean con \u0111\u01b0\u1eddng c\u1ee7a b\u1ea1n \u0111\u1ec3 v\u1eaby v\u00f9ng 30, \u0111\u1eb7t Ph\u00e1o b\u00e2y gi\u1edd \u1edf nhi\u1ec1u v\u1ecb tr\u00ed h\u01a1n tr\u00ean ba h\u00f2n \u0111\u1ea3o trung t\u00e2m v\u00e0 v\u00f9ng \u0111\u1ea5t ph\u00eda nam d\u1ecdc theo \u0111\u01b0\u1eddng m\u00e0u v\u00e0ng v\u00e0 xanh l\u1ee5c. Gi\u1eef ng\u00f3n tay c\u1ee7a b\u1ea1n g\u1ea7n n\u00fat t\u1ea1m d\u1eebng ho\u1eb7c ghi ch\u00fa c\u1ea9n th\u1eadn c\u00e1c s\u00f3ng kh\u00f4ng kh\u00ed trong video b\u00ean d\u01b0\u1edbi \u0111\u1ec3 gi\u1eef cho vi\u1ec7c n\u00e2ng c\u1ea5p AA \u1edf m\u1ee9c c\u1ea7n thi\u1ebft trong khi b\u1ea1n ti\u1ebfp t\u1ee5c \u0111\u1ea7u t\u01b0 v\u00e0o h\u1ecfa l\u1ef1c tr\u00ean m\u1eb7t \u0111\u1ea5t.<\/p>\n\n\n\n<figure class=\"wp-block-gallery columns-2 is-cropped wp-block-gallery-2 is-layout-flex wp-block-gallery-is-layout-flex\"><ul class=\"blocks-gallery-grid\"><li class=\"blocks-gallery-item\"><figure><a href=\"https:\/\/ibomberdefense.standardof.net\/vi\/guide\/chien-dich-truc\/12-tay-dia-trung-hai-mang-nhen\/ibomber-defense-axis-campaign-12-western-mediterranean-spiderweb-4\/\"><img decoding=\"async\" width=\"800\" height=\"450\" src=\"https:\/\/ibomberdefense.standardof.net\/wp-content\/uploads\/sites\/5\/2020\/10\/iBomber-Defense-Axis-Campaign-12.-Western-Mediterranean-Spiderweb-4-800x450.jpg\" alt=\"&quot;iBomber Defense&quot; - Chi\u1ebfn d\u1ecbch Tr\u1ee5c - 12. T\u00e2y \u0110\u1ecba Trung H\u1ea3i - M\u1ea1ng nh\u1ec7n (4)\" data-id=\"125\" data-full-url=\"https:\/\/ibomberdefense.standardof.net\/wp-content\/uploads\/sites\/5\/2020\/10\/iBomber-Defense-Axis-Campaign-12.-Western-Mediterranean-Spiderweb-4.jpg\" data-link=\"https:\/\/ibomberdefense.standardof.net\/guide\/axis-campaign\/12-western-mediterranean-spiderweb\/ibomber-defense-axis-campaign-12-western-mediterranean-spiderweb-4\/\" class=\"wp-image-125\" title=\"\" srcset=\"https:\/\/ibomberdefense.standardof.net\/wp-content\/uploads\/sites\/5\/2020\/10\/iBomber-Defense-Axis-Campaign-12.-Western-Mediterranean-Spiderweb-4-800x450.jpg 800w, https:\/\/ibomberdefense.standardof.net\/wp-content\/uploads\/sites\/5\/2020\/10\/iBomber-Defense-Axis-Campaign-12.-Western-Mediterranean-Spiderweb-4-512x288.jpg 512w, https:\/\/ibomberdefense.standardof.net\/wp-content\/uploads\/sites\/5\/2020\/10\/iBomber-Defense-Axis-Campaign-12.-Western-Mediterranean-Spiderweb-4-200x113.jpg 200w, https:\/\/ibomberdefense.standardof.net\/wp-content\/uploads\/sites\/5\/2020\/10\/iBomber-Defense-Axis-Campaign-12.-Western-Mediterranean-Spiderweb-4-768x432.jpg 768w, https:\/\/ibomberdefense.standardof.net\/wp-content\/uploads\/sites\/5\/2020\/10\/iBomber-Defense-Axis-Campaign-12.-Western-Mediterranean-Spiderweb-4-16x9.jpg 16w, https:\/\/ibomberdefense.standardof.net\/wp-content\/uploads\/sites\/5\/2020\/10\/iBomber-Defense-Axis-Campaign-12.-Western-Mediterranean-Spiderweb-4.jpg 1280w\" sizes=\"(max-width: 800px) 100vw, 800px\" \/><\/a><figcaption class=\"blocks-gallery-item__caption\">V\u1ecb tr\u00ed th\u00e1p ph\u00e1o c\u1ee7a Wave 30.<\/figcaption><\/figure><\/li><li class=\"blocks-gallery-item\"><figure><a href=\"https:\/\/ibomberdefense.standardof.net\/vi\/guide\/chien-dich-truc\/12-tay-dia-trung-hai-mang-nhen\/ibomber-defense-axis-campaign-12-western-mediterranean-spiderweb-5\/\"><img decoding=\"async\" width=\"800\" height=\"450\" src=\"https:\/\/ibomberdefense.standardof.net\/wp-content\/uploads\/sites\/5\/2020\/10\/iBomber-Defense-Axis-Campaign-12.-Western-Mediterranean-Spiderweb-5-800x450.jpg\" alt=\"&quot;iBomber Defense&quot; - Chi\u1ebfn d\u1ecbch Tr\u1ee5c - 12. T\u00e2y \u0110\u1ecba Trung H\u1ea3i - M\u1ea1ng nh\u1ec7n (5)\" data-id=\"126\" data-full-url=\"https:\/\/ibomberdefense.standardof.net\/wp-content\/uploads\/sites\/5\/2020\/10\/iBomber-Defense-Axis-Campaign-12.-Western-Mediterranean-Spiderweb-5.jpg\" data-link=\"https:\/\/ibomberdefense.standardof.net\/guide\/axis-campaign\/12-western-mediterranean-spiderweb\/ibomber-defense-axis-campaign-12-western-mediterranean-spiderweb-5\/\" class=\"wp-image-126\" title=\"\" srcset=\"https:\/\/ibomberdefense.standardof.net\/wp-content\/uploads\/sites\/5\/2020\/10\/iBomber-Defense-Axis-Campaign-12.-Western-Mediterranean-Spiderweb-5-800x450.jpg 800w, https:\/\/ibomberdefense.standardof.net\/wp-content\/uploads\/sites\/5\/2020\/10\/iBomber-Defense-Axis-Campaign-12.-Western-Mediterranean-Spiderweb-5-512x288.jpg 512w, https:\/\/ibomberdefense.standardof.net\/wp-content\/uploads\/sites\/5\/2020\/10\/iBomber-Defense-Axis-Campaign-12.-Western-Mediterranean-Spiderweb-5-200x113.jpg 200w, https:\/\/ibomberdefense.standardof.net\/wp-content\/uploads\/sites\/5\/2020\/10\/iBomber-Defense-Axis-Campaign-12.-Western-Mediterranean-Spiderweb-5-768x432.jpg 768w, https:\/\/ibomberdefense.standardof.net\/wp-content\/uploads\/sites\/5\/2020\/10\/iBomber-Defense-Axis-Campaign-12.-Western-Mediterranean-Spiderweb-5-16x9.jpg 16w, https:\/\/ibomberdefense.standardof.net\/wp-content\/uploads\/sites\/5\/2020\/10\/iBomber-Defense-Axis-Campaign-12.-Western-Mediterranean-Spiderweb-5.jpg 1280w\" sizes=\"(max-width: 800px) 100vw, 800px\" \/><\/a><figcaption class=\"blocks-gallery-item__caption\">V\u1ecb tr\u00ed th\u00e1p ph\u00e1o c\u1ee7a Wave 40.<\/figcaption><\/figure><\/li><\/ul><\/figure>\n\n\n\n<p>\u0110\u1ebfn s\u00f3ng 40, bi\u1ec7n ph\u00e1p t\u1ed1t l\u00e0 c\u00f3 ba X-Weapons \u0111\u01b0\u1ee3c n\u00e2ng c\u1ea5p \u0111\u1ea7y \u0111\u1ee7, m\u1ed9t tr\u00ean m\u1ed7i h\u00f2n \u0111\u1ea3o trung t\u00e2m v\u00e0 nh\u1eefng kh\u1ea9u Cannons \u0111\u01b0\u1ee3c n\u00e2ng c\u1ea5p \u0111\u1ec3 h\u1ed7 tr\u1ee3. C\u00e1c th\u00e1p s\u00fang c\u1ee7a S\u00fang m\u00e1y n\u1ebfu v\u1eabn c\u00f2n t\u1ed3n t\u1ea1i n\u00ean \u1edf v\u1ecb tr\u00ed m\u00e0 ch\u00fang \u0111ang ng\u1ea5m s\u00e2u v\u00e0o linh sam cho c\u00e1c lo\u1ea1i v\u0169 kh\u00ed \u0111\u1eaft ti\u1ec1n h\u01a1n c\u1ee7a b\u1ea1n \u0111\u1ec3 gi\u1eef chi ph\u00ed s\u1eeda ch\u1eefa th\u1ea5p v\u00e0 t\u1ed5ng h\u1ecfa l\u1ef1c c\u1ee7a b\u1ea1n s\u1ebd t\u0103ng l\u00ean. L\u00fac n\u00e0y, th\u00e1p ph\u00e1o AA c\u1ea5p 2 th\u1ee9 hai s\u1ebd c\u1ea7n thi\u1ebft sau khi n\u00e2ng c\u1ea5p ho\u00e0n to\u00e0n th\u00e1p ph\u00e1o \u0111\u1ea7u ti\u00ean.<\/p>\n\n\n\n<p>T\u1ea1i th\u1eddi \u0111i\u1ec3m n\u00e0y, b\u1ea1n c\u00f3 th\u1ec3 \u0111\u00e3 g\u00e2y ra m\u1ed9t s\u1ed1 thi\u1ec7t h\u1ea1i kh\u00e1 \u1ea5n t\u01b0\u1ee3ng, nh\u01b0ng b\u1ea1n c\u00f3 th\u1ec3 ti\u1ebfp t\u1ee5c n\u00e2ng c\u1ea5p Ph\u00e1o c\u1ee7a m\u00ecnh v\u00e0 d\u00e0nh s\u1ed1 ti\u1ec1n c\u00f2n l\u1ea1i c\u1ee7a m\u00ecnh \u0111\u1ec3 h\u01b0\u1edbng t\u1edbi m\u1ed9t c\u1eb7p si\u00eau v\u0169 kh\u00ed tr\u1ee5c tr\u00ean v\u00f9ng \u0111\u1ea5t ph\u00eda Nam ngay ph\u00eda d\u01b0\u1edbi h\u00f2n \u0111\u1ea3o b\u00ean ph\u1ea3i. X-Weapons \u0111\u01b0\u1ee3c ch\u1ebf t\u1ea1o \u1edf \u0111\u00e2y c\u00f3 th\u1ec3 t\u1ea5n c\u00f4ng con \u0111\u01b0\u1eddng m\u00e0u cam, xanh l\u00e1 c\u00e2y v\u00e0 v\u00e0ng, \u0111\u00f3 l\u00e0 n\u01a1i nh\u1eefng con t\u00e0u b\u1ecdc th\u00e9p th\u1ef1c s\u1ef1 d\u00e0y \u0111\u1eb7c \u0111i xu\u1ed1ng.<\/p>\n\n\n\n<div class=\"wp-block-image\"><figure class=\"aligncenter size-large\"><a href=\"https:\/\/ibomberdefense.standardof.net\/vi\/guide\/chien-dich-truc\/12-tay-dia-trung-hai-mang-nhen\/ibomber-defense-axis-campaign-12-western-mediterranean-spiderweb-6\/\"><img decoding=\"async\" width=\"800\" height=\"450\" src=\"https:\/\/ibomberdefense.standardof.net\/wp-content\/uploads\/sites\/5\/2020\/10\/iBomber-Defense-Axis-Campaign-12.-Western-Mediterranean-Spiderweb-6-800x450.jpg\" alt=\"&quot;iBomber Defense&quot; - Chi\u1ebfn d\u1ecbch Tr\u1ee5c - 12. T\u00e2y \u0110\u1ecba Trung H\u1ea3i - M\u1ea1ng nh\u1ec7n (6)\" class=\"wp-image-127\" title=\"\" srcset=\"https:\/\/ibomberdefense.standardof.net\/wp-content\/uploads\/sites\/5\/2020\/10\/iBomber-Defense-Axis-Campaign-12.-Western-Mediterranean-Spiderweb-6-800x450.jpg 800w, https:\/\/ibomberdefense.standardof.net\/wp-content\/uploads\/sites\/5\/2020\/10\/iBomber-Defense-Axis-Campaign-12.-Western-Mediterranean-Spiderweb-6-512x288.jpg 512w, https:\/\/ibomberdefense.standardof.net\/wp-content\/uploads\/sites\/5\/2020\/10\/iBomber-Defense-Axis-Campaign-12.-Western-Mediterranean-Spiderweb-6-200x113.jpg 200w, https:\/\/ibomberdefense.standardof.net\/wp-content\/uploads\/sites\/5\/2020\/10\/iBomber-Defense-Axis-Campaign-12.-Western-Mediterranean-Spiderweb-6-768x432.jpg 768w, https:\/\/ibomberdefense.standardof.net\/wp-content\/uploads\/sites\/5\/2020\/10\/iBomber-Defense-Axis-Campaign-12.-Western-Mediterranean-Spiderweb-6-16x9.jpg 16w, https:\/\/ibomberdefense.standardof.net\/wp-content\/uploads\/sites\/5\/2020\/10\/iBomber-Defense-Axis-Campaign-12.-Western-Mediterranean-Spiderweb-6.jpg 1280w\" sizes=\"(max-width: 800px) 100vw, 800px\" \/><\/a><figcaption>V\u1ecb tr\u00ed th\u00e1p ph\u00e1o c\u1ee7a Wave 50.<\/figcaption><\/figure><\/div>\n\n\n\n<hr class=\"wp-block-separator\"\/>\n\n\n\n<h4 class=\"has-text-align-center wp-block-heading\">H\u01b0\u1edbng d\u1eabn Video<\/h4>\n\n\n\n<figure class=\"wp-block-embed-youtube wp-block-embed is-type-video is-provider-youtube wp-embed-aspect-16-9 wp-has-aspect-ratio\"><div class=\"wp-block-embed__wrapper\">\n<div class=\"ast-oembed-container\" style=\"height: 100%;\"><iframe title=\"iBomber Defense - T\u00e2y \u0110\u1ecba Trung H\u1ea3i - M\u1ea1ng nh\u1ec7n - C\u1ef1u chi\u1ebfn binh + Ho\u00e0n h\u1ea3o\" width=\"500\" height=\"281\" src=\"https:\/\/www.youtube.com\/embed\/4eg1jnuLb5s?feature=oembed\" frameborder=\"0\" allow=\"accelerometer; autoplay; clipboard-write; encrypted-media; gyroscope; picture-in-picture; web-share\" referrerpolicy=\"strict-origin-when-cross-origin\" allowfullscreen><\/iframe><\/div>\n<\/div><\/figure>","protected":false},"excerpt":{"rendered":"<p>It is now time to head to the Western Mediterranean during mission &#8220;Spiderweb&#8221; in the Axis campaign of iBomber Defense, facing 50 waves of naval units winding their way through a series of islands. These units come down along four main paths, traveling west to east and circling the central three islands turret placement will [&hellip;]<\/p>","protected":false},"author":1,"featured_media":127,"parent":268,"menu_order":12,"comment_status":"open","ping_status":"closed","template":"","meta":{"_uag_custom_page_level_css":"","site-sidebar-layout":"default","site-content-layout":"default","ast-site-content-layout":"","site-content-style":"default","site-sidebar-style":"default","ast-global-header-display":"","ast-banner-title-visibility":"","ast-main-header-display":"","ast-hfb-above-header-display":"","ast-hfb-below-header-display":"","ast-hfb-mobile-header-display":"","site-post-title":"","ast-breadcrumbs-content":"","ast-featured-img":"","footer-sml-layout":"","theme-transparent-header-meta":"default","adv-header-id-meta":"","stick-header-meta":"","header-above-stick-meta":"","header-main-stick-meta":"","header-below-stick-meta":"","astra-migrate-meta-layouts":"default","ast-page-background-enabled":"default","ast-page-background-meta":{"desktop":{"background-color":"","background-image":"","background-repeat":"repeat","background-position":"center center","background-size":"auto","background-attachment":"scroll","background-type":"","background-media":"","overlay-type":"","overlay-color":"","overlay-gradient":""},"tablet":{"background-color":"","background-image":"","background-repeat":"repeat","background-position":"center center","background-size":"auto","background-attachment":"scroll","background-type":"","background-media":"","overlay-type":"","overlay-color":"","overlay-gradient":""},"mobile":{"background-color":"","background-image":"","background-repeat":"repeat","background-position":"center center","background-size":"auto","background-attachment":"scroll","background-type":"","background-media":"","overlay-type":"","overlay-color":"","overlay-gradient":""}},"ast-content-background-meta":{"desktop":{"background-color":"var(--ast-global-color-5)","background-image":"","background-repeat":"repeat","background-position":"center center","background-size":"auto","background-attachment":"scroll","background-type":"","background-media":"","overlay-type":"","overlay-color":"","overlay-gradient":""},"tablet":{"background-color":"var(--ast-global-color-5)","background-image":"","background-repeat":"repeat","background-position":"center center","background-size":"auto","background-attachment":"scroll","background-type":"","background-media":"","overlay-type":"","overlay-color":"","overlay-gradient":""},"mobile":{"background-color":"var(--ast-global-color-5)","background-image":"","background-repeat":"repeat","background-position":"center center","background-size":"auto","background-attachment":"scroll","background-type":"","background-media":"","overlay-type":"","overlay-color":"","overlay-gradient":""}},"footnotes":""},"uagb_featured_image_src":{"full":["https:\/\/ibomberdefense.standardof.net\/wp-content\/uploads\/sites\/5\/2020\/10\/iBomber-Defense-Axis-Campaign-12.-Western-Mediterranean-Spiderweb-6.jpg",1280,720,false],"thumbnail":["https:\/\/ibomberdefense.standardof.net\/wp-content\/uploads\/sites\/5\/2020\/10\/iBomber-Defense-Axis-Campaign-12.-Western-Mediterranean-Spiderweb-6-200x113.jpg",200,113,true],"medium":["https:\/\/ibomberdefense.standardof.net\/wp-content\/uploads\/sites\/5\/2020\/10\/iBomber-Defense-Axis-Campaign-12.-Western-Mediterranean-Spiderweb-6-512x288.jpg",512,288,true],"medium_large":["https:\/\/ibomberdefense.standardof.net\/wp-content\/uploads\/sites\/5\/2020\/10\/iBomber-Defense-Axis-Campaign-12.-Western-Mediterranean-Spiderweb-6-768x432.jpg",768,432,true],"large":["https:\/\/ibomberdefense.standardof.net\/wp-content\/uploads\/sites\/5\/2020\/10\/iBomber-Defense-Axis-Campaign-12.-Western-Mediterranean-Spiderweb-6-800x450.jpg",800,450,true],"1536x1536":["https:\/\/ibomberdefense.standardof.net\/wp-content\/uploads\/sites\/5\/2020\/10\/iBomber-Defense-Axis-Campaign-12.-Western-Mediterranean-Spiderweb-6.jpg",1280,720,false],"2048x2048":["https:\/\/ibomberdefense.standardof.net\/wp-content\/uploads\/sites\/5\/2020\/10\/iBomber-Defense-Axis-Campaign-12.-Western-Mediterranean-Spiderweb-6.jpg",1280,720,false],"trp-custom-language-flag":["https:\/\/ibomberdefense.standardof.net\/wp-content\/uploads\/sites\/5\/2020\/10\/iBomber-Defense-Axis-Campaign-12.-Western-Mediterranean-Spiderweb-6-16x9.jpg",16,9,true]},"uagb_author_info":{"display_name":"SOE","author_link":"https:\/\/ibomberdefense.standardof.net\/vi\/author\/k-tastic\/"},"uagb_comment_info":0,"uagb_excerpt":"It is now time to head to the Western Mediterranean during mission &#8220;Spiderweb&#8221; in the Axis campaign of iBomber Defense, facing 50 waves of naval units winding their way through a series of islands. These units come down along four main paths, traveling west to east and circling the central three islands turret placement will&hellip;","_links":{"self":[{"href":"https:\/\/ibomberdefense.standardof.net\/vi\/wp-json\/wp\/v2\/pages\/347"}],"collection":[{"href":"https:\/\/ibomberdefense.standardof.net\/vi\/wp-json\/wp\/v2\/pages"}],"about":[{"href":"https:\/\/ibomberdefense.standardof.net\/vi\/wp-json\/wp\/v2\/types\/page"}],"author":[{"embeddable":true,"href":"https:\/\/ibomberdefense.standardof.net\/vi\/wp-json\/wp\/v2\/users\/1"}],"replies":[{"embeddable":true,"href":"https:\/\/ibomberdefense.standardof.net\/vi\/wp-json\/wp\/v2\/comments?post=347"}],"version-history":[{"count":0,"href":"https:\/\/ibomberdefense.standardof.net\/vi\/wp-json\/wp\/v2\/pages\/347\/revisions"}],"up":[{"embeddable":true,"href":"https:\/\/ibomberdefense.standardof.net\/vi\/wp-json\/wp\/v2\/pages\/268"}],"wp:featuredmedia":[{"embeddable":true,"href":"https:\/\/ibomberdefense.standardof.net\/vi\/wp-json\/wp\/v2\/media\/127"}],"wp:attachment":[{"href":"https:\/\/ibomberdefense.standardof.net\/vi\/wp-json\/wp\/v2\/media?parent=347"}],"curies":[{"name":"wp","href":"https:\/\/api.w.org\/{rel}","templated":true}]}}