{"id":348,"date":"2020-10-19T07:41:17","date_gmt":"2020-10-19T07:41:17","guid":{"rendered":"https:\/\/ibomberdefense.standardof.net\/?page_id=348"},"modified":"2020-10-19T08:04:38","modified_gmt":"2020-10-19T08:04:38","slug":"13-north-west-africa-counterattack","status":"publish","type":"page","link":"https:\/\/ibomberdefense.standardof.net\/vi\/guide\/chien-dich-truc\/13-cuoc-phan-cong-tay-bac-phi\/","title":{"rendered":"13. T\u00e2y B\u1eafc Phi: Ph\u1ea3n c\u00f4ng"},"content":{"rendered":"<div class=\"wp-block-image\"><figure class=\"aligncenter size-large\"><a href=\"https:\/\/ibomberdefense.standardof.net\/vi\/guide\/chien-dich-truc\/13-cuoc-phan-cong-tay-bac-phi\/ibomber-defense-axis-campaign-13-north-west-africa-counterattack-1\/\"><img decoding=\"async\" width=\"800\" height=\"450\" src=\"https:\/\/ibomberdefense.standardof.net\/wp-content\/uploads\/sites\/5\/2020\/10\/iBomber-Defense-Axis-Campaign-13.-North-West-Africa-Counterattack-1-800x450.jpg\" alt=\"&quot;iBomber Defense&quot; - Chi\u1ebfn d\u1ecbch Tr\u1ee5c - 13. T\u00e2y B\u1eafc Phi - Ph\u1ea3n c\u00f4ng (1)\" class=\"wp-image-128\" title=\"\" srcset=\"https:\/\/ibomberdefense.standardof.net\/wp-content\/uploads\/sites\/5\/2020\/10\/iBomber-Defense-Axis-Campaign-13.-North-West-Africa-Counterattack-1-800x450.jpg 800w, https:\/\/ibomberdefense.standardof.net\/wp-content\/uploads\/sites\/5\/2020\/10\/iBomber-Defense-Axis-Campaign-13.-North-West-Africa-Counterattack-1-512x288.jpg 512w, https:\/\/ibomberdefense.standardof.net\/wp-content\/uploads\/sites\/5\/2020\/10\/iBomber-Defense-Axis-Campaign-13.-North-West-Africa-Counterattack-1-200x113.jpg 200w, https:\/\/ibomberdefense.standardof.net\/wp-content\/uploads\/sites\/5\/2020\/10\/iBomber-Defense-Axis-Campaign-13.-North-West-Africa-Counterattack-1-768x432.jpg 768w, https:\/\/ibomberdefense.standardof.net\/wp-content\/uploads\/sites\/5\/2020\/10\/iBomber-Defense-Axis-Campaign-13.-North-West-Africa-Counterattack-1-16x9.jpg 16w, https:\/\/ibomberdefense.standardof.net\/wp-content\/uploads\/sites\/5\/2020\/10\/iBomber-Defense-Axis-Campaign-13.-North-West-Africa-Counterattack-1.jpg 1280w\" sizes=\"(max-width: 800px) 100vw, 800px\" \/><\/a><figcaption>Hai con \u0111\u01b0\u1eddng tr\u00ean kh\u00f4ng \u1edf T\u00e2y B\u1eafc Phi ph\u1ea3n c\u00f4ng, c\u00e1c con \u0111\u01b0\u1eddng tr\u00ean m\u1eb7t \u0111\u1ea5t kh\u00f4ng thay \u0111\u1ed5i, nh\u00ecn trong h\u00ecnh ti\u1ebfp theo.<\/figcaption><\/figure><\/div>\n\n\n\n<div class=\"wp-block-image\"><figure class=\"aligncenter size-large\"><a href=\"https:\/\/ibomberdefense.standardof.net\/vi\/guide\/chien-dich-truc\/13-cuoc-phan-cong-tay-bac-phi\/ibomber-defense-axis-campaign-13-north-west-africa-counterattack-2\/\"><img decoding=\"async\" width=\"800\" height=\"450\" src=\"https:\/\/ibomberdefense.standardof.net\/wp-content\/uploads\/sites\/5\/2020\/10\/iBomber-Defense-Axis-Campaign-13.-North-West-Africa-Counterattack-2-800x450.jpg\" alt=\"&quot;iBomber Defense&quot; - Chi\u1ebfn d\u1ecbch Tr\u1ee5c - 13. T\u00e2y B\u1eafc Phi - Ph\u1ea3n c\u00f4ng (2)\" class=\"wp-image-129\" title=\"\" srcset=\"https:\/\/ibomberdefense.standardof.net\/wp-content\/uploads\/sites\/5\/2020\/10\/iBomber-Defense-Axis-Campaign-13.-North-West-Africa-Counterattack-2-800x450.jpg 800w, https:\/\/ibomberdefense.standardof.net\/wp-content\/uploads\/sites\/5\/2020\/10\/iBomber-Defense-Axis-Campaign-13.-North-West-Africa-Counterattack-2-512x288.jpg 512w, https:\/\/ibomberdefense.standardof.net\/wp-content\/uploads\/sites\/5\/2020\/10\/iBomber-Defense-Axis-Campaign-13.-North-West-Africa-Counterattack-2-200x113.jpg 200w, https:\/\/ibomberdefense.standardof.net\/wp-content\/uploads\/sites\/5\/2020\/10\/iBomber-Defense-Axis-Campaign-13.-North-West-Africa-Counterattack-2-768x432.jpg 768w, https:\/\/ibomberdefense.standardof.net\/wp-content\/uploads\/sites\/5\/2020\/10\/iBomber-Defense-Axis-Campaign-13.-North-West-Africa-Counterattack-2-16x9.jpg 16w, https:\/\/ibomberdefense.standardof.net\/wp-content\/uploads\/sites\/5\/2020\/10\/iBomber-Defense-Axis-Campaign-13.-North-West-Africa-Counterattack-2.jpg 1280w\" sizes=\"(max-width: 800px) 100vw, 800px\" \/><\/a><figcaption>Hi\u1ec3n th\u1ecb c\u00e1c tuy\u1ebfn \u0111\u01b0\u1eddng c\u0169 \u1edf T\u00e2y B\u1eafc Phi. L\u01b0u \u00fd, thay \u0111\u1ed5i duy nh\u1ea5t l\u00e0 \u0111\u01b0\u1eddng h\u00e0ng kh\u00f4ng m\u00e0u xanh lam \u0111\u00e3 d\u1ecbch chuy\u1ec3n nh\u01b0 trong h\u00ecnh \u0111\u1ea7u ti\u00ean c\u00f9ng v\u1edbi vi\u1ec7c b\u1ed5 sung \u0111\u01b0\u1eddng h\u00e0ng kh\u00f4ng th\u1ee9 hai.<\/figcaption><\/figure><\/div>\n\n\n\n<p>Nhi\u1ec7m v\u1ee5 13 trong chi\u1ebfn d\u1ecbch Axis l\u00e0 m\u1ee9c th\u01b0\u1edfng cho \u0111\u1ee3t ph\u1ea3n c\u00f4ng cu\u1ed1i c\u00f9ng c\u1ee7a b\u1ea1n, quay tr\u1edf l\u1ea1i T\u00e2y B\u1eafc Phi \u0111\u1ec3 nh\u1eadn th\u00eam 20 \u0111\u1ee3t m\u00e1y bay v\u00e0 \u0111\u01a1n v\u1ecb m\u1eb7t \u0111\u1ea5t c\u1ee7a \u0111\u1ed1i ph\u01b0\u01a1ng. M\u00e1y bay s\u1ebd xu\u1ea5t hi\u1ec7n s\u1edbm v\u00e0o kho\u1ea3ng th\u1eddi gian n\u00e0y \u1edf l\u00e0n s\u00f3ng 2, v\u00e0 cu\u1ed9c t\u1ea5n c\u00f4ng b\u1ea5t ng\u1edd s\u1ebd g\u00e2y thi\u1ec7t h\u1ea1i nghi\u00eam tr\u1ecdng cho m\u1ed9t l\u01b0\u1ee3ng l\u1edbn th\u00e1p ph\u00e1o c\u1ee7a b\u1ea1n thay v\u00ec m\u1edf ra m\u1ed9t con \u0111\u01b0\u1eddng m\u1eb7t \u0111\u1ea5t m\u1edbi.<\/p>\n\n\n\n<p>Vi\u1ec7c b\u1ed1 tr\u00ed v\u0169 kh\u00ed ch\u1ee7 y\u1ebfu s\u1ebd t\u1eadp trung v\u00e0o vi\u1ec7c x\u00e2y d\u1ef1ng xung quanh c\u00e1c c\u0103n c\u1ee9 \u0111\u1ea7u ti\u00ean \u0111\u00e3 \u0111\u01b0\u1ee3c thi\u1ebft l\u1eadp tr\u01b0\u1edbc \u0111\u00f3. Th\u1eadt kh\u00f4ng may, do b\u1ecb t\u1ea5n c\u00f4ng b\u1ea5t ng\u1edd, s\u1ed1 ti\u1ec1n ban \u0111\u1ea7u m\u00e0 b\u1ea1n \u0111\u01b0\u1ee3c cung c\u1ea5p c\u00f3 th\u1ec3 s\u1ebd b\u1ecb ti\u00eau hao v\u00e0o vi\u1ec7c s\u1eeda ch\u1eefa. B\u1ea1n c\u00f3 th\u1ec3 b\u00e1n b\u1ea5t k\u1ef3 th\u00e1p ph\u00e1o n\u00e0o m\u00e0 b\u1ea1n kh\u00f4ng c\u00f3 ti\u1ec1n \u0111\u1ec3 s\u1eeda ch\u1eefa v\u00e0 c\u00f3 kh\u1ea3 n\u0103ng b\u1ecb ph\u00e1 h\u1ee7y \u0111\u1ec3 tr\u00e1nh m\u1ea5t s\u1ed1 ti\u1ec1n \u0111\u00f3.<\/p>\n\n\n\n<h3 class=\"wp-block-heading\"><strong>V\u1ecb tr\u00ed th\u00e1p ph\u00e1o:<\/strong><\/h3>\n\n\n\n<figure class=\"wp-block-gallery columns-2 is-cropped wp-block-gallery-1 is-layout-flex wp-block-gallery-is-layout-flex\"><ul class=\"blocks-gallery-grid\"><li class=\"blocks-gallery-item\"><figure><a href=\"https:\/\/ibomberdefense.standardof.net\/vi\/guide\/chien-dich-truc\/13-cuoc-phan-cong-tay-bac-phi\/ibomber-defense-axis-campaign-13-north-west-africa-counterattack-3\/\"><img decoding=\"async\" width=\"800\" height=\"450\" src=\"https:\/\/ibomberdefense.standardof.net\/wp-content\/uploads\/sites\/5\/2020\/10\/iBomber-Defense-Axis-Campaign-13.-North-West-Africa-Counterattack-3-800x450.jpg\" alt=\"&quot;iBomber Defense&quot; - Chi\u1ebfn d\u1ecbch Tr\u1ee5c - 13. T\u00e2y B\u1eafc Phi - Ph\u1ea3n c\u00f4ng (3)\" data-id=\"130\" data-full-url=\"https:\/\/ibomberdefense.standardof.net\/wp-content\/uploads\/sites\/5\/2020\/10\/iBomber-Defense-Axis-Campaign-13.-North-West-Africa-Counterattack-3.jpg\" data-link=\"https:\/\/ibomberdefense.standardof.net\/guide\/axis-campaign\/13-north-west-africa-counterattack\/ibomber-defense-axis-campaign-13-north-west-africa-counterattack-3\/\" class=\"wp-image-130\" title=\"\" srcset=\"https:\/\/ibomberdefense.standardof.net\/wp-content\/uploads\/sites\/5\/2020\/10\/iBomber-Defense-Axis-Campaign-13.-North-West-Africa-Counterattack-3-800x450.jpg 800w, https:\/\/ibomberdefense.standardof.net\/wp-content\/uploads\/sites\/5\/2020\/10\/iBomber-Defense-Axis-Campaign-13.-North-West-Africa-Counterattack-3-512x288.jpg 512w, https:\/\/ibomberdefense.standardof.net\/wp-content\/uploads\/sites\/5\/2020\/10\/iBomber-Defense-Axis-Campaign-13.-North-West-Africa-Counterattack-3-200x113.jpg 200w, https:\/\/ibomberdefense.standardof.net\/wp-content\/uploads\/sites\/5\/2020\/10\/iBomber-Defense-Axis-Campaign-13.-North-West-Africa-Counterattack-3-768x432.jpg 768w, https:\/\/ibomberdefense.standardof.net\/wp-content\/uploads\/sites\/5\/2020\/10\/iBomber-Defense-Axis-Campaign-13.-North-West-Africa-Counterattack-3-16x9.jpg 16w, https:\/\/ibomberdefense.standardof.net\/wp-content\/uploads\/sites\/5\/2020\/10\/iBomber-Defense-Axis-Campaign-13.-North-West-Africa-Counterattack-3.jpg 1280w\" sizes=\"(max-width: 800px) 100vw, 800px\" \/><\/a><figcaption class=\"blocks-gallery-item__caption\">V\u1ecb tr\u00ed th\u00e1p ph\u00e1o s\u00f3ng 10.<\/figcaption><\/figure><\/li><li class=\"blocks-gallery-item\"><figure><a href=\"https:\/\/ibomberdefense.standardof.net\/vi\/guide\/chien-dich-truc\/13-cuoc-phan-cong-tay-bac-phi\/ibomber-defense-axis-campaign-13-north-west-africa-counterattack-4\/\"><img decoding=\"async\" width=\"800\" height=\"450\" src=\"https:\/\/ibomberdefense.standardof.net\/wp-content\/uploads\/sites\/5\/2020\/10\/iBomber-Defense-Axis-Campaign-13.-North-West-Africa-Counterattack-4-800x450.jpg\" alt=\"&quot;iBomber Defense&quot; - Chi\u1ebfn d\u1ecbch Tr\u1ee5c - 13. T\u00e2y B\u1eafc Phi - Ph\u1ea3n c\u00f4ng (4)\" data-id=\"131\" data-full-url=\"https:\/\/ibomberdefense.standardof.net\/wp-content\/uploads\/sites\/5\/2020\/10\/iBomber-Defense-Axis-Campaign-13.-North-West-Africa-Counterattack-4.jpg\" data-link=\"https:\/\/ibomberdefense.standardof.net\/guide\/axis-campaign\/13-north-west-africa-counterattack\/ibomber-defense-axis-campaign-13-north-west-africa-counterattack-4\/\" class=\"wp-image-131\" title=\"\" srcset=\"https:\/\/ibomberdefense.standardof.net\/wp-content\/uploads\/sites\/5\/2020\/10\/iBomber-Defense-Axis-Campaign-13.-North-West-Africa-Counterattack-4-800x450.jpg 800w, https:\/\/ibomberdefense.standardof.net\/wp-content\/uploads\/sites\/5\/2020\/10\/iBomber-Defense-Axis-Campaign-13.-North-West-Africa-Counterattack-4-512x288.jpg 512w, https:\/\/ibomberdefense.standardof.net\/wp-content\/uploads\/sites\/5\/2020\/10\/iBomber-Defense-Axis-Campaign-13.-North-West-Africa-Counterattack-4-200x113.jpg 200w, https:\/\/ibomberdefense.standardof.net\/wp-content\/uploads\/sites\/5\/2020\/10\/iBomber-Defense-Axis-Campaign-13.-North-West-Africa-Counterattack-4-768x432.jpg 768w, https:\/\/ibomberdefense.standardof.net\/wp-content\/uploads\/sites\/5\/2020\/10\/iBomber-Defense-Axis-Campaign-13.-North-West-Africa-Counterattack-4-16x9.jpg 16w, https:\/\/ibomberdefense.standardof.net\/wp-content\/uploads\/sites\/5\/2020\/10\/iBomber-Defense-Axis-Campaign-13.-North-West-Africa-Counterattack-4.jpg 1280w\" sizes=\"(max-width: 800px) 100vw, 800px\" \/><\/a><figcaption class=\"blocks-gallery-item__caption\">V\u1ecb tr\u00ed th\u00e1p ph\u00e1o c\u1ee7a Wave 20.<\/figcaption><\/figure><\/li><\/ul><\/figure>\n\n\n\n<p>Tr\u1ecdng t\u00e2m ch\u00ednh c\u1ee7a b\u1ea1n c\u00f3 th\u1ec3 t\u1eadp trung v\u00e0o X-Weapon ngay l\u1eadp t\u1ee9c, xem x\u00e9t c\u00e1c bi\u1ec7n ph\u00e1p ph\u00f2ng th\u1ee7 \u0111\u00e1ng k\u1ec3 m\u00e0 b\u1ea1n n\u00ean b\u1eaft \u0111\u1ea7u. \u0110\u1ea3m b\u1ea3o \u0111\u1eb7t th\u00eam m\u1ed9t s\u1ed1 AA khi b\u1ea1n c\u00f3 ti\u1ec1n mi\u1ec5n ph\u00ed ho\u1eb7c khi \u0111\u01b0\u1ee3c y\u00eau c\u1ea7u b\u1edfi c\u00e1c \u0111\u1ee3t th\u00e1ch th\u1ee9c h\u01a1n, v\u00ec \u0111\u00e2y l\u00e0 c\u1ea5p \u0111\u1ed9 duy nh\u1ea5t b\u1ea1n c\u00f3 th\u1ec3 b\u1ecb t\u1ea5n c\u00f4ng t\u1eeb hai con \u0111\u01b0\u1eddng c\u1ee7a \u0111\u01a1n v\u1ecb kh\u00f4ng qu\u00e2n c\u00f9ng m\u1ed9t l\u00fac.<\/p>\n\n\n\n<p>S\u00fang m\u00e1y v\u1eabn ph\u1ee5c v\u1ee5 m\u1ee5c \u0111\u00edch c\u1ee7a h\u1ecd l\u00e0 th\u1ee9c \u0103n cho s\u00fang c\u1ee7a k\u1ebb th\u00f9 khi \u0111\u01b0\u1ee3c \u0111\u1eb7t \u1edf v\u1ecb tr\u00ed chi\u1ebfn l\u01b0\u1ee3c. Theo chi\u1ebfn l\u01b0\u1ee3c ch\u1ebf ng\u1ef1 v\u0169 kh\u00ed, c\u00f3 th\u1ec3 nh\u1eadn \u0111\u01b0\u1ee3c 6 X-Weapons \u0111\u01b0\u1ee3c n\u00e2ng c\u1ea5p \u0111\u1ea7y \u0111\u1ee7 sau \u0111\u1ee3t 20. Th\u1ef1c s\u1ef1 kh\u00f4ng c\u00f3 g\u00ec ph\u1ee9c t\u1ea1p ngo\u00e0i vi\u1ec7c trang b\u1ecb th\u00eam h\u1ec7 th\u1ed1ng ph\u00f2ng kh\u00f4ng cho nhi\u1ec7m v\u1ee5 n\u00e0y.<\/p>\n\n\n\n<hr class=\"wp-block-separator\"\/>\n\n\n\n<h4 class=\"has-text-align-center wp-block-heading\">H\u01b0\u1edbng d\u1eabn Video<\/h4>\n\n\n\n<figure class=\"wp-block-embed-youtube wp-block-embed is-type-video is-provider-youtube wp-embed-aspect-16-9 wp-has-aspect-ratio\"><div class=\"wp-block-embed__wrapper\">\n<div class=\"ast-oembed-container\" style=\"height: 100%;\"><iframe title=\"iBomber Defense - T\u00e2y B\u1eafc Phi - Tr\u1ee5c ph\u1ea3n c\u00f4ng - C\u1ef1u chi\u1ebfn binh + Ho\u00e0n h\u1ea3o\" width=\"500\" height=\"281\" src=\"https:\/\/www.youtube.com\/embed\/gbE5k52J2rA?feature=oembed\" frameborder=\"0\" allow=\"accelerometer; autoplay; clipboard-write; encrypted-media; gyroscope; picture-in-picture; web-share\" referrerpolicy=\"strict-origin-when-cross-origin\" allowfullscreen><\/iframe><\/div>\n<\/div><\/figure>","protected":false},"excerpt":{"rendered":"<p>Mission 13 in the Axis campaign is your final counterattack bonus level, returning to North West Africa for an additional 20 waves of enemy aircraft and ground units. Aircraft will show up early this time around at wave 2, and the surprise attack will severely damage a large amount of your turrets instead of opening [&hellip;]<\/p>","protected":false},"author":1,"featured_media":131,"parent":268,"menu_order":13,"comment_status":"open","ping_status":"closed","template":"","meta":{"_uag_custom_page_level_css":"","site-sidebar-layout":"default","site-content-layout":"default","ast-site-content-layout":"","site-content-style":"default","site-sidebar-style":"default","ast-global-header-display":"","ast-banner-title-visibility":"","ast-main-header-display":"","ast-hfb-above-header-display":"","ast-hfb-below-header-display":"","ast-hfb-mobile-header-display":"","site-post-title":"","ast-breadcrumbs-content":"","ast-featured-img":"","footer-sml-layout":"","theme-transparent-header-meta":"default","adv-header-id-meta":"","stick-header-meta":"","header-above-stick-meta":"","header-main-stick-meta":"","header-below-stick-meta":"","astra-migrate-meta-layouts":"default","ast-page-background-enabled":"default","ast-page-background-meta":{"desktop":{"background-color":"","background-image":"","background-repeat":"repeat","background-position":"center center","background-size":"auto","background-attachment":"scroll","background-type":"","background-media":"","overlay-type":"","overlay-color":"","overlay-gradient":""},"tablet":{"background-color":"","background-image":"","background-repeat":"repeat","background-position":"center center","background-size":"auto","background-attachment":"scroll","background-type":"","background-media":"","overlay-type":"","overlay-color":"","overlay-gradient":""},"mobile":{"background-color":"","background-image":"","background-repeat":"repeat","background-position":"center center","background-size":"auto","background-attachment":"scroll","background-type":"","background-media":"","overlay-type":"","overlay-color":"","overlay-gradient":""}},"ast-content-background-meta":{"desktop":{"background-color":"var(--ast-global-color-5)","background-image":"","background-repeat":"repeat","background-position":"center center","background-size":"auto","background-attachment":"scroll","background-type":"","background-media":"","overlay-type":"","overlay-color":"","overlay-gradient":""},"tablet":{"background-color":"var(--ast-global-color-5)","background-image":"","background-repeat":"repeat","background-position":"center center","background-size":"auto","background-attachment":"scroll","background-type":"","background-media":"","overlay-type":"","overlay-color":"","overlay-gradient":""},"mobile":{"background-color":"var(--ast-global-color-5)","background-image":"","background-repeat":"repeat","background-position":"center center","background-size":"auto","background-attachment":"scroll","background-type":"","background-media":"","overlay-type":"","overlay-color":"","overlay-gradient":""}},"footnotes":""},"uagb_featured_image_src":{"full":["https:\/\/ibomberdefense.standardof.net\/wp-content\/uploads\/sites\/5\/2020\/10\/iBomber-Defense-Axis-Campaign-13.-North-West-Africa-Counterattack-4.jpg",1280,720,false],"thumbnail":["https:\/\/ibomberdefense.standardof.net\/wp-content\/uploads\/sites\/5\/2020\/10\/iBomber-Defense-Axis-Campaign-13.-North-West-Africa-Counterattack-4-200x113.jpg",200,113,true],"medium":["https:\/\/ibomberdefense.standardof.net\/wp-content\/uploads\/sites\/5\/2020\/10\/iBomber-Defense-Axis-Campaign-13.-North-West-Africa-Counterattack-4-512x288.jpg",512,288,true],"medium_large":["https:\/\/ibomberdefense.standardof.net\/wp-content\/uploads\/sites\/5\/2020\/10\/iBomber-Defense-Axis-Campaign-13.-North-West-Africa-Counterattack-4-768x432.jpg",768,432,true],"large":["https:\/\/ibomberdefense.standardof.net\/wp-content\/uploads\/sites\/5\/2020\/10\/iBomber-Defense-Axis-Campaign-13.-North-West-Africa-Counterattack-4-800x450.jpg",800,450,true],"1536x1536":["https:\/\/ibomberdefense.standardof.net\/wp-content\/uploads\/sites\/5\/2020\/10\/iBomber-Defense-Axis-Campaign-13.-North-West-Africa-Counterattack-4.jpg",1280,720,false],"2048x2048":["https:\/\/ibomberdefense.standardof.net\/wp-content\/uploads\/sites\/5\/2020\/10\/iBomber-Defense-Axis-Campaign-13.-North-West-Africa-Counterattack-4.jpg",1280,720,false],"trp-custom-language-flag":["https:\/\/ibomberdefense.standardof.net\/wp-content\/uploads\/sites\/5\/2020\/10\/iBomber-Defense-Axis-Campaign-13.-North-West-Africa-Counterattack-4-16x9.jpg",16,9,true]},"uagb_author_info":{"display_name":"SOE","author_link":"https:\/\/ibomberdefense.standardof.net\/vi\/author\/k-tastic\/"},"uagb_comment_info":0,"uagb_excerpt":"Mission 13 in the Axis campaign is your final counterattack bonus level, returning to North West Africa for an additional 20 waves of enemy aircraft and ground units. Aircraft will show up early this time around at wave 2, and the surprise attack will severely damage a large amount of your turrets instead of opening&hellip;","_links":{"self":[{"href":"https:\/\/ibomberdefense.standardof.net\/vi\/wp-json\/wp\/v2\/pages\/348"}],"collection":[{"href":"https:\/\/ibomberdefense.standardof.net\/vi\/wp-json\/wp\/v2\/pages"}],"about":[{"href":"https:\/\/ibomberdefense.standardof.net\/vi\/wp-json\/wp\/v2\/types\/page"}],"author":[{"embeddable":true,"href":"https:\/\/ibomberdefense.standardof.net\/vi\/wp-json\/wp\/v2\/users\/1"}],"replies":[{"embeddable":true,"href":"https:\/\/ibomberdefense.standardof.net\/vi\/wp-json\/wp\/v2\/comments?post=348"}],"version-history":[{"count":0,"href":"https:\/\/ibomberdefense.standardof.net\/vi\/wp-json\/wp\/v2\/pages\/348\/revisions"}],"up":[{"embeddable":true,"href":"https:\/\/ibomberdefense.standardof.net\/vi\/wp-json\/wp\/v2\/pages\/268"}],"wp:featuredmedia":[{"embeddable":true,"href":"https:\/\/ibomberdefense.standardof.net\/vi\/wp-json\/wp\/v2\/media\/131"}],"wp:attachment":[{"href":"https:\/\/ibomberdefense.standardof.net\/vi\/wp-json\/wp\/v2\/media?parent=348"}],"curies":[{"name":"wp","href":"https:\/\/api.w.org\/{rel}","templated":true}]}}