{"id":349,"date":"2020-10-19T07:41:48","date_gmt":"2020-10-19T07:41:48","guid":{"rendered":"https:\/\/ibomberdefense.standardof.net\/?page_id=349"},"modified":"2020-10-19T08:04:43","modified_gmt":"2020-10-19T08:04:43","slug":"14-great-britain-final-victory","status":"publish","type":"page","link":"https:\/\/ibomberdefense.standardof.net\/vi\/guide\/chien-dich-truc\/14-dai-thang-nuoc-anh-chung-cuoc\/","title":{"rendered":"14. V\u01b0\u01a1ng qu\u1ed1c Anh: Chi\u1ebfn th\u1eafng cu\u1ed1i c\u00f9ng!"},"content":{"rendered":"<div class=\"wp-block-image\"><figure class=\"aligncenter size-large\"><a href=\"https:\/\/ibomberdefense.standardof.net\/vi\/guide\/chien-dich-truc\/14-dai-thang-nuoc-anh-chung-cuoc\/ibomber-defense-axis-campaign-14-great-britain-final-victory-1\/\"><img decoding=\"async\" width=\"800\" height=\"450\" src=\"https:\/\/ibomberdefense.standardof.net\/wp-content\/uploads\/sites\/5\/2020\/10\/iBomber-Defense-Axis-Campaign-14.-Great-Britain-Final-Victory-1-800x450.jpg\" alt=\"&quot;iBomber Defense&quot; - Chi\u1ebfn d\u1ecbch Tr\u1ee5c - 14. V\u01b0\u01a1ng qu\u1ed1c Anh - Chi\u1ebfn th\u1eafng cu\u1ed1i c\u00f9ng! (1)\" class=\"wp-image-132\" title=\"\" srcset=\"https:\/\/ibomberdefense.standardof.net\/wp-content\/uploads\/sites\/5\/2020\/10\/iBomber-Defense-Axis-Campaign-14.-Great-Britain-Final-Victory-1-800x450.jpg 800w, https:\/\/ibomberdefense.standardof.net\/wp-content\/uploads\/sites\/5\/2020\/10\/iBomber-Defense-Axis-Campaign-14.-Great-Britain-Final-Victory-1-512x288.jpg 512w, https:\/\/ibomberdefense.standardof.net\/wp-content\/uploads\/sites\/5\/2020\/10\/iBomber-Defense-Axis-Campaign-14.-Great-Britain-Final-Victory-1-200x113.jpg 200w, https:\/\/ibomberdefense.standardof.net\/wp-content\/uploads\/sites\/5\/2020\/10\/iBomber-Defense-Axis-Campaign-14.-Great-Britain-Final-Victory-1-768x432.jpg 768w, https:\/\/ibomberdefense.standardof.net\/wp-content\/uploads\/sites\/5\/2020\/10\/iBomber-Defense-Axis-Campaign-14.-Great-Britain-Final-Victory-1-16x9.jpg 16w, https:\/\/ibomberdefense.standardof.net\/wp-content\/uploads\/sites\/5\/2020\/10\/iBomber-Defense-Axis-Campaign-14.-Great-Britain-Final-Victory-1.jpg 1280w\" sizes=\"(max-width: 800px) 100vw, 800px\" \/><\/a><figcaption>C\u00e1c tuy\u1ebfn \u0111\u01b0\u1eddng do k\u1ebb th\u00f9 th\u1ef1c hi\u1ec7n trong c\u1ea5p \u0111\u1ed9 cu\u1ed1i c\u00f9ng c\u1ee7a chi\u1ebfn d\u1ecbch Tr\u1ee5c c\u1ee7a iBomber Defense, V\u01b0\u01a1ng qu\u1ed1c Anh. M\u00e0u t\u00edm d\u00e0nh cho c\u00e1c \u0111\u01a1n v\u1ecb h\u1ea3i qu\u00e2n trong khi m\u00e0u xanh lam d\u00e0nh cho m\u00e1y bay. <\/figcaption><\/figure><\/div>\n\n\n\n<p>Nhi\u1ec7m v\u1ee5 th\u1ee9 m\u01b0\u1eddi b\u1ed1n v\u00e0 c\u0169ng l\u00e0 nhi\u1ec7m v\u1ee5 cu\u1ed1i c\u00f9ng trong chi\u1ebfn d\u1ecbch Axis \u0111\u01b0a b\u1ea1n \u0111\u1ebfn khung c\u1ea3nh t\u00e0n ph\u00e1 c\u1ee7a V\u01b0\u01a1ng qu\u1ed1c Anh \u0111\u1ec3 ch\u1ed1ng l\u1ea1i 50 \u0111\u1ee3t m\u00e1y bay, \u0111\u01a1n v\u1ecb h\u1ea3i qu\u00e2n v\u00e0 \u0111\u01a1n v\u1ecb m\u1eb7t \u0111\u1ea5t k\u1ebft h\u1ee3p. K\u1ebb th\u00f9 s\u1ebd ti\u1ebfp c\u1eadn t\u1eeb nhi\u1ec1u con \u0111\u01b0\u1eddng, t\u1eeb m\u1ecdi h\u01b0\u1edbng ngo\u1ea1i tr\u1eeb ph\u00eda b\u1eafc v\u1edbi c\u00e1c \u0111\u01a1n v\u1ecb h\u1ea3i qu\u00e2n \u0111\u1ebfn \u1edf l\u00e0n s\u00f3ng 10 v\u00e0 m\u00e1y bay \u1edf l\u00e0n s\u00f3ng 21.<\/p>\n\n\n\n<p>V\u1ecb tr\u00ed th\u00e1p ph\u00e1o s\u1ebd t\u1eadp trung v\u00e0o vi\u1ec7c x\u00e2y d\u1ef1ng h\u1ec7 th\u1ed1ng ph\u00f2ng th\u1ee7 g\u1ea7n c\u0103n c\u1ee9 nh\u00e0 c\u1ee7a b\u1ea1n v\u00e0 \u0111\u1ea1t tr\u1ea1ng th\u00e1i X-Weapon c\u00e0ng s\u1edbm c\u00e0ng t\u1ed1t. Cu\u1ed1i c\u00f9ng, m\u1ecdi th\u1ee9 s\u1ebd tr\u1edf n\u00ean d\u00e0n tr\u1ea3i gi\u1ed1ng nh\u01b0 c\u1ea5p \u0111\u1ed9 cu\u1ed1i c\u00f9ng trong chi\u1ebfn d\u1ecbch \u0110\u1ed3ng minh, nhi\u1ec7m v\u1ee5 n\u00e0y c\u00f3 kh\u00f4ng gian x\u00e2y d\u1ef1ng h\u1ea1n ch\u1ebf.<\/p>\n\n\n\n<h3 class=\"wp-block-heading\"><strong>V\u1ecb tr\u00ed th\u00e1p ph\u00e1o:<\/strong><\/h3>\n\n\n\n<figure class=\"wp-block-gallery columns-2 is-cropped wp-block-gallery-1 is-layout-flex wp-block-gallery-is-layout-flex\"><ul class=\"blocks-gallery-grid\"><li class=\"blocks-gallery-item\"><figure><a href=\"https:\/\/ibomberdefense.standardof.net\/vi\/guide\/chien-dich-truc\/14-dai-thang-nuoc-anh-chung-cuoc\/ibomber-defense-axis-campaign-14-great-britain-final-victory-2\/\"><img decoding=\"async\" width=\"800\" height=\"450\" src=\"https:\/\/ibomberdefense.standardof.net\/wp-content\/uploads\/sites\/5\/2020\/10\/iBomber-Defense-Axis-Campaign-14.-Great-Britain-Final-Victory-2-800x450.jpg\" alt=\"&quot;iBomber Defense&quot; - Chi\u1ebfn d\u1ecbch Tr\u1ee5c - 14. V\u01b0\u01a1ng qu\u1ed1c Anh - Chi\u1ebfn th\u1eafng cu\u1ed1i c\u00f9ng! (2)\" data-id=\"133\" data-full-url=\"https:\/\/ibomberdefense.standardof.net\/wp-content\/uploads\/sites\/5\/2020\/10\/iBomber-Defense-Axis-Campaign-14.-Great-Britain-Final-Victory-2.jpg\" data-link=\"https:\/\/ibomberdefense.standardof.net\/guide\/axis-campaign\/14-great-britain-final-victory\/ibomber-defense-axis-campaign-14-great-britain-final-victory-2\/\" class=\"wp-image-133\" title=\"\" srcset=\"https:\/\/ibomberdefense.standardof.net\/wp-content\/uploads\/sites\/5\/2020\/10\/iBomber-Defense-Axis-Campaign-14.-Great-Britain-Final-Victory-2-800x450.jpg 800w, https:\/\/ibomberdefense.standardof.net\/wp-content\/uploads\/sites\/5\/2020\/10\/iBomber-Defense-Axis-Campaign-14.-Great-Britain-Final-Victory-2-512x288.jpg 512w, https:\/\/ibomberdefense.standardof.net\/wp-content\/uploads\/sites\/5\/2020\/10\/iBomber-Defense-Axis-Campaign-14.-Great-Britain-Final-Victory-2-200x113.jpg 200w, https:\/\/ibomberdefense.standardof.net\/wp-content\/uploads\/sites\/5\/2020\/10\/iBomber-Defense-Axis-Campaign-14.-Great-Britain-Final-Victory-2-768x432.jpg 768w, https:\/\/ibomberdefense.standardof.net\/wp-content\/uploads\/sites\/5\/2020\/10\/iBomber-Defense-Axis-Campaign-14.-Great-Britain-Final-Victory-2-16x9.jpg 16w, https:\/\/ibomberdefense.standardof.net\/wp-content\/uploads\/sites\/5\/2020\/10\/iBomber-Defense-Axis-Campaign-14.-Great-Britain-Final-Victory-2.jpg 1280w\" sizes=\"(max-width: 800px) 100vw, 800px\" \/><\/a><figcaption class=\"blocks-gallery-item__caption\">V\u1ecb tr\u00ed th\u00e1p ph\u00e1o s\u00f3ng 10.<\/figcaption><\/figure><\/li><li class=\"blocks-gallery-item\"><figure><a href=\"https:\/\/ibomberdefense.standardof.net\/vi\/guide\/chien-dich-truc\/14-dai-thang-nuoc-anh-chung-cuoc\/ibomber-defense-axis-campaign-14-great-britain-final-victory-3\/\"><img decoding=\"async\" width=\"800\" height=\"450\" src=\"https:\/\/ibomberdefense.standardof.net\/wp-content\/uploads\/sites\/5\/2020\/10\/iBomber-Defense-Axis-Campaign-14.-Great-Britain-Final-Victory-3-800x450.jpg\" alt=\"&quot;iBomber Defense&quot; - Chi\u1ebfn d\u1ecbch Tr\u1ee5c - 14. V\u01b0\u01a1ng qu\u1ed1c Anh - Chi\u1ebfn th\u1eafng cu\u1ed1i c\u00f9ng! (3)\" data-id=\"134\" data-full-url=\"https:\/\/ibomberdefense.standardof.net\/wp-content\/uploads\/sites\/5\/2020\/10\/iBomber-Defense-Axis-Campaign-14.-Great-Britain-Final-Victory-3.jpg\" data-link=\"https:\/\/ibomberdefense.standardof.net\/guide\/axis-campaign\/14-great-britain-final-victory\/ibomber-defense-axis-campaign-14-great-britain-final-victory-3\/\" class=\"wp-image-134\" title=\"\" srcset=\"https:\/\/ibomberdefense.standardof.net\/wp-content\/uploads\/sites\/5\/2020\/10\/iBomber-Defense-Axis-Campaign-14.-Great-Britain-Final-Victory-3-800x450.jpg 800w, https:\/\/ibomberdefense.standardof.net\/wp-content\/uploads\/sites\/5\/2020\/10\/iBomber-Defense-Axis-Campaign-14.-Great-Britain-Final-Victory-3-512x288.jpg 512w, https:\/\/ibomberdefense.standardof.net\/wp-content\/uploads\/sites\/5\/2020\/10\/iBomber-Defense-Axis-Campaign-14.-Great-Britain-Final-Victory-3-200x113.jpg 200w, https:\/\/ibomberdefense.standardof.net\/wp-content\/uploads\/sites\/5\/2020\/10\/iBomber-Defense-Axis-Campaign-14.-Great-Britain-Final-Victory-3-768x432.jpg 768w, https:\/\/ibomberdefense.standardof.net\/wp-content\/uploads\/sites\/5\/2020\/10\/iBomber-Defense-Axis-Campaign-14.-Great-Britain-Final-Victory-3-16x9.jpg 16w, https:\/\/ibomberdefense.standardof.net\/wp-content\/uploads\/sites\/5\/2020\/10\/iBomber-Defense-Axis-Campaign-14.-Great-Britain-Final-Victory-3.jpg 1280w\" sizes=\"(max-width: 800px) 100vw, 800px\" \/><\/a><figcaption class=\"blocks-gallery-item__caption\">V\u1ecb tr\u00ed th\u00e1p ph\u00e1o c\u1ee7a Wave 20.<\/figcaption><\/figure><\/li><\/ul><\/figure>\n\n\n\n<p>C\u1ed1 g\u1eafng \u0111\u1eb7t X-Weapon ngay tr\u00ean g\u1eady v\u1edbi s\u1ed1 ti\u1ec1n ban \u0111\u1ea7u c\u1ee7a b\u1ea1n ngay ph\u00eda d\u01b0\u1edbi b\u00ean tr\u00e1i c\u1ee7a c\u0103n c\u1ee9 tr\u00ean m\u1eb7t \u0111\u1ea5t. Theo d\u00f5i ph\u1ea7n n\u00e0y v\u1edbi S\u00fang m\u00e1y nhanh ch\u00f3ng \u0111\u01b0\u1ee3c n\u00e2ng c\u1ea5p l\u00ean c\u1ea5p 3 \u0111\u01b0\u1ee3c \u0111\u1eb7t tr\u00ean m\u1ed9t ph\u1ea7n \u0111\u1ea5t cao ngay b\u00ean d\u01b0\u1edbi c\u0103n c\u1ee9 m\u1eb7t \u0111\u1ea5t m\u00e0 d\u00f2ng m\u00e1y bay m\u00e0u xanh \u0111i qua. \u0110\u1ebfn l\u00e0n s\u00f3ng 10, b\u1ea1n s\u1ebd c\u00f3 X-Weapon th\u1ee9 hai trong b\u1ea3n v\u00e1 ngay b\u00ean ph\u1ea3i c\u0103n c\u1ee9 m\u1eb7t \u0111\u1ea5t c\u1ee7a b\u1ea1n v\u1edbi S\u00fang m\u00e1y \u0111\u01b0\u1ee3c n\u00e2ng c\u1ea5p ho\u00e0n to\u00e0n tr\u00ean s\u01b0\u1eddn n\u00fai \u0111\u1ec3 ng\u0103n ch\u1eb7n c\u00e1c t\u00e0u tu\u1ea7n tra b\u1eaft \u0111\u1ea7u c\u00e1c cu\u1ed9c t\u1ea5n c\u00f4ng h\u1ea3i qu\u00e2n.<\/p>\n\n\n\n<p>T\u1eeb c\u1ea5p 10 \u0111\u1ebfn 20, h\u00e3y b\u1eaft \u0111\u1ea7u \u0111\u1eb7t \u0110\u1ea1i b\u00e1c xung quanh V\u0169 kh\u00ed X c\u1ee7a b\u1ea1n, b\u1ecf qua b\u1ea5t k\u1ef3 S\u00fang m\u00e1y n\u00e0o kh\u00e1c (trong \u1ea3nh, b\u1ea1n s\u1ebd th\u1ea5y t\u00f4i \u0111\u00e3 di chuy\u1ec3n kh\u1ea9u MG xu\u1ed1ng m\u1ed9t s\u1ed1 kho\u1ea3ng tr\u1ed1ng \u0111\u1ec3 gi\u1eef cho X-Weapon kh\u00f4ng b\u1ecb ph\u00e2n t\u00e2m, th\u00eam th\u00f4ng tin trong video b\u00ean d\u01b0\u1edbi) v\u00e0 \u0111\u1eb7t m\u1ed9t v\u00e0i th\u00e1p ph\u00e1o Inferno xu\u1ed1ng \u0111\u1ec3 l\u00e0m ch\u1eadm s\u1ef1 ti\u1ebfp c\u1eadn c\u1ee7a c\u00e1c \u0111\u01a1n v\u1ecb m\u1eb7t \u0111\u1ea5t. \u0110\u1ea3m b\u1ea3o chu\u1ea9n b\u1ecb s\u1eb5n AA v\u00e0o cu\u1ed1i \u0111\u1ee3t 20.<\/p>\n\n\n\n<p>C\u00e1c Waves 20 \u0111\u1ebfn 30 gi\u1edd n\u00ean t\u1eadp trung v\u00e0o vi\u1ec7c n\u00e2ng c\u1ea5p c\u00e1c kh\u1ea9u \u0110\u1ea1i b\u00e1c \u0111\u01b0\u1ee3c \u0111\u1eb7t \u0111\u1ec3 t\u0103ng c\u01b0\u1eddng X-Weapons, sau \u0111\u00f3 n\u00e2ng c\u1ea5p ch\u00ednh X-Weapons. C\u1ed1 g\u1eafng x\u00e2y d\u1ef1ng m\u1ed9t th\u00e1p ph\u00e1o Inferno d\u1ecdc theo s\u01b0\u1eddn n\u00fai ph\u00eda tr\u00ean \u0111\u1ec3 l\u00e0m ch\u1eadm c\u00e1c \u0111\u01a1n v\u1ecb h\u1ea3i qu\u00e2n. Infernos th\u1ef1c t\u1ebf l\u00e0 m\u1ed9t \u0111i\u1ec1u c\u1ea7n thi\u1ebft kh\u00f4ng th\u1ec3 ch\u1ed1i c\u00e3i trong c\u1ea5p \u0111\u1ed9 n\u00e0y.<\/p>\n\n\n\n<figure class=\"wp-block-gallery columns-2 is-cropped wp-block-gallery-2 is-layout-flex wp-block-gallery-is-layout-flex\"><ul class=\"blocks-gallery-grid\"><li class=\"blocks-gallery-item\"><figure><a href=\"https:\/\/ibomberdefense.standardof.net\/vi\/guide\/chien-dich-truc\/14-dai-thang-nuoc-anh-chung-cuoc\/ibomber-defense-axis-campaign-14-great-britain-final-victory-4\/\"><img decoding=\"async\" width=\"800\" height=\"450\" src=\"https:\/\/ibomberdefense.standardof.net\/wp-content\/uploads\/sites\/5\/2020\/10\/iBomber-Defense-Axis-Campaign-14.-Great-Britain-Final-Victory-4-800x450.jpg\" alt=\"&quot;iBomber Defense&quot; - Chi\u1ebfn d\u1ecbch Tr\u1ee5c - 14. V\u01b0\u01a1ng qu\u1ed1c Anh - Chi\u1ebfn th\u1eafng cu\u1ed1i c\u00f9ng! (4)\" data-id=\"135\" data-full-url=\"https:\/\/ibomberdefense.standardof.net\/wp-content\/uploads\/sites\/5\/2020\/10\/iBomber-Defense-Axis-Campaign-14.-Great-Britain-Final-Victory-4.jpg\" data-link=\"https:\/\/ibomberdefense.standardof.net\/guide\/axis-campaign\/14-great-britain-final-victory\/ibomber-defense-axis-campaign-14-great-britain-final-victory-4\/\" class=\"wp-image-135\" title=\"\" srcset=\"https:\/\/ibomberdefense.standardof.net\/wp-content\/uploads\/sites\/5\/2020\/10\/iBomber-Defense-Axis-Campaign-14.-Great-Britain-Final-Victory-4-800x450.jpg 800w, https:\/\/ibomberdefense.standardof.net\/wp-content\/uploads\/sites\/5\/2020\/10\/iBomber-Defense-Axis-Campaign-14.-Great-Britain-Final-Victory-4-512x288.jpg 512w, https:\/\/ibomberdefense.standardof.net\/wp-content\/uploads\/sites\/5\/2020\/10\/iBomber-Defense-Axis-Campaign-14.-Great-Britain-Final-Victory-4-200x113.jpg 200w, https:\/\/ibomberdefense.standardof.net\/wp-content\/uploads\/sites\/5\/2020\/10\/iBomber-Defense-Axis-Campaign-14.-Great-Britain-Final-Victory-4-768x432.jpg 768w, https:\/\/ibomberdefense.standardof.net\/wp-content\/uploads\/sites\/5\/2020\/10\/iBomber-Defense-Axis-Campaign-14.-Great-Britain-Final-Victory-4-16x9.jpg 16w, https:\/\/ibomberdefense.standardof.net\/wp-content\/uploads\/sites\/5\/2020\/10\/iBomber-Defense-Axis-Campaign-14.-Great-Britain-Final-Victory-4.jpg 1280w\" sizes=\"(max-width: 800px) 100vw, 800px\" \/><\/a><figcaption class=\"blocks-gallery-item__caption\">V\u1ecb tr\u00ed th\u00e1p ph\u00e1o c\u1ee7a Wave 30.<\/figcaption><\/figure><\/li><li class=\"blocks-gallery-item\"><figure><a href=\"https:\/\/ibomberdefense.standardof.net\/vi\/guide\/chien-dich-truc\/14-dai-thang-nuoc-anh-chung-cuoc\/ibomber-defense-axis-campaign-14-great-britain-final-victory-5\/\"><img decoding=\"async\" width=\"800\" height=\"450\" src=\"https:\/\/ibomberdefense.standardof.net\/wp-content\/uploads\/sites\/5\/2020\/10\/iBomber-Defense-Axis-Campaign-14.-Great-Britain-Final-Victory-5-800x450.jpg\" alt=\"&quot;iBomber Defense&quot; - Chi\u1ebfn d\u1ecbch Tr\u1ee5c - 14. V\u01b0\u01a1ng qu\u1ed1c Anh - Chi\u1ebfn th\u1eafng cu\u1ed1i c\u00f9ng! (5)\" data-id=\"136\" data-full-url=\"https:\/\/ibomberdefense.standardof.net\/wp-content\/uploads\/sites\/5\/2020\/10\/iBomber-Defense-Axis-Campaign-14.-Great-Britain-Final-Victory-5.jpg\" data-link=\"https:\/\/ibomberdefense.standardof.net\/guide\/axis-campaign\/14-great-britain-final-victory\/ibomber-defense-axis-campaign-14-great-britain-final-victory-5\/\" class=\"wp-image-136\" title=\"\" srcset=\"https:\/\/ibomberdefense.standardof.net\/wp-content\/uploads\/sites\/5\/2020\/10\/iBomber-Defense-Axis-Campaign-14.-Great-Britain-Final-Victory-5-800x450.jpg 800w, https:\/\/ibomberdefense.standardof.net\/wp-content\/uploads\/sites\/5\/2020\/10\/iBomber-Defense-Axis-Campaign-14.-Great-Britain-Final-Victory-5-512x288.jpg 512w, https:\/\/ibomberdefense.standardof.net\/wp-content\/uploads\/sites\/5\/2020\/10\/iBomber-Defense-Axis-Campaign-14.-Great-Britain-Final-Victory-5-200x113.jpg 200w, https:\/\/ibomberdefense.standardof.net\/wp-content\/uploads\/sites\/5\/2020\/10\/iBomber-Defense-Axis-Campaign-14.-Great-Britain-Final-Victory-5-768x432.jpg 768w, https:\/\/ibomberdefense.standardof.net\/wp-content\/uploads\/sites\/5\/2020\/10\/iBomber-Defense-Axis-Campaign-14.-Great-Britain-Final-Victory-5-16x9.jpg 16w, https:\/\/ibomberdefense.standardof.net\/wp-content\/uploads\/sites\/5\/2020\/10\/iBomber-Defense-Axis-Campaign-14.-Great-Britain-Final-Victory-5.jpg 1280w\" sizes=\"(max-width: 800px) 100vw, 800px\" \/><\/a><figcaption class=\"blocks-gallery-item__caption\">V\u1ecb tr\u00ed th\u00e1p ph\u00e1o c\u1ee7a Wave 40.<\/figcaption><\/figure><\/li><\/ul><\/figure>\n\n\n\n<p>Hai X-Weapons kh\u00e1c, n\u00e2ng t\u1ed5ng s\u1ed1 c\u1ee7a b\u1ea1n l\u00ean b\u1ed1n, l\u00e0 m\u1ed9t m\u1ee5c ti\u00eau t\u1ed1t \u0111\u1ec3 h\u01b0\u1edbng t\u1edbi tr\u00ean \u0111\u01b0\u1eddng \u0111\u1ebfn s\u00f3ng 40. \u0110\u1eb7t m\u1ed9t th\u00e1p ph\u00e1o Inferno g\u1ea7n con \u0111\u01b0\u1eddng m\u00e0u xanh l\u00e1 c\u00e2y v\u00e0 m\u00e0u v\u00e0ng h\u1ee3p nh\u1ea5t khi cu\u1ed9c t\u1ea5n c\u00f4ng b\u1ea5t ng\u1edd m\u1edf ch\u00fang ra \u1edf s\u00f3ng 30 l\u00e0 \u0111i\u1ec1u quan tr\u1ecdng gi\u00fap \u0111\u1ee1 \u0111\u1ec3 c\u00f3.<\/p>\n\n\n\n<p>10 \u0111\u1ee3t cu\u1ed1i c\u00f9ng s\u1ebd t\u01b0\u01a1ng t\u1ef1 nh\u01b0 30\u201340, x\u00e2y d\u1ef1ng m\u1ed9t c\u1eb7p V\u0169 kh\u00ed X kh\u00e1c v\u1edbi c\u00e1c kh\u1ea9u \u0110\u1ea1i b\u00e1c h\u1ed7 tr\u1ee3 \u2014 c\u00f3 th\u1ec3 l\u00e0 m\u1ed9t v\u00e0i S\u00fang m\u00e1y khi b\u1ea1n \u0111\u00e3 c\u00f3 b\u01b0\u1edbc ti\u1ebfn nghi\u00eam t\u00fac \u0111\u1ec3 cung c\u1ea5p m\u1ed9t ph\u01b0\u01a1ng ph\u00e1p r\u1ebb h\u01a1n \u0111\u1ec3 t\u0103ng c\u01b0\u1eddng si\u00eau v\u0169 kh\u00ed c\u1ee7a m\u00ecnh. M\u1ea3nh \u0111\u1ea5t xanh nh\u1ecf g\u1ea7n b\u1ed1t h\u1ea3i qu\u00e2n c\u1ee7a b\u1ea1n l\u00e0 m\u1ed9t n\u01a1i t\u1ed1t \u0111\u1ec3 \u0111\u1eb7t th\u00eam m\u1ed9t s\u1ed1 ti\u1ec1n cho m\u1ed9t kh\u1ea9u Ph\u00e1o \u0111\u01a1n l\u1ebb nh\u01b0 m\u1ed9t ph\u01b0\u01a1ng \u00e1n d\u1ef1 ph\u00f2ng trong tr\u01b0\u1eddng h\u1ee3p b\u1ea5t c\u1ee9 th\u1ee9 g\u00ec xuy\u00ean qua \u0111\u01b0\u1ee3c h\u00e0ng ph\u00f2ng th\u1ee7 ph\u00eda b\u1eafc c\u1ee7a b\u1ea1n trong l\u00fac b\u1ed1i r\u1ed1i.<\/p>\n\n\n\n<div class=\"wp-block-image\"><figure class=\"aligncenter size-large\"><a href=\"https:\/\/ibomberdefense.standardof.net\/vi\/guide\/chien-dich-truc\/14-dai-thang-nuoc-anh-chung-cuoc\/ibomber-defense-axis-campaign-14-great-britain-final-victory-6\/\"><img decoding=\"async\" width=\"800\" height=\"450\" src=\"https:\/\/ibomberdefense.standardof.net\/wp-content\/uploads\/sites\/5\/2020\/10\/iBomber-Defense-Axis-Campaign-14.-Great-Britain-Final-Victory-6-800x450.jpg\" alt=\"&quot;iBomber Defense&quot; - Chi\u1ebfn d\u1ecbch Tr\u1ee5c - 14. V\u01b0\u01a1ng qu\u1ed1c Anh - Chi\u1ebfn th\u1eafng cu\u1ed1i c\u00f9ng! (6)\" class=\"wp-image-137\" title=\"\" srcset=\"https:\/\/ibomberdefense.standardof.net\/wp-content\/uploads\/sites\/5\/2020\/10\/iBomber-Defense-Axis-Campaign-14.-Great-Britain-Final-Victory-6-800x450.jpg 800w, https:\/\/ibomberdefense.standardof.net\/wp-content\/uploads\/sites\/5\/2020\/10\/iBomber-Defense-Axis-Campaign-14.-Great-Britain-Final-Victory-6-512x288.jpg 512w, https:\/\/ibomberdefense.standardof.net\/wp-content\/uploads\/sites\/5\/2020\/10\/iBomber-Defense-Axis-Campaign-14.-Great-Britain-Final-Victory-6-200x113.jpg 200w, https:\/\/ibomberdefense.standardof.net\/wp-content\/uploads\/sites\/5\/2020\/10\/iBomber-Defense-Axis-Campaign-14.-Great-Britain-Final-Victory-6-768x432.jpg 768w, https:\/\/ibomberdefense.standardof.net\/wp-content\/uploads\/sites\/5\/2020\/10\/iBomber-Defense-Axis-Campaign-14.-Great-Britain-Final-Victory-6-16x9.jpg 16w, https:\/\/ibomberdefense.standardof.net\/wp-content\/uploads\/sites\/5\/2020\/10\/iBomber-Defense-Axis-Campaign-14.-Great-Britain-Final-Victory-6.jpg 1280w\" sizes=\"(max-width: 800px) 100vw, 800px\" \/><\/a><figcaption>V\u1ecb tr\u00ed th\u00e1p ph\u00e1o c\u1ee7a Wave 50.<\/figcaption><\/figure><\/div>\n\n\n\n<hr class=\"wp-block-separator\"\/>\n\n\n\n<h4 class=\"has-text-align-center wp-block-heading\">H\u01b0\u1edbng d\u1eabn Video<\/h4>\n\n\n\n<figure class=\"wp-block-embed-youtube wp-block-embed is-type-video is-provider-youtube wp-embed-aspect-4-3 wp-has-aspect-ratio\"><div class=\"wp-block-embed__wrapper\">\n<div class=\"ast-oembed-container\" style=\"height: 100%;\"><iframe title=\"iBomber Defense - V\u01b0\u01a1ng qu\u1ed1c Anh - Chi\u1ebfn th\u1eafng Cu\u1ed1i c\u00f9ng! - C\u1ef1u chi\u1ebfn binh + Ho\u00e0n h\u1ea3o\" width=\"500\" height=\"281\" src=\"https:\/\/www.youtube.com\/embed\/kG0MR7czZHg?feature=oembed\" frameborder=\"0\" allow=\"accelerometer; autoplay; clipboard-write; encrypted-media; gyroscope; picture-in-picture; web-share\" referrerpolicy=\"strict-origin-when-cross-origin\" allowfullscreen><\/iframe><\/div>\n<\/div><\/figure>","protected":false},"excerpt":{"rendered":"<p>The fourteenth and final mission in the Axis campaign takes you to the wrecked landscape of Great Britain to fend off 50 waves of combined aircraft, naval units, and ground units. Enemies will approach from multiple paths, from every direction except north with naval units arriving at wave 10 and aircraft at wave 21. Turret [&hellip;]<\/p>","protected":false},"author":1,"featured_media":137,"parent":268,"menu_order":14,"comment_status":"open","ping_status":"closed","template":"","meta":{"_uag_custom_page_level_css":"","site-sidebar-layout":"default","site-content-layout":"default","ast-site-content-layout":"","site-content-style":"default","site-sidebar-style":"default","ast-global-header-display":"","ast-banner-title-visibility":"","ast-main-header-display":"","ast-hfb-above-header-display":"","ast-hfb-below-header-display":"","ast-hfb-mobile-header-display":"","site-post-title":"","ast-breadcrumbs-content":"","ast-featured-img":"","footer-sml-layout":"","theme-transparent-header-meta":"default","adv-header-id-meta":"","stick-header-meta":"","header-above-stick-meta":"","header-main-stick-meta":"","header-below-stick-meta":"","astra-migrate-meta-layouts":"default","ast-page-background-enabled":"default","ast-page-background-meta":{"desktop":{"background-color":"","background-image":"","background-repeat":"repeat","background-position":"center center","background-size":"auto","background-attachment":"scroll","background-type":"","background-media":"","overlay-type":"","overlay-color":"","overlay-gradient":""},"tablet":{"background-color":"","background-image":"","background-repeat":"repeat","background-position":"center center","background-size":"auto","background-attachment":"scroll","background-type":"","background-media":"","overlay-type":"","overlay-color":"","overlay-gradient":""},"mobile":{"background-color":"","background-image":"","background-repeat":"repeat","background-position":"center center","background-size":"auto","background-attachment":"scroll","background-type":"","background-media":"","overlay-type":"","overlay-color":"","overlay-gradient":""}},"ast-content-background-meta":{"desktop":{"background-color":"var(--ast-global-color-5)","background-image":"","background-repeat":"repeat","background-position":"center center","background-size":"auto","background-attachment":"scroll","background-type":"","background-media":"","overlay-type":"","overlay-color":"","overlay-gradient":""},"tablet":{"background-color":"var(--ast-global-color-5)","background-image":"","background-repeat":"repeat","background-position":"center center","background-size":"auto","background-attachment":"scroll","background-type":"","background-media":"","overlay-type":"","overlay-color":"","overlay-gradient":""},"mobile":{"background-color":"var(--ast-global-color-5)","background-image":"","background-repeat":"repeat","background-position":"center center","background-size":"auto","background-attachment":"scroll","background-type":"","background-media":"","overlay-type":"","overlay-color":"","overlay-gradient":""}},"footnotes":""},"uagb_featured_image_src":{"full":["https:\/\/ibomberdefense.standardof.net\/wp-content\/uploads\/sites\/5\/2020\/10\/iBomber-Defense-Axis-Campaign-14.-Great-Britain-Final-Victory-6.jpg",1280,720,false],"thumbnail":["https:\/\/ibomberdefense.standardof.net\/wp-content\/uploads\/sites\/5\/2020\/10\/iBomber-Defense-Axis-Campaign-14.-Great-Britain-Final-Victory-6-200x113.jpg",200,113,true],"medium":["https:\/\/ibomberdefense.standardof.net\/wp-content\/uploads\/sites\/5\/2020\/10\/iBomber-Defense-Axis-Campaign-14.-Great-Britain-Final-Victory-6-512x288.jpg",512,288,true],"medium_large":["https:\/\/ibomberdefense.standardof.net\/wp-content\/uploads\/sites\/5\/2020\/10\/iBomber-Defense-Axis-Campaign-14.-Great-Britain-Final-Victory-6-768x432.jpg",768,432,true],"large":["https:\/\/ibomberdefense.standardof.net\/wp-content\/uploads\/sites\/5\/2020\/10\/iBomber-Defense-Axis-Campaign-14.-Great-Britain-Final-Victory-6-800x450.jpg",800,450,true],"1536x1536":["https:\/\/ibomberdefense.standardof.net\/wp-content\/uploads\/sites\/5\/2020\/10\/iBomber-Defense-Axis-Campaign-14.-Great-Britain-Final-Victory-6.jpg",1280,720,false],"2048x2048":["https:\/\/ibomberdefense.standardof.net\/wp-content\/uploads\/sites\/5\/2020\/10\/iBomber-Defense-Axis-Campaign-14.-Great-Britain-Final-Victory-6.jpg",1280,720,false],"trp-custom-language-flag":["https:\/\/ibomberdefense.standardof.net\/wp-content\/uploads\/sites\/5\/2020\/10\/iBomber-Defense-Axis-Campaign-14.-Great-Britain-Final-Victory-6-16x9.jpg",16,9,true]},"uagb_author_info":{"display_name":"SOE","author_link":"https:\/\/ibomberdefense.standardof.net\/vi\/author\/k-tastic\/"},"uagb_comment_info":0,"uagb_excerpt":"The fourteenth and final mission in the Axis campaign takes you to the wrecked landscape of Great Britain to fend off 50 waves of combined aircraft, naval units, and ground units. Enemies will approach from multiple paths, from every direction except north with naval units arriving at wave 10 and aircraft at wave 21. Turret&hellip;","_links":{"self":[{"href":"https:\/\/ibomberdefense.standardof.net\/vi\/wp-json\/wp\/v2\/pages\/349"}],"collection":[{"href":"https:\/\/ibomberdefense.standardof.net\/vi\/wp-json\/wp\/v2\/pages"}],"about":[{"href":"https:\/\/ibomberdefense.standardof.net\/vi\/wp-json\/wp\/v2\/types\/page"}],"author":[{"embeddable":true,"href":"https:\/\/ibomberdefense.standardof.net\/vi\/wp-json\/wp\/v2\/users\/1"}],"replies":[{"embeddable":true,"href":"https:\/\/ibomberdefense.standardof.net\/vi\/wp-json\/wp\/v2\/comments?post=349"}],"version-history":[{"count":0,"href":"https:\/\/ibomberdefense.standardof.net\/vi\/wp-json\/wp\/v2\/pages\/349\/revisions"}],"up":[{"embeddable":true,"href":"https:\/\/ibomberdefense.standardof.net\/vi\/wp-json\/wp\/v2\/pages\/268"}],"wp:featuredmedia":[{"embeddable":true,"href":"https:\/\/ibomberdefense.standardof.net\/vi\/wp-json\/wp\/v2\/media\/137"}],"wp:attachment":[{"href":"https:\/\/ibomberdefense.standardof.net\/vi\/wp-json\/wp\/v2\/media?parent=349"}],"curies":[{"name":"wp","href":"https:\/\/api.w.org\/{rel}","templated":true}]}}