{"id":569,"date":"2020-11-12T00:16:21","date_gmt":"2020-11-12T00:16:21","guid":{"rendered":"https:\/\/ibomberdefense.standardof.net\/?page_id=569"},"modified":"2020-11-12T00:16:23","modified_gmt":"2020-11-12T00:16:23","slug":"contact-us","status":"publish","type":"page","link":"https:\/\/ibomberdefense.standardof.net\/vi\/lien-he-chung-toi\/","title":{"rendered":"Li\u00ean h\u1ec7 ch\u00fang t\u00f4i"},"content":{"rendered":"<p>N\u1ebfu b\u1ea1n mu\u1ed1n li\u00ean h\u1ec7 v\u1edbi ch\u00fang t\u00f4i n\u1ebfu b\u1ea1n c\u00f3 c\u00e2u h\u1ecfi ho\u1eb7c th\u1eafc m\u1eafc, b\u1ea1n c\u00f3 th\u1ec3 s\u1eed d\u1ee5ng bi\u1ec3u m\u1eabu b\u00ean d\u01b0\u1edbi. Xin l\u01b0u \u00fd, theo quy \u0111\u1ecbnh c\u1ee7a GPDR, ch\u00fang t\u00f4i mu\u1ed1n th\u00f4ng b\u00e1o cho b\u1ea1n r\u1eb1ng bi\u1ec3u m\u1eabu li\u00ean h\u1ec7 s\u1eed d\u1ee5ng cookie c\u1ee7a b\u00ean th\u1ee9 ba (<a href=\"https:\/\/policies.google.com\/privacy\" class=\"rank-math-link\" target=\"_blank\" rel=\"noopener\">Google Bi\u1ec3u m\u1eabu<\/a>) cho m\u1ee5c \u0111\u00edch ghi l\u1ea1i ph\u1ea3n h\u1ed3i c\u1ee7a b\u1ea1n. <\/p>\n\n\n\n<a href=\"https:\/\/docs.google.com\/forms\/d\/e\/1FAIpQLSd8gHz2kdENeYSgsvHvK4hdIf-DYXc9COSNVeTrr-9Iw6r-TQ\/viewform?embedded=true\" target=\"contactform\" rel=\"noopener noreferrer\">N\u1ebfu b\u1ea1n \u0111\u1ed3ng \u00fd v\u1edbi vi\u1ec7c s\u1eed d\u1ee5ng cookie c\u1ee7a b\u00ean th\u1ee9 ba, h\u00e3y nh\u1ea5p v\u00e0o \u0111\u00e2y \u0111\u1ec3 t\u1ea3i bi\u1ec3u m\u1eabu li\u00ean h\u1ec7.<\/a>\n\n\n\n<section class=\"wp-block-uagb-columns uagb-columns__wrap uagb-columns__background-undefined uagb-columns__stack-mobile uagb-columns__valign-undefined uagb-columns__gap-10 alignundefined uagb-block-fe4e280c\"><div class=\"uagb-columns__overlay\"><\/div><div class=\"uagb-columns__inner-wrap uagb-columns__columns-1\">\n<div class=\"wp-block-uagb-column uagb-column__wrap uagb-column__background-color uagb-block-717c87fe\"><div class=\"uagb-column__overlay\"><\/div><div class=\"uagb-column__inner-wrap\">\n<p align=\"center\"><iframe name=\"contactform\" src=\"about:blank\" marginheight=\"0\" marginwidth=\"0\" width=\"640\" height=\"980\" frameborder=\"0\">\u0110ang t\u1ea3i\u2026<\/iframe><\/p>\n<\/div><\/div>\n<\/div><\/section>","protected":false},"excerpt":{"rendered":"<p>If you would like to reach us with questions or concerns, you may use the form below. Please note, as per GPDR regulation, we wish to inform you the contact form uses 3rd party cookies (Google Forms) for the purposes of logging your response. If you consent to the use of 3rd party cookies, Click [&hellip;]<\/p>","protected":false},"author":1,"featured_media":0,"parent":0,"menu_order":0,"comment_status":"closed","ping_status":"closed","template":"","meta":{"_uag_custom_page_level_css":"","site-sidebar-layout":"default","site-content-layout":"default","ast-site-content-layout":"","site-content-style":"default","site-sidebar-style":"default","ast-global-header-display":"","ast-banner-title-visibility":"","ast-main-header-display":"","ast-hfb-above-header-display":"","ast-hfb-below-header-display":"","ast-hfb-mobile-header-display":"","site-post-title":"","ast-breadcrumbs-content":"","ast-featured-img":"","footer-sml-layout":"","theme-transparent-header-meta":"default","adv-header-id-meta":"","stick-header-meta":"","header-above-stick-meta":"","header-main-stick-meta":"","header-below-stick-meta":"","astra-migrate-meta-layouts":"default","ast-page-background-enabled":"default","ast-page-background-meta":{"desktop":{"background-color":"","background-image":"","background-repeat":"repeat","background-position":"center center","background-size":"auto","background-attachment":"scroll","background-type":"","background-media":"","overlay-type":"","overlay-color":"","overlay-gradient":""},"tablet":{"background-color":"","background-image":"","background-repeat":"repeat","background-position":"center center","background-size":"auto","background-attachment":"scroll","background-type":"","background-media":"","overlay-type":"","overlay-color":"","overlay-gradient":""},"mobile":{"background-color":"","background-image":"","background-repeat":"repeat","background-position":"center center","background-size":"auto","background-attachment":"scroll","background-type":"","background-media":"","overlay-type":"","overlay-color":"","overlay-gradient":""}},"ast-content-background-meta":{"desktop":{"background-color":"var(--ast-global-color-5)","background-image":"","background-repeat":"repeat","background-position":"center center","background-size":"auto","background-attachment":"scroll","background-type":"","background-media":"","overlay-type":"","overlay-color":"","overlay-gradient":""},"tablet":{"background-color":"var(--ast-global-color-5)","background-image":"","background-repeat":"repeat","background-position":"center center","background-size":"auto","background-attachment":"scroll","background-type":"","background-media":"","overlay-type":"","overlay-color":"","overlay-gradient":""},"mobile":{"background-color":"var(--ast-global-color-5)","background-image":"","background-repeat":"repeat","background-position":"center center","background-size":"auto","background-attachment":"scroll","background-type":"","background-media":"","overlay-type":"","overlay-color":"","overlay-gradient":""}},"footnotes":""},"uagb_featured_image_src":{"full":false,"thumbnail":false,"medium":false,"medium_large":false,"large":false,"1536x1536":false,"2048x2048":false,"trp-custom-language-flag":false},"uagb_author_info":{"display_name":"SOE","author_link":"https:\/\/ibomberdefense.standardof.net\/vi\/author\/k-tastic\/"},"uagb_comment_info":0,"uagb_excerpt":"If you would like to reach us with questions or concerns, you may use the form below. Please note, as per GPDR regulation, we wish to inform you the contact form uses 3rd party cookies (Google Forms) for the purposes of logging your response. If you consent to the use of 3rd party cookies, Click&hellip;","_links":{"self":[{"href":"https:\/\/ibomberdefense.standardof.net\/vi\/wp-json\/wp\/v2\/pages\/569"}],"collection":[{"href":"https:\/\/ibomberdefense.standardof.net\/vi\/wp-json\/wp\/v2\/pages"}],"about":[{"href":"https:\/\/ibomberdefense.standardof.net\/vi\/wp-json\/wp\/v2\/types\/page"}],"author":[{"embeddable":true,"href":"https:\/\/ibomberdefense.standardof.net\/vi\/wp-json\/wp\/v2\/users\/1"}],"replies":[{"embeddable":true,"href":"https:\/\/ibomberdefense.standardof.net\/vi\/wp-json\/wp\/v2\/comments?post=569"}],"version-history":[{"count":1,"href":"https:\/\/ibomberdefense.standardof.net\/vi\/wp-json\/wp\/v2\/pages\/569\/revisions"}],"predecessor-version":[{"id":570,"href":"https:\/\/ibomberdefense.standardof.net\/vi\/wp-json\/wp\/v2\/pages\/569\/revisions\/570"}],"wp:attachment":[{"href":"https:\/\/ibomberdefense.standardof.net\/vi\/wp-json\/wp\/v2\/media?parent=569"}],"curies":[{"name":"wp","href":"https:\/\/api.w.org\/{rel}","templated":true}]}}